{"id":13090,"date":"2020-06-28T11:16:47","date_gmt":"2020-06-28T08:16:47","guid":{"rendered":"http:\/\/packstera.lt\/p\/metal-shark-bd-e2-meat\/"},"modified":"2023-01-23T16:39:47","modified_gmt":"2023-01-23T14:39:47","slug":"metala-detektors-izstradajumiem-e2-dezes","status":"publish","type":"product","link":"https:\/\/packstera.lt\/lv\/p\/metalo-detektorius-produktams-e2-dezese\/","title":{"rendered":"Met\u0101la detektors produktiem E2 kast\u0113s"},"content":{"rendered":"<div data-elementor-type=\"wp-post\" data-elementor-id=\"13090\" class=\"elementor elementor-13090\">\n\t\t\t\t\t\t<section class=\"elementor-section elementor-top-section elementor-element elementor-element-72ce6025 elementor-section-boxed elementor-section-height-default elementor-section-height-default\" data-id=\"72ce6025\" data-element_type=\"section\" data-e-type=\"section\">\n\t\t\t\t\t\t<div class=\"elementor-container elementor-column-gap-default\">\n\t\t\t\t\t<div class=\"elementor-column elementor-col-100 elementor-top-column elementor-element elementor-element-fa726e1\" data-id=\"fa726e1\" data-element_type=\"column\" data-e-type=\"column\">\n\t\t\t<div class=\"elementor-widget-wrap elementor-element-populated\">\n\t\t\t\t\t\t<div class=\"elementor-element elementor-element-3760e9fa elementor-widget elementor-widget-text-editor\" data-id=\"3760e9fa\" data-element_type=\"widget\" data-e-type=\"widget\" data-widget_type=\"text-editor.default\">\n\t\t\t\t<div class=\"elementor-widget-container\">\n\t\t\t\t\t\t\t\t\t<table>\r\n<tbody>\r\n<tr>\r\n<td width=\"312\">P\u0101rbaudes metode<\/td>\r\n<td width=\"312\">Indukt\u012bva, daudzkan\u0101lu darb\u012bba, balans\u0113tas uztv\u0113r\u0113ja spoles<\/td>\r\n<\/tr>\r\n<tr>\r\n<td width=\"312\">Met\u0101la noteik\u0161ana<\/td>\r\n<td width=\"312\">Melni, kr\u0101sainie met\u0101li (piem\u0113ram, alum\u012bnijs vai var\u0161 utt.) un ner\u016bs\u0113jo\u0161ais t\u0113rauds<\/td>\r\n<\/tr>\r\n<tr>\r\n<td width=\"312\">Atmi\u0146a<\/td>\r\n<td width=\"312\">250 atmi\u0146as vietas, produkta efekta kompens\u0101cija tiek veikta ar Teach-Assistant<\/td>\r\n<\/tr>\r\n<tr>\r\n<td width=\"312\">Aizsardz\u012bbas l\u012bmenis<\/td>\r\n<td width=\"312\">IP65 (IEC 60529) IP66 nav oblig\u0101ta<\/td>\r\n<\/tr>\r\n<tr>\r\n<td width=\"312\">Vides apst\u0101k\u013ci<\/td>\r\n<td width=\"312\">-20\u00b0C l\u012bdz +40\u00b0C; San. mitrums no 30% l\u012bdz 80% nekondens\u0113jo\u0161s;<\/td>\r\n<\/tr>\r\n<tr>\r\n<td width=\"312\">Produkta temperat\u016bra<\/td>\r\n<td width=\"312\">Standarts: -30\u00b0C l\u012bdz +40\u00b0C; P\u0113c izv\u0113les: -40\u00b0C l\u012bdz +60\u00b0C<\/td>\r\n<\/tr>\r\n<tr>\r\n<td width=\"312\">bar\u012bba<\/td>\r\n<td width=\"312\">220\u2013240\u00a0V mai\u0146str\u0101va, 1\u00a0ph, 50\u201360\u00a0HZ<\/td>\r\n<\/tr>\r\n<tr>\r\n<td width=\"312\">Saskarnes<\/td>\r\n<td width=\"312\">RS232, LAN (p\u0113c izv\u0113les, SHARKNET\u00ae), USB (p\u0113c izv\u0113les)<\/td>\r\n<\/tr>\r\n<tr>\r\n<td width=\"312\">Uzraudz\u012bba<\/td>\r\n<td width=\"312\">\u013boti zemas apkopes, pa\u0161kalibr\u0113jo\u0161ie sensori<\/td>\r\n<\/tr>\r\n<tr>\r\n<td width=\"312\">Diagnostika<\/td>\r\n<td width=\"312\">Ieb\u016bv\u0113ta diagnostikas programmat\u016bra, autom\u0101tiska pa\u0161p\u0101rbaude<\/td>\r\n<\/tr>\r\n<\/tbody>\r\n<\/table>\t\t\t\t\t\t\t\t<\/div>\n\t\t\t\t<\/div>\n\t\t\t\t\t<\/div>\n\t\t<\/div>\n\t\t\t\t\t<\/div>\n\t\t<\/section>\n\t\t\t\t<section class=\"elementor-section elementor-top-section elementor-element elementor-element-4820ced elementor-section-boxed elementor-section-height-default elementor-section-height-default\" data-id=\"4820ced\" data-element_type=\"section\" data-e-type=\"section\">\n\t\t\t\t\t\t<div class=\"elementor-container elementor-column-gap-default\">\n\t\t\t\t\t<div class=\"elementor-column elementor-col-50 elementor-top-column elementor-element elementor-element-c73119a\" data-id=\"c73119a\" data-element_type=\"column\" data-e-type=\"column\">\n\t\t\t<div class=\"elementor-widget-wrap elementor-element-populated\">\n\t\t\t\t\t\t<div class=\"elementor-element elementor-element-c163279 btn-position-bottom elementor-widget elementor-widget-razzi-image-button\" data-id=\"c163279\" data-element_type=\"widget\" data-e-type=\"widget\" data-widget_type=\"razzi-image-button.default\">\n\t\t\t\t<div class=\"elementor-widget-container\">\n\t\t\t\t\t<div class=\"razzi-image-button\"><img fetchpriority=\"high\" decoding=\"async\" width=\"900\" height=\"900\" src=\"https:\/\/packstera.lt\/wp-content\/uploads\/2021\/06\/CASSEL-metal-detector-BD-E2-meat_01.jpg\" class=\"attachment-full size-full wp-image-11818\" alt=\"\" srcset=\"https:\/\/packstera.lt\/wp-content\/uploads\/2021\/06\/CASSEL-metal-detector-BD-E2-meat_01-600x600.jpg 600w, https:\/\/packstera.lt\/wp-content\/uploads\/2021\/06\/CASSEL-metal-detector-BD-E2-meat_01-150x150.jpg 150w, https:\/\/packstera.lt\/wp-content\/uploads\/2021\/06\/CASSEL-metal-detector-BD-E2-meat_01-300x300.jpg 300w, https:\/\/packstera.lt\/wp-content\/uploads\/2021\/06\/CASSEL-metal-detector-BD-E2-meat_01-768x768.jpg 768w, https:\/\/packstera.lt\/wp-content\/uploads\/2021\/06\/CASSEL-metal-detector-BD-E2-meat_01-1024x1024.jpg 1024w\" sizes=\"(max-width: 900px) 100vw, 900px\" \/><a href=\"http:\/\/packstera.lt\/wp-content\/uploads\/2023\/01\/CASSEL-Metal-detector-BD-E2-DS-EN.pdf\" target=\"_blank\" rel=\"nofollow\" class=\"razzi-image-button__link\"><\/a><a href=\"http:\/\/packstera.lt\/wp-content\/uploads\/2023\/01\/CASSEL-Metal-detector-BD-E2-DS-EN.pdf\" target=\"_blank\" rel=\"nofollow\" class=\"razzi-image-button__position razzi-image-button__button\">Ra\u017eot\u0101ja apraksts <span class=\"razzi-svg-icon\"><svg aria-hidden=\"true\" role=\"img\" focusable=\"false\" xmlns=\"http:\/\/www.w3.org\/2000\/svg\" width=\"24\" height=\"24\" viewbox=\"0 0 24 24\" fill=\"none\" stroke=\"currentColor\" stroke-width=\"2\" stroke-linecap=\"round\" stroke-linejoin=\"round\"><line x1=\"0\" y1=\"12\" x2=\"19\" y2=\"12\"><\/line><polyline points=\"12 5 19 12 12 19\"><\/polyline><\/svg><\/span><\/a><\/div>\t\t\t\t<\/div>\n\t\t\t\t<\/div>\n\t\t\t\t\t<\/div>\n\t\t<\/div>\n\t\t\t\t<div class=\"elementor-column elementor-col-50 elementor-top-column elementor-element elementor-element-9306f5f\" data-id=\"9306f5f\" data-element_type=\"column\" data-e-type=\"column\">\n\t\t\t<div class=\"elementor-widget-wrap\">\n\t\t\t\t\t\t\t<\/div>\n\t\t<\/div>\n\t\t\t\t\t<\/div>\n\t\t<\/section>\n\t\t\t\t<\/div>","protected":false},"excerpt":{"rendered":"<p style=\"text-align: justify;\">Met\u0101la detektors METAL SHARK\u00ae BD-E2 MEAT tiek izmantots atsevi\u0161\u0137i vai kop\u0101 ar konveijera lent\u0113m. Izmantojot 3D noteik\u0161anas tehnolo\u0123iju, tas prec\u012bzi un dro\u0161i nosaka maz\u0101kos magn\u0113tiskos un nemagn\u0113tiskos met\u0101la pies\u0101r\u0146ot\u0101jus (dzelzs, ner\u016bs\u0113jo\u0161ais t\u0113rauds, alum\u012bnijs utt.) pat sare\u017e\u0123\u012btos apst\u0101k\u013cos.<\/p>\n<p style=\"text-align: justify;\">Iztur\u012bgais, sl\u0113gtais ner\u016bs\u0113jo\u0161\u0101 t\u0113rauda korpuss ir \u0101rk\u0101rt\u012bgi stabils un viegli t\u012br\u0101ms \u2013 ide\u0101li piem\u0113rots ga\u013cas r\u016bpniec\u012bbai.<\/p>\n<ul>\n<li style=\"list-style-type: none;\">\n<ul>\n<li>Uzticama met\u0101lu noteik\u0161ana j\u0113l\u0101 vai sald\u0113t\u0101 ga\u013c\u0101 standartiz\u0113t\u0101s E2 kast\u0113s<\/li>\n<li>\u012apa\u0161i augsta jut\u012bba mitriem vai sald\u0113tiem produktiem ar 3D noteik\u0161anu<\/li>\n<li>Bezapkopes dizains ar autom\u0101tisku un nep\u0101rtrauktu detektora spo\u013cu kalibr\u0113\u0161anu<\/li>\n<\/ul>\n<\/li>\n<\/ul>","protected":false},"featured_media":11818,"template":"","meta":[],"product_cat":[593],"product_tag":[],"class_list":{"0":"post-13090","1":"product","2":"type-product","3":"status-publish","4":"has-post-thumbnail","6":"product_cat-metalo-detektoriai-konvejeriams","8":"first","9":"instock","10":"shipping-taxable","11":"product-type-simple"},"_links":{"self":[{"href":"https:\/\/packstera.lt\/lv\/wp-json\/wp\/v2\/product\/13090","targetHints":{"allow":["GET"]}}],"collection":[{"href":"https:\/\/packstera.lt\/lv\/wp-json\/wp\/v2\/product"}],"about":[{"href":"https:\/\/packstera.lt\/lv\/wp-json\/wp\/v2\/types\/product"}],"version-history":[{"count":5,"href":"https:\/\/packstera.lt\/lv\/wp-json\/wp\/v2\/product\/13090\/revisions"}],"predecessor-version":[{"id":15462,"href":"https:\/\/packstera.lt\/lv\/wp-json\/wp\/v2\/product\/13090\/revisions\/15462"}],"wp:featuredmedia":[{"embeddable":true,"href":"https:\/\/packstera.lt\/lv\/wp-json\/wp\/v2\/media\/11818"}],"wp:attachment":[{"href":"https:\/\/packstera.lt\/lv\/wp-json\/wp\/v2\/media?parent=13090"}],"wp:term":[{"taxonomy":"product_cat","embeddable":true,"href":"https:\/\/packstera.lt\/lv\/wp-json\/wp\/v2\/product_cat?post=13090"},{"taxonomy":"product_tag","embeddable":true,"href":"https:\/\/packstera.lt\/lv\/wp-json\/wp\/v2\/product_tag?post=13090"}],"curies":[{"name":"wp","href":"https:\/\/api.w.org\/{rel}","templated":true}]}}