{"id":13091,"date":"2020-06-28T10:57:35","date_gmt":"2020-06-28T07:57:35","guid":{"rendered":"http:\/\/packstera.lt\/p\/teltek-c80\/"},"modified":"2023-04-19T16:31:01","modified_gmt":"2023-04-19T13:31:01","slug":"teltek-c80-svara-kontrole","status":"publish","type":"product","link":"https:\/\/packstera.lt\/lv\/p\/teltek-c80-svorio-kontrole\/","title":{"rendered":"Teltek C80 svara kontrole"},"content":{"rendered":"<div data-elementor-type=\"wp-post\" data-elementor-id=\"13091\" class=\"elementor elementor-13091\">\n\t\t\t\t\t\t<section class=\"elementor-section elementor-top-section elementor-element elementor-element-3ca881af elementor-section-boxed elementor-section-height-default elementor-section-height-default\" data-id=\"3ca881af\" data-element_type=\"section\" data-e-type=\"section\">\n\t\t\t\t\t\t<div class=\"elementor-container elementor-column-gap-default\">\n\t\t\t\t\t<div class=\"elementor-column elementor-col-100 elementor-top-column elementor-element elementor-element-29914d9a\" data-id=\"29914d9a\" data-element_type=\"column\" data-e-type=\"column\">\n\t\t\t<div class=\"elementor-widget-wrap elementor-element-populated\">\n\t\t\t\t\t\t<div class=\"elementor-element elementor-element-ef8cbd elementor-widget elementor-widget-text-editor\" data-id=\"ef8cbd\" data-element_type=\"widget\" data-e-type=\"widget\" data-widget_type=\"text-editor.default\">\n\t\t\t\t<div class=\"elementor-widget-container\">\n\t\t\t\t\t\t\t\t\t<p>\u00a0<\/p><table><tbody><tr><td width=\"104\">\u00a0<\/td><td width=\"104\"><b>C80-S3<\/b><\/td><td width=\"104\"><b>C80-H6<\/b><\/td><td width=\"104\"><b>C80-H12<\/b><\/td><td width=\"104\"><b>C80-B20<\/b><\/td><td width=\"104\"><b>C80-B40<\/b><\/td><\/tr><tr><td width=\"104\">Maks. konveijera \u0101trums<\/td><td width=\"104\">75 m\/min<\/td><td width=\"104\">35 m\/min<\/td><td width=\"104\">25 m\/min<\/td><td width=\"104\">25 m\/min<\/td><td width=\"104\">15 m\/min<\/td><\/tr><tr><td width=\"104\">Maks. produkta garums<\/td><td width=\"104\">Sv\u0113r\u0161anas konveijera garums ir m\u012bnus 150 mm<\/td><td width=\"104\">Sv\u0113r\u0161anas konveijera garums ir m\u012bnus 150 mm<\/td><td width=\"104\">Sv\u0113r\u0161anas konveijera garums ir m\u012bnus 150 mm<\/td><td width=\"104\">Sv\u0113r\u0161anas konveijera garums ir m\u012bnus 150 mm<\/td><td width=\"104\">Sv\u0113r\u0161anas konveijera garums ir m\u012bnus 150 mm<\/td><\/tr><tr><td width=\"104\">Maks. produkta svars<\/td><td width=\"104\">No 15g l\u012bdz 3000g (apr\u012bkojums piel\u0101gots produkta svaram)<\/td><td width=\"104\">No 600g l\u012bdz 6000g (apr\u012bkojums ir piel\u0101gots produkta svaram)<\/td><td width=\"104\">No 1500g l\u012bdz 12000g (Apr\u012bkojums ir piel\u0101gots produkta svaram)<\/td><td width=\"104\">No 3000g l\u012bdz 20000g (apr\u012bkojums ir piel\u0101gots produkta svaram)<\/td><td width=\"104\">No 3000g l\u012bdz 40000g (apr\u012bkojums ir piel\u0101gots produkta svaram)<\/td><\/tr><tr><td width=\"104\">Konveijera izm\u0113ri<\/td><td width=\"104\">I: 250-600 mm \/ P: 200 vai 300 mm (jostas platums attiec\u012bgi 160 vai 250 mm)<\/td><td width=\"104\">I: 400-600 mm \/ P: 400 (jostas platums 350 mm)<\/td><td width=\"104\">I: 500-1000 mm \/ P: 400 (jostas platums 350 mm)<\/td><td width=\"104\">I: 750 vai 1000 mm \/ P: 500 (jostas platums 450 mm)<\/td><td width=\"104\">I: 750 vai 1000 mm \/ P: 600 (jostas platums 550 mm)<\/td><\/tr><tr><td width=\"104\">Konveijera augstums<\/td><td width=\"104\">800-950 mm<\/td><td width=\"104\">800-950 mm<\/td><td width=\"104\">800-950 mm<\/td><td width=\"104\">800-950 mm<\/td><td width=\"104\">800-950 mm<\/td><\/tr><tr><td width=\"104\">Performance<\/td><td width=\"104\">250 gab\/min, ja sv\u0113r\u0161anas konveijers ir 250mm gar\u0161;<br \/>115 gab\/min, ja sv\u0113r\u0161anas konveijers ir 600mm gar\u0161<\/td><td width=\"104\">77 gab\/min, ja sv\u0113r\u0161anas konveijers ir 400mm gar\u0161;<br \/>53 gab\/min, ja sv\u0113r\u0161anas konveijers ir 600mm gar\u0161<\/td><td width=\"104\">45 gab\/min, ja sv\u0113r\u0161anas konveijers ir 500mm gar\u0161;<br \/>22 gab\/min, ja sv\u0113r\u0161anas konveijers ir 1000mm gar\u0161<\/td><td width=\"104\">30 gab\/min, ja sv\u0113r\u0161anas konveijers ir 750mm gar\u0161;<br \/>23 gab\/min, ja sv\u0113r\u0161anas konveijers ir 1000mm gar\u0161<\/td><td width=\"104\">18 gab\/min, ja sv\u0113r\u0161anas konveijers ir 750mm gar\u0161;<br \/>14 gab\/min, ja sv\u0113r\u0161anas konveijers ir 1000mm gar\u0161<\/td><\/tr><tr><td width=\"104\">Pilienu sist\u0113ma<\/td><td width=\"104\">Produkta nospie\u0161anas vai izp\u016b\u0161anas sist\u0113ma. (P\u016bt\u012b\u0161ana iesp\u0113jama l\u012bdz 300g)<\/td><td width=\"104\">Produkta atgr\u016b\u0161anas sist\u0113ma<\/td><td width=\"104\">Produkta atgr\u016b\u0161anas sist\u0113ma<\/td><td width=\"104\">Nav nome\u0161anas sist\u0113mas (ir savienojums nolai\u0161anas sist\u0113mai)<\/td><td width=\"104\">Nav nome\u0161anas sist\u0113mas (ir savienojums nolai\u0161anas sist\u0113mai)<\/td><\/tr><tr><td width=\"104\">MID (s\u0101kotn\u0113j\u0101 metrolo\u0123isk\u0101 p\u0101rbaude)<\/td><td width=\"104\">Neoblig\u0101ti<\/td><td width=\"104\">Neoblig\u0101ti<\/td><td width=\"104\">Neoblig\u0101ti<\/td><td width=\"104\">Nav iesp\u0113ju<\/td><td width=\"104\">Nav iesp\u0113ju<\/td><\/tr><\/tbody><\/table>\t\t\t\t\t\t\t\t<\/div>\n\t\t\t\t<\/div>\n\t\t\t\t\t<\/div>\n\t\t<\/div>\n\t\t\t\t\t<\/div>\n\t\t<\/section>\n\t\t\t\t<section class=\"elementor-section elementor-top-section elementor-element elementor-element-74bc3aa elementor-section-boxed elementor-section-height-default elementor-section-height-default\" data-id=\"74bc3aa\" data-element_type=\"section\" data-e-type=\"section\">\n\t\t\t\t\t\t<div class=\"elementor-container elementor-column-gap-default\">\n\t\t\t\t\t<div class=\"elementor-column elementor-col-66 elementor-top-column elementor-element elementor-element-2c2dde3\" data-id=\"2c2dde3\" data-element_type=\"column\" data-e-type=\"column\">\n\t\t\t<div class=\"elementor-widget-wrap elementor-element-populated\">\n\t\t\t\t\t\t<div class=\"elementor-element elementor-element-c450b83 elementor-widget elementor-widget-video\" data-id=\"c450b83\" data-element_type=\"widget\" data-e-type=\"widget\" data-settings=\"{&quot;youtube_url&quot;:&quot;https:\\\/\\\/www.youtube.com\\\/watch?v=DRJIsS1aEKw&amp;list=PLtd7P6Sig0o4eIzUFyikSrtENd7i7ci7P&amp;index=25&amp;ab_channel=TeltekAB&quot;,&quot;video_type&quot;:&quot;youtube&quot;,&quot;controls&quot;:&quot;yes&quot;}\" data-widget_type=\"video.default\">\n\t\t\t\t<div class=\"elementor-widget-container\">\n\t\t\t\t\t\t\t<div class=\"elementor-wrapper elementor-open-inline\">\n\t\t\t<div class=\"elementor-video\"><\/div>\t\t<\/div>\n\t\t\t\t\t\t<\/div>\n\t\t\t\t<\/div>\n\t\t\t\t\t<\/div>\n\t\t<\/div>\n\t\t\t\t<div class=\"elementor-column elementor-col-33 elementor-top-column elementor-element elementor-element-a948aad\" data-id=\"a948aad\" data-element_type=\"column\" data-e-type=\"column\">\n\t\t\t<div class=\"elementor-widget-wrap elementor-element-populated\">\n\t\t\t\t\t\t<div class=\"elementor-element elementor-element-8904232 btn-position-bottom elementor-widget elementor-widget-razzi-image-button\" data-id=\"8904232\" data-element_type=\"widget\" data-e-type=\"widget\" data-widget_type=\"razzi-image-button.default\">\n\t\t\t\t<div class=\"elementor-widget-container\">\n\t\t\t\t\t<div class=\"razzi-image-button\"><img fetchpriority=\"high\" decoding=\"async\" width=\"1200\" height=\"927\" src=\"https:\/\/packstera.lt\/wp-content\/uploads\/2020\/06\/Teltek-Checkweigher_C80_Variation_01.png\" class=\"attachment-full size-full wp-image-15385\" alt=\"\" \/><a href=\"http:\/\/packstera.lt\/wp-content\/uploads\/2023\/01\/Teltek-standartiniai-modeliai.pdf\" target=\"_blank\" rel=\"nofollow\" class=\"razzi-image-button__link\"><\/a><a href=\"http:\/\/packstera.lt\/wp-content\/uploads\/2023\/01\/Teltek-standartiniai-modeliai.pdf\" target=\"_blank\" rel=\"nofollow\" class=\"razzi-image-button__position razzi-image-button__button\">Ra\u017eot\u0101ja apraksts <span class=\"razzi-svg-icon\"><svg aria-hidden=\"true\" role=\"img\" focusable=\"false\" xmlns=\"http:\/\/www.w3.org\/2000\/svg\" width=\"24\" height=\"24\" viewbox=\"0 0 24 24\" fill=\"none\" stroke=\"currentColor\" stroke-width=\"2\" stroke-linecap=\"round\" stroke-linejoin=\"round\"><line x1=\"0\" y1=\"12\" x2=\"19\" y2=\"12\"><\/line><polyline points=\"12 5 19 12 12 19\"><\/polyline><\/svg><\/span><\/a><\/div>\t\t\t\t<\/div>\n\t\t\t\t<\/div>\n\t\t\t\t\t<\/div>\n\t\t<\/div>\n\t\t\t\t\t<\/div>\n\t\t<\/section>\n\t\t\t\t<\/div>","protected":false},"excerpt":{"rendered":"<p style=\"text-align: justify;\">Nep\u0101rsp\u0113jama precizit\u0101te, liels \u0101trums! Teltek C80 \u013cauj izmantot l\u012bdz pat \u010detr\u0101m sv\u0113r\u0161anas sist\u0113m\u0101m, kuras kontrol\u0113 parast\u0101 programmat\u016bra. Izmantojot \u0161o kontrolsvaru risin\u0101jumu, varat veikt paral\u0113lu dinamisko sv\u0113r\u0161anu ar maksim\u0101lu p\u0101rskatu un kontroli.<\/p>\n<p style=\"text-align: justify;\">Teltek C80 kontrolsvarus var kombin\u0113t ar uzpildes un noteik\u0161anas apr\u012bkojumu. Svari atbalsta datu v\u0101k\u0161anu un var \u0123ener\u0113t uzlabotu ra\u017eo\u0161anas veiktsp\u0113jas statistiku.<\/p>\n<p>Teltek Combo un Teltek WPL sist\u0113mas:<\/p>\n<ul>\n<li>Visas Teltek sv\u0113r\u0161anas sist\u0113mas var savienot ar m\u016bsu partneru Cassel met\u0101la detektoriem.<\/li>\n<li>Apvienojot Teltek kontrolsvarus ar cenu un\/vai svara mar\u0137\u0113\u0161anas sist\u0113mu, j\u016bs varat autom\u0101tiski mar\u0137\u0113t savus produktus ar nepiecie\u0161amo inform\u0101ciju, piem\u0113ram,; svaru, cenu, sv\u012btrkodu un alerg\u0113nu inform\u0101ciju.<\/li>\n<\/ul>\n<p>&nbsp;<\/p>","protected":false},"featured_media":14435,"template":"","meta":[],"product_cat":[591],"product_tag":[714,713,712],"class_list":{"0":"post-13091","1":"product","2":"type-product","3":"status-publish","4":"has-post-thumbnail","6":"product_cat-svorio-kontroles-irenginiai","7":"product_tag-chemija-ir-plastikas","8":"product_tag-farmacija-ir-kosmetika","9":"product_tag-maistas-ir-gerimai","11":"first","12":"instock","13":"shipping-taxable","14":"product-type-simple"},"_links":{"self":[{"href":"https:\/\/packstera.lt\/lv\/wp-json\/wp\/v2\/product\/13091","targetHints":{"allow":["GET"]}}],"collection":[{"href":"https:\/\/packstera.lt\/lv\/wp-json\/wp\/v2\/product"}],"about":[{"href":"https:\/\/packstera.lt\/lv\/wp-json\/wp\/v2\/types\/product"}],"version-history":[{"count":7,"href":"https:\/\/packstera.lt\/lv\/wp-json\/wp\/v2\/product\/13091\/revisions"}],"predecessor-version":[{"id":15391,"href":"https:\/\/packstera.lt\/lv\/wp-json\/wp\/v2\/product\/13091\/revisions\/15391"}],"wp:featuredmedia":[{"embeddable":true,"href":"https:\/\/packstera.lt\/lv\/wp-json\/wp\/v2\/media\/14435"}],"wp:attachment":[{"href":"https:\/\/packstera.lt\/lv\/wp-json\/wp\/v2\/media?parent=13091"}],"wp:term":[{"taxonomy":"product_cat","embeddable":true,"href":"https:\/\/packstera.lt\/lv\/wp-json\/wp\/v2\/product_cat?post=13091"},{"taxonomy":"product_tag","embeddable":true,"href":"https:\/\/packstera.lt\/lv\/wp-json\/wp\/v2\/product_tag?post=13091"}],"curies":[{"name":"wp","href":"https:\/\/api.w.org\/{rel}","templated":true}]}}