{"id":13094,"date":"2020-06-21T17:16:02","date_gmt":"2020-06-21T14:16:02","guid":{"rendered":"http:\/\/packstera.lt\/p\/automatic-stretch-wrapper-with-rotating-ring-and-with-two-film-carriages\/"},"modified":"2024-09-20T16:13:05","modified_gmt":"2024-09-20T13:13:05","slug":"pma-apgriezas","status":"publish","type":"product","link":"https:\/\/packstera.lt\/lv\/p\/paleciu-apvyniojimo-tampria-plevele-irenginys-2\/","title":{"rendered":"Ier\u012bce pale\u0161u iet\u012b\u0161anai ar elast\u012bgo pl\u0113vi - MX15 AUTO"},"content":{"rendered":"<div class=\"introtekst\">\n<h3>Tehniskie parametri<\/h3>\n<table>\n<thead>\n<tr>\n<th>Eti\u0137ete<\/th>\n<th>V\u0113rt\u012bba<\/th>\n<\/tr>\n<\/thead>\n<tbody>\n<tr>\n<td>Iepako\u0161anas programmu modelis MX15 AUTO<\/td>\n<td>5,7 collu sk\u0101rienekr\u0101ns ar 7 programm\u0101m<\/td>\n<\/tr>\n<tr>\n<td>Platformas diametrs<\/td>\n<td>2000 mm (paletes izm\u0113rs 1000 x 1200 mm)<\/td>\n<\/tr>\n<tr>\n<td>Platformas p\u0113c izv\u0113les<\/td>\n<td>2150 \/ 2300 \/ 2700 \/ 2800 mm<\/td>\n<\/tr>\n<tr>\n<td>Maksim\u0101l\u0101 platformas slodze<\/td>\n<td>2000 kg<\/td>\n<\/tr>\n<tr>\n<td>Regul\u0113jams platformas rot\u0101cijas \u0101trums (ar frekvences p\u0101rveidot\u0101ju)<\/td>\n<td>5 l\u012bdz 15 apgr.\/min*<\/td>\n<\/tr>\n<tr>\n<td>M\u012bksta iedarbin\u0101\u0161ana\/aptur\u0113\u0161ana (ar frekvences p\u0101rveidot\u0101ju)<\/td>\n<td>Standarta apr\u012bkojums<\/td>\n<\/tr>\n<tr>\n<td>Prec\u012bza platformas f\u0101zes aptur\u0113\u0161ana cikla beig\u0101s<\/td>\n<td>Standarta apr\u012bkojums<\/td>\n<\/tr>\n<tr>\n<td>Rati\u0146u elast\u012bg\u0101s pl\u0113ves brem\u017eu sist\u0113ma<\/td>\n<td>FE\u00a0\u2014 elektromagn\u0113tisk\u0101 bremze*<\/td>\n<\/tr>\n<tr>\n<td>Standarta iepakojuma augstums<\/td>\n<td>2400 mm<\/td>\n<\/tr>\n<tr>\n<td>Izv\u0113lams iepakojuma augstums<\/td>\n<td>Nav neviena<\/td>\n<\/tr>\n<tr>\n<td>Kravas augstuma noteik\u0161ana ar fotosensoru<\/td>\n<td>Standarta apr\u012bkojums<\/td>\n<\/tr>\n<tr>\n<td>Regul\u0113jams rati\u0146u \u0101trums (ar invertoru)<\/td>\n<td>No 1,3 l\u012bdz 5,4 m\/min<\/td>\n<\/tr>\n<tr>\n<td>Pa\u0101triniet grozu<\/td>\n<td>Iestatiet neatkar\u012bgi<\/td>\n<\/tr>\n<tr>\n<td>Ratu \u0101trums samazin\u0101ts<\/td>\n<td>Iestatiet neatkar\u012bgi<\/td>\n<\/tr>\n<tr>\n<td>Standarta transport\u0113\u0161anas augstums<\/td>\n<td>No 450 l\u012bdz 550 mm<\/td>\n<\/tr>\n<tr>\n<td>Kop\u0113j\u0101 uzst\u0101d\u012bt\u0101 jauda<\/td>\n<td>5 kW<\/td>\n<\/tr>\n<tr>\n<td>Standarta spriegums<\/td>\n<td>400 V - 50\/60 Hz - 3 Ph + N + T<\/td>\n<\/tr>\n<tr>\n<td>Dzin\u0113ja aizsardz\u012bbas sist\u0113ma<\/td>\n<td>IP\u00a054<\/td>\n<\/tr>\n<tr>\n<td>Pneimatiskais spiediens<\/td>\n<td>6 b\u0101ri<\/td>\n<\/tr>\n<tr>\n<td>Performance<\/td>\n<td>45 paletes stund\u0101**<\/td>\n<\/tr>\n<\/tbody>\n<\/table>\n<p>*Atkar\u012bgs no konfigur\u0101cijas<br \/>\n** Atkar\u012bgs no pl\u0113ves kvalit\u0101tes un darba apst\u0101k\u013ciem: iepako\u0161anas apst\u0101k\u013ci un paletes izm\u0113ri ietekm\u0113 maksim\u0101lo veiktsp\u0113ju.<\/p>\n<\/div>","protected":false},"excerpt":{"rendered":"<p>Pale\u0161u iet\u012b\u0161anas iek\u0101rta MX15 AUTO ir augstas veiktsp\u0113jas iepako\u0161anas iek\u0101rta, kas \u012bpa\u0161i izstr\u0101d\u0101ta situ\u0101cij\u0101m, kad nepiecie\u0161ama augsta darba produktivit\u0101te un ierobe\u017eota uzst\u0101d\u012b\u0161anas vieta. \u0160\u012b autom\u0101tisk\u0101 iepako\u0161anas iek\u0101rta ir izstr\u0101d\u0101ta saska\u0146\u0101 ar jaun\u0101kajiem tehniskajiem standartiem attiec\u012bb\u0101 uz meh\u0101nisko, elektrisko un programmat\u016bras dizainu. Standarta SIEMENS S7-1200 PLC ar integr\u0113tu profinet nodro\u0161ina, ka \u0161\u012b ier\u012bce ir viegli integr\u0113jama j\u016bsu iepako\u0161anas l\u012bnij\u0101.<\/p>\n<p>Vienk\u0101r\u0161a uzst\u0101d\u012b\u0161ana un zemas uztur\u0113\u0161anas izmaksas nodro\u0161ina, ka \u0161\u012b iek\u0101rta ir rentabls risin\u0101jums jebkur\u0101m r\u016bpniecisk\u0101s elast\u012bg\u0101s pl\u0113ves iepako\u0161anas vajadz\u012bb\u0101m.<\/p>\n<p>Pla\u0161a papildu piederumu izv\u0113le p\u0113c nepiecie\u0161am\u012bbas.<\/p>","protected":false},"featured_media":17042,"template":"","meta":[],"product_cat":[586],"product_tag":[],"class_list":{"0":"post-13094","1":"product","2":"type-product","3":"status-publish","4":"has-post-thumbnail","6":"product_cat-automatiniai-paleciu-apvyniojimo-irenginiai","8":"first","9":"instock","10":"shipping-taxable","11":"product-type-simple"},"_links":{"self":[{"href":"https:\/\/packstera.lt\/lv\/wp-json\/wp\/v2\/product\/13094","targetHints":{"allow":["GET"]}}],"collection":[{"href":"https:\/\/packstera.lt\/lv\/wp-json\/wp\/v2\/product"}],"about":[{"href":"https:\/\/packstera.lt\/lv\/wp-json\/wp\/v2\/types\/product"}],"version-history":[{"count":10,"href":"https:\/\/packstera.lt\/lv\/wp-json\/wp\/v2\/product\/13094\/revisions"}],"predecessor-version":[{"id":17048,"href":"https:\/\/packstera.lt\/lv\/wp-json\/wp\/v2\/product\/13094\/revisions\/17048"}],"wp:featuredmedia":[{"embeddable":true,"href":"https:\/\/packstera.lt\/lv\/wp-json\/wp\/v2\/media\/17042"}],"wp:attachment":[{"href":"https:\/\/packstera.lt\/lv\/wp-json\/wp\/v2\/media?parent=13094"}],"wp:term":[{"taxonomy":"product_cat","embeddable":true,"href":"https:\/\/packstera.lt\/lv\/wp-json\/wp\/v2\/product_cat?post=13094"},{"taxonomy":"product_tag","embeddable":true,"href":"https:\/\/packstera.lt\/lv\/wp-json\/wp\/v2\/product_tag?post=13094"}],"curies":[{"name":"wp","href":"https:\/\/api.w.org\/{rel}","templated":true}]}}