{"id":13097,"date":"2020-06-21T17:01:37","date_gmt":"2020-06-21T14:01:37","guid":{"rendered":"http:\/\/packstera.lt\/p\/rotating-arm-pallet-wrapper-2\/"},"modified":"2024-09-20T16:15:39","modified_gmt":"2024-09-20T13:15:39","slug":"rotejosas-rokas-palesu-ietinejs-2","status":"publish","type":"product","link":"https:\/\/packstera.lt\/lv\/p\/alkuninis-paleciu-apvyniojimo-tampria-plevele-irenginys-2\/","title":{"rendered":"Elko\u0146a ier\u012bce pale\u0161u iet\u012b\u0161anai ar elast\u012bgo pl\u0113vi - PLS\/PHS"},"content":{"rendered":"<div class=\"dati-tecnici\">\n<div class=\"header full-width-offset-right\">\n<div class=\"titolo-left\">\n<div class=\"dati-tecnici\">\n<div class=\"header full-width-offset-right\">\n<div class=\"titolo-left\">\n<div class=\"dati-tecnici\">\n<div class=\"header full-width-offset-right\">\n<div class=\"titolo-left\">\n<h3>Tehniskie parametri<\/h3>\n<h4>Iepako\u0161anas iek\u0101rtas modelis PLS\/PHS:<\/h4>\n<ul>\n<li><strong>5,7 collu sk\u0101rienekr\u0101ns<\/strong> ar <strong>7 programmas<\/strong>.<\/li>\n<\/ul>\n<h4>Standarta paletes diagon\u0101le:<\/h4>\n<ul>\n<li><strong>1710 mm<\/strong> (Paletes izm\u0113rs 1100 x 1300 mm)<\/li>\n<\/ul>\n<h4>Piel\u0101gotas paletes diagon\u0101les:<\/h4>\n<ul>\n<li>2000 \/ 2270 \/ 2540 \/ 2970 \/ 3250 \/ 3390 \/ 3800 \/ 4200 \/ 4600 mm<\/li>\n<\/ul>\n<table>\n<thead>\n<tr>\n<th>Specifik\u0101cijas<\/th>\n<th>Noz\u012bmes<\/th>\n<\/tr>\n<\/thead>\n<tbody>\n<tr>\n<td>Regul\u0113jams rokas rot\u0101cijas \u0101trums (ar frekvences p\u0101rveidot\u0101ju)<\/td>\n<td>Maks. 25\/30 apgr.\/min*<\/td>\n<\/tr>\n<tr>\n<td>L\u0113na iedarbin\u0101\u0161ana\/aptur\u0113\u0161ana (ar frekvences p\u0101rveidot\u0101ju)<\/td>\n<td>Standarta apr\u012bkojums<\/td>\n<\/tr>\n<tr>\n<td>Prec\u012bza rokas f\u0101zes aptur\u0113\u0161ana cikla beig\u0101s<\/td>\n<td>Standarta apr\u012bkojums<\/td>\n<\/tr>\n<tr>\n<td>Rati\u0146u pl\u0113ves stiep\u0161anas sist\u0113ma<\/td>\n<td>FE\u00a0\u2014 elektromagn\u0113tisk\u0101 bremze*<\/td>\n<\/tr>\n<tr>\n<td>Standarta iepakojuma augstums<\/td>\n<td>2000 mm<\/td>\n<\/tr>\n<tr>\n<td>Piel\u0101goti iepakojuma augstumi<\/td>\n<td>2200\/2700\/3000\/3300\/3700 mm<\/td>\n<\/tr>\n<tr>\n<td>Produkta augstuma noteik\u0161ana ar fotosensoru<\/td>\n<td>Standarta apr\u012bkojums<\/td>\n<\/tr>\n<tr>\n<td>Regul\u0113jams rati\u0146u \u0101trums (ar frekvences p\u0101rveidot\u0101ju)<\/td>\n<td>1,3 l\u012bdz 5,4 m\/min<\/td>\n<\/tr>\n<tr>\n<td>Palieliniet ratu \u0101trumu<\/td>\n<td>Iestatiet neatkar\u012bgi<\/td>\n<\/tr>\n<tr>\n<td>Leju paj\u016bga \u0101trums<\/td>\n<td>Iestatiet neatkar\u012bgi<\/td>\n<\/tr>\n<tr>\n<td>Standarta transport\u0113\u0161anas augstums<\/td>\n<td>450 l\u012bdz 550 mm<\/td>\n<\/tr>\n<tr>\n<td>Kop\u0113j\u0101 jauda<\/td>\n<td>3 kW<\/td>\n<\/tr>\n<tr>\n<td>Standarta spriegums<\/td>\n<td>400 V - 50\/60 Hz - 3 Ph + N + T<\/td>\n<\/tr>\n<tr>\n<td>Elektr\u012bbas un motora aizsardz\u012bbas sist\u0113ma<\/td>\n<td>IP\u00a054<\/td>\n<\/tr>\n<tr>\n<td>Pneimatiskais spiediens<\/td>\n<td>6 b\u0101ri<\/td>\n<\/tr>\n<tr>\n<td>Jauda (LS)<\/td>\n<td>60 paletes stund\u0101**<\/td>\n<\/tr>\n<tr>\n<td>Jauda (HS)<\/td>\n<td>65 paletes stund\u0101**<\/td>\n<\/tr>\n<\/tbody>\n<\/table>\n<ul>\n<li>Atkar\u012bgs no konfigur\u0101cijas.<br \/>\n** Atkar\u012bgs no pl\u0113ves kvalit\u0101tes un darba apst\u0101k\u013ciem: iepako\u0161anas apst\u0101k\u013ci un paletes izm\u0113ri ietekm\u0113 maksim\u0101lo ietilp\u012bbu.<\/li>\n<\/ul>\n<h3>Stretch pl\u0113ves specifik\u0101cijas<\/h3>\n<ul>\n<li><strong>Ieteicamais elast\u012bg\u0101s pl\u0113ves biezums:<\/strong> no 10 l\u012bdz 30 \u00b5m<\/li>\n<\/ul>\n<\/div>\n<\/div>\n<\/div>\n<\/div>\n<\/div>\n<\/div>\n<\/div>\n<\/div>\n<\/div>","protected":false},"excerpt":{"rendered":"<p>Elko\u0146a ier\u012bce pale\u0161u iet\u012b\u0161anai ar elast\u012bgo pl\u0113vi. Modelis PLS\/PHS ir uzlabots iepako\u0161anas apr\u012bkojums efekt\u012bvai un prec\u012bzai pale\u0161u iesai\u0146o\u0161anai. Ier\u012bcei ir 5,7 collu sk\u0101rienekr\u0101ns ar 7 programm\u0101m, kas \u013cauj \u0113rti vad\u012bt ier\u012bci. PLS\/PHS modelis atbalsta da\u017e\u0101dus pale\u0161u izm\u0113rus, un regul\u0113jams rot\u0101cijas un p\u0101rvad\u0101\u0161anas \u0101trums nodro\u0161ina optim\u0101lu iepakojuma kvalit\u0101ti. Standarta iepakojuma augstums ir 2000 mm, bet var izv\u0113l\u0113ties ar\u012b citus augstumus l\u012bdz 3700 mm. Iek\u0101rtai ir ar\u012b liela jauda, kas sp\u0113j apstr\u0101d\u0101t l\u012bdz 65 palet\u0113m stund\u0101, atkar\u012bb\u0101 no izmantot\u0101s pl\u0113ves kvalit\u0101tes un darba apst\u0101k\u013ciem. PRL ir uzlabota aizsardz\u012bbas sist\u0113ma un ir piel\u0101gota da\u017e\u0101d\u0101m darba vides pras\u012bb\u0101m, tostarp da\u017e\u0101diem transport\u0113\u0161anas augstumiem un iesp\u0113jai integr\u0113ties OEM\/LINE sist\u0113m\u0101s.<\/p>","protected":false},"featured_media":17051,"template":"","meta":[],"product_cat":[586],"product_tag":[],"class_list":{"0":"post-13097","1":"product","2":"type-product","3":"status-publish","4":"has-post-thumbnail","6":"product_cat-automatiniai-paleciu-apvyniojimo-irenginiai","8":"first","9":"instock","10":"shipping-taxable","11":"product-type-simple"},"_links":{"self":[{"href":"https:\/\/packstera.lt\/lv\/wp-json\/wp\/v2\/product\/13097","targetHints":{"allow":["GET"]}}],"collection":[{"href":"https:\/\/packstera.lt\/lv\/wp-json\/wp\/v2\/product"}],"about":[{"href":"https:\/\/packstera.lt\/lv\/wp-json\/wp\/v2\/types\/product"}],"version-history":[{"count":13,"href":"https:\/\/packstera.lt\/lv\/wp-json\/wp\/v2\/product\/13097\/revisions"}],"predecessor-version":[{"id":17052,"href":"https:\/\/packstera.lt\/lv\/wp-json\/wp\/v2\/product\/13097\/revisions\/17052"}],"wp:featuredmedia":[{"embeddable":true,"href":"https:\/\/packstera.lt\/lv\/wp-json\/wp\/v2\/media\/17051"}],"wp:attachment":[{"href":"https:\/\/packstera.lt\/lv\/wp-json\/wp\/v2\/media?parent=13097"}],"wp:term":[{"taxonomy":"product_cat","embeddable":true,"href":"https:\/\/packstera.lt\/lv\/wp-json\/wp\/v2\/product_cat?post=13097"},{"taxonomy":"product_tag","embeddable":true,"href":"https:\/\/packstera.lt\/lv\/wp-json\/wp\/v2\/product_tag?post=13097"}],"curies":[{"name":"wp","href":"https:\/\/api.w.org\/{rel}","templated":true}]}}