{"id":13100,"date":"2020-06-21T16:44:11","date_gmt":"2020-06-21T13:44:11","guid":{"rendered":"http:\/\/packstera.lt\/p\/rotating-arm-pallet-wrapper-with-conveyor\/"},"modified":"2024-09-20T16:16:52","modified_gmt":"2024-09-20T13:16:52","slug":"rotejosas-rokas-palesu-ietinejs-ar-konveijeru","status":"publish","type":"product","link":"https:\/\/packstera.lt\/lv\/p\/alkuninis-paleciu-apvyniojimo-tampria-plevele-irenginys-3\/","title":{"rendered":"Elko\u0146a pale\u0161u iet\u012b\u0161anas ier\u012bce ar elast\u012bgu pl\u0113vi PLS"},"content":{"rendered":"<div class=\"dati-tecnici\">\n<div class=\"header full-width-offset-right\">\n<div class=\"titolo-left\">\n<h3>Tehniskie parametri<\/h3>\n<h4>Iepako\u0161anas apr\u012bkojuma modelis PLS:<\/h4>\n<table>\n<thead>\n<tr>\n<th>Specifik\u0101cijas<\/th>\n<th>Noz\u012bmes<\/th>\n<\/tr>\n<\/thead>\n<tbody>\n<tr>\n<td>Modelis PLS<\/td>\n<td>5,7 collu sk\u0101rienekr\u0101ns ar 7 programm\u0101m<\/td>\n<\/tr>\n<tr>\n<td>Standarta paletes diagon\u0101le<\/td>\n<td>1710\u00a0mm (palete 1200\u00a0\u00d7\u00a01200\u00a0mm)<\/td>\n<\/tr>\n<tr>\n<td>Izv\u0113les paletes ir pa diagon\u0101li<\/td>\n<td>1980 \/ 2120 \/ 2260 \/ 2400 mm<\/td>\n<\/tr>\n<tr>\n<td>Regul\u0113jams elko\u0146a grie\u0161an\u0101s \u0101trums (ar frekvences p\u0101rveidot\u0101ju)<\/td>\n<td>Maks. 12 apgr.\/min*<\/td>\n<\/tr>\n<tr>\n<td>L\u0113na iedarbin\u0101\u0161ana\/aptur\u0113\u0161ana (ar frekvences p\u0101rveidot\u0101ju)<\/td>\n<td>Standarta apr\u012bkojums<\/td>\n<\/tr>\n<tr>\n<td>Prec\u012bza elko\u0146a f\u0101zes aptur\u0113\u0161ana cikla beig\u0101s<\/td>\n<td>Standarta apr\u012bkojums<\/td>\n<\/tr>\n<tr>\n<td>Rati\u0146u elast\u012bg\u0101s pl\u0113ves brem\u017eu sist\u0113ma<\/td>\n<td>FE\u00a0\u2014 elektromagn\u0113tisk\u0101 bremze*<\/td>\n<\/tr>\n<tr>\n<td>Standarta iepakojuma augstums<\/td>\n<td>2500 mm<\/td>\n<\/tr>\n<tr>\n<td>Izv\u0113lams iepakojuma augstums<\/td>\n<td>3000 mm<\/td>\n<\/tr>\n<tr>\n<td>Kravas augstuma noteik\u0161ana ar fotosensoru<\/td>\n<td>Standarta apr\u012bkojums<\/td>\n<\/tr>\n<tr>\n<td>Regul\u0113jams rati\u0146u \u0101trums (ar invertoru)<\/td>\n<td>No 1,3 l\u012bdz 5,4 m\/min<\/td>\n<\/tr>\n<tr>\n<td>Pa\u0101triniet grozu<\/td>\n<td>Iestatiet neatkar\u012bgi<\/td>\n<\/tr>\n<tr>\n<td>Ratu \u0101trums samazin\u0101ts<\/td>\n<td>Iestatiet neatkar\u012bgi<\/td>\n<\/tr>\n<tr>\n<td>Standarta transport\u0113\u0161anas augstums<\/td>\n<td>No 450 l\u012bdz 550 mm<\/td>\n<\/tr>\n<tr>\n<td>Kop\u0113j\u0101 jauda<\/td>\n<td>2,5 kW<\/td>\n<\/tr>\n<tr>\n<td>Standarta spriegums<\/td>\n<td>400 V - 50\/60 Hz - 3 f\u0101zes + N + T<\/td>\n<\/tr>\n<tr>\n<td>Dro\u0161\u012bbas klase<\/td>\n<td>IP\u00a054<\/td>\n<\/tr>\n<tr>\n<td>Pneimatiskais spiediens<\/td>\n<td>6 b\u0101ri<\/td>\n<\/tr>\n<tr>\n<td>Performance<\/td>\n<td>30 paletes stund\u0101**<\/td>\n<\/tr>\n<\/tbody>\n<\/table>\n<p>* Atkar\u012bgs no konfigur\u0101cijas<br \/>\n** Atkar\u012bgs no pl\u0113ves kvalit\u0101tes un darba apst\u0101k\u013ciem: iepako\u0161anas apst\u0101k\u013ci un paletes izm\u0113ri ietekm\u0113 maksim\u0101lo ietilp\u012bbu.<\/p>\n<\/div>\n<\/div>\n<\/div>","protected":false},"excerpt":{"rendered":"<p>Elko\u0146a ier\u012bce pale\u0161u iet\u012b\u0161anai ar elast\u012bgo pl\u0113vi<br \/>\nStandarta iet\u012b\u0161anas augstums: 2000 mm<br \/>\nStandarta padeves l\u012bnijas augstums: 450 l\u012bdz 500 mm<br \/>\nRegul\u0113jams sviras grie\u0161an\u0101s \u0101trums ar invertoru: maks. 30 apgr.\/min<br \/>\nRati\u0146u nolai\u0161an\u0101s \u0101trums: br\u012bvi izv\u0113l\u0113ts<\/p>","protected":false},"featured_media":17054,"template":"","meta":[],"product_cat":[586],"product_tag":[],"class_list":{"0":"post-13100","1":"product","2":"type-product","3":"status-publish","4":"has-post-thumbnail","6":"product_cat-automatiniai-paleciu-apvyniojimo-irenginiai","8":"first","9":"instock","10":"shipping-taxable","11":"product-type-simple"},"_links":{"self":[{"href":"https:\/\/packstera.lt\/lv\/wp-json\/wp\/v2\/product\/13100","targetHints":{"allow":["GET"]}}],"collection":[{"href":"https:\/\/packstera.lt\/lv\/wp-json\/wp\/v2\/product"}],"about":[{"href":"https:\/\/packstera.lt\/lv\/wp-json\/wp\/v2\/types\/product"}],"version-history":[{"count":7,"href":"https:\/\/packstera.lt\/lv\/wp-json\/wp\/v2\/product\/13100\/revisions"}],"predecessor-version":[{"id":17055,"href":"https:\/\/packstera.lt\/lv\/wp-json\/wp\/v2\/product\/13100\/revisions\/17055"}],"wp:featuredmedia":[{"embeddable":true,"href":"https:\/\/packstera.lt\/lv\/wp-json\/wp\/v2\/media\/17054"}],"wp:attachment":[{"href":"https:\/\/packstera.lt\/lv\/wp-json\/wp\/v2\/media?parent=13100"}],"wp:term":[{"taxonomy":"product_cat","embeddable":true,"href":"https:\/\/packstera.lt\/lv\/wp-json\/wp\/v2\/product_cat?post=13100"},{"taxonomy":"product_tag","embeddable":true,"href":"https:\/\/packstera.lt\/lv\/wp-json\/wp\/v2\/product_tag?post=13100"}],"curies":[{"name":"wp","href":"https:\/\/api.w.org\/{rel}","templated":true}]}}