{"id":13101,"date":"2020-06-21T16:07:59","date_gmt":"2020-06-21T13:07:59","guid":{"rendered":"http:\/\/packstera.lt\/p\/rotating-arm-pallet-wrapper\/"},"modified":"2024-09-20T17:01:32","modified_gmt":"2024-09-20T14:01:32","slug":"pla-rotacijas-rokas-pagriesanas-ierice","status":"publish","type":"product","link":"https:\/\/packstera.lt\/lv\/p\/alkuninis-paleciu-apvyniojimo-tampria-plevele-irenginys-4\/","title":{"rendered":"PL - elko\u0146a ier\u012bce pale\u0161u iet\u012b\u0161anai ar elast\u012bgo pl\u0113vi"},"content":{"rendered":"<h3>Tehniskie parametri<\/h3>\n<table>\n<thead>\n<tr>\n<th>Specifik\u0101cijas<\/th>\n<th>Noz\u012bmes<\/th>\n<\/tr>\n<\/thead>\n<tbody>\n<tr>\n<td>Modelis PL<\/td>\n<td>11 collu sk\u0101rienekr\u0101ns ar 99 programm\u0101m<\/td>\n<\/tr>\n<tr>\n<td>Standarta paletes diagon\u0101le<\/td>\n<td>1710\u00a0mm (palete 1200\u00a0x\u00a01200\u00a0mm)<\/td>\n<\/tr>\n<tr>\n<td>Izv\u0113les paletes ir pa diagon\u0101li<\/td>\n<td>1980 \/ 2120 \/ 2260 \/ 2400 mm<\/td>\n<\/tr>\n<tr>\n<td>Elko\u0146a grie\u0161an\u0101s \u0101trums ir regul\u0113jams<\/td>\n<td>Maks. 12 apgr.\/min (ar frekvences p\u0101rveidot\u0101ju) *<\/td>\n<\/tr>\n<tr>\n<td>L\u0113ns starts\/stop<\/td>\n<td>Standarta apr\u012bkojums<\/td>\n<\/tr>\n<tr>\n<td>Prec\u012bza elko\u0146a f\u0101zes aptur\u0113\u0161ana cikla beig\u0101s<\/td>\n<td>Standarta apr\u012bkojums<\/td>\n<\/tr>\n<tr>\n<td>Rati\u0146u pl\u0113ves stiep\u0161anas sist\u0113ma<\/td>\n<td>FE\u00a0\u2014 elektromagn\u0113tisk\u0101 bremze*<\/td>\n<\/tr>\n<tr>\n<td>Standarta iepakojuma augstums<\/td>\n<td>2500 mm<\/td>\n<\/tr>\n<tr>\n<td>Izv\u0113lams iepakojuma augstums<\/td>\n<td>3000 mm<\/td>\n<\/tr>\n<tr>\n<td>Kravas augstuma noteik\u0161ana ar fotosensoru<\/td>\n<td>Standarta apr\u012bkojums<\/td>\n<\/tr>\n<tr>\n<td>Rati\u0146u \u0101trums ir regul\u0113jams<\/td>\n<td>1,3 l\u012bdz 5,4 m\/min (ar frekvences p\u0101rveidot\u0101ju)<\/td>\n<\/tr>\n<tr>\n<td>Pa\u0101triniet grozu<\/td>\n<td>Iestatiet neatkar\u012bgi<\/td>\n<\/tr>\n<tr>\n<td>Ratu \u0101trums samazin\u0101ts<\/td>\n<td>Iestatiet neatkar\u012bgi<\/td>\n<\/tr>\n<tr>\n<td>Kop\u0113j\u0101 jauda<\/td>\n<td>2,5 kW<\/td>\n<\/tr>\n<tr>\n<td>Standarta spriegums<\/td>\n<td>230 V - 50\/60 Hz - 1 f\u0101ze<\/td>\n<\/tr>\n<tr>\n<td>Pneimatiskais spiediens<\/td>\n<td>6 b\u0101ri<\/td>\n<\/tr>\n<tr>\n<td>Performance<\/td>\n<td>20 paletes stund\u0101**<\/td>\n<\/tr>\n<\/tbody>\n<\/table>\n<p>* Atkar\u012bgs no konfigur\u0101cijas<br \/>\n** Atkar\u012bgs no pl\u0113ves kvalit\u0101tes un darba vides: iepako\u0161anas apst\u0101k\u013ci un paletes izm\u0113ri ietekm\u0113 maksim\u0101lo veiktsp\u0113ju.<\/p>","protected":false},"excerpt":{"rendered":"<p>Elko\u0146a ier\u012bce pale\u0161u iet\u012b\u0161anai ar elast\u012bgo pl\u0113vi<br \/>\nNestabiliem produktiem<br \/>\nVai ar\u012b sare\u017e\u0123\u012btiem izstr\u0101d\u0101jumiem, kurus nevar apstr\u0101d\u0101t ar rot\u0113jo\u0161\u0101s platformas centrb\u0113dzes sp\u0113ku<br \/>\nVieglajiem produktiem<br \/>\nIr pieejama pie sienas stiprin\u0101ma versija, kas aiz\u0146em minim\u0101lu vietu<br \/>\nSvars \u013cauj ier\u012bci uzst\u0101d\u012bt, nenostiprinot to pie gr\u012bdas, lai v\u0113l\u0101k to var\u0113tu p\u0101rvietot<br \/>\nIr pieejami visu veidu rati<\/p>","protected":false},"featured_media":17063,"template":"","meta":[],"product_cat":[588],"product_tag":[],"class_list":{"0":"post-13101","1":"product","2":"type-product","3":"status-publish","4":"has-post-thumbnail","6":"product_cat-pusiau-automatiniai-paleciu-apvyniojimo-irenginiai","8":"first","9":"instock","10":"shipping-taxable","11":"product-type-simple"},"_links":{"self":[{"href":"https:\/\/packstera.lt\/lv\/wp-json\/wp\/v2\/product\/13101","targetHints":{"allow":["GET"]}}],"collection":[{"href":"https:\/\/packstera.lt\/lv\/wp-json\/wp\/v2\/product"}],"about":[{"href":"https:\/\/packstera.lt\/lv\/wp-json\/wp\/v2\/types\/product"}],"version-history":[{"count":6,"href":"https:\/\/packstera.lt\/lv\/wp-json\/wp\/v2\/product\/13101\/revisions"}],"predecessor-version":[{"id":17065,"href":"https:\/\/packstera.lt\/lv\/wp-json\/wp\/v2\/product\/13101\/revisions\/17065"}],"wp:featuredmedia":[{"embeddable":true,"href":"https:\/\/packstera.lt\/lv\/wp-json\/wp\/v2\/media\/17063"}],"wp:attachment":[{"href":"https:\/\/packstera.lt\/lv\/wp-json\/wp\/v2\/media?parent=13101"}],"wp:term":[{"taxonomy":"product_cat","embeddable":true,"href":"https:\/\/packstera.lt\/lv\/wp-json\/wp\/v2\/product_cat?post=13101"},{"taxonomy":"product_tag","embeddable":true,"href":"https:\/\/packstera.lt\/lv\/wp-json\/wp\/v2\/product_tag?post=13101"}],"curies":[{"name":"wp","href":"https:\/\/api.w.org\/{rel}","templated":true}]}}