{"id":13110,"date":"2020-06-21T15:47:21","date_gmt":"2020-06-21T12:47:21","guid":{"rendered":"http:\/\/packstera.lt\/p\/flexible-turntable-machine-with-pre-stretch-film-system\/"},"modified":"2024-09-20T16:18:19","modified_gmt":"2024-09-20T13:18:19","slug":"psi-ierice-ar-prieksizstiepsanas-sistemu","status":"publish","type":"product","link":"https:\/\/packstera.lt\/lv\/p\/paleciu-apvyniojimo-tampria-plevele-irenginys-3\/","title":{"rendered":"Ma\u0161\u012bna pale\u0161u iet\u012b\u0161anai ar elast\u012bgo pl\u0113vi - MX5"},"content":{"rendered":"<h3>Tehnisk\u0101s specifik\u0101cijas<\/h3>\n<table>\n<thead>\n<tr>\n<th>Specifik\u0101cijas<\/th>\n<th>Noz\u012bmes<\/th>\n<\/tr>\n<\/thead>\n<tbody>\n<tr>\n<td>Modelis MX5<\/td>\n<td>Vad\u012bbas panelis ar 6 programm\u0101m<\/td>\n<\/tr>\n<tr>\n<td>Platformas diametrs<\/td>\n<td>1500 mm<\/td>\n<\/tr>\n<tr>\n<td>Papildu platformas diametri<\/td>\n<td>1650\/1800\/2200\/2400\/2600 mm<\/td>\n<\/tr>\n<tr>\n<td>Splatformas maksim\u0101lais kravas svars<\/td>\n<td>2000 kg<\/td>\n<\/tr>\n<tr>\n<td>Pakava platformas maksim\u0101lais kravas svars<\/td>\n<td>1200 kg<\/td>\n<\/tr>\n<tr>\n<td>Regul\u0113jams platformas \u0101trums (ar frekvences p\u0101rveidot\u0101ju)<\/td>\n<td>5 l\u012bdz 12 apgr.\/min*<\/td>\n<\/tr>\n<tr>\n<td>L\u0113ns starts\/stop<\/td>\n<td>Standarta apr\u012bkojums<\/td>\n<\/tr>\n<tr>\n<td>Prec\u012bza platformas f\u0101zes aptur\u0113\u0161ana cikla beig\u0101s<\/td>\n<td>Standarta apr\u012bkojums<\/td>\n<\/tr>\n<tr>\n<td>Rati\u0146u elast\u012bg\u0101s pl\u0113ves brem\u017eu sist\u0113ma<\/td>\n<td>FE\u00a0\u2014 elektromagn\u0113tisk\u0101 bremze*<\/td>\n<\/tr>\n<tr>\n<td>Standarta iepakojuma augstums<\/td>\n<td>2450 mm<\/td>\n<\/tr>\n<tr>\n<td>Papildu iepako\u0161anas augstums<\/td>\n<td>2200\/2700\/3200\/3500\/3900 mm<\/td>\n<\/tr>\n<tr>\n<td>Kravas augstuma noteik\u0161ana ar fotosensoru<\/td>\n<td>Standarta apr\u012bkojums<\/td>\n<\/tr>\n<tr>\n<td>Regul\u0113jams rati\u0146u \u0101trums (ar frekvences p\u0101rveidot\u0101ju)<\/td>\n<td>No 1,3 l\u012bdz 5,4 m\/min<\/td>\n<\/tr>\n<tr>\n<td>Pa\u0101triniet grozu<\/td>\n<td>Iestatiet neatkar\u012bgi<\/td>\n<\/tr>\n<tr>\n<td>Ratu \u0101trums samazin\u0101ts<\/td>\n<td>Iestatiet neatkar\u012bgi<\/td>\n<\/tr>\n<tr>\n<td>Priek\u0161puse un aizmugure gatavi cel\u0161anai ar iekr\u0101v\u0113ju<\/td>\n<td>Standarta apr\u012bkojums<\/td>\n<\/tr>\n<tr>\n<td>Kop\u0113j\u0101 jauda<\/td>\n<td>1,00 kW<\/td>\n<\/tr>\n<tr>\n<td>Standarta spriegums<\/td>\n<td>230 V - 50\/60 Hz - 1 f\u0101ze<\/td>\n<\/tr>\n<tr>\n<td>Performance<\/td>\n<td>20 paletes stund\u0101**<\/td>\n<\/tr>\n<\/tbody>\n<\/table>\n<p>*Atkar\u012bgs no konfigur\u0101cijas<br \/>\n** Atkar\u012bgs no pl\u0113ves kvalit\u0101tes un darba apst\u0101k\u013ciem: iepako\u0161anas apst\u0101k\u013ci un paletes izm\u0113ri ietekm\u0113 maksim\u0101lo veiktsp\u0113ju.<\/p>","protected":false},"excerpt":{"rendered":"<p style=\"text-align: justify;\">Pale\u0161u stiep\u0161anas iet\u012b\u0161anas iek\u0101rta MX5 ir ekonomiska un viegli darbin\u0101ma pale\u0161u iet\u012b\u0161anas iek\u0101rta, ko var apr\u012bkot ar pieciem da\u017e\u0101diem pl\u0113ves rati\u0146iem: FM, FE, OPRS, PRS un PS. Tas dod iesp\u0113ju par pie\u0146emamu cenu ieg\u0101d\u0101ties ier\u012bci ar priek\u0161laic\u012bgu stiep\u0161anu (Power Pre-Stretch). \u0160is modelis ir \u012bpa\u0161i popul\u0101rs lietot\u0101ju vid\u016b, kuri iesai\u0146o ierobe\u017eotu skaitu pale\u0161u dien\u0101, bet mekl\u0113 zemas ekspluat\u0101cijas izmaksas. MX5 atbilst \u0161\u012bm vajadz\u012bb\u0101m, jo tiek pied\u0101v\u0101ts ar visiem iesp\u0113jamiem piederumiem. Ir ar\u012b daudz papildu piederumu, kurus var papildus uzst\u0101d\u012bt, lai padar\u012btu \u0161o vien\u012bbu par lab\u0101ko lo\u0123istikas partneri.<\/p>","protected":false},"featured_media":17043,"template":"","meta":[],"product_cat":[588],"product_tag":[],"class_list":{"0":"post-13110","1":"product","2":"type-product","3":"status-publish","4":"has-post-thumbnail","6":"product_cat-pusiau-automatiniai-paleciu-apvyniojimo-irenginiai","8":"first","9":"instock","10":"shipping-taxable","11":"product-type-simple"},"_links":{"self":[{"href":"https:\/\/packstera.lt\/lv\/wp-json\/wp\/v2\/product\/13110","targetHints":{"allow":["GET"]}}],"collection":[{"href":"https:\/\/packstera.lt\/lv\/wp-json\/wp\/v2\/product"}],"about":[{"href":"https:\/\/packstera.lt\/lv\/wp-json\/wp\/v2\/types\/product"}],"version-history":[{"count":7,"href":"https:\/\/packstera.lt\/lv\/wp-json\/wp\/v2\/product\/13110\/revisions"}],"predecessor-version":[{"id":17057,"href":"https:\/\/packstera.lt\/lv\/wp-json\/wp\/v2\/product\/13110\/revisions\/17057"}],"wp:featuredmedia":[{"embeddable":true,"href":"https:\/\/packstera.lt\/lv\/wp-json\/wp\/v2\/media\/17043"}],"wp:attachment":[{"href":"https:\/\/packstera.lt\/lv\/wp-json\/wp\/v2\/media?parent=13110"}],"wp:term":[{"taxonomy":"product_cat","embeddable":true,"href":"https:\/\/packstera.lt\/lv\/wp-json\/wp\/v2\/product_cat?post=13110"},{"taxonomy":"product_tag","embeddable":true,"href":"https:\/\/packstera.lt\/lv\/wp-json\/wp\/v2\/product_tag?post=13110"}],"curies":[{"name":"wp","href":"https:\/\/api.w.org\/{rel}","templated":true}]}}