{"id":13111,"date":"2020-06-21T15:40:21","date_gmt":"2020-06-21T12:40:21","guid":{"rendered":"http:\/\/packstera.lt\/p\/economical-and-easy-to-operate-stretch-wrapping-machine\/"},"modified":"2024-09-20T16:19:36","modified_gmt":"2024-09-20T13:19:36","slug":"psi-ekonomiska-ietisanas-iekarta","status":"publish","type":"product","link":"https:\/\/packstera.lt\/lv\/p\/ekonominis-paleciu-apvyniojimo-tampria-plevele-irenginys\/","title":{"rendered":"Ekonomiska pale\u0161u t\u012b\u0161anas iek\u0101rta ar elast\u012bgu pl\u0113vi - MX1"},"content":{"rendered":"<h3>Tehnisk\u0101s specifik\u0101cijas<\/h3>\n<table>\n<thead>\n<tr>\n<th>Specifik\u0101cijas<\/th>\n<th>Noz\u012bmes<\/th>\n<\/tr>\n<\/thead>\n<tbody>\n<tr>\n<td>Modelis MX1<\/td>\n<td>Vad\u012bbas panelis ar 1 izv\u0113l\u0113tu programmu un iestat\u012bjumiem<\/td>\n<\/tr>\n<tr>\n<td>Platformas diametrs<\/td>\n<td>1500 mm<\/td>\n<\/tr>\n<tr>\n<td>Izv\u0113lamie diametri<\/td>\n<td>1650 mm<\/td>\n<\/tr>\n<tr>\n<td>Maksim\u0101lais platformas kravas svars<\/td>\n<td>1500 kg<\/td>\n<\/tr>\n<tr>\n<td>Regul\u0113jams platformas \u0101trums<\/td>\n<td>5 l\u012bdz 12 apgr.\/min (ar frekvences p\u0101rveidot\u0101ju)<\/td>\n<\/tr>\n<tr>\n<td>L\u0113n\u0101s kust\u012bbas aptur\u0113\u0161ana\/s\u0101k\u0161ana<\/td>\n<td>Standarta apr\u012bkojums<\/td>\n<\/tr>\n<tr>\n<td>Prec\u012bza platformas aptur\u0113\u0161ana cikla beig\u0101s<\/td>\n<td>Standarta apr\u012bkojums<\/td>\n<\/tr>\n<tr>\n<td>Rati\u0146u elast\u012bg\u0101s pl\u0113ves brem\u017eu sist\u0113ma<\/td>\n<td>FM - meh\u0101nisk\u0101s bremzes<\/td>\n<\/tr>\n<tr>\n<td>Standarta iesai\u0146ojuma augstums<\/td>\n<td>2200 mm<\/td>\n<\/tr>\n<tr>\n<td>Kravas augstuma noteik\u0161ana ar foto sensoru<\/td>\n<td>Standarta apr\u012bkojums<\/td>\n<\/tr>\n<tr>\n<td>Regul\u0113jams rati\u0146u \u0101trums (ar invertoru)<\/td>\n<td>No 1,3 l\u012bdz 5,4 m\/min<\/td>\n<\/tr>\n<tr>\n<td>Pa\u0101triniet grozu<\/td>\n<td>Iestatiet neatkar\u012bgi<\/td>\n<\/tr>\n<tr>\n<td>Ratu \u0101trums samazin\u0101ts<\/td>\n<td>Iestatiet neatkar\u012bgi<\/td>\n<\/tr>\n<tr>\n<td>Priek\u0161puse un aizmugure gatavi cel\u0161anai ar iekr\u0101v\u0113ju<\/td>\n<td>Standarta apr\u012bkojums<\/td>\n<\/tr>\n<tr>\n<td>Kop\u0113j\u0101 ier\u012bces jauda<\/td>\n<td>1,00 kW<\/td>\n<\/tr>\n<tr>\n<td>Standarta spriegums<\/td>\n<td>230 V - 50\/60 Hz - 1 f\u0101ze<\/td>\n<\/tr>\n<tr>\n<td>Maksim\u0101l\u0101 ietilp\u012bba<\/td>\n<td>20 paletes stund\u0101**<\/td>\n<\/tr>\n<\/tbody>\n<\/table>\n<p>** Atkar\u012bgs no pl\u0113ves kvalit\u0101tes un darba apst\u0101k\u013ciem: iepako\u0161anas apst\u0101k\u013ci un paletes izm\u0113ri ietekm\u0113 maksim\u0101lo veiktsp\u0113ju<\/p>","protected":false},"excerpt":{"rendered":"<p style=\"text-align: justify;\">Ekonomiska ier\u012bce pale\u0161u iet\u012b\u0161anai ar elast\u012bgo pl\u0113vi<br \/>\nPIRMAIS SOLIS, EKONOMIKA, VIENK\u0100R\u0160A, UZTICAMA IZV\u0112LE<br \/>\nIer\u012bcei ir viena galven\u0101 lietotne, un tai ir ierobe\u017eotas iesai\u0146o\u0161anas iesp\u0113jas. Tas ir apr\u012bkots ar meh\u0101nisko brem\u017eu tipa pl\u0113ves rati\u0146u sist\u0113mu.<br \/>\n\u0160\u012b ir s\u0101kuma l\u012bme\u0146a rot\u0113jo\u0161\u0101 galda (platformas) iet\u012b\u0161anas iek\u0101rta, kas piem\u0113rota neliela daudzuma pale\u0161u iesai\u0146o\u0161anai dien\u0101 (maz\u0101k nek\u0101 15 paletes).<\/p>","protected":false},"featured_media":17039,"template":"","meta":[],"product_cat":[588],"product_tag":[],"class_list":{"0":"post-13111","1":"product","2":"type-product","3":"status-publish","4":"has-post-thumbnail","6":"product_cat-pusiau-automatiniai-paleciu-apvyniojimo-irenginiai","8":"first","9":"instock","10":"shipping-taxable","11":"product-type-simple"},"_links":{"self":[{"href":"https:\/\/packstera.lt\/lv\/wp-json\/wp\/v2\/product\/13111","targetHints":{"allow":["GET"]}}],"collection":[{"href":"https:\/\/packstera.lt\/lv\/wp-json\/wp\/v2\/product"}],"about":[{"href":"https:\/\/packstera.lt\/lv\/wp-json\/wp\/v2\/types\/product"}],"version-history":[{"count":6,"href":"https:\/\/packstera.lt\/lv\/wp-json\/wp\/v2\/product\/13111\/revisions"}],"predecessor-version":[{"id":17058,"href":"https:\/\/packstera.lt\/lv\/wp-json\/wp\/v2\/product\/13111\/revisions\/17058"}],"wp:featuredmedia":[{"embeddable":true,"href":"https:\/\/packstera.lt\/lv\/wp-json\/wp\/v2\/media\/17039"}],"wp:attachment":[{"href":"https:\/\/packstera.lt\/lv\/wp-json\/wp\/v2\/media?parent=13111"}],"wp:term":[{"taxonomy":"product_cat","embeddable":true,"href":"https:\/\/packstera.lt\/lv\/wp-json\/wp\/v2\/product_cat?post=13111"},{"taxonomy":"product_tag","embeddable":true,"href":"https:\/\/packstera.lt\/lv\/wp-json\/wp\/v2\/product_tag?post=13111"}],"curies":[{"name":"wp","href":"https:\/\/api.w.org\/{rel}","templated":true}]}}