{"id":13112,"date":"2020-06-21T15:34:53","date_gmt":"2020-06-21T12:34:53","guid":{"rendered":"http:\/\/packstera.lt\/p\/mobile-wrapping-machine-with-mast-and-pre-stretch-film-system\/"},"modified":"2025-05-06T16:56:33","modified_gmt":"2025-05-06T13:56:33","slug":"psm-pusautomatiskais-mobilais-iesainojums","status":"publish","type":"product","link":"https:\/\/packstera.lt\/lv\/p\/mobilus-paleciu-apvyniojimo-tampria-plevele-irenginys\/","title":{"rendered":"Mobil\u0101 ier\u012bce pale\u0161u iet\u012b\u0161anai ar elast\u012bgo pl\u0113vi - MX20"},"content":{"rendered":"<h3>Tehniskie parametri<\/h3>\n<table>\n<thead>\n<tr>\n<th>Specifik\u0101cijas<\/th>\n<th>Noz\u012bmes<\/th>\n<\/tr>\n<\/thead>\n<tbody>\n<tr>\n<td>Modelis MX20<\/td>\n<td>Vad\u012bbas panelis 11\u2033 TOUCH ar 6 programm\u0101m vai ar 99 programm\u0101m<\/td>\n<\/tr>\n<tr>\n<td>Minim\u0101lais paletes izm\u0113rs<\/td>\n<td>600\u00a0x\u00a0400\u00a0mm (perimetrs 2\u00a0m)<\/td>\n<\/tr>\n<tr>\n<td>Standarta paletes izm\u0113rs<\/td>\n<td>1200\u00a0x\u00a0800\u00a0mm (perimetrs 4\u00a0m)<\/td>\n<\/tr>\n<tr>\n<td>Maksim\u0101lais pale\u0161u izm\u0113rs<\/td>\n<td>Pale\u0161u izm\u0113rs tiek ieprogramm\u0113ts, vad\u012bbas panel\u012b ievadot nepiecie\u0161amo perimetru<\/td>\n<\/tr>\n<tr>\n<td>Regul\u0113jams \u0101trums (ar frekvences p\u0101rveidot\u0101ju)<\/td>\n<td>Maks. 65 m\/min<\/td>\n<\/tr>\n<tr>\n<td>Rati\u0146u elast\u012bg\u0101s pl\u0113ves brem\u017eu sist\u0113ma<\/td>\n<td>FM - meh\u0101nisk\u0101s bremzes (regul\u0113\u0161ana uz rati\u0146iem)<\/td>\n<\/tr>\n<tr>\n<td>Standarta iesai\u0146ojuma augstums<\/td>\n<td>2000 mm<\/td>\n<\/tr>\n<tr>\n<td>Izv\u0113lami iesai\u0146ojuma augstumi<\/td>\n<td>2400 \/ 2700 \/ 3000 \/ 3500 mm<\/td>\n<\/tr>\n<tr>\n<td>Kravas augstuma noteik\u0161ana ar foto sensoru<\/td>\n<td>Standarta apr\u012bkojums<\/td>\n<\/tr>\n<tr>\n<td>Regul\u0113jams rati\u0146u \u0101trums (ar frekvences p\u0101rveidot\u0101ju)<\/td>\n<td>No 1,3 l\u012bdz 5,4 m\/min<\/td>\n<\/tr>\n<tr>\n<td>Pa\u0101triniet grozu<\/td>\n<td>Iestatiet neatkar\u012bgi<\/td>\n<\/tr>\n<tr>\n<td>Ratu \u0101trums samazin\u0101ts<\/td>\n<td>Iestatiet neatkar\u012bgi<\/td>\n<\/tr>\n<tr>\n<td>Pacel\u0161ana no s\u0101niem ar iekr\u0101v\u0113ja pal\u012bdz\u012bbu<\/td>\n<td>Standarta apr\u012bkojums<\/td>\n<\/tr>\n<tr>\n<td>Kop\u0113j\u0101 ier\u012bces jauda<\/td>\n<td>0,55 kW<\/td>\n<\/tr>\n<tr>\n<td>Integr\u0113ts augstas frekvences akumulatoru l\u0101d\u0113t\u0101js<\/td>\n<td>230 V - 50\/60 Hz<\/td>\n<\/tr>\n<tr>\n<td>Standarta uzl\u0101des spriegums<\/td>\n<td>230 V - 50\/60 Hz - 1 f\u0101ze<\/td>\n<\/tr>\n<tr>\n<td>Darba spriegums<\/td>\n<td>24\u00a0V<\/td>\n<\/tr>\n<tr>\n<td>Elektr\u012bbas un dzin\u0113ja aizsardz\u012bbas sist\u0113ma<\/td>\n<td>IP\u00a020<\/td>\n<\/tr>\n<tr>\n<td>Performance<\/td>\n<td>l\u012bdz 35 palet\u0113m stund\u0101**<\/td>\n<\/tr>\n<\/tbody>\n<\/table>\n<ul>\n<li>Atkar\u012bgs no konfigur\u0101cijas<br \/>\n** Filmas kvalit\u0101te un darba vide ietekm\u0113 maksim\u0101lo veiktsp\u0113ju<\/li>\n<\/ul>","protected":false},"excerpt":{"rendered":"<p>Mobil\u0101 ier\u012bce pale\u0161u iesai\u0146o\u0161anai ar elast\u012bgo pl\u0113vi<\/p>\n<p>NEATKAR\u012aGI IEPAKOJUMA RISIN\u0100JUMI<br \/>\nS\u0101kot ar zemu izmaksu modeli, mobil\u0101 iet\u012b\u0161anas iek\u0101rta MX20 var augt atbilsto\u0161i j\u016bsu biznesa vajadz\u012bb\u0101m. Tas nodro\u0161ina re\u0101lu cenas un kvalit\u0101tes attiec\u012bbu un garant\u0113 vislab\u0101ko cenas un veiktsp\u0113jas attiec\u012bbu, pateicoties t\u0101s iepriek\u0161 izstiept\u0101s pl\u0113ves sist\u0113mai.<\/p>\n<p>Ja nolemjat ieg\u0101d\u0101ties modeli ar FM karieti, to var viegli jaunin\u0101t uz iepriek\u0161\u0113ju pl\u0113ves stiep\u0161anas sist\u0113mu, kuru atkar\u012bb\u0101 no j\u016bsu vajadz\u012bb\u0101m var apr\u012bkot ar vienu vai diviem motoriem. Ir pieejami visu veidu rati.<\/p>\n<p>\u0112rti lietojamais 11 collu TOUCH SCREEN vad\u012bbas panelis \u013cauj iestat\u012bt da\u017e\u0101dus parametrus, kas nodro\u0161ina vislab\u0101k\u0101s kvalit\u0101tes iet\u012b\u0161anas mode\u013cus. M\u016bsu uzlabot\u0101 PLC versija nodro\u0161ina l\u012bdz pat 99 programm\u0101m, kas piem\u0113rotas da\u017e\u0101diem da\u017e\u0101du produktu iesai\u0146o\u0161anas mode\u013ciem. \u0160\u012b iek\u0101rta ir gatava 21. gadsimta pale\u0161u iet\u012b\u0161anai.<\/p>","protected":false},"featured_media":17041,"template":"","meta":[],"product_cat":[587,767],"product_tag":[],"class_list":{"0":"post-13112","1":"product","2":"type-product","3":"status-publish","4":"has-post-thumbnail","6":"product_cat-mobilus-paleciu-apvyniojimo-irenginiai","7":"product_cat-pakavimo-irangos-nuoma","9":"first","10":"instock","11":"shipping-taxable","12":"product-type-simple"},"_links":{"self":[{"href":"https:\/\/packstera.lt\/lv\/wp-json\/wp\/v2\/product\/13112","targetHints":{"allow":["GET"]}}],"collection":[{"href":"https:\/\/packstera.lt\/lv\/wp-json\/wp\/v2\/product"}],"about":[{"href":"https:\/\/packstera.lt\/lv\/wp-json\/wp\/v2\/types\/product"}],"version-history":[{"count":6,"href":"https:\/\/packstera.lt\/lv\/wp-json\/wp\/v2\/product\/13112\/revisions"}],"predecessor-version":[{"id":17059,"href":"https:\/\/packstera.lt\/lv\/wp-json\/wp\/v2\/product\/13112\/revisions\/17059"}],"wp:featuredmedia":[{"embeddable":true,"href":"https:\/\/packstera.lt\/lv\/wp-json\/wp\/v2\/media\/17041"}],"wp:attachment":[{"href":"https:\/\/packstera.lt\/lv\/wp-json\/wp\/v2\/media?parent=13112"}],"wp:term":[{"taxonomy":"product_cat","embeddable":true,"href":"https:\/\/packstera.lt\/lv\/wp-json\/wp\/v2\/product_cat?post=13112"},{"taxonomy":"product_tag","embeddable":true,"href":"https:\/\/packstera.lt\/lv\/wp-json\/wp\/v2\/product_tag?post=13112"}],"curies":[{"name":"wp","href":"https:\/\/api.w.org\/{rel}","templated":true}]}}