{"id":13117,"date":"2020-06-21T14:59:46","date_gmt":"2020-06-21T11:59:46","guid":{"rendered":"http:\/\/packstera.lt\/p\/semi-automatic-machines\/"},"modified":"2022-12-21T08:53:43","modified_gmt":"2022-12-21T06:53:43","slug":"pusautomatiskas-iesainosanas-masinas","status":"publish","type":"product","link":"https:\/\/packstera.lt\/lv\/p\/pusiau-automatiniai-apvyniojimo-irenginiai\/","title":{"rendered":"Pusautom\u0101tisk\u0101s t\u012b\u0161anas iek\u0101rtas"},"content":{"rendered":"","protected":false},"excerpt":{"rendered":"<p style=\"text-align: justify;\">Stretch pl\u0113ves iet\u012b\u0161anas ier\u012bces ir paredz\u0113tas da\u017e\u0101diem da\u017e\u0101da izm\u0113ra un formas izstr\u0101d\u0101jumiem.<\/p>\n<p style=\"text-align: justify;\">Var iet\u012bt visa veida izstr\u0101d\u0101jumus, s\u0101kot no m\u0113be\u013cu da\u013c\u0101m, koka izstr\u0101d\u0101jumiem, profiliem no visa veida materi\u0101liem l\u012bdz lieliem t\u0113rauda sai\u0161\u0137iem, koka vai met\u0101la pane\u013ciem, izol\u0101cijas pane\u013ciem utt.<\/p>\n<p style=\"text-align: justify;\">Ier\u012bces ir apr\u012bkotas ar br\u012bvi ripojo\u0161iem padeves\/izpl\u016bdes rull\u012b\u0161u konveijeriem ar PVC p\u0101rkl\u0101jumu.<\/p>\n<p style=\"text-align: justify;\">Ier\u012bces lieto\u0161ana ir \u0101rk\u0101rt\u012bgi vienk\u0101r\u0161a \u2013 p\u0113c produktu novieto\u0161anas vai grup\u0113\u0161anas, nospie\u017eot ped\u0101li, tiek aktiviz\u0113ts t\u012b\u0161anas cikls, tad visas pl\u0113ves t\u012b\u0161anas, \u0101\u0137a un grie\u0161anas darb\u012bbas notiek autom\u0101tiski.<\/p>\n<p style=\"text-align: justify;\">Izmantota stretch pl\u0113ve, ru\u013c\u013ca \u0101r\u0113jais diametrs 250 mm. Pieejamais ru\u013c\u013ca platums no 50 mm l\u012bdz 500 mm.<\/p>\n<p><strong><a href=\"https:\/\/www.ggmacchine.com\/en\/products\/horizontal-wrapping-machines\/horizontal-stretch-wrapping-machines-at\" target=\"_blank\" rel=\"noopener\">Vair\u0101k inform\u0101cijas<\/a><\/strong><\/p>","protected":false},"featured_media":11529,"template":"","meta":[],"product_cat":[580],"product_tag":[],"class_list":{"0":"post-13117","1":"product","2":"type-product","3":"status-publish","4":"has-post-thumbnail","6":"product_cat-horizontalaus-apvyniojimo-irenginiai","8":"first","9":"instock","10":"shipping-taxable","11":"product-type-simple"},"_links":{"self":[{"href":"https:\/\/packstera.lt\/lv\/wp-json\/wp\/v2\/product\/13117","targetHints":{"allow":["GET"]}}],"collection":[{"href":"https:\/\/packstera.lt\/lv\/wp-json\/wp\/v2\/product"}],"about":[{"href":"https:\/\/packstera.lt\/lv\/wp-json\/wp\/v2\/types\/product"}],"version-history":[{"count":1,"href":"https:\/\/packstera.lt\/lv\/wp-json\/wp\/v2\/product\/13117\/revisions"}],"predecessor-version":[{"id":14556,"href":"https:\/\/packstera.lt\/lv\/wp-json\/wp\/v2\/product\/13117\/revisions\/14556"}],"wp:featuredmedia":[{"embeddable":true,"href":"https:\/\/packstera.lt\/lv\/wp-json\/wp\/v2\/media\/11529"}],"wp:attachment":[{"href":"https:\/\/packstera.lt\/lv\/wp-json\/wp\/v2\/media?parent=13117"}],"wp:term":[{"taxonomy":"product_cat","embeddable":true,"href":"https:\/\/packstera.lt\/lv\/wp-json\/wp\/v2\/product_cat?post=13117"},{"taxonomy":"product_tag","embeddable":true,"href":"https:\/\/packstera.lt\/lv\/wp-json\/wp\/v2\/product_tag?post=13117"}],"curies":[{"name":"wp","href":"https:\/\/api.w.org\/{rel}","templated":true}]}}