{"id":13118,"date":"2020-06-21T14:25:12","date_gmt":"2020-06-21T11:25:12","guid":{"rendered":"http:\/\/packstera.lt\/p\/stacking-and-bundling\/"},"modified":"2021-08-11T12:19:42","modified_gmt":"2021-08-11T09:19:42","slug":"sakrausana-un-komplektesana","status":"publish","type":"product","link":"https:\/\/packstera.lt\/lv\/p\/stacking-and-bundling\/","title":{"rendered":"Autom\u0101tiska krau\u0161anas un sie\u0161anas iek\u0101rta"},"content":{"rendered":"<p><strong>Krau\u0161ana un komplekt\u0113\u0161ana<\/strong><\/p>\n<p>Bandall pieg\u0101d\u0101 ar\u012b risin\u0101jumus, kas \u012bpa\u0161i paredz\u0113ti sakrau\u0161anai un komplekt\u0113\u0161anai. Mums ir risin\u0101jums no 2 vai citiem daudzk\u0101rt\u0113jiem un visu izm\u0113ru produktiem. Viens piem\u0113rs ir Bandall TRLS-ST piln\u012bb\u0101 autom\u0101tiskais sakrau\u0161anas un komplekt\u0113\u0161anas modelis. Ar\u012b vair\u0101ku galvi\u0146u instal\u0101cijas, vair\u0101kas joslas un \u0161\u0137\u0113rsjoslu iesp\u0113jas.<\/p>\n<p style=\"font-weight: 500\"><strong>TRLS-ST kompakts krau\u0161anas un komplekt\u0113\u0161anas apr\u012bkojums<\/strong><\/p>\n<p style=\"font-weight: 300\">Kompaktais TRL-ST ir \u012bpa\u0161i izstr\u0101d\u0101ts, lai \u0101tri un efekt\u012bvi izveidotu vair\u0101kus iepakojumus, piln\u012bb\u0101 autom\u0101tiski un izmantojot minim\u0101lu iepakojuma materi\u0101lu. Tas ietver \u012bsu padeves konveijeru un univers\u0101lu integr\u0113tu krau\u0161anas bloku, kas regul\u0113jams, lai tas atbilstu visda\u017e\u0101d\u0101kajiem produktu iepakojumiem. Gala rezult\u0101ts b\u016bs konsekventi stingrs komplekts, piem\u0113ram, kastes, termoformas vai pl\u016bsmas pakotnes. Ide\u0101li piem\u0113rots mazumtirdzniec\u012bbai gatavam iepakojumam, \u012bpa\u0161ajiem pied\u0101v\u0101jumiem un rekl\u0101mas iepakojumiem.<\/p>\n<p style=\"font-weight: 300\">Da\u017eas priek\u0161roc\u012bbas, ko sniedz komplekt\u0113\u0161ana ar Bandall TRLS-ST<\/p>\n<ul style=\"font-weight: 300\">\n<li style=\"font-weight: 300\">Kompakts un elast\u012bgs<\/li>\n<li style=\"font-weight: 300\">\u0100tri un bud\u017eetam draudz\u012bgi<\/li>\n<li style=\"font-weight: 300\">Piln\u012bb\u0101 autom\u0101tiska padeve un izvad\u012b\u0161ana<\/li>\n<li style=\"font-weight: 300\">Iev\u0113rojams iepakojuma materi\u0101lu samazin\u0101jums<\/li>\n<li style=\"font-weight: 300\">Viegli piel\u0101gojams da\u017e\u0101da izm\u0113ra izstr\u0101d\u0101jumiem<\/li>\n<li style=\"font-weight: 300\">Salik\u0161ana gan ar neapdruk\u0101tu joslu, gan ar iepriek\u0161 iespiestu un pozicion\u0113\u0161anu<\/li>\n<li style=\"font-weight: 300\">Druk\u0101jiet apl\u012bm\u0113\u0161anas procesa laik\u0101 jebkur\u0101 poz\u012bcij\u0101s vis\u0101 joslas platum\u0101 un garum\u0101 - piem\u0113ram, sv\u012btrkodus, der\u012bguma termi\u0146us, rekl\u0101mas tekstus utt.<\/li>\n<li style=\"font-weight: 300\">Visos mode\u013cos ir iek\u013cauta unik\u0101l\u0101 Ultra Clean Seal (UCS) sist\u0113ma<\/li>\n<li style=\"font-weight: 300\">Unik\u0101ls komplekts ar pl\u0101n\u0101ko materi\u0101lu - tikai no 35 mikroniem<\/li>\n<\/ul>\n<p style=\"font-weight: 300\">Ar\u012b m\u016bsu atsevi\u0161\u0137ie mode\u013ci ir piem\u0113roti manu\u0101lai komplekt\u0113\u0161anai. M\u0113s ceram pal\u012bdz\u0113t ar jebk\u0101diem j\u016bsu jaut\u0101jumiem.<\/p>\n<p>Vair\u0101k inform\u0101cijas <a href=\"https:\/\/www.bandall.com\/en\/technology\/stacking-and-bundling\/\" target=\"_blank\" rel=\"noopener\">\u0161eit<\/a>.<\/p>","protected":false},"excerpt":{"rendered":"<p>https:\/\/youtu.be\/umBYNWIdG_I<\/p>\n<p>&nbsp;<\/p>","protected":false},"featured_media":11510,"template":"","meta":[],"product_cat":[581],"product_tag":[],"class_list":{"0":"post-13118","1":"product","2":"type-product","3":"status-publish","4":"has-post-thumbnail","6":"product_cat-aprisimo-irenginiai-juosianciomis-etiketemis","8":"first","9":"instock","10":"shipping-taxable","11":"product-type-simple"},"_links":{"self":[{"href":"https:\/\/packstera.lt\/lv\/wp-json\/wp\/v2\/product\/13118","targetHints":{"allow":["GET"]}}],"collection":[{"href":"https:\/\/packstera.lt\/lv\/wp-json\/wp\/v2\/product"}],"about":[{"href":"https:\/\/packstera.lt\/lv\/wp-json\/wp\/v2\/types\/product"}],"version-history":[{"count":0,"href":"https:\/\/packstera.lt\/lv\/wp-json\/wp\/v2\/product\/13118\/revisions"}],"wp:featuredmedia":[{"embeddable":true,"href":"https:\/\/packstera.lt\/lv\/wp-json\/wp\/v2\/media\/11510"}],"wp:attachment":[{"href":"https:\/\/packstera.lt\/lv\/wp-json\/wp\/v2\/media?parent=13118"}],"wp:term":[{"taxonomy":"product_cat","embeddable":true,"href":"https:\/\/packstera.lt\/lv\/wp-json\/wp\/v2\/product_cat?post=13118"},{"taxonomy":"product_tag","embeddable":true,"href":"https:\/\/packstera.lt\/lv\/wp-json\/wp\/v2\/product_tag?post=13118"}],"curies":[{"name":"wp","href":"https:\/\/api.w.org\/{rel}","templated":true}]}}