{"id":13119,"date":"2020-06-21T14:01:38","date_gmt":"2020-06-21T11:01:38","guid":{"rendered":"http:\/\/packstera.lt\/p\/fully-automatic-banding-machines\/"},"modified":"2025-07-02T15:14:35","modified_gmt":"2025-07-02T12:14:35","slug":"bandall-pilniba-automatiskas-riksotaju-ierices","status":"publish","type":"product","link":"https:\/\/packstera.lt\/lv\/p\/bandall-pilnai-automatiniai-risimo-irenginiai\/","title":{"rendered":"Bandall piln\u012bb\u0101 autom\u0101tisk\u0101s iesie\u0161anas ier\u012bces"},"content":{"rendered":"<p><iframe title=\"Da\u017e\u0101du izm\u0113ru kastes TRB apl\u012bm\u0113\u0161anai\" src=\"https:\/\/www.youtube.com\/embed\/24uAjTDdz4s?feature=oembed\" width=\"500\" height=\"281\" frameborder=\"0\" allowfullscreen=\"allowfullscreen\"><\/iframe><\/p>","protected":false},"excerpt":{"rendered":"<p style=\"text-align: justify;\">Bandall piln\u012bb\u0101 automatiz\u0113t\u0101s lent\u0113\u0161anas iek\u0101rtas ir paredz\u0113tas liela apjoma ra\u017eo\u0161anai un liel\u0101ka \u0101truma automatiz\u0113tiem procesiem. Atkar\u012bb\u0101 no j\u016bsu izstr\u0101d\u0101juma specifik\u0101cij\u0101m un veida, k\u0101d\u0101 produkts j\u0101novirza uz sie\u0161anas st\u012bpu, ir pieejami \u010detri pamata mode\u013ci, no kuriem katru var t\u0101l\u0101k att\u012bst\u012bt k\u0101 speci\u0101lu, vair\u0101ku piesie\u0161anas st\u012bpu vien\u012bbu. Ir pieejamas ar\u012b citas piln\u012bb\u0101 automatiz\u0113tas piel\u0101gotas konfigur\u0101cijas.<\/p>\n<p style=\"text-align: justify;\">Katru Bandall lent\u0113\u0161anas iek\u0101rtu var papla\u0161in\u0101t ar daudz\u0101m opcij\u0101m, piem\u0113ram, printeriem, grup\u0113t\u0101jiem, gofr\u0113t\u0101jiem un cit\u0101m. Ier\u012bces ir piln\u012bb\u0101 piel\u0101gojamas atbilsto\u0161i j\u016bsu produktam. Ja j\u016bsu ra\u017eo\u0161anas jauda ir liela, labs risin\u0101jums ir vair\u0101ku cilpu iek\u0101rta. Tas \u013cauj sasniegt nepiecie\u0161amo ra\u017eo\u0161anas \u0101trumu.<\/p>\n<p><strong><a href=\"https:\/\/bandall.com\/en\/banding-machines\/fully-automatic-banding\/\" target=\"_blank\" rel=\"noopener\">Vair\u0101k inform\u0101cijas<\/a><\/strong><\/p>","protected":false},"featured_media":17507,"template":"","meta":[],"product_cat":[581],"product_tag":[],"class_list":{"0":"post-13119","1":"product","2":"type-product","3":"status-publish","4":"has-post-thumbnail","6":"product_cat-aprisimo-irenginiai-juosianciomis-etiketemis","8":"first","9":"instock","10":"shipping-taxable","11":"product-type-simple"},"_links":{"self":[{"href":"https:\/\/packstera.lt\/lv\/wp-json\/wp\/v2\/product\/13119","targetHints":{"allow":["GET"]}}],"collection":[{"href":"https:\/\/packstera.lt\/lv\/wp-json\/wp\/v2\/product"}],"about":[{"href":"https:\/\/packstera.lt\/lv\/wp-json\/wp\/v2\/types\/product"}],"version-history":[{"count":2,"href":"https:\/\/packstera.lt\/lv\/wp-json\/wp\/v2\/product\/13119\/revisions"}],"predecessor-version":[{"id":17508,"href":"https:\/\/packstera.lt\/lv\/wp-json\/wp\/v2\/product\/13119\/revisions\/17508"}],"wp:featuredmedia":[{"embeddable":true,"href":"https:\/\/packstera.lt\/lv\/wp-json\/wp\/v2\/media\/17507"}],"wp:attachment":[{"href":"https:\/\/packstera.lt\/lv\/wp-json\/wp\/v2\/media?parent=13119"}],"wp:term":[{"taxonomy":"product_cat","embeddable":true,"href":"https:\/\/packstera.lt\/lv\/wp-json\/wp\/v2\/product_cat?post=13119"},{"taxonomy":"product_tag","embeddable":true,"href":"https:\/\/packstera.lt\/lv\/wp-json\/wp\/v2\/product_tag?post=13119"}],"curies":[{"name":"wp","href":"https:\/\/api.w.org\/{rel}","templated":true}]}}