{"id":13120,"date":"2021-02-12T13:53:43","date_gmt":"2021-02-12T11:53:43","guid":{"rendered":"http:\/\/packstera.lt\/p\/stand-alone-banding-machines-2\/"},"modified":"2025-07-02T15:15:48","modified_gmt":"2025-07-02T12:15:48","slug":"bandall-ietisanas-ierices","status":"publish","type":"product","link":"https:\/\/packstera.lt\/lv\/p\/bandall-aprisimo-irenginiai\/","title":{"rendered":"Bandall siksnu ier\u012bces"},"content":{"rendered":"<div data-elementor-type=\"wp-post\" data-elementor-id=\"13120\" class=\"elementor elementor-13120\">\n\t\t\t\t\t\t<section class=\"elementor-section elementor-top-section elementor-element elementor-element-219e2aaf elementor-section-boxed elementor-section-height-default elementor-section-height-default\" data-id=\"219e2aaf\" data-element_type=\"section\" data-e-type=\"section\">\n\t\t\t\t\t\t<div class=\"elementor-container elementor-column-gap-default\">\n\t\t\t\t\t<div class=\"elementor-column elementor-col-100 elementor-top-column elementor-element elementor-element-584ac5ca\" data-id=\"584ac5ca\" data-element_type=\"column\" data-e-type=\"column\">\n\t\t\t<div class=\"elementor-widget-wrap elementor-element-populated\">\n\t\t\t\t\t\t<div class=\"elementor-element elementor-element-ff07e5e elementor-widget elementor-widget-text-editor\" data-id=\"ff07e5e\" data-element_type=\"widget\" data-e-type=\"widget\" data-widget_type=\"text-editor.default\">\n\t\t\t\t<div class=\"elementor-widget-container\">\n\t\t\t\t\t\t\t\t\t<table><tbody><tr><td width=\"264\">\u00a0<\/td><td width=\"90\">BA24\/15-30<\/td><td width=\"90\">BA32\/20-30<\/td><td width=\"90\">BA40\/25-30<\/td><td width=\"90\">BA48\/30-30<\/td><\/tr><tr><td width=\"264\">Maks. Produkta platums, mm<\/td><td width=\"90\">240<\/td><td width=\"90\">320<\/td><td width=\"90\">400<\/td><td width=\"90\">480<\/td><\/tr><tr><td width=\"264\">Maks. Produkta augstums, mm<\/td><td width=\"90\">150<\/td><td width=\"90\">200<\/td><td width=\"90\">250<\/td><td width=\"90\">300<\/td><\/tr><tr><td width=\"264\">Joslas kan\u0101la platums, mm<\/td><td width=\"90\">30<\/td><td width=\"90\">30<\/td><td width=\"90\">30<\/td><td width=\"90\">30<\/td><\/tr><tr><td width=\"264\">Darba augstums, mm<\/td><td width=\"90\">956<\/td><td width=\"90\">956<\/td><td width=\"90\">956<\/td><td width=\"90\">956<\/td><\/tr><tr><td width=\"264\">Ier\u012bces augstums, mm<\/td><td width=\"90\">1214<\/td><td width=\"90\">1264<\/td><td width=\"90\">1314<\/td><td width=\"90\">1364<\/td><\/tr><tr><td width=\"264\">Ier\u012bces platums, mm<\/td><td width=\"90\">600<\/td><td width=\"90\">600<\/td><td width=\"90\">760<\/td><td width=\"90\">760<\/td><\/tr><tr><td width=\"264\">Pamatnes platums, mm<\/td><td width=\"90\">494<\/td><td width=\"90\">494<\/td><td width=\"90\">494<\/td><td width=\"90\">494<\/td><\/tr><tr><td width=\"264\">Darba galda platums, mm<\/td><td width=\"90\">496<\/td><td width=\"90\">496<\/td><td width=\"90\">496<\/td><td width=\"90\">496<\/td><\/tr><tr><td width=\"264\">Svars, kg<\/td><td width=\"90\">70<\/td><td width=\"90\">70<\/td><td width=\"90\">85<\/td><td width=\"90\">85<\/td><\/tr><tr><td width=\"264\">Ties\u012bbas min\u016bt\u0113<\/td><td width=\"90\">36<\/td><td width=\"90\">34<\/td><td width=\"90\">32<\/td><td width=\"90\">30<\/td><\/tr><tr><td width=\"264\">Spriedze<\/td><td colspan=\"4\" width=\"360\">230V\/115V<\/td><\/tr><tr><td width=\"264\">Bie\u017eums<\/td><td colspan=\"4\" width=\"360\">50HZ\/60HZ<\/td><\/tr><tr><td width=\"264\">Nepiecie\u0161ams gaisa spiediens<\/td><td colspan=\"4\" width=\"360\">Minim\u0101lais 6 b\u0101ri, maksimums 10 b\u0101ri.<\/td><\/tr><tr><td width=\"264\">Gaisa pat\u0113ri\u0146\u0161<\/td><td colspan=\"4\" width=\"360\">maks 60 l\/min.<\/td><\/tr><tr><td width=\"264\">Jauda<\/td><td colspan=\"4\" width=\"360\">500\u00a0W<\/td><\/tr><\/tbody><\/table><p>Svar\u012bgi (p\u0113c izv\u0113les): ja iesie\u0161anas lentes kan\u0101la platums ir 42-50 mm, darba galda platums ir 520 mm; Ja iesie\u0161anas lentes kan\u0101la platums ir 62-77mm, darba galda platums ir 547mm; Ja iesie\u0161anas lentes kan\u0101la platums ir 102mm, darba galda platums ir 572mm; Ja iesie\u0161anas lentes kan\u0101la platums ir 127 mm, darba galda platums ir 597 mm.*<\/p><p><span style=\"color: var( --e-global-color-text ); font-family: var( --e-global-typography-text-font-family ), Sans-serif; font-weight: var( --e-global-typography-text-font-weight );\">*Siksnas kan\u0101la platums 127 mm ir pieejams tikai BA24 un BA32 mode\u013ciem.<\/span><\/p>\t\t\t\t\t\t\t\t<\/div>\n\t\t\t\t<\/div>\n\t\t\t\t\t<\/div>\n\t\t<\/div>\n\t\t\t\t\t<\/div>\n\t\t<\/section>\n\t\t\t\t<section class=\"elementor-section elementor-top-section elementor-element elementor-element-0319fef elementor-section-boxed elementor-section-height-default elementor-section-height-default\" data-id=\"0319fef\" data-element_type=\"section\" data-e-type=\"section\">\n\t\t\t\t\t\t<div class=\"elementor-container elementor-column-gap-default\">\n\t\t\t\t\t<div class=\"elementor-column elementor-col-66 elementor-top-column elementor-element elementor-element-b5a079e\" data-id=\"b5a079e\" data-element_type=\"column\" data-e-type=\"column\">\n\t\t\t<div class=\"elementor-widget-wrap elementor-element-populated\">\n\t\t\t\t\t\t<div class=\"elementor-element elementor-element-961d2a8 elementor-widget elementor-widget-video\" data-id=\"961d2a8\" data-element_type=\"widget\" data-e-type=\"widget\" data-settings=\"{&quot;youtube_url&quot;:&quot;https:\\\/\\\/www.youtube.com\\\/watch?v=hJHixocA-QE&quot;,&quot;video_type&quot;:&quot;youtube&quot;,&quot;controls&quot;:&quot;yes&quot;}\" data-widget_type=\"video.default\">\n\t\t\t\t<div class=\"elementor-widget-container\">\n\t\t\t\t\t\t\t<div class=\"elementor-wrapper elementor-open-inline\">\n\t\t\t<div class=\"elementor-video\"><\/div>\t\t<\/div>\n\t\t\t\t\t\t<\/div>\n\t\t\t\t<\/div>\n\t\t\t\t\t<\/div>\n\t\t<\/div>\n\t\t\t\t<div class=\"elementor-column elementor-col-33 elementor-top-column elementor-element elementor-element-0062323\" data-id=\"0062323\" data-element_type=\"column\" data-e-type=\"column\">\n\t\t\t<div class=\"elementor-widget-wrap elementor-element-populated\">\n\t\t\t\t\t\t<div class=\"elementor-element elementor-element-3bc5e85 btn-position-bottom elementor-widget elementor-widget-razzi-image-button\" data-id=\"3bc5e85\" data-element_type=\"widget\" data-e-type=\"widget\" data-widget_type=\"razzi-image-button.default\">\n\t\t\t\t<div class=\"elementor-widget-container\">\n\t\t\t\t\t<div class=\"razzi-image-button\"><img fetchpriority=\"high\" decoding=\"async\" width=\"670\" height=\"819\" src=\"https:\/\/packstera.lt\/wp-content\/uploads\/2021\/02\/bandall-bros.png\" class=\"attachment-full size-full wp-image-15174\" alt=\"\" \/><a href=\"http:\/\/packstera.lt\/wp-content\/uploads\/2023\/01\/BANDALL-mini-brochure-GB-LR.pdf\" target=\"_blank\" rel=\"nofollow\" class=\"razzi-image-button__link\"><\/a><a href=\"http:\/\/packstera.lt\/wp-content\/uploads\/2023\/01\/BANDALL-mini-brochure-GB-LR.pdf\" target=\"_blank\" rel=\"nofollow\" class=\"razzi-image-button__position razzi-image-button__button\">Ra\u017eot\u0101ja apraksts <span class=\"razzi-svg-icon\"><svg aria-hidden=\"true\" role=\"img\" focusable=\"false\" xmlns=\"http:\/\/www.w3.org\/2000\/svg\" width=\"24\" height=\"24\" viewbox=\"0 0 24 24\" fill=\"none\" stroke=\"currentColor\" stroke-width=\"2\" stroke-linecap=\"round\" stroke-linejoin=\"round\"><line x1=\"0\" y1=\"12\" x2=\"19\" y2=\"12\"><\/line><polyline points=\"12 5 19 12 12 19\"><\/polyline><\/svg><\/span><\/a><\/div>\t\t\t\t<\/div>\n\t\t\t\t<\/div>\n\t\t\t\t\t<\/div>\n\t\t<\/div>\n\t\t\t\t\t<\/div>\n\t\t<\/section>\n\t\t\t\t<\/div>","protected":false},"excerpt":{"rendered":"<p style=\"text-align: justify;\">Visas Bandall autonom\u0101s sie\u0161anas ier\u012bces ir balst\u012btas uz veiksm\u012bgu standarta modeli. Ier\u012bc\u0113m ir modul\u0101ra strukt\u016bra, un t\u0101s ir paz\u012bstamas ar savu elast\u012bgo, iztur\u012bgo un \u013coti uzticamo veiktsp\u0113ju. Daudzas iesp\u0113jas, piem\u0113ram, ner\u016bs\u0113jo\u0161\u0101 t\u0113rauda korpuss, vair\u0101ku platumu lentes, printeris, druk\u0101t\u0101s lentes pozicion\u0113\u0161anas sist\u0113ma un iesp\u012bl\u0113\u0161ana, padara atsevi\u0161\u0137as ier\u012bces \u0101rk\u0101rt\u012bgi daudzpus\u012bgas.<\/p>\n<p style=\"text-align: justify;\">Ier\u012bci var \u0101tri un vienk\u0101r\u0161i piel\u0101got sav\u0101m vajadz\u012bb\u0101m. Ier\u012bce standart\u0101 tiek ra\u017eota ar da\u017e\u0101da izm\u0113ra st\u012bp\u0101m un paredz\u0113ta 28, 40, 60, 75, 100 un 125 mm plat\u0101m sloksn\u0113m. Izmantojot vair\u0101ku platumu piederumu, j\u016bs varat sasniegt v\u0113l liel\u0101ku elast\u012bbu, \u013caujot vienai iek\u0101rtai izmantot vair\u0101ku platumu lentes.<\/p>\n<p style=\"text-align: justify;\"><strong>Bandall siksnu ier\u012b\u010du priek\u0161roc\u012bbas<\/strong><\/p>\n<ul style=\"text-align: justify;\">\n<li>Ier\u012bce var iesai\u0146ot lielu daudzumu produkcijas;<\/li>\n<li>Patent\u0113t\u0101 baro\u0161anas sist\u0113ma ir lietot\u0101jam draudz\u012bga;<\/li>\n<li>Zemas uztur\u0113\u0161anas izmaksas un zems ener\u0123ijas pat\u0113ri\u0146\u0161;<\/li>\n<li>Pateicoties &quot;Ultra Clean Seal&quot; sist\u0113mai, ier\u012bce neizdala ne smaku, ne d\u016bmus;<\/li>\n<li>T\u0101 k\u0101 Bandall ier\u012bce ir uz rite\u0146iem, to ir viegli p\u0101rvietot uz citu vietu.<\/li>\n<\/ul>\n<p style=\"text-align: justify;\">Bandall ier\u012bce ir mobila un viegli p\u0101rvietojama uz citu vietu, t\u0101d\u0113\u013c t\u0101 ir piem\u0113rota gan \u012bslaic\u012bgai, gan past\u0101v\u012bgai lieto\u0161anai. To bie\u017ei var attiecin\u0101t uz akciju periodu, kad kop\u0101 ir apvienoti vair\u0101ki produkti.<\/p>","protected":false},"featured_media":15159,"template":"","meta":[],"product_cat":[581],"product_tag":[714,713,717,712,716,715],"class_list":{"0":"post-13120","1":"product","2":"type-product","3":"status-publish","4":"has-post-thumbnail","6":"product_cat-aprisimo-irenginiai-juosianciomis-etiketemis","7":"product_tag-chemija-ir-plastikas","8":"product_tag-farmacija-ir-kosmetika","9":"product_tag-logistika","10":"product_tag-maistas-ir-gerimai","11":"product_tag-medienos","12":"product_tag-popieriaus","14":"first","15":"instock","16":"shipping-taxable","17":"product-type-simple"},"_links":{"self":[{"href":"https:\/\/packstera.lt\/lv\/wp-json\/wp\/v2\/product\/13120","targetHints":{"allow":["GET"]}}],"collection":[{"href":"https:\/\/packstera.lt\/lv\/wp-json\/wp\/v2\/product"}],"about":[{"href":"https:\/\/packstera.lt\/lv\/wp-json\/wp\/v2\/types\/product"}],"version-history":[{"count":19,"href":"https:\/\/packstera.lt\/lv\/wp-json\/wp\/v2\/product\/13120\/revisions"}],"predecessor-version":[{"id":17511,"href":"https:\/\/packstera.lt\/lv\/wp-json\/wp\/v2\/product\/13120\/revisions\/17511"}],"wp:featuredmedia":[{"embeddable":true,"href":"https:\/\/packstera.lt\/lv\/wp-json\/wp\/v2\/media\/15159"}],"wp:attachment":[{"href":"https:\/\/packstera.lt\/lv\/wp-json\/wp\/v2\/media?parent=13120"}],"wp:term":[{"taxonomy":"product_cat","embeddable":true,"href":"https:\/\/packstera.lt\/lv\/wp-json\/wp\/v2\/product_cat?post=13120"},{"taxonomy":"product_tag","embeddable":true,"href":"https:\/\/packstera.lt\/lv\/wp-json\/wp\/v2\/product_tag?post=13120"}],"curies":[{"name":"wp","href":"https:\/\/api.w.org\/{rel}","templated":true}]}}