{"id":13121,"date":"2020-06-21T13:45:34","date_gmt":"2020-06-21T10:45:34","guid":{"rendered":"http:\/\/packstera.lt\/p\/fully-automatic-pallet-packing-press\/"},"modified":"2024-09-20T15:28:31","modified_gmt":"2024-09-20T12:28:31","slug":"pilniba-automatiska-palesu-visanas-un-iesiesanas-iekarta-ar-presi","status":"publish","type":"product","link":"https:\/\/packstera.lt\/lv\/p\/pilnai-automatinis-paleciu-apsukimo-ir-surisimo-irenginys-su-presu\/","title":{"rendered":"Piln\u012bb\u0101 autom\u0101tiska pale\u0161u iesie\u0161anas iek\u0101rta ar presi"},"content":{"rendered":"<div data-elementor-type=\"wp-post\" data-elementor-id=\"13121\" class=\"elementor elementor-13121\">\n\t\t\t\t\t\t<section class=\"elementor-section elementor-top-section elementor-element elementor-element-45ad7c57 elementor-section-boxed elementor-section-height-default elementor-section-height-default\" data-id=\"45ad7c57\" data-element_type=\"section\" data-e-type=\"section\">\n\t\t\t\t\t\t<div class=\"elementor-container elementor-column-gap-default\">\n\t\t\t\t\t<div class=\"elementor-column elementor-col-100 elementor-top-column elementor-element elementor-element-7c52e9ac\" data-id=\"7c52e9ac\" data-element_type=\"column\" data-e-type=\"column\">\n\t\t\t<div class=\"elementor-widget-wrap elementor-element-populated\">\n\t\t\t\t\t\t<div class=\"elementor-element elementor-element-5f5e1e01 elementor-widget elementor-widget-text-editor\" data-id=\"5f5e1e01\" data-element_type=\"widget\" data-e-type=\"widget\" data-widget_type=\"text-editor.default\">\n\t\t\t\t<div class=\"elementor-widget-container\">\n\t\t\t\t\t\t\t\t\t<table><tbody><tr><td width=\"312\">Performance<\/td><td width=\"312\">L\u012bdz 150 palet\u0113m stund\u0101; vertik\u0101la dubult\u0101 josla; atkar\u012bgs no iepakojuma augstuma, transport\u0113\u0161anas \u0101truma un apr\u012bkojuma specifik\u0101cij\u0101m<\/td><\/tr><tr><td width=\"312\">Konveijera augstumi<\/td><td width=\"312\">320 mm - 1000 mm<\/td><\/tr><tr><td width=\"312\">Saisto\u0161s<\/td><td width=\"312\">PET lente 9,5-12,5 mm plata, 0,4-0,8 mm bieza; <br \/>PP lente (p\u0113c izv\u0113les) 12 mm plata, 0,8 mm bieza; <br \/>Siksnas spriegojums: 250 - 2500 N bezpak\u0101pju regul\u0113jams; <br \/>Apr\u012bkojums tiek noregul\u0113ts atbilsto\u0161i k\u0101dam no min\u0113tajiem jostas platumiem.<\/td><\/tr><tr><td width=\"312\">Diafragmas\/loka platums<\/td><td width=\"312\">2000 mm \/ 2600 mm<\/td><\/tr><tr><td width=\"312\">Plaisa starp iesie\u0161anas sloksn\u0113m<\/td><td width=\"312\">440 vai 625 mm<\/td><\/tr><tr><td width=\"312\">bar\u012bba<\/td><td width=\"312\">400V, 50\/60 Hz, 3L + N + PE, 24V DC; (cits baro\u0161anas avots p\u0113c piepras\u012bjuma);<br \/>Ener\u0123ijas pat\u0113ri\u0146\u0161: 4,5 kW<\/td><\/tr><tr><td width=\"312\">Svars<\/td><td width=\"312\">apm. 2000-2200 kg<\/td><\/tr><\/tbody><\/table><p>\u00a0<\/p>\t\t\t\t\t\t\t\t<\/div>\n\t\t\t\t<\/div>\n\t\t\t\t\t<\/div>\n\t\t<\/div>\n\t\t\t\t\t<\/div>\n\t\t<\/section>\n\t\t\t\t<section class=\"elementor-section elementor-top-section elementor-element elementor-element-865f085 elementor-section-boxed elementor-section-height-default elementor-section-height-default\" data-id=\"865f085\" data-element_type=\"section\" data-e-type=\"section\">\n\t\t\t\t\t\t<div class=\"elementor-container elementor-column-gap-default\">\n\t\t\t\t\t<div class=\"elementor-column elementor-col-66 elementor-top-column elementor-element elementor-element-5fcfcc7\" data-id=\"5fcfcc7\" data-element_type=\"column\" data-e-type=\"column\">\n\t\t\t<div class=\"elementor-widget-wrap elementor-element-populated\">\n\t\t\t\t\t\t<div class=\"elementor-element elementor-element-7adceb1 elementor-widget elementor-widget-video\" data-id=\"7adceb1\" data-element_type=\"widget\" data-e-type=\"widget\" data-settings=\"{&quot;youtube_url&quot;:&quot;https:\\\/\\\/www.youtube.com\\\/watch?v=hg7mLBnzquI&amp;t=3s&amp;ab_channel=MoscaDirectUKandNorthernEuropeanHub&quot;,&quot;video_type&quot;:&quot;youtube&quot;,&quot;controls&quot;:&quot;yes&quot;}\" data-widget_type=\"video.default\">\n\t\t\t\t<div class=\"elementor-widget-container\">\n\t\t\t\t\t\t\t<div class=\"elementor-wrapper elementor-open-inline\">\n\t\t\t<div class=\"elementor-video\"><\/div>\t\t<\/div>\n\t\t\t\t\t\t<\/div>\n\t\t\t\t<\/div>\n\t\t\t\t\t<\/div>\n\t\t<\/div>\n\t\t\t\t<div class=\"elementor-column elementor-col-33 elementor-top-column elementor-element elementor-element-dbc8fbb\" data-id=\"dbc8fbb\" data-element_type=\"column\" data-e-type=\"column\">\n\t\t\t<div class=\"elementor-widget-wrap elementor-element-populated\">\n\t\t\t\t\t\t<div class=\"elementor-element elementor-element-b2b41b3 btn-position-bottom elementor-widget elementor-widget-razzi-image-button\" data-id=\"b2b41b3\" data-element_type=\"widget\" data-e-type=\"widget\" data-widget_type=\"razzi-image-button.default\">\n\t\t\t\t<div class=\"elementor-widget-container\">\n\t\t\t\t\t<div class=\"razzi-image-button\"><img fetchpriority=\"high\" decoding=\"async\" width=\"779\" height=\"1040\" src=\"https:\/\/packstera.lt\/wp-content\/uploads\/2021\/06\/Mo_141210_10.jpg\" class=\"attachment-full size-full wp-image-11482\" alt=\"\" \/><a href=\"http:\/\/packstera.lt\/wp-content\/uploads\/2023\/01\/E_LCU_14_03_19.pdf\" target=\"_blank\" rel=\"nofollow\" class=\"razzi-image-button__link\"><\/a><a href=\"http:\/\/packstera.lt\/wp-content\/uploads\/2023\/01\/E_LCU_14_03_19.pdf\" target=\"_blank\" rel=\"nofollow\" class=\"razzi-image-button__position razzi-image-button__button\">Ra\u017eot\u0101ja apraksts <span class=\"razzi-svg-icon\"><svg aria-hidden=\"true\" role=\"img\" focusable=\"false\" xmlns=\"http:\/\/www.w3.org\/2000\/svg\" width=\"24\" height=\"24\" viewbox=\"0 0 24 24\" fill=\"none\" stroke=\"currentColor\" stroke-width=\"2\" stroke-linecap=\"round\" stroke-linejoin=\"round\"><line x1=\"0\" y1=\"12\" x2=\"19\" y2=\"12\"><\/line><polyline points=\"12 5 19 12 12 19\"><\/polyline><\/svg><\/span><\/a><\/div>\t\t\t\t<\/div>\n\t\t\t\t<\/div>\n\t\t\t\t\t<\/div>\n\t\t<\/div>\n\t\t\t\t\t<\/div>\n\t\t<\/section>\n\t\t\t\t<\/div>","protected":false},"excerpt":{"rendered":"<p>LCU piln\u012bb\u0101 autom\u0101tiska pale\u0161u prese<\/p>\n<ul>\n<li>Aug\u0161pus\u0113 uzst\u0101d\u012bta, vertik\u0101li p\u0101rvietojama SoniXs ultraska\u0146as bl\u012bv\u0113\u0161anas iek\u0101rta<\/li>\n<li>P\u0101rvietojams bl\u012bv\u0113juma bloks ar autom\u0101tisku augstuma regul\u0113\u0161anu<\/li>\n<li>Iepakojuma augstuma nolas\u012b\u0161ana ar PLC vad\u012bbu<\/li>\n<li>Vad\u012bba, izmantojot 7 collu sk\u0101rienpaneli<\/li>\n<li>Var integr\u0113t liel\u0101kaj\u0101 da\u013c\u0101 ra\u017eo\u0161anas l\u012bniju<\/li>\n<li>\u0112rta piek\u013cuve lentes ru\u013clim<\/li>\n<li>Spiediens 2,2 tonnas<\/li>\n<\/ul>","protected":false},"featured_media":15367,"template":"","meta":[],"product_cat":[582],"product_tag":[716],"class_list":{"0":"post-13121","1":"product","2":"type-product","3":"status-publish","4":"has-post-thumbnail","6":"product_brand-mosca","7":"product_cat-pilnai-automatiniai-aprisimo-irenginiai","8":"product_tag-medienos","10":"first","11":"instock","12":"shipping-taxable","13":"product-type-simple"},"_links":{"self":[{"href":"https:\/\/packstera.lt\/lv\/wp-json\/wp\/v2\/product\/13121","targetHints":{"allow":["GET"]}}],"collection":[{"href":"https:\/\/packstera.lt\/lv\/wp-json\/wp\/v2\/product"}],"about":[{"href":"https:\/\/packstera.lt\/lv\/wp-json\/wp\/v2\/types\/product"}],"version-history":[{"count":5,"href":"https:\/\/packstera.lt\/lv\/wp-json\/wp\/v2\/product\/13121\/revisions"}],"predecessor-version":[{"id":17028,"href":"https:\/\/packstera.lt\/lv\/wp-json\/wp\/v2\/product\/13121\/revisions\/17028"}],"wp:featuredmedia":[{"embeddable":true,"href":"https:\/\/packstera.lt\/lv\/wp-json\/wp\/v2\/media\/15367"}],"wp:attachment":[{"href":"https:\/\/packstera.lt\/lv\/wp-json\/wp\/v2\/media?parent=13121"}],"wp:term":[{"taxonomy":"product_cat","embeddable":true,"href":"https:\/\/packstera.lt\/lv\/wp-json\/wp\/v2\/product_cat?post=13121"},{"taxonomy":"product_tag","embeddable":true,"href":"https:\/\/packstera.lt\/lv\/wp-json\/wp\/v2\/product_tag?post=13121"}],"curies":[{"name":"wp","href":"https:\/\/api.w.org\/{rel}","templated":true}]}}