{"id":13122,"date":"2020-06-21T13:39:13","date_gmt":"2020-06-21T10:39:13","guid":{"rendered":"http:\/\/packstera.lt\/p\/fully-automatic-horizontal-strapping-machine\/"},"modified":"2023-04-19T15:56:10","modified_gmt":"2023-04-19T12:56:10","slug":"pilniba-automatiska-horizontala-siksnu-masina","status":"publish","type":"product","link":"https:\/\/packstera.lt\/lv\/p\/fully-automatic-horizontal-strapping-machine\/","title":{"rendered":"Piln\u012bb\u0101 autom\u0101tiska horizont\u0101l\u0101 iesie\u0161ana"},"content":{"rendered":"<div data-elementor-type=\"wp-post\" data-elementor-id=\"13122\" class=\"elementor elementor-13122\">\n\t\t\t\t\t\t<section class=\"elementor-section elementor-top-section elementor-element elementor-element-2702674d elementor-section-boxed elementor-section-height-default elementor-section-height-default\" data-id=\"2702674d\" data-element_type=\"section\" data-e-type=\"section\">\n\t\t\t\t\t\t<div class=\"elementor-container elementor-column-gap-default\">\n\t\t\t\t\t<div class=\"elementor-column elementor-col-100 elementor-top-column elementor-element elementor-element-55a93b6d\" data-id=\"55a93b6d\" data-element_type=\"column\" data-e-type=\"column\">\n\t\t\t<div class=\"elementor-widget-wrap elementor-element-populated\">\n\t\t\t\t\t\t<div class=\"elementor-element elementor-element-297e52f5 elementor-widget elementor-widget-text-editor\" data-id=\"297e52f5\" data-element_type=\"widget\" data-e-type=\"widget\" data-widget_type=\"text-editor.default\">\n\t\t\t\t<div class=\"elementor-widget-container\">\n\t\t\t\t\t\t\t\t\t<table><tbody><tr><td width=\"312\">Loka izm\u0113ri (I x P mm); Iepakojuma izm\u0113ri (G x D mm)<\/td><td width=\"312\"><p><span style=\"color: var( --e-global-color-text ); font-family: var( --e-global-typography-text-font-family ), Sans-serif;\">1000\u00a0x\u00a01000; maks 800x800<\/span><\/p><p>1400\u00a0x\u00a01000; maks 1200x800<\/p><p>1400\u00a0x\u00a01400; maks 1200x1200<\/p><p>1600\u00a0x\u00a01600; maks 1400x1400<\/p><p><span style=\"color: var( --e-global-color-text ); font-family: var( --e-global-typography-text-font-family ), Sans-serif;\">Augstums ar papl\u0101ti: maks. 3000 mm<\/span><\/p><\/td><\/tr><tr><td width=\"312\">Performance<\/td><td width=\"312\"><p>L\u012bdz 280 iepakojumiem stund\u0101. bez preces transport\u0113\u0161anas, kad loka izm\u0113rs ir 1400 x 1400, izstr\u0101d\u0101juma augstums ir 2000 mm<\/p><p><span style=\"color: var( --e-global-color-text ); font-family: var( --e-global-typography-text-font-family ), Sans-serif;\">\u0100trgaitas loka kust\u012bba (vertik\u0101li) 1 m\/s<\/span><\/p><p>\u0100trgaitas loka kust\u012bba (vertik\u0101li + horizont\u0101li) 1 m\/s un 0,35 m\/s<\/p><\/td><\/tr><tr><td width=\"312\">Lentes<\/td><td width=\"312\"><p>PP sloksnes: platums 5 - 12 mm; biezums 0,4 - 0,8 mm<\/p><p>PET lentes: (p\u0113c izv\u0113les): platums: 9,5 un 12 mm; biezums: 0,54 mm<\/p><\/td><\/tr><tr><td width=\"312\">Lentes ru\u013c\u013cu dozators<\/td><td width=\"312\"><p>Lentes ru\u013c\u013ca iek\u0161\u0113jais diametrs: 200 mm (p\u0113c izv\u0113les 406 mm PET)<\/p><p><span style=\"color: var( --e-global-color-text ); font-family: var( --e-global-typography-text-font-family ), Sans-serif;\">Lentes ru\u013c\u013ca platums: 190 mm (p\u0113c izv\u0113les 150 mm PET)<\/span><\/p><\/td><\/tr><tr><td width=\"312\">bar\u012bba<\/td><td width=\"312\"><p>Spriegums: 400 V, 50\/60 Hz, 3 PH<\/p><p>Ener\u0123ijas pat\u0113ri\u0146\u0161: apm. 3,5 kW<\/p><\/td><\/tr><tr><td width=\"312\">Bl\u012bv\u0113\u0161anas vien\u012bba<\/td><td width=\"312\">SoniXs ultraska\u0146as bl\u012bv\u0113juma bloks<\/td><\/tr><\/tbody><\/table>\t\t\t\t\t\t\t\t<\/div>\n\t\t\t\t<\/div>\n\t\t\t\t\t<\/div>\n\t\t<\/div>\n\t\t\t\t\t<\/div>\n\t\t<\/section>\n\t\t\t\t<section class=\"elementor-section elementor-top-section elementor-element elementor-element-83afe18 elementor-section-boxed elementor-section-height-default elementor-section-height-default\" data-id=\"83afe18\" data-element_type=\"section\" data-e-type=\"section\">\n\t\t\t\t\t\t<div class=\"elementor-container elementor-column-gap-default\">\n\t\t\t\t\t<div class=\"elementor-column elementor-col-66 elementor-top-column elementor-element elementor-element-e8a072b\" data-id=\"e8a072b\" data-element_type=\"column\" data-e-type=\"column\">\n\t\t\t<div class=\"elementor-widget-wrap elementor-element-populated\">\n\t\t\t\t\t\t<div class=\"elementor-element elementor-element-61afbfa elementor-widget elementor-widget-video\" data-id=\"61afbfa\" data-element_type=\"widget\" data-e-type=\"widget\" data-settings=\"{&quot;youtube_url&quot;:&quot;https:\\\/\\\/www.youtube.com\\\/watch?v=_-sDnD_I_sc&amp;t=2s&amp;ab_channel=MOSCAGmbH&quot;,&quot;video_type&quot;:&quot;youtube&quot;,&quot;controls&quot;:&quot;yes&quot;}\" data-widget_type=\"video.default\">\n\t\t\t\t<div class=\"elementor-widget-container\">\n\t\t\t\t\t\t\t<div class=\"elementor-wrapper elementor-open-inline\">\n\t\t\t<div class=\"elementor-video\"><\/div>\t\t<\/div>\n\t\t\t\t\t\t<\/div>\n\t\t\t\t<\/div>\n\t\t\t\t\t<\/div>\n\t\t<\/div>\n\t\t\t\t<div class=\"elementor-column elementor-col-33 elementor-top-column elementor-element elementor-element-e9a1575\" data-id=\"e9a1575\" data-element_type=\"column\" data-e-type=\"column\">\n\t\t\t<div class=\"elementor-widget-wrap elementor-element-populated\">\n\t\t\t\t\t\t<div class=\"elementor-element elementor-element-b31a1ad btn-position-bottom elementor-widget elementor-widget-razzi-image-button\" data-id=\"b31a1ad\" data-element_type=\"widget\" data-e-type=\"widget\" data-widget_type=\"razzi-image-button.default\">\n\t\t\t\t<div class=\"elementor-widget-container\">\n\t\t\t\t\t<div class=\"razzi-image-button\"><img fetchpriority=\"high\" decoding=\"async\" width=\"1200\" height=\"867\" src=\"https:\/\/packstera.lt\/wp-content\/uploads\/2020\/06\/EVOLUTION_SoniXs_MS-6_H_Edge_protection-12.jpg\" class=\"attachment-full size-full wp-image-15363\" alt=\"\" \/><a href=\"http:\/\/packstera.lt\/wp-content\/uploads\/2023\/01\/2021-07_E_SoniXs_MS-6_H.pdf\" target=\"_blank\" rel=\"nofollow\" class=\"razzi-image-button__link\"><\/a><a href=\"http:\/\/packstera.lt\/wp-content\/uploads\/2023\/01\/2021-07_E_SoniXs_MS-6_H.pdf\" target=\"_blank\" rel=\"nofollow\" class=\"razzi-image-button__position razzi-image-button__button\">Ra\u017eot\u0101ja apraksts <span class=\"razzi-svg-icon\"><svg aria-hidden=\"true\" role=\"img\" focusable=\"false\" xmlns=\"http:\/\/www.w3.org\/2000\/svg\" width=\"24\" height=\"24\" viewbox=\"0 0 24 24\" fill=\"none\" stroke=\"currentColor\" stroke-width=\"2\" stroke-linecap=\"round\" stroke-linejoin=\"round\"><line x1=\"0\" y1=\"12\" x2=\"19\" y2=\"12\"><\/line><polyline points=\"12 5 19 12 12 19\"><\/polyline><\/svg><\/span><\/a><\/div>\t\t\t\t<\/div>\n\t\t\t\t<\/div>\n\t\t\t\t\t<\/div>\n\t\t<\/div>\n\t\t\t\t\t<\/div>\n\t\t<\/section>\n\t\t\t\t<\/div>","protected":false},"excerpt":{"rendered":"<p><strong>Modelis EVOLUTION SONIXS MS-6 H<\/strong><\/p>\n<ul>\n<li>Var integr\u0113t liel\u0101kaj\u0101 da\u013c\u0101 ra\u017eo\u0161anas l\u012bniju<\/li>\n<li>SoniXs ultraska\u0146as bl\u012bv\u0113\u0161anas sist\u0113ma ar elektronisku pa\u0161kalibr\u0113\u0161anu<\/li>\n<li>Liels bl\u012bv\u0113juma spriegums, jo ir neliels att\u0101lums no iepakojuma l\u012bdz bl\u012bv\u0113juma blokam<\/li>\n<li>Programm\u0113jama vad\u012bba ar paneli, ieskaitot manu\u0101lo vad\u012bbu<\/li>\n<li>Lentes spriegojums ir regul\u0113jams, izmantojot sk\u0101rienpaneli<\/li>\n<li>Autom\u0101tiska lentes cilpas izstum\u0161ana, ja iek\u0101rta netiek izmantota izstr\u0101d\u0101juma iesie\u0161anai<\/li>\n<li>Lentes gala noteik\u0161ana ar t\u0101 atlikuma izgr\u016b\u0161anu<\/li>\n<li>Bez nodiluma l\u012bdzstr\u0101vas piedzi\u0146a, bezsuku motora tehnolo\u0123ija<\/li>\n<li>10 br\u012bvi konfigur\u0113jamas programmas, katra ar l\u012bdz 10 saisto\u0161\u0101m poz\u012bcij\u0101m<\/li>\n<\/ul>\n<p>&nbsp;<\/p>","protected":false},"featured_media":15359,"template":"","meta":[],"product_cat":[582],"product_tag":[718],"class_list":{"0":"post-13122","1":"product","2":"type-product","3":"status-publish","4":"has-post-thumbnail","6":"product_brand-mosca","7":"product_cat-pilnai-automatiniai-aprisimo-irenginiai","8":"product_tag-statyba","10":"first","11":"instock","12":"shipping-taxable","13":"product-type-simple"},"_links":{"self":[{"href":"https:\/\/packstera.lt\/lv\/wp-json\/wp\/v2\/product\/13122","targetHints":{"allow":["GET"]}}],"collection":[{"href":"https:\/\/packstera.lt\/lv\/wp-json\/wp\/v2\/product"}],"about":[{"href":"https:\/\/packstera.lt\/lv\/wp-json\/wp\/v2\/types\/product"}],"version-history":[{"count":5,"href":"https:\/\/packstera.lt\/lv\/wp-json\/wp\/v2\/product\/13122\/revisions"}],"predecessor-version":[{"id":15366,"href":"https:\/\/packstera.lt\/lv\/wp-json\/wp\/v2\/product\/13122\/revisions\/15366"}],"wp:featuredmedia":[{"embeddable":true,"href":"https:\/\/packstera.lt\/lv\/wp-json\/wp\/v2\/media\/15359"}],"wp:attachment":[{"href":"https:\/\/packstera.lt\/lv\/wp-json\/wp\/v2\/media?parent=13122"}],"wp:term":[{"taxonomy":"product_cat","embeddable":true,"href":"https:\/\/packstera.lt\/lv\/wp-json\/wp\/v2\/product_cat?post=13122"},{"taxonomy":"product_tag","embeddable":true,"href":"https:\/\/packstera.lt\/lv\/wp-json\/wp\/v2\/product_tag?post=13122"}],"curies":[{"name":"wp","href":"https:\/\/api.w.org\/{rel}","templated":true}]}}