{"id":13123,"date":"2020-06-21T11:52:00","date_gmt":"2020-06-21T08:52:00","guid":{"rendered":"http:\/\/packstera.lt\/p\/automatic-strapping-machine-for-the-construction-industry\/"},"modified":"2023-03-10T10:27:11","modified_gmt":"2023-03-10T08:27:11","slug":"automatiska-siesanas-iekarta-kokrupniecibai","status":"publish","type":"product","link":"https:\/\/packstera.lt\/lv\/p\/automatinis-surisimo-irenginys-medienos-pramonei\/","title":{"rendered":"Autom\u0101tiska iesie\u0161anas iek\u0101rta kokr\u016bpniec\u012bbai"},"content":{"rendered":"<div data-elementor-type=\"wp-post\" data-elementor-id=\"13123\" class=\"elementor elementor-13123\">\n\t\t\t\t\t\t<section class=\"elementor-section elementor-top-section elementor-element elementor-element-6db3e4a9 elementor-section-boxed elementor-section-height-default elementor-section-height-default\" data-id=\"6db3e4a9\" data-element_type=\"section\" data-e-type=\"section\">\n\t\t\t\t\t\t<div class=\"elementor-container elementor-column-gap-default\">\n\t\t\t\t\t<div class=\"elementor-column elementor-col-100 elementor-top-column elementor-element elementor-element-3838ab74\" data-id=\"3838ab74\" data-element_type=\"column\" data-e-type=\"column\">\n\t\t\t<div class=\"elementor-widget-wrap elementor-element-populated\">\n\t\t\t\t\t\t<div class=\"elementor-element elementor-element-5072c4e1 elementor-widget elementor-widget-text-editor\" data-id=\"5072c4e1\" data-element_type=\"widget\" data-e-type=\"widget\" data-widget_type=\"text-editor.default\">\n\t\t\t\t<div class=\"elementor-widget-container\">\n\t\t\t\t\t\t\t\t\t<table>\r\n<tbody>\r\n<tr>\r\n<td width=\"312\">Performance<\/td>\r\n<td width=\"312\">Cikla laiks (ieskaitot loka g\u0101jienu 120 mm) ar produkta transport\u0113\u0161anu: apm. 7,5 - 8 sek.<\/td>\r\n<\/tr>\r\n<tr>\r\n<td width=\"312\">bar\u012bba<\/td>\r\n<td width=\"312\">400 V, 50 Hz, 3\/N\/PE; Jaudas pat\u0113ri\u0146\u0161: ~3,0 kVA<\/td>\r\n<\/tr>\r\n<tr>\r\n<td width=\"312\">Tiek izmantotas lentes<\/td>\r\n<td width=\"312\">9 un 12 mm platas PP \/ PET lentes; Apr\u012bkojums ir piel\u0101gots vienam no min\u0113tajiem joslu platumiem<\/td>\r\n<\/tr>\r\n<tr>\r\n<td width=\"312\">Jostas spriegojums<\/td>\r\n<td width=\"312\">L\u012bdz 2500 N<\/td>\r\n<\/tr>\r\n<tr>\r\n<td width=\"312\">Lentes padeves \u0101trums<\/td>\r\n<td width=\"312\">4,6\u00a0m\/sek<\/td>\r\n<\/tr>\r\n<\/tbody>\r\n<\/table>\t\t\t\t\t\t\t\t<\/div>\n\t\t\t\t<\/div>\n\t\t\t\t\t<\/div>\n\t\t<\/div>\n\t\t\t\t\t<\/div>\n\t\t<\/section>\n\t\t\t\t<section class=\"elementor-section elementor-top-section elementor-element elementor-element-06dd3e4 elementor-section-boxed elementor-section-height-default elementor-section-height-default\" data-id=\"06dd3e4\" data-element_type=\"section\" data-e-type=\"section\">\n\t\t\t\t\t\t<div class=\"elementor-container elementor-column-gap-default\">\n\t\t\t\t\t<div class=\"elementor-column elementor-col-50 elementor-top-column elementor-element elementor-element-7eaad0a\" data-id=\"7eaad0a\" data-element_type=\"column\" data-e-type=\"column\">\n\t\t\t<div class=\"elementor-widget-wrap elementor-element-populated\">\n\t\t\t\t\t\t<div class=\"elementor-element elementor-element-721ef2b btn-position-bottom elementor-widget elementor-widget-razzi-image-button\" data-id=\"721ef2b\" data-element_type=\"widget\" data-e-type=\"widget\" data-widget_type=\"razzi-image-button.default\">\n\t\t\t\t<div class=\"elementor-widget-container\">\n\t\t\t\t\t<div class=\"razzi-image-button\"><img fetchpriority=\"high\" decoding=\"async\" width=\"1200\" height=\"568\" src=\"https:\/\/packstera.lt\/wp-content\/uploads\/2023\/01\/timber.jpg\" class=\"attachment-full size-full wp-image-15352\" alt=\"\" srcset=\"https:\/\/packstera.lt\/wp-content\/uploads\/2023\/01\/timber.jpg 1200w, https:\/\/packstera.lt\/wp-content\/uploads\/2023\/01\/timber-300x142.jpg 300w, https:\/\/packstera.lt\/wp-content\/uploads\/2023\/01\/timber-1024x485.jpg 1024w, https:\/\/packstera.lt\/wp-content\/uploads\/2023\/01\/timber-768x364.jpg 768w, https:\/\/packstera.lt\/wp-content\/uploads\/2023\/01\/timber-18x9.jpg 18w, https:\/\/packstera.lt\/wp-content\/uploads\/2023\/01\/timber-570x270.jpg 570w, https:\/\/packstera.lt\/wp-content\/uploads\/2023\/01\/timber-600x284.jpg 600w, https:\/\/packstera.lt\/wp-content\/uploads\/2023\/01\/timber-130x62.jpg 130w\" sizes=\"(max-width: 1200px) 100vw, 1200px\" \/><a href=\"http:\/\/packstera.lt\/wp-content\/uploads\/2023\/01\/2020-02_TimberIndustry_EN.pdf\" target=\"_blank\" rel=\"nofollow\" class=\"razzi-image-button__link\"><\/a><a href=\"http:\/\/packstera.lt\/wp-content\/uploads\/2023\/01\/2020-02_TimberIndustry_EN.pdf\" target=\"_blank\" rel=\"nofollow\" class=\"razzi-image-button__position razzi-image-button__button\">Ra\u017eot\u0101ja apraksts <span class=\"razzi-svg-icon\"><svg aria-hidden=\"true\" role=\"img\" focusable=\"false\" xmlns=\"http:\/\/www.w3.org\/2000\/svg\" width=\"24\" height=\"24\" viewbox=\"0 0 24 24\" fill=\"none\" stroke=\"currentColor\" stroke-width=\"2\" stroke-linecap=\"round\" stroke-linejoin=\"round\"><line x1=\"0\" y1=\"12\" x2=\"19\" y2=\"12\"><\/line><polyline points=\"12 5 19 12 12 19\"><\/polyline><\/svg><\/span><\/a><\/div>\t\t\t\t<\/div>\n\t\t\t\t<\/div>\n\t\t\t\t\t<\/div>\n\t\t<\/div>\n\t\t\t\t<div class=\"elementor-column elementor-col-50 elementor-top-column elementor-element elementor-element-c807d55\" data-id=\"c807d55\" data-element_type=\"column\" data-e-type=\"column\">\n\t\t\t<div class=\"elementor-widget-wrap\">\n\t\t\t\t\t\t\t<\/div>\n\t\t<\/div>\n\t\t\t\t\t<\/div>\n\t\t<\/section>\n\t\t\t\t<\/div>","protected":false},"excerpt":{"rendered":"<p><strong>MK\u00a050<\/strong><\/p>\n<ul>\n<li>Aug\u0161pus\u0113 ir uzst\u0101d\u012bts lentes kaus\u0113\u0161anas bloks<\/li>\n<li>Ultraska\u0146as lentes sapl\u016b\u0161ana ar elektronisku pa\u0161kalibr\u0113\u0161anu<\/li>\n<li>Loka vertik\u0101lais g\u0101jiens l\u012bdz 400 mm<\/li>\n<li>Sp\u0113c\u012bgs lentes kaus\u0113\u0161anas spriegojums, jo ir neliels att\u0101lums no izstr\u0101d\u0101juma l\u012bdz kaus\u0113\u0161anas blokam<\/li>\n<li>Siksnas spriegojumu var regul\u0113t, izmantojot vad\u012bbas paneli<\/li>\n<li>Manu\u0101la lentes atbr\u012bvo\u0161ana, izmantojot vad\u012bbas paneli<\/li>\n<li>Apr\u012bkojums PET\/PP lent\u0113m<\/li>\n<li>Vad\u012bba, izmantojot sk\u0101rienpaneli<\/li>\n<li>\u0100tra un \u0113rta lentes ru\u013c\u013ca mai\u0146a<\/li>\n<\/ul>","protected":false},"featured_media":15347,"template":"","meta":[],"product_cat":[578],"product_tag":[716],"class_list":{"0":"post-13123","1":"product","2":"type-product","3":"status-publish","4":"has-post-thumbnail","6":"product_brand-mosca","7":"product_cat-automatinis-aprisimo-irenginys","8":"product_tag-medienos","10":"first","11":"instock","12":"shipping-taxable","13":"product-type-simple"},"_links":{"self":[{"href":"https:\/\/packstera.lt\/lv\/wp-json\/wp\/v2\/product\/13123","targetHints":{"allow":["GET"]}}],"collection":[{"href":"https:\/\/packstera.lt\/lv\/wp-json\/wp\/v2\/product"}],"about":[{"href":"https:\/\/packstera.lt\/lv\/wp-json\/wp\/v2\/types\/product"}],"version-history":[{"count":5,"href":"https:\/\/packstera.lt\/lv\/wp-json\/wp\/v2\/product\/13123\/revisions"}],"predecessor-version":[{"id":15355,"href":"https:\/\/packstera.lt\/lv\/wp-json\/wp\/v2\/product\/13123\/revisions\/15355"}],"wp:featuredmedia":[{"embeddable":true,"href":"https:\/\/packstera.lt\/lv\/wp-json\/wp\/v2\/media\/15347"}],"wp:attachment":[{"href":"https:\/\/packstera.lt\/lv\/wp-json\/wp\/v2\/media?parent=13123"}],"wp:term":[{"taxonomy":"product_cat","embeddable":true,"href":"https:\/\/packstera.lt\/lv\/wp-json\/wp\/v2\/product_cat?post=13123"},{"taxonomy":"product_tag","embeddable":true,"href":"https:\/\/packstera.lt\/lv\/wp-json\/wp\/v2\/product_tag?post=13123"}],"curies":[{"name":"wp","href":"https:\/\/api.w.org\/{rel}","templated":true}]}}