{"id":13124,"date":"2024-09-13T11:44:59","date_gmt":"2024-09-13T08:44:59","guid":{"rendered":"http:\/\/packstera.lt\/p\/automatic-stainless-steel-side-seal-strapping-machine\/"},"modified":"2024-09-20T15:52:26","modified_gmt":"2024-09-20T12:52:26","slug":"automatiska-nerusejosa-terauda-skanas-stiprinasanas-ierice","status":"publish","type":"product","link":"https:\/\/packstera.lt\/lv\/p\/automatinis-nerudijancio-plieno-soninio-surisimo-irenginys\/","title":{"rendered":"Autom\u0101tiska ner\u016bs\u0113jo\u0161\u0101 t\u0113rauda s\u0101nu stiprin\u0101juma ier\u012bce"},"content":{"rendered":"<div data-elementor-type=\"wp-post\" data-elementor-id=\"13124\" class=\"elementor elementor-13124\">\n\t\t\t\t\t\t<section class=\"elementor-section elementor-top-section elementor-element elementor-element-7c4231b7 elementor-section-boxed elementor-section-height-default elementor-section-height-default\" data-id=\"7c4231b7\" data-element_type=\"section\" data-e-type=\"section\">\n\t\t\t\t\t\t<div class=\"elementor-container elementor-column-gap-default\">\n\t\t\t\t\t<div class=\"elementor-column elementor-col-100 elementor-top-column elementor-element elementor-element-7db72e6a\" data-id=\"7db72e6a\" data-element_type=\"column\" data-e-type=\"column\">\n\t\t\t<div class=\"elementor-widget-wrap elementor-element-populated\">\n\t\t\t\t\t\t<div class=\"elementor-element elementor-element-11d6be08 elementor-widget elementor-widget-text-editor\" data-id=\"11d6be08\" data-element_type=\"widget\" data-e-type=\"widget\" data-widget_type=\"text-editor.default\">\n\t\t\t\t<div class=\"elementor-widget-container\">\n\t\t\t\t\t\t\t\t\t<table>\r\n<tbody>\r\n<tr>\r\n<td width=\"312\">Performance<\/td>\r\n<td width=\"312\">L\u012bdz 52 cikliem min\u016bt\u0113 (loka izm\u0113rs 550 mm x 500 mm)<\/td>\r\n<\/tr>\r\n<tr>\r\n<td width=\"312\">Loka izm\u0113ri<\/td>\r\n<td width=\"312\">550 x 500 mm; 650\u00a0x\u00a0600\u00a0mm (PxH)<\/td>\r\n<\/tr>\r\n<tr>\r\n<td width=\"312\">Darba augstums<\/td>\r\n<td width=\"312\">330-580 mm; 380-930 mm (p\u0113c izv\u0113les palielin\u0101ts darba augstums); 210-330 mm (p\u0113c izv\u0113les zem\u0101ks darba augstums)<\/td>\r\n<\/tr>\r\n<tr>\r\n<td width=\"312\">Tiek izmantotas lentes<\/td>\r\n<td width=\"312\">Standarta apr\u012bkojuma klases 5 \u2013 12 mm platas PP lentes; P\u0113c izv\u0113les 9,5 mm un 12 mm platas PET lentes; Apr\u012bkojums ir noregul\u0113ts atbilsto\u0161i k\u0101dam no min\u0113tajiem joslu platumiem;<\/td>\r\n<\/tr>\r\n<tr>\r\n<td width=\"312\">Lentes ru\u013c\u013cu dozators<\/td>\r\n<td width=\"312\">Ru\u013c\u013ca iek\u0161\u0113jais diametrs: 200 mm (p\u0113c izv\u0113les 406 mm PET); Ru\u013c\u013ca platums: 190 mm (p\u0113c izv\u0113les 150 mm PET)<\/td>\r\n<\/tr>\r\n<tr>\r\n<td width=\"312\">bar\u012bba<\/td>\r\n<td width=\"312\">100-240 V, 50\/60 Hz, 1L + N + PE; Ener\u0123ijas pat\u0113ri\u0146\u0161: apm. 0,2 kW<\/td>\r\n<\/tr>\r\n<tr>\r\n<td width=\"312\">Svars<\/td>\r\n<td width=\"312\">250 kg - 400 kg<\/td>\r\n<\/tr>\r\n<\/tbody>\r\n<\/table>\t\t\t\t\t\t\t\t<\/div>\n\t\t\t\t<\/div>\n\t\t\t\t\t<\/div>\n\t\t<\/div>\n\t\t\t\t\t<\/div>\n\t\t<\/section>\n\t\t\t\t<section class=\"elementor-section elementor-top-section elementor-element elementor-element-9d6bee5 elementor-section-boxed elementor-section-height-default elementor-section-height-default\" data-id=\"9d6bee5\" data-element_type=\"section\" data-e-type=\"section\">\n\t\t\t\t\t\t<div class=\"elementor-container elementor-column-gap-default\">\n\t\t\t\t\t<div class=\"elementor-column elementor-col-66 elementor-top-column elementor-element elementor-element-fcc9f43\" data-id=\"fcc9f43\" data-element_type=\"column\" data-e-type=\"column\">\n\t\t\t<div class=\"elementor-widget-wrap elementor-element-populated\">\n\t\t\t\t\t\t<div class=\"elementor-element elementor-element-a9de1f6 elementor-widget elementor-widget-video\" data-id=\"a9de1f6\" data-element_type=\"widget\" data-e-type=\"widget\" data-settings=\"{&quot;youtube_url&quot;:&quot;https:\\\/\\\/www.youtube.com\\\/watch?v=eNhQYIRH0mo&amp;ab_channel=MOSCAGmbH&quot;,&quot;video_type&quot;:&quot;youtube&quot;,&quot;controls&quot;:&quot;yes&quot;}\" data-widget_type=\"video.default\">\n\t\t\t\t<div class=\"elementor-widget-container\">\n\t\t\t\t\t\t\t<div class=\"elementor-wrapper elementor-open-inline\">\n\t\t\t<div class=\"elementor-video\"><\/div>\t\t<\/div>\n\t\t\t\t\t\t<\/div>\n\t\t\t\t<\/div>\n\t\t\t\t\t<\/div>\n\t\t<\/div>\n\t\t\t\t<div class=\"elementor-column elementor-col-33 elementor-top-column elementor-element elementor-element-1cd408b\" data-id=\"1cd408b\" data-element_type=\"column\" data-e-type=\"column\">\n\t\t\t<div class=\"elementor-widget-wrap elementor-element-populated\">\n\t\t\t\t\t\t<div class=\"elementor-element elementor-element-baa833b btn-position-bottom elementor-widget elementor-widget-razzi-image-button\" data-id=\"baa833b\" data-element_type=\"widget\" data-e-type=\"widget\" data-widget_type=\"razzi-image-button.default\">\n\t\t\t\t<div class=\"elementor-widget-container\">\n\t\t\t\t\t<div class=\"razzi-image-button\"><img fetchpriority=\"high\" decoding=\"async\" width=\"989\" height=\"828\" src=\"https:\/\/packstera.lt\/wp-content\/uploads\/2020\/06\/sono-lankas.jpg\" class=\"attachment-full size-full wp-image-15333\" alt=\"\" \/><a href=\"http:\/\/packstera.lt\/wp-content\/uploads\/2023\/01\/EN_SONIXS_EVOL__MS-6-VA_060318.pdf\" target=\"_blank\" rel=\"nofollow\" class=\"razzi-image-button__link\"><\/a><a href=\"http:\/\/packstera.lt\/wp-content\/uploads\/2023\/01\/EN_SONIXS_EVOL__MS-6-VA_060318.pdf\" target=\"_blank\" rel=\"nofollow\" class=\"razzi-image-button__position razzi-image-button__button\">Ra\u017eot\u0101ja apraksts <span class=\"razzi-svg-icon\"><svg aria-hidden=\"true\" role=\"img\" focusable=\"false\" xmlns=\"http:\/\/www.w3.org\/2000\/svg\" width=\"24\" height=\"24\" viewbox=\"0 0 24 24\" fill=\"none\" stroke=\"currentColor\" stroke-width=\"2\" stroke-linecap=\"round\" stroke-linejoin=\"round\"><line x1=\"0\" y1=\"12\" x2=\"19\" y2=\"12\"><\/line><polyline points=\"12 5 19 12 12 19\"><\/polyline><\/svg><\/span><\/a><\/div>\t\t\t\t<\/div>\n\t\t\t\t<\/div>\n\t\t\t\t\t<\/div>\n\t\t<\/div>\n\t\t\t\t\t<\/div>\n\t\t<\/section>\n\t\t\t\t<\/div>","protected":false},"excerpt":{"rendered":"<p><strong>Modelis EVOLUTION SONIXS MS-6-VA<\/strong><\/p>\n<ul>\n<li>Korozijiztur\u012bga ultraska\u0146as metin\u0101\u0161anas sist\u0113ma ar elektronisku pa\u0161kalibr\u0113\u0161anu<\/li>\n<li>Iesp\u0113ja integr\u0113t liel\u0101kaj\u0101 da\u013c\u0101 ra\u017eo\u0161anas l\u012bniju<\/li>\n<li>Premium Standard 6 bl\u012bv\u0113juma sist\u0113ma<\/li>\n<li>\u0112rta piek\u013cuve un bezinstrumentu demont\u0101\u017ea jostas joslas deta\u013c\u0101m<\/li>\n<li>Dozators tiek uzst\u0101d\u012bts p\u0113c izv\u0113les<\/li>\n<li>Pace\u013camais galds ir izgatavots no ner\u016bs\u0113jo\u0161\u0101 t\u0113rauda<\/li>\n<li>Jostas spriegojums ir regul\u0113jams no vad\u012bbas pane\u013ca<\/li>\n<li>Vienk\u0101r\u0161a darb\u012bba ar digit\u0101lo displeju vad\u012bbas panel\u012b<\/li>\n<li>Manu\u0101lais iesie\u0161anas re\u017e\u012bms, nospie\u017eot pogu uz vad\u012bbas pane\u013ca<\/li>\n<li>Pak\u0101peniska vad\u012bbas pane\u013ca pagrie\u0161ana (0\u00b0-180\u00b0), abos virzienos<\/li>\n<li>Ier\u012bce ir piln\u012bb\u0101 iztur\u012bga pret koroziju (V4A ner\u016bs\u0113jo\u0161ais t\u0113rauds)<\/li>\n<li>4 rite\u0146i (\u00d8 125 mm)<\/li>\n<li>\u0100rk\u0101rt\u012bgi zems ener\u0123ijas pat\u0113ri\u0146\u0161<\/li>\n<li>IP 56 aizsardz\u012bbas klases izpilde<\/li>\n<li>Jut\u012bgas sast\u0101vda\u013cas (piem\u0113ram, motori) ir p\u0101rkl\u0101tas ar papildu aizsardz\u012bbu<\/li>\n<\/ul>","protected":false},"featured_media":14490,"template":"","meta":[],"product_cat":[578],"product_tag":[],"class_list":{"0":"post-13124","1":"product","2":"type-product","3":"status-publish","4":"has-post-thumbnail","6":"product_brand-mosca","7":"product_cat-automatinis-aprisimo-irenginys","9":"first","10":"instock","11":"shipping-taxable","12":"product-type-simple"},"_links":{"self":[{"href":"https:\/\/packstera.lt\/lv\/wp-json\/wp\/v2\/product\/13124","targetHints":{"allow":["GET"]}}],"collection":[{"href":"https:\/\/packstera.lt\/lv\/wp-json\/wp\/v2\/product"}],"about":[{"href":"https:\/\/packstera.lt\/lv\/wp-json\/wp\/v2\/types\/product"}],"version-history":[{"count":5,"href":"https:\/\/packstera.lt\/lv\/wp-json\/wp\/v2\/product\/13124\/revisions"}],"predecessor-version":[{"id":15336,"href":"https:\/\/packstera.lt\/lv\/wp-json\/wp\/v2\/product\/13124\/revisions\/15336"}],"wp:featuredmedia":[{"embeddable":true,"href":"https:\/\/packstera.lt\/lv\/wp-json\/wp\/v2\/media\/14490"}],"wp:attachment":[{"href":"https:\/\/packstera.lt\/lv\/wp-json\/wp\/v2\/media?parent=13124"}],"wp:term":[{"taxonomy":"product_cat","embeddable":true,"href":"https:\/\/packstera.lt\/lv\/wp-json\/wp\/v2\/product_cat?post=13124"},{"taxonomy":"product_tag","embeddable":true,"href":"https:\/\/packstera.lt\/lv\/wp-json\/wp\/v2\/product_tag?post=13124"}],"curies":[{"name":"wp","href":"https:\/\/api.w.org\/{rel}","templated":true}]}}