{"id":13126,"date":"2024-09-16T11:30:00","date_gmt":"2024-09-16T08:30:00","guid":{"rendered":"http:\/\/packstera.lt\/p\/automatic-strapping-machine-for-the-timber-industry\/"},"modified":"2024-09-20T15:50:22","modified_gmt":"2024-09-20T12:50:22","slug":"automatiska-riksotaju-iekarta-sonixs-mp-6-t-kokrupniecibai","status":"publish","type":"product","link":"https:\/\/packstera.lt\/lv\/p\/automatinis-risimo-irenginys-sonixs-mp-6-t-medienos-pramonei\/","title":{"rendered":"Autom\u0101tisk\u0101 iesie\u0161anas ier\u012bce SoniXs MP-6 T"},"content":{"rendered":"<div data-elementor-type=\"wp-post\" data-elementor-id=\"13126\" class=\"elementor elementor-13126\">\n\t\t\t\t\t\t<section class=\"elementor-section elementor-top-section elementor-element elementor-element-512395b6 elementor-section-boxed elementor-section-height-default elementor-section-height-default\" data-id=\"512395b6\" data-element_type=\"section\" data-e-type=\"section\">\n\t\t\t\t\t\t<div class=\"elementor-container elementor-column-gap-default\">\n\t\t\t\t\t<div class=\"elementor-column elementor-col-100 elementor-top-column elementor-element elementor-element-59c02b4f\" data-id=\"59c02b4f\" data-element_type=\"column\" data-e-type=\"column\">\n\t\t\t<div class=\"elementor-widget-wrap elementor-element-populated\">\n\t\t\t\t\t\t<div class=\"elementor-element elementor-element-106bda71 elementor-widget elementor-widget-text-editor\" data-id=\"106bda71\" data-element_type=\"widget\" data-e-type=\"widget\" data-widget_type=\"text-editor.default\">\n\t\t\t\t<div class=\"elementor-widget-container\">\n\t\t\t\t\t\t\t\t\t<table>\n<tbody>\n<tr>\n<td width=\"312\">Performance<\/td>\n<td width=\"312\">L\u012bdz 35 cikliem min\u016bt\u0113<\/td>\n<\/tr>\n<tr>\n<td width=\"312\">R\u0101mja izm\u0113ri<\/td>\n<td width=\"312\">500\u00a0x\u00a0400\u00a0mm (P\u00a0x\u00a0A)<\/td>\n<\/tr>\n<tr>\n<td width=\"312\">Tiek izmantotas lentes<\/td>\n<td width=\"312\">PP lente, platums: 5, 8, 9 vai 12 mm; Iek\u0101rt\u0101 ir iestat\u012bts viens no min\u0113tajiem joslu platumiem.<\/td>\n<\/tr>\n<tr>\n<td width=\"312\">Lentes ru\u013c\u013cu dozators<\/td>\n<td width=\"312\">Ru\u013c\u013ca iek\u0161\u0113jais diametrs: 200 mm; Ru\u013c\u013ca platums: 190 mm; Maks. \u0101r\u0113jais diametrs: 430 mm.<\/td>\n<\/tr>\n<tr>\n<td width=\"312\">bar\u012bba<\/td>\n<td width=\"312\">110-240 V, 50\/60 Hz, 1L+N+PE<\/td>\n<\/tr>\n<tr>\n<td width=\"312\">Ener\u0123ijas pat\u0113ri\u0146\u0161<\/td>\n<td width=\"312\">apm. 0,2 kW<\/td>\n<\/tr>\n<tr>\n<td width=\"312\">Svars<\/td>\n<td width=\"312\">250 kg<\/td>\n<\/tr>\n<\/tbody>\n<\/table>\t\t\t\t\t\t\t\t<\/div>\n\t\t\t\t<\/div>\n\t\t\t\t\t<\/div>\n\t\t<\/div>\n\t\t\t\t\t<\/div>\n\t\t<\/section>\n\t\t\t\t<section class=\"elementor-section elementor-top-section elementor-element elementor-element-34f9392 elementor-section-boxed elementor-section-height-default elementor-section-height-default\" data-id=\"34f9392\" data-element_type=\"section\" data-e-type=\"section\">\n\t\t\t\t\t\t<div class=\"elementor-container elementor-column-gap-default\">\n\t\t\t\t\t<div class=\"elementor-column elementor-col-66 elementor-top-column elementor-element elementor-element-79dda23\" data-id=\"79dda23\" data-element_type=\"column\" data-e-type=\"column\">\n\t\t\t<div class=\"elementor-widget-wrap elementor-element-populated\">\n\t\t\t\t\t\t<div class=\"elementor-element elementor-element-87fb9bf elementor-widget elementor-widget-video\" data-id=\"87fb9bf\" data-element_type=\"widget\" data-e-type=\"widget\" data-settings=\"{&quot;youtube_url&quot;:&quot;https:\\\/\\\/www.youtube.com\\\/watch?v=wnZU_Qn39Fg&amp;ab_channel=MoscaDirectUKandNorthernEuropeanHub&quot;,&quot;video_type&quot;:&quot;youtube&quot;,&quot;controls&quot;:&quot;yes&quot;}\" data-widget_type=\"video.default\">\n\t\t\t\t<div class=\"elementor-widget-container\">\n\t\t\t\t\t\t\t<div class=\"elementor-wrapper elementor-open-inline\">\n\t\t\t<div class=\"elementor-video\"><\/div>\t\t<\/div>\n\t\t\t\t\t\t<\/div>\n\t\t\t\t<\/div>\n\t\t\t\t\t<\/div>\n\t\t<\/div>\n\t\t\t\t<div class=\"elementor-column elementor-col-33 elementor-top-column elementor-element elementor-element-ab32b8f\" data-id=\"ab32b8f\" data-element_type=\"column\" data-e-type=\"column\">\n\t\t\t<div class=\"elementor-widget-wrap elementor-element-populated\">\n\t\t\t\t\t\t<div class=\"elementor-element elementor-element-03bbc37 btn-position-bottom elementor-widget elementor-widget-razzi-image-button\" data-id=\"03bbc37\" data-element_type=\"widget\" data-e-type=\"widget\" data-widget_type=\"razzi-image-button.default\">\n\t\t\t\t<div class=\"elementor-widget-container\">\n\t\t\t\t\t<div class=\"razzi-image-button\"><img fetchpriority=\"high\" decoding=\"async\" width=\"877\" height=\"657\" src=\"https:\/\/packstera.lt\/wp-content\/uploads\/2023\/01\/sonixs.jpg\" class=\"attachment-full size-full wp-image-15275\" alt=\"\" srcset=\"https:\/\/packstera.lt\/wp-content\/uploads\/2023\/01\/sonixs.jpg 877w, https:\/\/packstera.lt\/wp-content\/uploads\/2023\/01\/sonixs-300x225.jpg 300w, https:\/\/packstera.lt\/wp-content\/uploads\/2023\/01\/sonixs-768x575.jpg 768w, https:\/\/packstera.lt\/wp-content\/uploads\/2023\/01\/sonixs-16x12.jpg 16w, https:\/\/packstera.lt\/wp-content\/uploads\/2023\/01\/sonixs-570x427.jpg 570w, https:\/\/packstera.lt\/wp-content\/uploads\/2023\/01\/sonixs-600x449.jpg 600w, https:\/\/packstera.lt\/wp-content\/uploads\/2023\/01\/sonixs-130x97.jpg 130w\" sizes=\"(max-width: 877px) 100vw, 877px\" \/><a href=\"http:\/\/packstera.lt\/wp-content\/uploads\/2023\/01\/EN_Mosca_Datenblatt_SoniXs-MP-6.pdf\" target=\"_blank\" rel=\"nofollow\" class=\"razzi-image-button__link\"><\/a><a href=\"http:\/\/packstera.lt\/wp-content\/uploads\/2023\/01\/EN_Mosca_Datenblatt_SoniXs-MP-6.pdf\" target=\"_blank\" rel=\"nofollow\" class=\"razzi-image-button__position razzi-image-button__button\">Ra\u017eot\u0101ja apraksts <span class=\"razzi-svg-icon\"><svg aria-hidden=\"true\" role=\"img\" focusable=\"false\" xmlns=\"http:\/\/www.w3.org\/2000\/svg\" width=\"24\" height=\"24\" viewbox=\"0 0 24 24\" fill=\"none\" stroke=\"currentColor\" stroke-width=\"2\" stroke-linecap=\"round\" stroke-linejoin=\"round\"><line x1=\"0\" y1=\"12\" x2=\"19\" y2=\"12\"><\/line><polyline points=\"12 5 19 12 12 19\"><\/polyline><\/svg><\/span><\/a><\/div>\t\t\t\t<\/div>\n\t\t\t\t<\/div>\n\t\t\t\t\t<\/div>\n\t\t<\/div>\n\t\t\t\t\t<\/div>\n\t\t<\/section>\n\t\t\t\t<\/div>","protected":false},"excerpt":{"rendered":"<ul>\n<li>Modu\u013cu konstrukcija<\/li>\n<li>Augst\u0101k\u0101s klases Standard 6 bl\u012bv\u0113juma bloks<\/li>\n<li>\u0160aur\u0101ks bl\u012bv\u0113juma bloks ar termostata vad\u012bbu<\/li>\n<li>Pneimatisk\u0101 skava<\/li>\n<li>Pneimatiskais pres\u0113t\u0101js no s\u0101niem ar pretest\u012bbas atbalstu<\/li>\n<li>Sign\u0101la apmai\u0146a caur 16 kontaktu savienot\u0101ju<\/li>\n<li>\u0112rta piek\u013cuve un bezinstrumentu demont\u0101\u017ea jostas joslas deta\u013c\u0101m<\/li>\n<li>Ilgm\u016b\u017e\u012bgi l\u012bdzstr\u0101vas piedzi\u0146as ar integr\u0113tu elektroniku<\/li>\n<li>Soli pa solim vad\u012bbas panelis ir paredz\u0113ts daudzpus\u012bgai vad\u012bbai<\/li>\n<li>Siksnas spriegojums regul\u0113jams no vad\u012bbas pane\u013ca<\/li>\n<li>Programm\u0113jama lentes spriegojuma v\u0113rt\u012bba<\/li>\n<li>Regul\u0113jams lentes padeves \u0101trums<\/li>\n<li>Integr\u0113ts cikla skait\u012bt\u0101js<\/li>\n<li>\u0100tra lentes ru\u013c\u013ca mai\u0146a<\/li>\n<li>Lentas ru\u013c\u013ca nomai\u0146a iesp\u0113jama no priek\u0161puses un s\u0101niem<\/li>\n<li>Autom\u0101tisk\u0101 lentes iel\u0101des sist\u0113ma<\/li>\n<li>Lentes atlikumu noteik\u0161anas un no\u0146em\u0161anas sist\u0113ma<\/li>\n<li>Autom\u0101tiska lentes cilpas no\u0146em\u0161ana<\/li>\n<li>\u0100rk\u0101rt\u012bgi zems ener\u0123ijas pat\u0113ri\u0146\u0161<\/li>\n<li>Gaid\u012b\u0161anas re\u017e\u012bm\u0101<\/li>\n<li>4 rite\u0146i, 2 no tiem ar bremz\u0113m<\/li>\n<li>CE mar\u0137\u0113jums ar atbilst\u012bbas deklar\u0101ciju<\/li>\n<li>Struktur\u0101l\u0101 kr\u0101sa RAL 5010, (Gentian blue)<\/li>\n<\/ul>","protected":false},"featured_media":15271,"template":"","meta":[],"product_cat":[578],"product_tag":[717,716],"class_list":{"0":"post-13126","1":"product","2":"type-product","3":"status-publish","4":"has-post-thumbnail","6":"product_brand-mosca","7":"product_cat-automatinis-aprisimo-irenginys","8":"product_tag-logistika","9":"product_tag-medienos","11":"first","12":"instock","13":"shipping-taxable","14":"product-type-simple"},"_links":{"self":[{"href":"https:\/\/packstera.lt\/lv\/wp-json\/wp\/v2\/product\/13126","targetHints":{"allow":["GET"]}}],"collection":[{"href":"https:\/\/packstera.lt\/lv\/wp-json\/wp\/v2\/product"}],"about":[{"href":"https:\/\/packstera.lt\/lv\/wp-json\/wp\/v2\/types\/product"}],"version-history":[{"count":14,"href":"https:\/\/packstera.lt\/lv\/wp-json\/wp\/v2\/product\/13126\/revisions"}],"predecessor-version":[{"id":17030,"href":"https:\/\/packstera.lt\/lv\/wp-json\/wp\/v2\/product\/13126\/revisions\/17030"}],"wp:featuredmedia":[{"embeddable":true,"href":"https:\/\/packstera.lt\/lv\/wp-json\/wp\/v2\/media\/15271"}],"wp:attachment":[{"href":"https:\/\/packstera.lt\/lv\/wp-json\/wp\/v2\/media?parent=13126"}],"wp:term":[{"taxonomy":"product_cat","embeddable":true,"href":"https:\/\/packstera.lt\/lv\/wp-json\/wp\/v2\/product_cat?post=13126"},{"taxonomy":"product_tag","embeddable":true,"href":"https:\/\/packstera.lt\/lv\/wp-json\/wp\/v2\/product_tag?post=13126"}],"curies":[{"name":"wp","href":"https:\/\/api.w.org\/{rel}","templated":true}]}}