{"id":13127,"date":"2024-09-14T11:24:52","date_gmt":"2024-09-14T08:24:52","guid":{"rendered":"http:\/\/packstera.lt\/p\/11441\/"},"modified":"2024-09-20T15:52:03","modified_gmt":"2024-09-20T12:52:03","slug":"automatiska-riksotaju-ierice-pp-josta","status":"publish","type":"product","link":"https:\/\/packstera.lt\/lv\/p\/automatinis-risimo-irenginys-pp-juosta\/","title":{"rendered":"Autom\u0101tiska siksnu ier\u012bce PP lentei"},"content":{"rendered":"<div data-elementor-type=\"wp-post\" data-elementor-id=\"13127\" class=\"elementor elementor-13127\">\n\t\t\t\t\t\t<section class=\"elementor-section elementor-top-section elementor-element elementor-element-27b2da55 elementor-section-boxed elementor-section-height-default elementor-section-height-default\" data-id=\"27b2da55\" data-element_type=\"section\" data-e-type=\"section\">\n\t\t\t\t\t\t<div class=\"elementor-container elementor-column-gap-default\">\n\t\t\t\t\t<div class=\"elementor-column elementor-col-100 elementor-top-column elementor-element elementor-element-7dafb421\" data-id=\"7dafb421\" data-element_type=\"column\" data-e-type=\"column\">\n\t\t\t<div class=\"elementor-widget-wrap elementor-element-populated\">\n\t\t\t\t\t\t<div class=\"elementor-element elementor-element-db5e62b elementor-widget elementor-widget-text-editor\" data-id=\"db5e62b\" data-element_type=\"widget\" data-e-type=\"widget\" data-widget_type=\"text-editor.default\">\n\t\t\t\t<div class=\"elementor-widget-container\">\n\t\t\t\t\t\t\t\t\t<table><tbody><tr><td width=\"312\">Performance<\/td><td width=\"312\">18 cikli\/min<\/td><\/tr><tr><td width=\"312\">Bl\u012bv\u0113\u0161anas vien\u012bba<\/td><td width=\"312\">Standarta 3 konusveida sapl\u016b\u0161anas savienojums<\/td><\/tr><tr><td width=\"312\">Konveijera augstums<\/td><td width=\"312\">845 - 925 mm<\/td><\/tr><tr><td width=\"312\">Tiek izmantotas lentes<\/td><td width=\"312\">PP sloks\u0146u platumi: 8, 9 mm; PET lentes platumi: 9, 9,5, 11, 12 mm; Ier\u012bce ir paredz\u0113ta vienam no min\u0113tajiem joslas platumiem.<\/td><\/tr><tr><td width=\"312\">Lentes rullis<b>\u00a0<\/b>dozators<\/td><td width=\"312\">Ru\u013c\u013ca iek\u0161\u0113jais diametrs: 200 mm vai 406 mm<\/td><\/tr><tr><td width=\"312\">bar\u012bba<\/td><td width=\"312\">Spriegums: 100-240 V, 50\/60 Hz, 1L+N+PE; Ener\u0123ijas pat\u0113ri\u0146\u0161 aptuveni: 0,5 kW<\/td><\/tr><tr><td width=\"312\">Svars<\/td><td width=\"312\">210 kg<\/td><\/tr><\/tbody><\/table>\t\t\t\t\t\t\t\t<\/div>\n\t\t\t\t<\/div>\n\t\t\t\t\t<\/div>\n\t\t<\/div>\n\t\t\t\t\t<\/div>\n\t\t<\/section>\n\t\t\t\t<section class=\"elementor-section elementor-top-section elementor-element elementor-element-fb2dd7c elementor-section-boxed elementor-section-height-default elementor-section-height-default\" data-id=\"fb2dd7c\" data-element_type=\"section\" data-e-type=\"section\">\n\t\t\t\t\t\t<div class=\"elementor-container elementor-column-gap-default\">\n\t\t\t\t\t<div class=\"elementor-column elementor-col-66 elementor-top-column elementor-element elementor-element-673083c\" data-id=\"673083c\" data-element_type=\"column\" data-e-type=\"column\">\n\t\t\t<div class=\"elementor-widget-wrap elementor-element-populated\">\n\t\t\t\t\t\t<div class=\"elementor-element elementor-element-8663b09 elementor-widget elementor-widget-video\" data-id=\"8663b09\" data-element_type=\"widget\" data-e-type=\"widget\" data-settings=\"{&quot;youtube_url&quot;:&quot;https:\\\/\\\/www.youtube.com\\\/watch?v=9WRMieoKimI&amp;ab_channel=MoscaDirectUKandNorthernEuropeanHub&quot;,&quot;video_type&quot;:&quot;youtube&quot;,&quot;controls&quot;:&quot;yes&quot;}\" data-widget_type=\"video.default\">\n\t\t\t\t<div class=\"elementor-widget-container\">\n\t\t\t\t\t\t\t<div class=\"elementor-wrapper elementor-open-inline\">\n\t\t\t<div class=\"elementor-video\"><\/div>\t\t<\/div>\n\t\t\t\t\t\t<\/div>\n\t\t\t\t<\/div>\n\t\t\t\t\t<\/div>\n\t\t<\/div>\n\t\t\t\t<div class=\"elementor-column elementor-col-33 elementor-top-column elementor-element elementor-element-00fadc4\" data-id=\"00fadc4\" data-element_type=\"column\" data-e-type=\"column\">\n\t\t\t<div class=\"elementor-widget-wrap elementor-element-populated\">\n\t\t\t\t\t\t<div class=\"elementor-element elementor-element-1e8fe97 btn-position-bottom elementor-widget elementor-widget-razzi-image-button\" data-id=\"1e8fe97\" data-element_type=\"widget\" data-e-type=\"widget\" data-widget_type=\"razzi-image-button.default\">\n\t\t\t\t<div class=\"elementor-widget-container\">\n\t\t\t\t\t<div class=\"razzi-image-button\"><img fetchpriority=\"high\" decoding=\"async\" width=\"930\" height=\"848\" src=\"https:\/\/packstera.lt\/wp-content\/uploads\/2020\/06\/mosca-ring.jpg\" class=\"attachment-full size-full wp-image-15286\" alt=\"\" \/><a href=\"http:\/\/packstera.lt\/wp-content\/uploads\/2023\/01\/2022_11_SoniXs-M-RI_EN.pdf\" target=\"_blank\" rel=\"nofollow\" class=\"razzi-image-button__link\"><\/a><a href=\"http:\/\/packstera.lt\/wp-content\/uploads\/2023\/01\/2022_11_SoniXs-M-RI_EN.pdf\" target=\"_blank\" rel=\"nofollow\" class=\"razzi-image-button__position razzi-image-button__button\">Ra\u017eot\u0101ja apraksts <span class=\"razzi-svg-icon\"><svg aria-hidden=\"true\" role=\"img\" focusable=\"false\" xmlns=\"http:\/\/www.w3.org\/2000\/svg\" width=\"24\" height=\"24\" viewbox=\"0 0 24 24\" fill=\"none\" stroke=\"currentColor\" stroke-width=\"2\" stroke-linecap=\"round\" stroke-linejoin=\"round\"><line x1=\"0\" y1=\"12\" x2=\"19\" y2=\"12\"><\/line><polyline points=\"12 5 19 12 12 19\"><\/polyline><\/svg><\/span><\/a><\/div>\t\t\t\t<\/div>\n\t\t\t\t<\/div>\n\t\t\t\t\t<\/div>\n\t\t<\/div>\n\t\t\t\t\t<\/div>\n\t\t<\/section>\n\t\t\t\t<\/div>","protected":false},"excerpt":{"rendered":"<h4><strong>Modelis RO-M-RI<\/strong><\/h4>\n<ul>\n<li>SoniXs Utrasonic \u0161aur\u0101s kodolsint\u0113zes vien\u012bba<\/li>\n<li>Lentes beigu noteik\u0161ana ar autom\u0101tisku lentes atlikumu no\u0146em\u0161anu<\/li>\n<li>Ener\u0123ijas taup\u012b\u0161anas piedzi\u0146as<\/li>\n<li>Regul\u0113jams jostas spriegojums<\/li>\n<li>4 rite\u0146i, 2 no tiem blo\u0137\u0113jami<\/li>\n<li>\u0100tra un \u0113rta lentes ru\u013c\u013ca mai\u0146a<\/li>\n<li>\u0100tra parametru piel\u0101go\u0161ana produkta mai\u0146as laik\u0101<\/li>\n<\/ul>","protected":false},"featured_media":15287,"template":"","meta":[],"product_cat":[578],"product_tag":[],"class_list":{"0":"post-13127","1":"product","2":"type-product","3":"status-publish","4":"has-post-thumbnail","6":"product_brand-mosca","7":"product_cat-automatinis-aprisimo-irenginys","9":"first","10":"instock","11":"shipping-taxable","12":"product-type-simple"},"_links":{"self":[{"href":"https:\/\/packstera.lt\/lv\/wp-json\/wp\/v2\/product\/13127","targetHints":{"allow":["GET"]}}],"collection":[{"href":"https:\/\/packstera.lt\/lv\/wp-json\/wp\/v2\/product"}],"about":[{"href":"https:\/\/packstera.lt\/lv\/wp-json\/wp\/v2\/types\/product"}],"version-history":[{"count":16,"href":"https:\/\/packstera.lt\/lv\/wp-json\/wp\/v2\/product\/13127\/revisions"}],"predecessor-version":[{"id":15314,"href":"https:\/\/packstera.lt\/lv\/wp-json\/wp\/v2\/product\/13127\/revisions\/15314"}],"wp:featuredmedia":[{"embeddable":true,"href":"https:\/\/packstera.lt\/lv\/wp-json\/wp\/v2\/media\/15287"}],"wp:attachment":[{"href":"https:\/\/packstera.lt\/lv\/wp-json\/wp\/v2\/media?parent=13127"}],"wp:term":[{"taxonomy":"product_cat","embeddable":true,"href":"https:\/\/packstera.lt\/lv\/wp-json\/wp\/v2\/product_cat?post=13127"},{"taxonomy":"product_tag","embeddable":true,"href":"https:\/\/packstera.lt\/lv\/wp-json\/wp\/v2\/product_tag?post=13127"}],"curies":[{"name":"wp","href":"https:\/\/api.w.org\/{rel}","templated":true}]}}