{"id":13132,"date":"2024-09-17T11:20:29","date_gmt":"2024-09-17T08:20:29","guid":{"rendered":"http:\/\/packstera.lt\/p\/automatic-strapping-machine\/"},"modified":"2025-05-06T14:06:35","modified_gmt":"2025-05-06T11:06:35","slug":"automatiska-riksotaju-iekarta-mosca-ro-m-fusion","status":"publish","type":"product","link":"https:\/\/packstera.lt\/lv\/p\/automatinis-risimo-irenginys-mosca-ro-m-fusion\/","title":{"rendered":"Autom\u0101tisk\u0101 sie\u0161anas iek\u0101rta MOSCA RO-M FUSION"},"content":{"rendered":"<div data-elementor-type=\"wp-post\" data-elementor-id=\"13132\" class=\"elementor elementor-13132\">\n\t\t\t\t\t\t<section class=\"elementor-section elementor-top-section elementor-element elementor-element-a3b2f0e elementor-section-boxed elementor-section-height-default elementor-section-height-default\" data-id=\"a3b2f0e\" data-element_type=\"section\" data-e-type=\"section\">\n\t\t\t\t\t\t<div class=\"elementor-container elementor-column-gap-default\">\n\t\t\t\t\t<div class=\"elementor-column elementor-col-100 elementor-top-column elementor-element elementor-element-7b478f14\" data-id=\"7b478f14\" data-element_type=\"column\" data-e-type=\"column\">\n\t\t\t<div class=\"elementor-widget-wrap elementor-element-populated\">\n\t\t\t\t\t\t<div class=\"elementor-element elementor-element-417564a6 elementor-widget elementor-widget-text-editor\" data-id=\"417564a6\" data-element_type=\"widget\" data-e-type=\"widget\" data-widget_type=\"text-editor.default\">\n\t\t\t\t<div class=\"elementor-widget-container\">\n\t\t\t\t\t\t\t\t\t<table>\n<tbody>\n<tr>\n<td width=\"264\">Performance<\/td>\n<td width=\"360\">L\u012bdz 55 cikliem\/min. ar r\u0101mja izm\u0113ru 600 x 500 mm<\/td>\n<\/tr>\n<tr>\n<td width=\"264\">R\u0101mja izm\u0113ri<\/td>\n<td width=\"360\">600 x 500 mm; 800 x 600 mm; 1250 x 600 mm<\/td>\n<\/tr>\n<tr>\n<td width=\"264\">Darba augstums<\/td>\n<td width=\"360\">800 - 905 mm<\/td>\n<\/tr>\n<tr>\n<td width=\"264\">Tiek izmantotas lentes<\/td>\n<td width=\"360\">Standarta ma\u0161\u012bnu klases 5, 8 vai 12 mm PP lentes; Ma\u0161\u012bna ir noregul\u0113ta uz k\u0101du no min\u0113tajiem lentes platumiem.<\/td>\n<\/tr>\n<tr>\n<td width=\"264\">Lentes ru\u013c\u013cu dozators<\/td>\n<td width=\"360\">Ru\u013c\u013ca iek\u0161\u0113jais diametrs: 200 mm; Ru\u013c\u013ca platums: 190 mm; Maks. \u0101r\u0113jais diametrs: 430 mm.<\/td>\n<\/tr>\n<tr>\n<td width=\"264\">bar\u012bba<\/td>\n<td width=\"360\">100-240 V, 50\/60 Hz, 1 Ph, 1L+N+PE<\/td>\n<\/tr>\n<tr>\n<td width=\"264\">Ener\u0123ijas pat\u0113ri\u0146\u0161<\/td>\n<td width=\"360\">Apm\u0113ram 0,2 kW<\/td>\n<\/tr>\n<tr>\n<td width=\"264\">Svars<\/td>\n<td width=\"360\">180 - 240 kg<\/td>\n<\/tr>\n<\/tbody>\n<\/table>\t\t\t\t\t\t\t\t<\/div>\n\t\t\t\t<\/div>\n\t\t\t\t\t<\/div>\n\t\t<\/div>\n\t\t\t\t\t<\/div>\n\t\t<\/section>\n\t\t\t\t<section class=\"elementor-section elementor-top-section elementor-element elementor-element-fa133b2 elementor-section-boxed elementor-section-height-default elementor-section-height-default\" data-id=\"fa133b2\" data-element_type=\"section\" data-e-type=\"section\">\n\t\t\t\t\t\t<div class=\"elementor-container elementor-column-gap-default\">\n\t\t\t\t\t<div class=\"elementor-column elementor-col-50 elementor-top-column elementor-element elementor-element-255355e\" data-id=\"255355e\" data-element_type=\"column\" data-e-type=\"column\">\n\t\t\t<div class=\"elementor-widget-wrap elementor-element-populated\">\n\t\t\t\t\t\t<div class=\"elementor-element elementor-element-f4bd26f btn-position-bottom elementor-widget elementor-widget-razzi-image-button\" data-id=\"f4bd26f\" data-element_type=\"widget\" data-e-type=\"widget\" data-widget_type=\"razzi-image-button.default\">\n\t\t\t\t<div class=\"elementor-widget-container\">\n\t\t\t\t\t<div class=\"razzi-image-button\"><img fetchpriority=\"high\" decoding=\"async\" width=\"1063\" height=\"824\" src=\"https:\/\/packstera.lt\/wp-content\/uploads\/2020\/06\/rommosca.jpg\" class=\"attachment-full size-full wp-image-15260\" alt=\"\" \/><a href=\"http:\/\/packstera.lt\/wp-content\/uploads\/2023\/01\/EN_RO-M_FUSION_09-2022.pdf\" target=\"_blank\" rel=\"nofollow\" class=\"razzi-image-button__link\"><\/a><a href=\"http:\/\/packstera.lt\/wp-content\/uploads\/2023\/01\/EN_RO-M_FUSION_09-2022.pdf\" target=\"_blank\" rel=\"nofollow\" class=\"razzi-image-button__position razzi-image-button__button\">Ra\u017eot\u0101ja apraksts <span class=\"razzi-svg-icon\"><svg aria-hidden=\"true\" role=\"img\" focusable=\"false\" xmlns=\"http:\/\/www.w3.org\/2000\/svg\" width=\"24\" height=\"24\" viewbox=\"0 0 24 24\" fill=\"none\" stroke=\"currentColor\" stroke-width=\"2\" stroke-linecap=\"round\" stroke-linejoin=\"round\"><line x1=\"0\" y1=\"12\" x2=\"19\" y2=\"12\"><\/line><polyline points=\"12 5 19 12 12 19\"><\/polyline><\/svg><\/span><\/a><\/div>\t\t\t\t<\/div>\n\t\t\t\t<\/div>\n\t\t\t\t\t<\/div>\n\t\t<\/div>\n\t\t\t\t<div class=\"elementor-column elementor-col-50 elementor-top-column elementor-element elementor-element-a3d3006\" data-id=\"a3d3006\" data-element_type=\"column\" data-e-type=\"column\">\n\t\t\t<div class=\"elementor-widget-wrap\">\n\t\t\t\t\t\t\t<\/div>\n\t\t<\/div>\n\t\t\t\t\t<\/div>\n\t\t<\/section>\n\t\t\t\t<\/div>","protected":false},"excerpt":{"rendered":"<ul>\n<li>Termostatiski kontrol\u0113ta sald\u0113\u0161anas sist\u0113ma<\/li>\n<li>Ilgs kalpo\u0161anas l\u012bdzstr\u0101vas piedzi\u0146as, bezsuku motora tehnolo\u0123ija<\/li>\n<li>Lentes atlikumu noteik\u0161anas un no\u0146em\u0161anas sist\u0113ma<\/li>\n<li>Vienk\u0101r\u0161a ru\u013c\u013cu mai\u0146a un autom\u0101tiska lentes iekrau\u0161anas sist\u0113ma<\/li>\n<li>Autom\u0101tiska lentes cilpas izstum\u0161ana, kad tiek veikts iesie\u0161anas cikls bez izstr\u0101d\u0101juma<\/li>\n<li>Vad\u012bbas pane\u013ca groz\u0101m\u012bba 90\u00b0 - 0\u00b0 - 90\u00b0<\/li>\n<li>Sl\u0113dzis ir paredz\u0113ts \u013coti v\u0101jai \u013coti smalku iepakojumu iesie\u0161anai<\/li>\n<li>Lentes spriegojuma stiprumu regul\u0113 potenciometrs<\/li>\n<li>Ener\u0123ijas taup\u012b\u0161anas piedzi\u0146as<\/li>\n<li>Elektronisk\u0101 vad\u012bba<\/li>\n<li>Galda priek\u0161puse ir pacelta<\/li>\n<li>Ciets ped\u0101lis cikla palai\u0161anai<\/li>\n<li>Struktur\u0101l\u0101 kr\u0101sa RAL 5010, (Gentian blue)<\/li>\n<li>Galda virsmas garums ir 600 mm, alternat\u012bvi 700 vai 800 mm<\/li>\n<li>CE mar\u0137\u0113jums ar atbilst\u012bbas deklar\u0101ciju<\/li>\n<\/ul>","protected":false},"featured_media":14508,"template":"","meta":[],"product_cat":[767,578],"product_tag":[717],"class_list":{"0":"post-13132","1":"product","2":"type-product","3":"status-publish","4":"has-post-thumbnail","6":"product_brand-mosca","7":"product_cat-pakavimo-irangos-nuoma","8":"product_cat-automatinis-aprisimo-irenginys","9":"product_tag-logistika","11":"first","12":"instock","13":"shipping-taxable","14":"product-type-simple"},"_links":{"self":[{"href":"https:\/\/packstera.lt\/lv\/wp-json\/wp\/v2\/product\/13132","targetHints":{"allow":["GET"]}}],"collection":[{"href":"https:\/\/packstera.lt\/lv\/wp-json\/wp\/v2\/product"}],"about":[{"href":"https:\/\/packstera.lt\/lv\/wp-json\/wp\/v2\/types\/product"}],"version-history":[{"count":16,"href":"https:\/\/packstera.lt\/lv\/wp-json\/wp\/v2\/product\/13132\/revisions"}],"predecessor-version":[{"id":17035,"href":"https:\/\/packstera.lt\/lv\/wp-json\/wp\/v2\/product\/13132\/revisions\/17035"}],"wp:featuredmedia":[{"embeddable":true,"href":"https:\/\/packstera.lt\/lv\/wp-json\/wp\/v2\/media\/14508"}],"wp:attachment":[{"href":"https:\/\/packstera.lt\/lv\/wp-json\/wp\/v2\/media?parent=13132"}],"wp:term":[{"taxonomy":"product_cat","embeddable":true,"href":"https:\/\/packstera.lt\/lv\/wp-json\/wp\/v2\/product_cat?post=13132"},{"taxonomy":"product_tag","embeddable":true,"href":"https:\/\/packstera.lt\/lv\/wp-json\/wp\/v2\/product_tag?post=13132"}],"curies":[{"name":"wp","href":"https:\/\/api.w.org\/{rel}","templated":true}]}}