{"id":13133,"date":"2024-09-18T11:11:52","date_gmt":"2024-09-18T08:11:52","guid":{"rendered":"http:\/\/packstera.lt\/p\/manual-strapping-machine\/"},"modified":"2024-09-20T15:48:01","modified_gmt":"2024-09-20T12:48:01","slug":"pusautomatiska-ierice-pp-lentes-riksosanai","status":"publish","type":"product","link":"https:\/\/packstera.lt\/lv\/p\/pusiau-automatinis-risimo-pp-juosta-irenginys\/","title":{"rendered":"Pusautom\u0101tiska ier\u012bce PP lentes piesie\u0161anai"},"content":{"rendered":"<div data-elementor-type=\"wp-post\" data-elementor-id=\"13133\" class=\"elementor elementor-13133\">\n\t\t\t\t\t\t<section class=\"elementor-section elementor-top-section elementor-element elementor-element-7d808f7b elementor-section-boxed elementor-section-height-default elementor-section-height-default\" data-id=\"7d808f7b\" data-element_type=\"section\" data-e-type=\"section\">\n\t\t\t\t\t\t<div class=\"elementor-container elementor-column-gap-default\">\n\t\t\t\t\t<div class=\"elementor-column elementor-col-100 elementor-top-column elementor-element elementor-element-3d64f57c\" data-id=\"3d64f57c\" data-element_type=\"column\" data-e-type=\"column\">\n\t\t\t<div class=\"elementor-widget-wrap elementor-element-populated\">\n\t\t\t\t\t\t<div class=\"elementor-element elementor-element-757103ca elementor-widget elementor-widget-text-editor\" data-id=\"757103ca\" data-element_type=\"widget\" data-e-type=\"widget\" data-widget_type=\"text-editor.default\">\n\t\t\t\t<div class=\"elementor-widget-container\">\n\t\t\t\t\t\t\t\t\t<table>\n<tbody>\n<tr>\n<td width=\"246\">Performance<\/td>\n<td width=\"378\">Atkar\u012bgs no operatora<\/td>\n<\/tr>\n<tr>\n<td width=\"246\">Darba galda virsmas izm\u0113ri<\/td>\n<td width=\"378\">980 x 540 mm<\/td>\n<\/tr>\n<tr>\n<td width=\"246\">Darba augstums<\/td>\n<td width=\"378\">820 - 900 mm<\/td>\n<\/tr>\n<tr>\n<td width=\"246\">Tiek izmantotas lentes<\/td>\n<td width=\"378\">\n<p>5, 8 vai 12 mm plata PP lente; Ier\u012bce ir paredz\u0113ta vienam no min\u0113tajiem joslas platumiem;<\/p>\n<p>Biezums no 0,40 - 0,80 mm<\/p>\n<\/td>\n<\/tr>\n<tr>\n<td width=\"246\">Lentes ru\u013c\u013cu dozators<\/td>\n<td width=\"378\">\n<p>Ru\u013c\u013ca iek\u0161\u0113jais diametrs: 200 mm;<\/p>\n<p>Ru\u013c\u013ca platums: 190 mm<\/p>\n<\/td>\n<\/tr>\n<tr>\n<td width=\"246\">bar\u012bba<\/td>\n<td width=\"378\">\n<p>Spriegums: 100 - 230 V, 50\/60 Hz, 1 Ph;<\/p>\n<p>Ener\u0123ijas pat\u0113ri\u0146\u0161: 0,12 kW<\/p>\n<\/td>\n<\/tr>\n<tr>\n<td width=\"246\">Svars<\/td>\n<td width=\"378\">120 kg<\/td>\n<\/tr>\n<\/tbody>\n<\/table>\n<p>&nbsp;<\/p>\t\t\t\t\t\t\t\t<\/div>\n\t\t\t\t<\/div>\n\t\t\t\t\t<\/div>\n\t\t<\/div>\n\t\t\t\t\t<\/div>\n\t\t<\/section>\n\t\t\t\t<section class=\"elementor-section elementor-top-section elementor-element elementor-element-ced1122 elementor-section-boxed elementor-section-height-default elementor-section-height-default\" data-id=\"ced1122\" data-element_type=\"section\" data-e-type=\"section\">\n\t\t\t\t\t\t<div class=\"elementor-container elementor-column-gap-default\">\n\t\t\t\t\t<div class=\"elementor-column elementor-col-50 elementor-top-column elementor-element elementor-element-846912b\" data-id=\"846912b\" data-element_type=\"column\" data-e-type=\"column\">\n\t\t\t<div class=\"elementor-widget-wrap elementor-element-populated\">\n\t\t\t\t\t\t<div class=\"elementor-element elementor-element-ea982be btn-position-bottom elementor-widget elementor-widget-razzi-image-button\" data-id=\"ea982be\" data-element_type=\"widget\" data-e-type=\"widget\" data-widget_type=\"razzi-image-button.default\">\n\t\t\t\t<div class=\"elementor-widget-container\">\n\t\t\t\t\t<div class=\"razzi-image-button\"><img fetchpriority=\"high\" decoding=\"async\" width=\"1200\" height=\"867\" src=\"https:\/\/packstera.lt\/wp-content\/uploads\/2020\/06\/2022_10_MO-M-8.jpg\" class=\"attachment-full size-full wp-image-15248\" alt=\"\" \/><a href=\"http:\/\/packstera.lt\/wp-content\/uploads\/2022\/12\/EN_MO-M-8_09-2022.pdf\" target=\"_blank\" rel=\"nofollow\" class=\"razzi-image-button__link\"><\/a><a href=\"http:\/\/packstera.lt\/wp-content\/uploads\/2022\/12\/EN_MO-M-8_09-2022.pdf\" target=\"_blank\" rel=\"nofollow\" class=\"razzi-image-button__position razzi-image-button__button\">Ra\u017eot\u0101ja apraksts <span class=\"razzi-svg-icon\"><svg aria-hidden=\"true\" role=\"img\" focusable=\"false\" xmlns=\"http:\/\/www.w3.org\/2000\/svg\" width=\"24\" height=\"24\" viewbox=\"0 0 24 24\" fill=\"none\" stroke=\"currentColor\" stroke-width=\"2\" stroke-linecap=\"round\" stroke-linejoin=\"round\"><line x1=\"0\" y1=\"12\" x2=\"19\" y2=\"12\"><\/line><polyline points=\"12 5 19 12 12 19\"><\/polyline><\/svg><\/span><\/a><\/div>\t\t\t\t<\/div>\n\t\t\t\t<\/div>\n\t\t\t\t\t<\/div>\n\t\t<\/div>\n\t\t\t\t<div class=\"elementor-column elementor-col-50 elementor-top-column elementor-element elementor-element-5ec6d9c\" data-id=\"5ec6d9c\" data-element_type=\"column\" data-e-type=\"column\">\n\t\t\t<div class=\"elementor-widget-wrap\">\n\t\t\t\t\t\t\t<\/div>\n\t\t<\/div>\n\t\t\t\t\t<\/div>\n\t\t<\/section>\n\t\t\t\t<\/div>","protected":false},"excerpt":{"rendered":"<h4><strong>Modelis MO-M-8<\/strong><\/h4>\n<ul>\n<li>Termostatiski kontrol\u0113ta sasald\u0113\u0161ana<\/li>\n<li>Ilgm\u016b\u017e\u012bgi l\u012bdzstr\u0101vas piedzi\u0146as ar integr\u0113tu elektroniku<\/li>\n<li>Viegla ru\u013c\u013cu mai\u0146a un uzpildes sist\u0113ma<\/li>\n<li>Samazin\u0101ts spriedzes l\u012bmenis &quot;jut\u012bgajiem&quot; iepakojumiem<\/li>\n<li>Lentes spriegojuma stiprumu regul\u0113 potenciometrs<\/li>\n<li>Ener\u0123ijas taup\u012b\u0161anas piedzi\u0146as<\/li>\n<li>Elektronisk\u0101 vad\u012bba<\/li>\n<li>Pace\u013cam\u0101 galda virsma ir izgatavota no ner\u016bs\u0113jo\u0161\u0101 t\u0113rauda<\/li>\n<li>4 rite\u0146i, 2 no tiem ar bremz\u0113m<\/li>\n<li>Struktur\u0101l\u0101 kr\u0101sa RAL 5010, (Gentian blue)<\/li>\n<li>Produkta iesai\u0146o\u0161anai nepiecie\u0161am\u0101 lentes daudzuma regul\u0113\u0161ana ar potenciometru<\/li>\n<li>Kluss dro\u0161in\u0101t\u0101ju komplekts<\/li>\n<li>Iepakojuma platums min. 80 mm<\/li>\n<\/ul>","protected":false},"featured_media":14515,"template":"","meta":[],"product_cat":[583],"product_tag":[715],"class_list":{"0":"post-13133","1":"product","2":"type-product","3":"status-publish","4":"has-post-thumbnail","6":"product_brand-mosca","7":"product_cat-pusiau-automatinis-risimo-irenginys","8":"product_tag-popieriaus","10":"first","11":"instock","12":"shipping-taxable","13":"product-type-simple"},"_links":{"self":[{"href":"https:\/\/packstera.lt\/lv\/wp-json\/wp\/v2\/product\/13133","targetHints":{"allow":["GET"]}}],"collection":[{"href":"https:\/\/packstera.lt\/lv\/wp-json\/wp\/v2\/product"}],"about":[{"href":"https:\/\/packstera.lt\/lv\/wp-json\/wp\/v2\/types\/product"}],"version-history":[{"count":14,"href":"https:\/\/packstera.lt\/lv\/wp-json\/wp\/v2\/product\/13133\/revisions"}],"predecessor-version":[{"id":15324,"href":"https:\/\/packstera.lt\/lv\/wp-json\/wp\/v2\/product\/13133\/revisions\/15324"}],"wp:featuredmedia":[{"embeddable":true,"href":"https:\/\/packstera.lt\/lv\/wp-json\/wp\/v2\/media\/14515"}],"wp:attachment":[{"href":"https:\/\/packstera.lt\/lv\/wp-json\/wp\/v2\/media?parent=13133"}],"wp:term":[{"taxonomy":"product_cat","embeddable":true,"href":"https:\/\/packstera.lt\/lv\/wp-json\/wp\/v2\/product_cat?post=13133"},{"taxonomy":"product_tag","embeddable":true,"href":"https:\/\/packstera.lt\/lv\/wp-json\/wp\/v2\/product_tag?post=13133"}],"curies":[{"name":"wp","href":"https:\/\/api.w.org\/{rel}","templated":true}]}}