{"id":13134,"date":"2024-09-19T11:04:34","date_gmt":"2024-09-19T08:04:34","guid":{"rendered":"http:\/\/packstera.lt\/p\/battery-powered-cord-strap-tensioner\/"},"modified":"2025-05-06T10:09:15","modified_gmt":"2025-05-06T07:09:15","slug":"ar-akumulatoru-darbinams-kombinetais-jostas-atrumpardevejs-zapak","status":"publish","type":"product","link":"https:\/\/packstera.lt\/lv\/p\/akumuliatorinis-kombinuotos-juostos-itempejas-zapak\/","title":{"rendered":"Bezvada kombin\u0113tais jostas spriegot\u0101js"},"content":{"rendered":"<div data-elementor-type=\"wp-post\" data-elementor-id=\"13134\" class=\"elementor elementor-13134\">\n\t\t\t\t\t\t<section class=\"elementor-section elementor-top-section elementor-element elementor-element-e459bca elementor-section-boxed elementor-section-height-default elementor-section-height-default\" data-id=\"e459bca\" data-element_type=\"section\" data-e-type=\"section\">\n\t\t\t\t\t\t<div class=\"elementor-container elementor-column-gap-default\">\n\t\t\t\t\t<div class=\"elementor-column elementor-col-66 elementor-top-column elementor-element elementor-element-0d40794\" data-id=\"0d40794\" data-element_type=\"column\" data-e-type=\"column\">\n\t\t\t<div class=\"elementor-widget-wrap elementor-element-populated\">\n\t\t\t\t\t\t<div class=\"elementor-element elementor-element-553c5d9 elementor-widget elementor-widget-video\" data-id=\"553c5d9\" data-element_type=\"widget\" data-e-type=\"widget\" data-settings=\"{&quot;youtube_url&quot;:&quot;https:\\\/\\\/www.youtube.com\\\/watch?v=7iC24e4ICzE&amp;ab_channel=PacksteraProducts&quot;,&quot;video_type&quot;:&quot;youtube&quot;,&quot;controls&quot;:&quot;yes&quot;}\" data-widget_type=\"video.default\">\n\t\t\t\t<div class=\"elementor-widget-container\">\n\t\t\t\t\t\t\t<div class=\"elementor-wrapper elementor-open-inline\">\n\t\t\t<div class=\"elementor-video\"><\/div>\t\t<\/div>\n\t\t\t\t\t\t<\/div>\n\t\t\t\t<\/div>\n\t\t\t\t\t<\/div>\n\t\t<\/div>\n\t\t\t\t<div class=\"elementor-column elementor-col-33 elementor-top-column elementor-element elementor-element-bc835d2\" data-id=\"bc835d2\" data-element_type=\"column\" data-e-type=\"column\">\n\t\t\t<div class=\"elementor-widget-wrap elementor-element-populated\">\n\t\t\t\t\t\t<div class=\"elementor-element elementor-element-2376ab7 btn-position-bottom elementor-widget elementor-widget-razzi-image-button\" data-id=\"2376ab7\" data-element_type=\"widget\" data-e-type=\"widget\" data-widget_type=\"razzi-image-button.default\">\n\t\t\t\t<div class=\"elementor-widget-container\">\n\t\t\t\t\t<div class=\"razzi-image-button\"><img fetchpriority=\"high\" decoding=\"async\" width=\"501\" height=\"328\" src=\"https:\/\/packstera.lt\/wp-content\/uploads\/2023\/01\/04b.jpg\" class=\"attachment-full size-full wp-image-15232\" alt=\"\" srcset=\"https:\/\/packstera.lt\/wp-content\/uploads\/2023\/01\/04b.jpg 501w, https:\/\/packstera.lt\/wp-content\/uploads\/2023\/01\/04b-300x196.jpg 300w, https:\/\/packstera.lt\/wp-content\/uploads\/2023\/01\/04b-18x12.jpg 18w, https:\/\/packstera.lt\/wp-content\/uploads\/2023\/01\/04b-130x85.jpg 130w\" sizes=\"(max-width: 501px) 100vw, 501px\" \/><a href=\"http:\/\/packstera.lt\/wp-content\/uploads\/2023\/01\/ZP-CT32A-leaflet.pdf\" target=\"_blank\" rel=\"nofollow\" class=\"razzi-image-button__link\"><\/a><a href=\"http:\/\/packstera.lt\/wp-content\/uploads\/2023\/01\/ZP-CT32A-leaflet.pdf\" target=\"_blank\" rel=\"nofollow\" class=\"razzi-image-button__position razzi-image-button__button\">Ra\u017eot\u0101ja apraksts <span class=\"razzi-svg-icon\"><svg aria-hidden=\"true\" role=\"img\" focusable=\"false\" xmlns=\"http:\/\/www.w3.org\/2000\/svg\" width=\"24\" height=\"24\" viewbox=\"0 0 24 24\" fill=\"none\" stroke=\"currentColor\" stroke-width=\"2\" stroke-linecap=\"round\" stroke-linejoin=\"round\"><line x1=\"0\" y1=\"12\" x2=\"19\" y2=\"12\"><\/line><polyline points=\"12 5 19 12 12 19\"><\/polyline><\/svg><\/span><\/a><\/div>\t\t\t\t<\/div>\n\t\t\t\t<\/div>\n\t\t\t\t\t<\/div>\n\t\t<\/div>\n\t\t\t\t\t<\/div>\n\t\t<\/section>\n\t\t\t\t<\/div>","protected":false},"excerpt":{"rendered":"<p>Akumuliatorinis kombinuotos (kompozitin\u0117s ir austin\u0117s) juostos \u012ftemp\u0117jas ZAPAK ZP-CT32A sukurtas siekiant i\u0161spr\u0119sti j\u016bs\u0173 \u012ftempimo poreikius tiek kompozicin\u0117ms, tiek austoms ri\u0161imo juostoms, kuri\u0173 plotis svyruoja nuo 19 iki 32 mm. ZP-CT32A yra ergonomi\u0161kas ir patogus naudoti, tod\u0117l j\u016bs\u0173 juostos bus \u012ftempiamos lengvai ir efektyviai!<\/p>\n<p>T\u0101pat k\u0101 visi ZAPAK siju spriegot\u0101ji, ar\u012b siksnas spriegot\u0101js ZP-CT32A ir integr\u0113ts ar vis\u0101m ZAPAK specializ\u0113to tehnolo\u0123iju priek\u0161roc\u012bb\u0101m.<\/p>\n<ul>\n<li>Zapak mode\u013ca ZP-CT32A maksim\u0101lais spriego\u0161anas sp\u0113ks 800 daN kompoz\u012btmateri\u0101lu un aust\u0101m lent\u0113m<\/li>\n<li>\u00a0Bezsuku motors<\/li>\n<li>Bosch 18V Li-lon akumulators 4.0Ah<\/li>\n<li>Iepriek\u0161 programm\u0113jams vad\u012bbas panelis<\/li>\n<li>\u0100tr\u0101 atpaka\u013cgaitas poga (QRB) ir paredz\u0113ta \u0101trai instrumenta no\u0146em\u0161anai<\/li>\n<li>Ciets korpuss<\/li>\n<li>Grie\u0161anas svira \u0113rtai grie\u0161anai gan kompoz\u012btmateri\u0101lu, gan austu stiep\u013cu instal\u0101cij\u0101s<\/li>\n<li>Instrumentu maci\u0146\u0161 \u0113rtai lieto\u0161anai<\/li>\n<\/ul>\n<div id=\"gtx-trans\" style=\"position: absolute; left: 508px; top: 37px;\">\n<div class=\"gtx-trans-icon\"><\/div>\n<\/div>","protected":false},"featured_media":15193,"template":"","meta":[],"product_cat":[577],"product_tag":[],"class_list":{"0":"post-13134","1":"product","2":"type-product","3":"status-publish","4":"has-post-thumbnail","6":"product_cat-akumuliatoriniai-rankiniai-risimo-irankiai","8":"first","9":"instock","10":"shipping-taxable","11":"product-type-simple"},"_links":{"self":[{"href":"https:\/\/packstera.lt\/lv\/wp-json\/wp\/v2\/product\/13134","targetHints":{"allow":["GET"]}}],"collection":[{"href":"https:\/\/packstera.lt\/lv\/wp-json\/wp\/v2\/product"}],"about":[{"href":"https:\/\/packstera.lt\/lv\/wp-json\/wp\/v2\/types\/product"}],"version-history":[{"count":22,"href":"https:\/\/packstera.lt\/lv\/wp-json\/wp\/v2\/product\/13134\/revisions"}],"predecessor-version":[{"id":17321,"href":"https:\/\/packstera.lt\/lv\/wp-json\/wp\/v2\/product\/13134\/revisions\/17321"}],"wp:featuredmedia":[{"embeddable":true,"href":"https:\/\/packstera.lt\/lv\/wp-json\/wp\/v2\/media\/15193"}],"wp:attachment":[{"href":"https:\/\/packstera.lt\/lv\/wp-json\/wp\/v2\/media?parent=13134"}],"wp:term":[{"taxonomy":"product_cat","embeddable":true,"href":"https:\/\/packstera.lt\/lv\/wp-json\/wp\/v2\/product_cat?post=13134"},{"taxonomy":"product_tag","embeddable":true,"href":"https:\/\/packstera.lt\/lv\/wp-json\/wp\/v2\/product_tag?post=13134"}],"curies":[{"name":"wp","href":"https:\/\/api.w.org\/{rel}","templated":true}]}}