{"id":13135,"date":"2024-09-20T00:49:03","date_gmt":"2024-09-19T21:49:03","guid":{"rendered":"http:\/\/packstera.lt\/p\/battery-powered-automatic-strapping-tool-pppet\/"},"modified":"2025-05-06T14:06:43","modified_gmt":"2025-05-06T11:06:43","slug":"zapak-bezvadu-atsketinasanas-riks","status":"publish","type":"product","link":"https:\/\/packstera.lt\/lv\/p\/zapak-akumuliatorinis-risimo-irankis\/","title":{"rendered":"ZAPAK bezvadu siksnu r\u012bks"},"content":{"rendered":"<div data-elementor-type=\"wp-post\" data-elementor-id=\"13135\" class=\"elementor elementor-13135\">\n\t\t\t\t\t\t<section class=\"elementor-section elementor-top-section elementor-element elementor-element-33da29a6 elementor-section-boxed elementor-section-height-default elementor-section-height-default\" data-id=\"33da29a6\" data-element_type=\"section\" data-e-type=\"section\">\n\t\t\t\t\t\t<div class=\"elementor-container elementor-column-gap-default\">\n\t\t\t\t\t<div class=\"elementor-column elementor-col-100 elementor-top-column elementor-element elementor-element-6141dece\" data-id=\"6141dece\" data-element_type=\"column\" data-e-type=\"column\">\n\t\t\t<div class=\"elementor-widget-wrap elementor-element-populated\">\n\t\t\t\t\t\t<div class=\"elementor-element elementor-element-212796f1 elementor-widget elementor-widget-text-editor\" data-id=\"212796f1\" data-element_type=\"widget\" data-e-type=\"widget\" data-widget_type=\"text-editor.default\">\n\t\t\t\t<div class=\"elementor-widget-container\">\n\t\t\t\t\t\t\t\t\t<table>\r\n<tbody>\r\n<tr>\r\n<td width=\"186\">&nbsp;<\/td>\r\n<td width=\"144\">ZP90<\/td>\r\n<td width=\"150\">ZP93<\/td>\r\n<td width=\"144\">ZP97<\/td>\r\n<\/tr>\r\n<tr>\r\n<td width=\"186\">Jostas spriegojuma sp\u0113ks<\/td>\r\n<td width=\"144\">150\u20131200\u00a0N<\/td>\r\n<td width=\"150\">250\u20132500\u00a0N<\/td>\r\n<td width=\"144\">400\u20134000\u00a0N<\/td>\r\n<\/tr>\r\n<tr>\r\n<td width=\"186\">Joslas platums<\/td>\r\n<td width=\"144\">9 - 13 mm<\/td>\r\n<td width=\"150\">12 - 16 mm<\/td>\r\n<td width=\"144\">16 - 19 mm<\/td>\r\n<\/tr>\r\n<tr>\r\n<td width=\"186\">Lentes biezums<\/td>\r\n<td width=\"144\">0,50 - 0,85 mm<\/td>\r\n<td width=\"150\">0,65 - 1,05 mm<\/td>\r\n<td width=\"144\">0,70 - 1,05 mm<\/td>\r\n<\/tr>\r\n<tr>\r\n<td width=\"186\">Kodolsint\u0113zes veids<\/td>\r\n<td colspan=\"3\" width=\"438\">Berzes<\/td>\r\n<\/tr>\r\n<tr>\r\n<td width=\"186\">Kaus\u0113\u0161anas laika piel\u0101go\u0161ana<\/td>\r\n<td colspan=\"3\" width=\"438\">0,3\u20133,0 sekundes<\/td>\r\n<\/tr>\r\n<tr>\r\n<td width=\"186\">Stresa re\u017e\u012bmi<\/td>\r\n<td colspan=\"3\" width=\"438\">Regul\u0113jams spriegums; Tr\u012bs re\u017e\u012bmi: PP, PET un SOFT.<\/td>\r\n<\/tr>\r\n<tr>\r\n<td width=\"186\">Dzin\u0113js<\/td>\r\n<td colspan=\"3\" width=\"438\">Bezsuku motors<\/td>\r\n<\/tr>\r\n<tr>\r\n<td width=\"186\">Vad\u012bba<\/td>\r\n<td colspan=\"3\" width=\"438\">Vad\u012bbas panelis ir integr\u0113ts ier\u012bc\u0113<\/td>\r\n<\/tr>\r\n<tr>\r\n<td width=\"186\">Ener\u0123ijas avots<\/td>\r\n<td colspan=\"3\" width=\"438\">Akumulators 18V; 4000 mAh; Li-Ion<\/td>\r\n<\/tr>\r\n<tr>\r\n<td width=\"186\">Akumulators<\/td>\r\n<td colspan=\"3\" width=\"438\">L\u012bdz 2000 slodz\u0113m; no 360 l\u012bdz 700 sait\u0113m uz vienu slodzi.<\/td>\r\n<\/tr>\r\n<tr>\r\n<td width=\"186\">Uzl\u0101des laiks<\/td>\r\n<td colspan=\"3\" width=\"438\">30 min\u016btes<\/td>\r\n<\/tr>\r\n<tr>\r\n<td width=\"186\">Svars<\/td>\r\n<td colspan=\"3\" width=\"438\">3,4 kg<\/td>\r\n<\/tr>\r\n<\/tbody>\r\n<\/table>\t\t\t\t\t\t\t\t<\/div>\n\t\t\t\t<\/div>\n\t\t\t\t\t<\/div>\n\t\t<\/div>\n\t\t\t\t\t<\/div>\n\t\t<\/section>\n\t\t\t\t<section class=\"elementor-section elementor-top-section elementor-element elementor-element-2372a53 elementor-section-boxed elementor-section-height-default elementor-section-height-default\" data-id=\"2372a53\" data-element_type=\"section\" data-e-type=\"section\">\n\t\t\t\t\t\t<div class=\"elementor-container elementor-column-gap-default\">\n\t\t\t\t\t<div class=\"elementor-column elementor-col-66 elementor-top-column elementor-element elementor-element-2c84608\" data-id=\"2c84608\" data-element_type=\"column\" data-e-type=\"column\">\n\t\t\t<div class=\"elementor-widget-wrap elementor-element-populated\">\n\t\t\t\t\t\t<div class=\"elementor-element elementor-element-d211931 elementor-widget elementor-widget-video\" data-id=\"d211931\" data-element_type=\"widget\" data-e-type=\"widget\" data-settings=\"{&quot;youtube_url&quot;:&quot;https:\\\/\\\/www.youtube.com\\\/watch?v=SBvI5P4Kee4&amp;ab_channel=PacksteraProducts&quot;,&quot;video_type&quot;:&quot;youtube&quot;,&quot;controls&quot;:&quot;yes&quot;}\" data-widget_type=\"video.default\">\n\t\t\t\t<div class=\"elementor-widget-container\">\n\t\t\t\t\t\t\t<div class=\"elementor-wrapper elementor-open-inline\">\n\t\t\t<div class=\"elementor-video\"><\/div>\t\t<\/div>\n\t\t\t\t\t\t<\/div>\n\t\t\t\t<\/div>\n\t\t\t\t\t<\/div>\n\t\t<\/div>\n\t\t\t\t<div class=\"elementor-column elementor-col-33 elementor-top-column elementor-element elementor-element-0afdff2\" data-id=\"0afdff2\" data-element_type=\"column\" data-e-type=\"column\">\n\t\t\t<div class=\"elementor-widget-wrap elementor-element-populated\">\n\t\t\t\t\t\t<div class=\"elementor-element elementor-element-f2042c6 btn-position-bottom elementor-widget elementor-widget-razzi-image-button\" data-id=\"f2042c6\" data-element_type=\"widget\" data-e-type=\"widget\" data-widget_type=\"razzi-image-button.default\">\n\t\t\t\t<div class=\"elementor-widget-container\">\n\t\t\t\t\t<div class=\"razzi-image-button\"><img fetchpriority=\"high\" decoding=\"async\" width=\"640\" height=\"640\" src=\"https:\/\/packstera.lt\/wp-content\/uploads\/2020\/06\/zap-rotated-768x768.jpg\" class=\"attachment-medium_large size-medium_large wp-image-15209\" alt=\"\" srcset=\"https:\/\/packstera.lt\/wp-content\/uploads\/2020\/06\/zap-rotated-768x768.jpg 768w, https:\/\/packstera.lt\/wp-content\/uploads\/2020\/06\/zap-rotated-600x600.jpg 600w, https:\/\/packstera.lt\/wp-content\/uploads\/2020\/06\/zap-rotated-150x150.jpg 150w, https:\/\/packstera.lt\/wp-content\/uploads\/2020\/06\/zap-rotated-300x300.jpg 300w, https:\/\/packstera.lt\/wp-content\/uploads\/2020\/06\/zap-rotated-1024x1024.jpg 1024w\" sizes=\"(max-width: 640px) 100vw, 640px\" \/><a href=\"http:\/\/packstera.lt\/wp-content\/uploads\/2023\/01\/zapak-inter-psl.pdf\" target=\"_blank\" rel=\"nofollow\" class=\"razzi-image-button__link\"><\/a><a href=\"http:\/\/packstera.lt\/wp-content\/uploads\/2023\/01\/zapak-inter-psl.pdf\" target=\"_blank\" rel=\"nofollow\" class=\"razzi-image-button__position razzi-image-button__button\">Ra\u017eot\u0101ja apraksts <span class=\"razzi-svg-icon\"><svg aria-hidden=\"true\" role=\"img\" focusable=\"false\" xmlns=\"http:\/\/www.w3.org\/2000\/svg\" width=\"24\" height=\"24\" viewbox=\"0 0 24 24\" fill=\"none\" stroke=\"currentColor\" stroke-width=\"2\" stroke-linecap=\"round\" stroke-linejoin=\"round\"><line x1=\"0\" y1=\"12\" x2=\"19\" y2=\"12\"><\/line><polyline points=\"12 5 19 12 12 19\"><\/polyline><\/svg><\/span><\/a><\/div>\t\t\t\t<\/div>\n\t\t\t\t<\/div>\n\t\t\t\t\t<\/div>\n\t\t<\/div>\n\t\t\t\t\t<\/div>\n\t\t<\/section>\n\t\t\t\t<\/div>","protected":false},"excerpt":{"rendered":"<p style=\"text-align: justify;\"><strong>ZAPAK bezvadu siksnu strop\u0113\u0161anas r\u012bks PP un PET siksn\u0101m<\/strong><\/p>\n<p style=\"text-align: justify;\">ZAPAK ir viens no vado\u0161ajiem rokas instrumentu ra\u017eot\u0101jiem. Bezvada autom\u0101tiskais lentes spriego\u0161anas, bl\u012bv\u0113\u0161anas un grie\u0161anas instruments ir \u0113rts un viegli lietojams. Tiek nodro\u0161in\u0101ta optim\u0101la lentes stiepes iztur\u012bba un lentes bl\u012bv\u0113juma uzticam\u012bba. Izmantojot ZAPAK, j\u016bs ietaup\u0101t sl\u0113dze\u0146u ieg\u0101des izmaksas un izvair\u0101ties no lentes atsl\u0101b\u0161anas kravas transport\u0113\u0161anas laik\u0101. Elektriskaj\u0101m da\u013c\u0101m ir 3 gadu garantija, kas nodro\u0161ina uzticam\u012bbu un iztur\u012bbu.<\/p>\n<p><strong>Pieg\u0101de Lietuv\u0101 1-2 dienas<\/strong><\/p>","protected":false},"featured_media":15256,"template":"","meta":[],"product_cat":[767,577],"product_tag":[],"class_list":{"0":"post-13135","1":"product","2":"type-product","3":"status-publish","4":"has-post-thumbnail","6":"product_cat-pakavimo-irangos-nuoma","7":"product_cat-akumuliatoriniai-rankiniai-risimo-irankiai","9":"first","10":"instock","11":"shipping-taxable","12":"product-type-simple"},"_links":{"self":[{"href":"https:\/\/packstera.lt\/lv\/wp-json\/wp\/v2\/product\/13135","targetHints":{"allow":["GET"]}}],"collection":[{"href":"https:\/\/packstera.lt\/lv\/wp-json\/wp\/v2\/product"}],"about":[{"href":"https:\/\/packstera.lt\/lv\/wp-json\/wp\/v2\/types\/product"}],"version-history":[{"count":21,"href":"https:\/\/packstera.lt\/lv\/wp-json\/wp\/v2\/product\/13135\/revisions"}],"predecessor-version":[{"id":17322,"href":"https:\/\/packstera.lt\/lv\/wp-json\/wp\/v2\/product\/13135\/revisions\/17322"}],"wp:featuredmedia":[{"embeddable":true,"href":"https:\/\/packstera.lt\/lv\/wp-json\/wp\/v2\/media\/15256"}],"wp:attachment":[{"href":"https:\/\/packstera.lt\/lv\/wp-json\/wp\/v2\/media?parent=13135"}],"wp:term":[{"taxonomy":"product_cat","embeddable":true,"href":"https:\/\/packstera.lt\/lv\/wp-json\/wp\/v2\/product_cat?post=13135"},{"taxonomy":"product_tag","embeddable":true,"href":"https:\/\/packstera.lt\/lv\/wp-json\/wp\/v2\/product_tag?post=13135"}],"curies":[{"name":"wp","href":"https:\/\/api.w.org\/{rel}","templated":true}]}}