{"id":13136,"date":"2024-09-15T00:34:39","date_gmt":"2024-09-14T21:34:39","guid":{"rendered":"http:\/\/packstera.lt\/p\/automatic-stainless-steel-strapping-machine\/"},"modified":"2024-09-20T15:51:33","modified_gmt":"2024-09-20T12:51:33","slug":"automatiska-nerusejosa-terauda-ierice","status":"publish","type":"product","link":"https:\/\/packstera.lt\/lv\/p\/automatinis-nerudijancio-plieno-irenginys\/","title":{"rendered":"Autom\u0101tiska ner\u016bs\u0113jo\u0161\u0101 t\u0113rauda iek\u0101rta"},"content":{"rendered":"<div data-elementor-type=\"wp-post\" data-elementor-id=\"13136\" class=\"elementor elementor-13136\">\n\t\t\t\t\t\t<section class=\"elementor-section elementor-top-section elementor-element elementor-element-4c571b48 elementor-section-boxed elementor-section-height-default elementor-section-height-default\" data-id=\"4c571b48\" data-element_type=\"section\" data-e-type=\"section\">\n\t\t\t\t\t\t<div class=\"elementor-container elementor-column-gap-default\">\n\t\t\t\t\t<div class=\"elementor-column elementor-col-100 elementor-top-column elementor-element elementor-element-646a2a38\" data-id=\"646a2a38\" data-element_type=\"column\" data-e-type=\"column\">\n\t\t\t<div class=\"elementor-widget-wrap elementor-element-populated\">\n\t\t\t\t\t\t<div class=\"elementor-element elementor-element-342ea125 elementor-widget elementor-widget-text-editor\" data-id=\"342ea125\" data-element_type=\"widget\" data-e-type=\"widget\" data-widget_type=\"text-editor.default\">\n\t\t\t\t<div class=\"elementor-widget-container\">\n\t\t\t\t\t\t\t\t\t<table>\r\n<tbody>\r\n<tr>\r\n<td width=\"312\">Performance<\/td>\r\n<td width=\"312\">L\u012bdz 50 cikliem\/min. izmantojot 5 mm siksnu<\/td>\r\n<\/tr>\r\n<tr>\r\n<td width=\"312\">Tiek izmantotas lentes<\/td>\r\n<td width=\"312\">Standarta komplekt\u0101cij\u0101 PP lentes: platums 5 - 12 mm, biezums 0,4 - 0,63 mm; Apr\u012bkojums ir piel\u0101gots vienam no min\u0113tajiem joslu platumiem.<\/td>\r\n<\/tr>\r\n<tr>\r\n<td width=\"312\">Lentes ru\u013c\u013cu dozators<\/td>\r\n<td width=\"312\">Ru\u013c\u013ca iek\u0161\u0113jais diametrs: 200 mm; Ru\u013c\u013ca platums: 190 mm; Maks. \u0101r\u0113jais diametrs: 430 mm<\/td>\r\n<\/tr>\r\n<tr>\r\n<td width=\"312\">bar\u012bba<\/td>\r\n<td width=\"312\">Spriegums: 100-240V, 50\/60 Hz, 1L+N+PE; Ener\u0123ijas pat\u0113ri\u0146\u0161: apm. 0,2 kW<\/td>\r\n<\/tr>\r\n<tr>\r\n<td width=\"312\">Svars<\/td>\r\n<td width=\"312\">200 kg<\/td>\r\n<\/tr>\r\n<tr>\r\n<td width=\"312\">Loka izm\u0113rs<\/td>\r\n<td width=\"312\">600\u00a0x\u00a0600\u00a0mm (PxH)<\/td>\r\n<\/tr>\r\n<tr>\r\n<td width=\"312\">Darba augstums<\/td>\r\n<td width=\"312\">820 mm l\u012bdz 925 mm; 730 mm l\u012bdz 835 mm (p\u0113c izv\u0113les zem\u0101ks darba augstums); 820 mm l\u012bdz 1025 mm (p\u0113c izv\u0113les palielin\u0101ts darba augstums)<\/td>\r\n<\/tr>\r\n<\/tbody>\r\n<\/table>\r\n&nbsp;\t\t\t\t\t\t\t\t<\/div>\n\t\t\t\t<\/div>\n\t\t\t\t\t<\/div>\n\t\t<\/div>\n\t\t\t\t\t<\/div>\n\t\t<\/section>\n\t\t\t\t<section class=\"elementor-section elementor-top-section elementor-element elementor-element-d1541e7 elementor-section-boxed elementor-section-height-default elementor-section-height-default\" data-id=\"d1541e7\" data-element_type=\"section\" data-e-type=\"section\">\n\t\t\t\t\t\t<div class=\"elementor-container elementor-column-gap-default\">\n\t\t\t\t\t<div class=\"elementor-column elementor-col-66 elementor-top-column elementor-element elementor-element-add01f7\" data-id=\"add01f7\" data-element_type=\"column\" data-e-type=\"column\">\n\t\t\t<div class=\"elementor-widget-wrap elementor-element-populated\">\n\t\t\t\t\t\t<div class=\"elementor-element elementor-element-92d6f04 elementor-widget elementor-widget-video\" data-id=\"92d6f04\" data-element_type=\"widget\" data-e-type=\"widget\" data-settings=\"{&quot;youtube_url&quot;:&quot;https:\\\/\\\/www.youtube.com\\\/watch?v=B2vQSTeWONg&amp;ab_channel=MOSCAGmbH&quot;,&quot;video_type&quot;:&quot;youtube&quot;,&quot;controls&quot;:&quot;yes&quot;}\" data-widget_type=\"video.default\">\n\t\t\t\t<div class=\"elementor-widget-container\">\n\t\t\t\t\t\t\t<div class=\"elementor-wrapper elementor-open-inline\">\n\t\t\t<div class=\"elementor-video\"><\/div>\t\t<\/div>\n\t\t\t\t\t\t<\/div>\n\t\t\t\t<\/div>\n\t\t\t\t\t<\/div>\n\t\t<\/div>\n\t\t\t\t<div class=\"elementor-column elementor-col-33 elementor-top-column elementor-element elementor-element-cb6cbde\" data-id=\"cb6cbde\" data-element_type=\"column\" data-e-type=\"column\">\n\t\t\t<div class=\"elementor-widget-wrap elementor-element-populated\">\n\t\t\t\t\t\t<div class=\"elementor-element elementor-element-3dfe6a9 btn-position-bottom elementor-widget elementor-widget-razzi-image-button\" data-id=\"3dfe6a9\" data-element_type=\"widget\" data-e-type=\"widget\" data-widget_type=\"razzi-image-button.default\">\n\t\t\t\t<div class=\"elementor-widget-container\">\n\t\t\t\t\t<div class=\"razzi-image-button\"><img fetchpriority=\"high\" decoding=\"async\" width=\"583\" height=\"779\" src=\"https:\/\/packstera.lt\/wp-content\/uploads\/2023\/01\/asdmosca.jpg\" class=\"attachment-full size-full wp-image-15327\" alt=\"\" srcset=\"https:\/\/packstera.lt\/wp-content\/uploads\/2023\/01\/asdmosca.jpg 583w, https:\/\/packstera.lt\/wp-content\/uploads\/2023\/01\/asdmosca-225x300.jpg 225w, https:\/\/packstera.lt\/wp-content\/uploads\/2023\/01\/asdmosca-9x12.jpg 9w, https:\/\/packstera.lt\/wp-content\/uploads\/2023\/01\/asdmosca-382x511.jpg 382w, https:\/\/packstera.lt\/wp-content\/uploads\/2023\/01\/asdmosca-449x600.jpg 449w, https:\/\/packstera.lt\/wp-content\/uploads\/2023\/01\/asdmosca-88x117.jpg 88w\" sizes=\"(max-width: 583px) 100vw, 583px\" \/><a href=\"http:\/\/packstera.lt\/wp-content\/uploads\/2023\/01\/E_SONIXS_EVOL_MP-6_T-VA_20_03_20.pdf\" target=\"_blank\" rel=\"nofollow\" class=\"razzi-image-button__link\"><\/a><a href=\"http:\/\/packstera.lt\/wp-content\/uploads\/2023\/01\/E_SONIXS_EVOL_MP-6_T-VA_20_03_20.pdf\" target=\"_blank\" rel=\"nofollow\" class=\"razzi-image-button__position razzi-image-button__button\">Ra\u017eot\u0101ja apraksts <span class=\"razzi-svg-icon\"><svg aria-hidden=\"true\" role=\"img\" focusable=\"false\" xmlns=\"http:\/\/www.w3.org\/2000\/svg\" width=\"24\" height=\"24\" viewbox=\"0 0 24 24\" fill=\"none\" stroke=\"currentColor\" stroke-width=\"2\" stroke-linecap=\"round\" stroke-linejoin=\"round\"><line x1=\"0\" y1=\"12\" x2=\"19\" y2=\"12\"><\/line><polyline points=\"12 5 19 12 12 19\"><\/polyline><\/svg><\/span><\/a><\/div>\t\t\t\t<\/div>\n\t\t\t\t<\/div>\n\t\t\t\t\t<\/div>\n\t\t<\/div>\n\t\t\t\t\t<\/div>\n\t\t<\/section>\n\t\t\t\t<\/div>","protected":false},"excerpt":{"rendered":"<p>SONIX MP-6 T-VA<\/p>\n<ul>\n<li>Korozijiztur\u012bga ultraska\u0146as metin\u0101\u0161anas sist\u0113ma ar elektronisku pa\u0161kalibr\u0113\u0161anu<\/li>\n<li>Iesp\u0113ja integr\u0113t liel\u0101kaj\u0101 da\u013c\u0101 ra\u017eo\u0161anas l\u012bniju<\/li>\n<li>Premium Standard 6 bl\u012bv\u0113juma sist\u0113ma<\/li>\n<li>\u0112rta piek\u013cuve un bezinstrumentu demont\u0101\u017ea jostas joslas deta\u013c\u0101m<\/li>\n<li>Regul\u0113jams lentes spriegojums<\/li>\n<li>Lentes beigu noteik\u0161ana ar autom\u0101tisku lentes atlikumu no\u0146em\u0161anu<\/li>\n<li>M\u012bksta iesie\u0161anas funkcija, ko izmanto trausliem izstr\u0101d\u0101jumiem<\/li>\n<li>\u0100tra lentes ru\u013c\u013ca mai\u0146a no iek\u0101rtas priek\u0161puses vai s\u0101niem<\/li>\n<li>Ier\u012bce ir piln\u012bb\u0101 iztur\u012bga pret koroziju (V4A ner\u016bs\u0113jo\u0161ais t\u0113rauds)<\/li>\n<li>4 rite\u0146i, 2 no tiem blo\u0137\u0113jami (\u00d8 80 mm)<\/li>\n<li>\u0100rk\u0101rt\u012bgi zems ener\u0123ijas pat\u0113ri\u0146\u0161<\/li>\n<li>IP 56 aizsardz\u012bbas klases izpilde<\/li>\n<li>Jut\u012bgas sast\u0101vda\u013cas (piem\u0113ram, motori) ir p\u0101rkl\u0101tas ar papildu aizsardz\u012bbu<\/li>\n<\/ul>","protected":false},"featured_media":15294,"template":"","meta":[],"product_cat":[578],"product_tag":[714,713,712],"class_list":{"0":"post-13136","1":"product","2":"type-product","3":"status-publish","4":"has-post-thumbnail","6":"product_brand-mosca","7":"product_cat-automatinis-aprisimo-irenginys","8":"product_tag-chemija-ir-plastikas","9":"product_tag-farmacija-ir-kosmetika","10":"product_tag-maistas-ir-gerimai","12":"first","13":"instock","14":"shipping-taxable","15":"product-type-simple"},"_links":{"self":[{"href":"https:\/\/packstera.lt\/lv\/wp-json\/wp\/v2\/product\/13136","targetHints":{"allow":["GET"]}}],"collection":[{"href":"https:\/\/packstera.lt\/lv\/wp-json\/wp\/v2\/product"}],"about":[{"href":"https:\/\/packstera.lt\/lv\/wp-json\/wp\/v2\/types\/product"}],"version-history":[{"count":4,"href":"https:\/\/packstera.lt\/lv\/wp-json\/wp\/v2\/product\/13136\/revisions"}],"predecessor-version":[{"id":15330,"href":"https:\/\/packstera.lt\/lv\/wp-json\/wp\/v2\/product\/13136\/revisions\/15330"}],"wp:featuredmedia":[{"embeddable":true,"href":"https:\/\/packstera.lt\/lv\/wp-json\/wp\/v2\/media\/15294"}],"wp:attachment":[{"href":"https:\/\/packstera.lt\/lv\/wp-json\/wp\/v2\/media?parent=13136"}],"wp:term":[{"taxonomy":"product_cat","embeddable":true,"href":"https:\/\/packstera.lt\/lv\/wp-json\/wp\/v2\/product_cat?post=13136"},{"taxonomy":"product_tag","embeddable":true,"href":"https:\/\/packstera.lt\/lv\/wp-json\/wp\/v2\/product_tag?post=13136"}],"curies":[{"name":"wp","href":"https:\/\/api.w.org\/{rel}","templated":true}]}}