{"id":13137,"date":"2020-06-20T22:42:26","date_gmt":"2020-06-20T19:42:26","guid":{"rendered":"http:\/\/packstera.lt\/p\/thermoforming-vacuum-packing-machines\/"},"modified":"2023-04-12T17:42:14","modified_gmt":"2023-04-12T14:42:14","slug":"kompaktas-termoformesanas-iepakosanas-iekartas","status":"publish","type":"product","link":"https:\/\/packstera.lt\/lv\/p\/kompaktiskas-terminio-formavimo-pakavimo-irenginys\/","title":{"rendered":"Kompakta termoform\u0113\u0161anas iepako\u0161anas iek\u0101rta"},"content":{"rendered":"<div data-elementor-type=\"wp-post\" data-elementor-id=\"13137\" class=\"elementor elementor-13137\">\n\t\t\t\t\t\t<section class=\"elementor-section elementor-top-section elementor-element elementor-element-748cafd1 elementor-section-boxed elementor-section-height-default elementor-section-height-default\" data-id=\"748cafd1\" data-element_type=\"section\" data-e-type=\"section\">\n\t\t\t\t\t\t<div class=\"elementor-container elementor-column-gap-default\">\n\t\t\t\t\t<div class=\"elementor-column elementor-col-100 elementor-top-column elementor-element elementor-element-73ef4c36\" data-id=\"73ef4c36\" data-element_type=\"column\" data-e-type=\"column\">\n\t\t\t<div class=\"elementor-widget-wrap elementor-element-populated\">\n\t\t\t\t\t\t<div class=\"elementor-element elementor-element-29e50d8f elementor-widget elementor-widget-text-editor\" data-id=\"29e50d8f\" data-element_type=\"widget\" data-e-type=\"widget\" data-widget_type=\"text-editor.default\">\n\t\t\t\t<div class=\"elementor-widget-container\">\n\t\t\t\t\t\t\t\t\t<table>\r\n<tbody>\r\n<tr>\r\n<td width=\"264\">Ier\u012bces izm\u0113ri<\/td>\r\n<td width=\"360\">No 3970x1030x1800 h mm (atkar\u012bgs no v\u0113lamaj\u0101m modifik\u0101cij\u0101m un vajadz\u012bb\u0101m)<\/td>\r\n<\/tr>\r\n<tr>\r\n<td width=\"264\">Performance<\/td>\r\n<td width=\"360\">No 6 l\u012bdz 9 cikliem\/min<\/td>\r\n<\/tr>\r\n<tr>\r\n<td width=\"264\">Cikla so\u013ca garums<\/td>\r\n<td width=\"360\">No 100 l\u012bdz 500 mm<\/td>\r\n<\/tr>\r\n<tr>\r\n<td width=\"264\">Maksim\u0101lais iepako\u0161anas dzi\u013cums<\/td>\r\n<td width=\"360\">L\u012bdz 150 mm<\/td>\r\n<\/tr>\r\n<tr>\r\n<td width=\"264\">Pre\u010du iekrau\u0161anas laukuma garums<\/td>\r\n<td width=\"360\">No 300 l\u012bdz 1200 mm<\/td>\r\n<\/tr>\r\n<tr>\r\n<td width=\"264\">Maksim\u0101lais pl\u0113ves ru\u013c\u013ca platums<\/td>\r\n<td width=\"360\">No 320 l\u012bdz 520 mm<\/td>\r\n<\/tr>\r\n<tr>\r\n<td width=\"264\">Iepakojuma formas<\/td>\r\n<td width=\"360\">Da\u017e\u0101di (p\u0113c vajadz\u012bbas)<\/td>\r\n<\/tr>\r\n<tr>\r\n<td width=\"264\">Elektr\u012bbas pat\u0113ri\u0146\u0161<\/td>\r\n<td width=\"360\">No 10 l\u012bdz 25 Kw<\/td>\r\n<\/tr>\r\n<tr>\r\n<td width=\"264\">Svars<\/td>\r\n<td width=\"360\">No 800 l\u012bdz 1800 kg<\/td>\r\n<\/tr>\r\n<\/tbody>\r\n<\/table>\t\t\t\t\t\t\t\t<\/div>\n\t\t\t\t<\/div>\n\t\t\t\t\t<\/div>\n\t\t<\/div>\n\t\t\t\t\t<\/div>\n\t\t<\/section>\n\t\t\t\t<section class=\"elementor-section elementor-top-section elementor-element elementor-element-33e3e18 elementor-section-boxed elementor-section-height-default elementor-section-height-default\" data-id=\"33e3e18\" data-element_type=\"section\" data-e-type=\"section\">\n\t\t\t\t\t\t<div class=\"elementor-container elementor-column-gap-default\">\n\t\t\t\t\t<div class=\"elementor-column elementor-col-50 elementor-top-column elementor-element elementor-element-fb85871\" data-id=\"fb85871\" data-element_type=\"column\" data-e-type=\"column\">\n\t\t\t<div class=\"elementor-widget-wrap elementor-element-populated\">\n\t\t\t\t\t\t<div class=\"elementor-element elementor-element-92654e2 btn-position-bottom elementor-widget elementor-widget-razzi-image-button\" data-id=\"92654e2\" data-element_type=\"widget\" data-e-type=\"widget\" data-widget_type=\"razzi-image-button.default\">\n\t\t\t\t<div class=\"elementor-widget-container\">\n\t\t\t\t\t<div class=\"razzi-image-button\"><img fetchpriority=\"high\" decoding=\"async\" width=\"800\" height=\"533\" src=\"https:\/\/packstera.lt\/wp-content\/uploads\/2020\/06\/Salmon-Packaging2.jpg\" class=\"attachment-full size-full wp-image-16175\" alt=\"\" \/><a href=\"http:\/\/packstera.lt\/wp-content\/uploads\/2023\/04\/Thermoforming-machines-1.pdf\" target=\"_blank\" rel=\"nofollow\" class=\"razzi-image-button__link\"><\/a><a href=\"http:\/\/packstera.lt\/wp-content\/uploads\/2023\/04\/Thermoforming-machines-1.pdf\" target=\"_blank\" rel=\"nofollow\" class=\"razzi-image-button__position razzi-image-button__button\">Ra\u017eot\u0101ja apraksts <span class=\"razzi-svg-icon\"><svg aria-hidden=\"true\" role=\"img\" focusable=\"false\" xmlns=\"http:\/\/www.w3.org\/2000\/svg\" width=\"24\" height=\"24\" viewbox=\"0 0 24 24\" fill=\"none\" stroke=\"currentColor\" stroke-width=\"2\" stroke-linecap=\"round\" stroke-linejoin=\"round\"><line x1=\"0\" y1=\"12\" x2=\"19\" y2=\"12\"><\/line><polyline points=\"12 5 19 12 12 19\"><\/polyline><\/svg><\/span><\/a><\/div>\t\t\t\t<\/div>\n\t\t\t\t<\/div>\n\t\t\t\t\t<\/div>\n\t\t<\/div>\n\t\t\t\t<div class=\"elementor-column elementor-col-50 elementor-top-column elementor-element elementor-element-0ba2bc6\" data-id=\"0ba2bc6\" data-element_type=\"column\" data-e-type=\"column\">\n\t\t\t<div class=\"elementor-widget-wrap\">\n\t\t\t\t\t\t\t<\/div>\n\t\t<\/div>\n\t\t\t\t\t<\/div>\n\t\t<\/section>\n\t\t\t\t<\/div>","protected":false},"excerpt":{"rendered":"<p style=\"text-align: justify;\">\u0160\u012b termoform\u0113\u0161anas iek\u0101rta ir lielisks risin\u0101jums, ja jums nav daudz br\u012bvas vietas iepako\u0161anas vajadz\u012bb\u0101m un j\u016bs mekl\u0113jat kompaktu uzst\u0101d\u012b\u0161anu. Ier\u012bce joproj\u0101m ir \u013coti konkur\u0113tsp\u0113j\u012bga, jo to var ar\u012b piel\u0101got p\u0113c vajadz\u012bbas un papildin\u0101t ar da\u017e\u0101d\u0101m funkcij\u0101m, piem\u0113ram, druk\u0101\u0161anu, mar\u0137\u0113\u0161anu utt.<\/p>\n<ul>\n<li style=\"text-align: justify;\">Iepakojums: izmantojot vakuumu, augstspiediena gaisu<\/li>\n<li style=\"text-align: justify;\">Druk\u0101\u0161anas iesp\u0113ja<\/li>\n<li style=\"text-align: justify;\">Mar\u0137\u0113\u0161anas iesp\u0113ja<\/li>\n<li style=\"text-align: justify;\">G\u0101zes iesmidzin\u0101\u0161ana (MAP)<\/li>\n<li style=\"text-align: justify;\">Vieglas atv\u0113r\u0161anas funkcija<\/li>\n<li style=\"text-align: justify;\">Piel\u0101gots iepakojums<\/li>\n<li style=\"text-align: justify;\">\u0100tra un dro\u0161a iepakojuma form\u0101ta mai\u0146a<\/li>\n<li style=\"text-align: justify;\">Autom\u0101tiska iepakojumu piepild\u012b\u0161ana ar produktu<\/li>\n<\/ul>","protected":false},"featured_media":16177,"template":"","meta":[],"product_cat":[568],"product_tag":[],"class_list":{"0":"post-13137","1":"product","2":"type-product","3":"status-publish","4":"has-post-thumbnail","6":"product_cat-termo-formavimo-irenginiai","8":"first","9":"instock","10":"shipping-taxable","11":"product-type-simple"},"_links":{"self":[{"href":"https:\/\/packstera.lt\/lv\/wp-json\/wp\/v2\/product\/13137","targetHints":{"allow":["GET"]}}],"collection":[{"href":"https:\/\/packstera.lt\/lv\/wp-json\/wp\/v2\/product"}],"about":[{"href":"https:\/\/packstera.lt\/lv\/wp-json\/wp\/v2\/types\/product"}],"version-history":[{"count":8,"href":"https:\/\/packstera.lt\/lv\/wp-json\/wp\/v2\/product\/13137\/revisions"}],"predecessor-version":[{"id":16213,"href":"https:\/\/packstera.lt\/lv\/wp-json\/wp\/v2\/product\/13137\/revisions\/16213"}],"wp:featuredmedia":[{"embeddable":true,"href":"https:\/\/packstera.lt\/lv\/wp-json\/wp\/v2\/media\/16177"}],"wp:attachment":[{"href":"https:\/\/packstera.lt\/lv\/wp-json\/wp\/v2\/media?parent=13137"}],"wp:term":[{"taxonomy":"product_cat","embeddable":true,"href":"https:\/\/packstera.lt\/lv\/wp-json\/wp\/v2\/product_cat?post=13137"},{"taxonomy":"product_tag","embeddable":true,"href":"https:\/\/packstera.lt\/lv\/wp-json\/wp\/v2\/product_tag?post=13137"}],"curies":[{"name":"wp","href":"https:\/\/api.w.org\/{rel}","templated":true}]}}