{"id":13169,"date":"2020-04-28T00:04:02","date_gmt":"2020-04-27T21:04:02","guid":{"rendered":"http:\/\/packstera.lt\/p\/container-capping-machines\/"},"modified":"2021-08-11T11:23:48","modified_gmt":"2021-08-11T08:23:48","slug":"konteineru-aizvakosanas-masinas","status":"publish","type":"product","link":"https:\/\/packstera.lt\/lv\/p\/container-capping-machines\/","title":{"rendered":"Iek\u0101rtas pude\u013cu vai konteineru aizv\u0113r\u0161anai"},"content":{"rendered":"<p>Izmantojot bezkontakta proced\u016bru, m\u016bsu konteineru aizv\u0101ko\u0161anas ma\u0161\u012bnas uzsilda iek\u0161\u0113jo bl\u012bv\u0113jumu un visbeidzot<strong>\u00a0herm\u0113tiski nosl\u0113gti plastmasas un stikla konteineri<\/strong>. \u0160is aizv\u0101ko\u0161anas process notiek p\u0113c tvert\u0146u (ar v\u0101kiem) iepild\u012b\u0161anas un aizz\u012bmogo\u0161anas. Ra\u017eo\u0161anas jauda ir l\u012bdz 300 vien\u012bb\u0101m min\u016bt\u0113. M\u016bsu konteineru aizv\u0101ko\u0161anas ma\u0161\u012bnas, kuras var izmantot ar\u012b uz \u0101tr\u0101m konveijera lent\u0113m, ir ide\u0101ls risin\u0101jums \u0101trdarb\u012bgiem iepako\u0161anas procesiem un\u00a0<strong>pirm\u0101 izv\u0113le masveida ra\u017eo\u0161anai.<\/strong><\/p>\n<p><u><\/u><strong><u>Galven\u0101 inform\u0101cija:<\/u><\/strong><\/p>\n<ul>\n<li>liela jauda, lieliski piem\u0113rota masveida ra\u017eo\u0161anai<\/li>\n<li>augsta v\u0101ci\u0146a jauda nep\u0101rtrauktiem iepako\u0161anas procesiem<\/li>\n<li>var integr\u0113t pieejam\u0101s iek\u0101rt\u0101s vai izmantot atsevi\u0161\u0137i<\/li>\n<\/ul>\n<p style=\"text-align: center\"><a href=\"https:\/\/www.tbs-pack.de\/en\/nero-pack-machines\/filling-capping-machines-for-containers-and-bottles\/container-capping-machines\/\" target=\"_blank\" rel=\"noopener noreferrer\">Ra\u017eot\u0101ja lapa<\/a><\/p>","protected":false},"excerpt":{"rendered":"<p>https:\/\/www.youtube.com\/watch?v=D47dtCVnST0<\/p>\n<p>&nbsp;<\/p>","protected":false},"featured_media":11059,"template":"","meta":[],"product_cat":[574],"product_tag":[],"class_list":{"0":"post-13169","1":"product","2":"type-product","3":"status-publish","4":"has-post-thumbnail","6":"product_cat-ispilstymo-ir-uzdarymo-irenginiai-i-talpas-ar-butelius","8":"first","9":"instock","10":"shipping-taxable","11":"product-type-simple"},"_links":{"self":[{"href":"https:\/\/packstera.lt\/lv\/wp-json\/wp\/v2\/product\/13169","targetHints":{"allow":["GET"]}}],"collection":[{"href":"https:\/\/packstera.lt\/lv\/wp-json\/wp\/v2\/product"}],"about":[{"href":"https:\/\/packstera.lt\/lv\/wp-json\/wp\/v2\/types\/product"}],"version-history":[{"count":0,"href":"https:\/\/packstera.lt\/lv\/wp-json\/wp\/v2\/product\/13169\/revisions"}],"wp:featuredmedia":[{"embeddable":true,"href":"https:\/\/packstera.lt\/lv\/wp-json\/wp\/v2\/media\/11059"}],"wp:attachment":[{"href":"https:\/\/packstera.lt\/lv\/wp-json\/wp\/v2\/media?parent=13169"}],"wp:term":[{"taxonomy":"product_cat","embeddable":true,"href":"https:\/\/packstera.lt\/lv\/wp-json\/wp\/v2\/product_cat?post=13169"},{"taxonomy":"product_tag","embeddable":true,"href":"https:\/\/packstera.lt\/lv\/wp-json\/wp\/v2\/product_tag?post=13169"}],"curies":[{"name":"wp","href":"https:\/\/api.w.org\/{rel}","templated":true}]}}