{"id":13171,"date":"2020-04-27T23:52:37","date_gmt":"2020-04-27T20:52:37","guid":{"rendered":"http:\/\/packstera.lt\/p\/bottle-filling-machines\/"},"modified":"2021-10-25T14:36:12","modified_gmt":"2021-10-25T11:36:12","slug":"pudelu-pildisanas-masinas","status":"publish","type":"product","link":"https:\/\/packstera.lt\/lv\/p\/bottle-filling-machines\/","title":{"rendered":"Pude\u013cu pild\u012b\u0161anas un konserv\u0113\u0161anas iek\u0101rtas"},"content":{"rendered":"<p>Nero-Pack AFL-line no tbs-pack ir piem\u0113rota visu veidu stikla un plastmasas pudel\u0113m, pildot t\u0101s ar \u016bdens l\u012bdz vid\u0113ji viskoziem \u0161\u0137idrumiem un past\u0101m. M\u016bsu pude\u013cu pild\u012b\u0161anas iek\u0101rtas var izmantot da\u017e\u0101d\u0101s nozar\u0113s, piem\u0113ram, farm\u0101cijas r\u016bpniec\u012bb\u0101, kosm\u0113tik\u0101, dz\u0113rienu ra\u017eo\u0161an\u0101, k\u0101 ar\u012b citos p\u0101rtikas produktos.<\/p>\n<p><strong>VISP\u0100R\u012aGA INFORM\u0100CIJA PAR M\u016aSU UZPILD\u012a\u0160ANAS MA\u0160\u012aN\u0100M:<\/strong><\/p>\n<div class=\"row\">\n<div class=\"col-xs-12\">\n<ul>\n<li>viegli darbin\u0101ma un progres\u012bva cilv\u0113ka un ma\u0161\u012bnas saskarnes sist\u0113ma ar datu glab\u0101\u0161anu un signaliz\u0101ciju darb\u012bbas trauc\u0113jumu gad\u012bjum\u0101<\/li>\n<li>Divk\u0101r\u0161i servo darbin\u0101ma pozicion\u0113\u0161anas sist\u0113ma, augstas precizit\u0101tes uzpildes kontrole, uzglab\u0101jami uzpildes veidi<\/li>\n<li>iek\u0101rtas, kas izvair\u0101s no puto\u0161anas un pil\u0113\u0161anas<\/li>\n<li>ner\u016bs\u0113jo\u0161ais t\u0113rauds atbilst p\u0101rtikas r\u016bpniec\u012bbas sanit\u0101rajiem standartiem<\/li>\n<li>var viegli not\u012br\u012bt un piln\u012bgi bez atliek\u0101m<\/li>\n<li>programm\u0113jams lo\u0123iskais kontrolieris apvienojum\u0101 ar sk\u0101rienekr\u0101na vad\u012bbas sist\u0113mu<\/li>\n<li>Atbilst CE<\/li>\n<\/ul>\n<p><strong>P\u0113c izv\u0113les pieejams:<\/strong><\/p>\n<ul>\n<li>konveijera sist\u0113mas ieve\u0161anai un izvad\u012b\u0161anai<\/li>\n<li>caursp\u012bd\u012bgs dro\u0161\u012bbas p\u0101rsegs aizsardz\u012bbai pret putek\u013ciem un dro\u0161ai darb\u012bbai<\/li>\n<li>pude\u013cu formas veidnes vai urbji pude\u013cu pild\u012b\u0161anai<\/li>\n<\/ul>\n<p style=\"text-align: center\"><a href=\"https:\/\/www.tbs-pack.de\/en\/nero-pack-machines\/filling-capping-machines-for-containers-and-bottles\/bottle-filling-machines\/\" target=\"_blank\" rel=\"noopener noreferrer\">Ra\u017eot\u0101ja lapa<\/a><\/p>\n<\/div>\n<\/div>","protected":false},"excerpt":{"rendered":"<p>https:\/\/www.youtube.com\/watch?v=MVvt-Kw0XXo<\/p>","protected":false},"featured_media":11050,"template":"","meta":[],"product_cat":[574],"product_tag":[],"class_list":{"0":"post-13171","1":"product","2":"type-product","3":"status-publish","4":"has-post-thumbnail","6":"product_cat-ispilstymo-ir-uzdarymo-irenginiai-i-talpas-ar-butelius","8":"first","9":"instock","10":"shipping-taxable","11":"product-type-simple"},"_links":{"self":[{"href":"https:\/\/packstera.lt\/lv\/wp-json\/wp\/v2\/product\/13171","targetHints":{"allow":["GET"]}}],"collection":[{"href":"https:\/\/packstera.lt\/lv\/wp-json\/wp\/v2\/product"}],"about":[{"href":"https:\/\/packstera.lt\/lv\/wp-json\/wp\/v2\/types\/product"}],"version-history":[{"count":0,"href":"https:\/\/packstera.lt\/lv\/wp-json\/wp\/v2\/product\/13171\/revisions"}],"wp:featuredmedia":[{"embeddable":true,"href":"https:\/\/packstera.lt\/lv\/wp-json\/wp\/v2\/media\/11050"}],"wp:attachment":[{"href":"https:\/\/packstera.lt\/lv\/wp-json\/wp\/v2\/media?parent=13171"}],"wp:term":[{"taxonomy":"product_cat","embeddable":true,"href":"https:\/\/packstera.lt\/lv\/wp-json\/wp\/v2\/product_cat?post=13171"},{"taxonomy":"product_tag","embeddable":true,"href":"https:\/\/packstera.lt\/lv\/wp-json\/wp\/v2\/product_tag?post=13171"}],"curies":[{"name":"wp","href":"https:\/\/api.w.org\/{rel}","templated":true}]}}