{"id":13172,"date":"2020-04-26T15:33:50","date_gmt":"2020-04-26T12:33:50","guid":{"rendered":"http:\/\/packstera.lt\/p\/vertical-band-sealer\/"},"modified":"2020-04-26T15:33:50","modified_gmt":"2020-04-26T12:33:50","slug":"vertikalas-joslas-blivetajs","status":"publish","type":"product","link":"https:\/\/packstera.lt\/lv\/p\/vertical-band-sealer\/","title":{"rendered":"VERTIK\u0100L\u0100 BAND SEALER"},"content":{"rendered":"<p style=\"text-align: left\"><strong>Ar vertik\u0101lajiem lentes bl\u012bv\u0113t\u0101jiem no tbs-pack maisi\u0146u aizz\u012bmogo\u0161ana horizont\u0101li vai vertik\u0101li ir vienk\u0101r\u0161a. Iek\u0101rtas dro\u0161i nobl\u012bv\u0113 gandr\u012bz visus materi\u0101lus, piem\u0113ram, polietil\u0113nu, polipropil\u0113nu un da\u017e\u0101das kompoz\u012btmateri\u0101lu pl\u0113ves.<\/strong><\/p>\n<p style=\"text-align: left\">Produktiem, kurus nevar nosl\u0113gt horizont\u0101li, piem\u0113ram, \u0161\u0137idriem produktiem vai beztaras prec\u0113m, m\u016bsu galda vertik\u0101l\u0101s lentes bl\u012bv\u0113t\u0101js ir piem\u0113rots. Tas ir regul\u0113jams augstum\u0101, t\u0101p\u0113c to var piel\u0101got da\u017e\u0101diem izstr\u0101d\u0101juma izm\u0113riem.<\/p>\n<p style=\"text-align: left\">Liel\u0101kiem, piepild\u012btiem maisiem tiek izmantots m\u016bsu vertik\u0101l\u0101s lentes bl\u012bv\u0113t\u0101js. \u012apa\u0161i produktus, kurus nevar iepakot horizont\u0101li, piem\u0113ram, \u0161\u0137idrumus, pulveri un granulas, var \u013coti viegli un uzticami metin\u0101t ar \u0161o izstr\u0101d\u0101jumu. Bl\u012bvgalvu var noregul\u0113t gan vertik\u0101li, gan horizont\u0101li par 90\u00b0. V\u0113l viena ier\u012bces priek\u0161roc\u012bba ir t\u0101, ka konveijera lentes \u0101trumu var sinhroniz\u0113t ar bl\u012bv\u0113\u0161anas laiku.<\/p>\n<p style=\"text-align: left\">Produkti, kurus var aizz\u012bmogot horizont\u0101li, ir piem\u0113roti m\u016bsu horizont\u0101lo lentu bl\u012bv\u0113t\u0101jiem. Ar \u0161o ier\u012bci var nosl\u0113gt t\u0101dus materi\u0101lus k\u0101 PE, PP un da\u017e\u0101das kompoz\u012btpl\u0113ves. \u0160aj\u0101 aizz\u012bmogo\u0161anas ma\u0161\u012bn\u0101 iepakojums ir horizont\u0101li nosl\u0113gts. Integr\u0113t\u0101 konveijera lente ir 25 cm plata un 130 cm gara, un to var pavilkt uz priek\u0161u par apm. 70 mm, lai aiztais\u012btu ar\u012b gar\u0101kus maisi\u0146us. Visas konveijera lentes augstumu var regul\u0113t. Temperat\u016bra regul\u0113jama l\u012bdz 250\u00b0C.<\/p>\n<p style=\"text-align: left\"><strong>Lietojumprogrammu piem\u0113ri<\/strong>: P\u0101rtika un nep\u0101rtika, r\u016bpniecisk\u0101s sast\u0101vda\u013cas, biroja piederumi, iepakojums un lo\u0123istika, lolojumdz\u012bvnieku bar\u012bba<\/p>\n<p style=\"text-align: left\"><strong>TEHNISKAS DETA\u013bAS<\/strong><\/p>\n<p style=\"text-align: left\"><strong>Galda vertik\u0101l\u0101s joslas bl\u012bv\u0113t\u0101js<\/strong><\/p>\n<ul>\n<li style=\"text-align: left\">Vertik\u0101l\u0101s lentes bl\u012bv\u0113t\u0101js galda izm\u0113r\u0101, ieskaitot konveijera lenti<\/li>\n<li style=\"text-align: left\">vertik\u0101l\u0101 un augstum\u0101 regul\u0113jama bl\u012bv\u0113juma galva<\/li>\n<li style=\"text-align: left\">lietot\u0101jam draudz\u012bgs displejs ar temperat\u016bras indikatoru<\/li>\n<\/ul>\n<p style=\"text-align: left\"><strong>Vertik\u0101l\u0101s joslas bl\u012bv\u0113t\u0101js<\/strong><\/p>\n<ul>\n<li>vertik\u0101l\u0101s lentes bl\u012bv\u0113t\u0101js, ieskaitot konveijera lenti<\/li>\n<li>noliecama bl\u012bv\u0113juma galva darbam vertik\u0101l\u0101 un\/vai horizont\u0101l\u0101 st\u0101vokl\u012b<\/li>\n<li>regul\u0113jama augstuma konveijera lente un bl\u012bv\u0113juma galva<\/li>\n<\/ul>\n<p style=\"text-align: left\"><strong>Horizont\u0101l\u0101s joslas bl\u012bv\u0113t\u0101js<\/strong><\/p>\n<ul>\n<li style=\"text-align: left\">integr\u0113ta un regul\u0113jama augstuma konveijera lente<\/li>\n<li style=\"text-align: left\">regul\u0113jama temperat\u016bra l\u012bdz 250\u00b0C<\/li>\n<li style=\"text-align: left\">lietot\u0101jam draudz\u012bgs displejs<\/li>\n<li style=\"text-align: left\">regul\u0113jama maisa padeve<\/li>\n<\/ul>\n<p style=\"text-align: center\"><a href=\"https:\/\/www.tbs-pack.de\/en\/nero-pack-machines\/filling-capping-machines-for-bags\/vertical-band-sealer\/\" target=\"_blank\" rel=\"noopener\">Ra\u017eot\u0101ja lapa<\/a><\/p>","protected":false},"excerpt":{"rendered":"<p><img fetchpriority=\"high\" decoding=\"async\" class=\"wp-image-11028 size-full aligncenter\" src=\"http:\/\/packstera.lt\/wp-content\/uploads\/2021\/04\/tbs_552_vdp.png\" alt=\"\" width=\"555\" height=\"370\" \/><\/p>","protected":false},"featured_media":11021,"template":"","meta":[],"product_cat":[575],"product_tag":[],"class_list":{"0":"post-13172","1":"product","2":"type-product","3":"status-publish","4":"has-post-thumbnail","6":"product_cat-ispilstymo-ir-uzdarymo-i-maiselius-irenginiai","8":"first","9":"instock","10":"shipping-taxable","11":"product-type-simple"},"_links":{"self":[{"href":"https:\/\/packstera.lt\/lv\/wp-json\/wp\/v2\/product\/13172","targetHints":{"allow":["GET"]}}],"collection":[{"href":"https:\/\/packstera.lt\/lv\/wp-json\/wp\/v2\/product"}],"about":[{"href":"https:\/\/packstera.lt\/lv\/wp-json\/wp\/v2\/types\/product"}],"version-history":[{"count":0,"href":"https:\/\/packstera.lt\/lv\/wp-json\/wp\/v2\/product\/13172\/revisions"}],"wp:featuredmedia":[{"embeddable":true,"href":"https:\/\/packstera.lt\/lv\/wp-json\/wp\/v2\/media\/11021"}],"wp:attachment":[{"href":"https:\/\/packstera.lt\/lv\/wp-json\/wp\/v2\/media?parent=13172"}],"wp:term":[{"taxonomy":"product_cat","embeddable":true,"href":"https:\/\/packstera.lt\/lv\/wp-json\/wp\/v2\/product_cat?post=13172"},{"taxonomy":"product_tag","embeddable":true,"href":"https:\/\/packstera.lt\/lv\/wp-json\/wp\/v2\/product_tag?post=13172"}],"curies":[{"name":"wp","href":"https:\/\/api.w.org\/{rel}","templated":true}]}}