{"id":13175,"date":"2020-04-26T14:43:15","date_gmt":"2020-04-26T11:43:15","guid":{"rendered":"http:\/\/packstera.lt\/p\/rotating-filing-capping-machines\/"},"modified":"2020-04-26T14:43:15","modified_gmt":"2020-04-26T11:43:15","slug":"rotejosas-kartotekas","status":"publish","type":"product","link":"https:\/\/packstera.lt\/lv\/p\/rotating-filing-capping-machines\/","title":{"rendered":"Doypack st\u0101vus maisi\u0146i"},"content":{"rendered":"<div class=\"container clearfix pictext mb\">\n<div class=\"row\">\n<div class=\"col-md-6\">\n<p>M\u016bsu Nero-Pack l\u012bnijas iepild\u012b\u0161anas un aizv\u0101ko\u0161anas ma\u0161\u012bnas aizpilda un aizver saliekamos st\u0101vus maisi\u0146us (plakanie maisi\u0146i, r\u0101v\u0113jsl\u0113dz\u0113ja maisi\u0146i, r\u0101v\u0113jsl\u0113dz\u0113ja maisi\u0146i). M\u016bsu ma\u0161\u012bna ir rentabla s\u0101kuma l\u012bme\u0146a alternat\u012bva sare\u017e\u0123\u012bt\u0101m line\u0101raj\u0101m iepild\u012b\u0161anas ma\u0161\u012bn\u0101m vai rot\u0113jo\u0161\u0101m ma\u0161\u012bn\u0101m. Tas sasniedz cikla laiku l\u012bdz\u00a0<strong>12 gabali min\u016bt\u0113.<\/strong>\u00a0Pace\u013camie maisi\u0146i tiek tie\u0161i transport\u0113ti caur maisi\u0146u \u017eurn\u0101lu, un tie ir piepild\u012bti un aizv\u0101kti\u00a0\u2014 viss vien\u0101 ma\u0161\u012bn\u0101. The\u00a0<strong>horizont\u0101la iepild\u012b\u0161anas un aizv\u0101ko\u0161anas iek\u0101rta, kas rot\u0113 uz 8 stacij\u0101m<\/strong>, piepilda un aizver Doypack st\u0101vus maisi\u0146us ar cikla laiku l\u012bdz\u00a0<strong>40 gabali min\u016bt\u0113.<\/strong> Karuse\u013ca tipa ma\u0161\u012bnu kompaktais dizains ietaupa vietu un to var elast\u012bgi piel\u0101got da\u017e\u0101diem maisu platumiem. Bez laikietilp\u012bga uzst\u0101d\u012b\u0161anas laika karuse\u013cveida ma\u0161\u012bna DPM-line ir rentabla alternat\u012bva sare\u017e\u0123\u012bt\u0101m line\u0101raj\u0101m iepild\u012b\u0161anas iek\u0101rt\u0101m. Stat\u012bvie maisi\u0146i tiek transport\u0113ti, izmantojot maisu \u017eurn\u0101lu, un tiek piepild\u012bti un aizv\u0101kti 8 darbstacij\u0101s.<\/p>\n<p>&nbsp;<\/p>\n<\/div>\n<\/div>\n<\/div>\n<div class=\"container clearfix pictext mb\">\n<div class=\"row\">\n<p style=\"text-align: center\"><a href=\"https:\/\/www.tbs-pack.de\/en\/nero-pack-machines\/filling-capping-machines-for-bags\/doypack-stand-up-pouches-pre-made-pouches-filling-and-capping-machines\/\" target=\"_blank\" rel=\"noopener\">Ra\u017eot\u0101ja lapa<\/a><\/p>\n<\/div>\n<\/div>","protected":false},"excerpt":{"rendered":"<p>https:\/\/www.youtube.com\/watch?v=aLskYh2eGiw<\/p>\n<p>&nbsp;<\/p>","protected":false},"featured_media":10959,"template":"","meta":[],"product_cat":[575],"product_tag":[],"class_list":{"0":"post-13175","1":"product","2":"type-product","3":"status-publish","4":"has-post-thumbnail","6":"product_cat-ispilstymo-ir-uzdarymo-i-maiselius-irenginiai","8":"first","9":"instock","10":"shipping-taxable","11":"product-type-simple"},"_links":{"self":[{"href":"https:\/\/packstera.lt\/lv\/wp-json\/wp\/v2\/product\/13175","targetHints":{"allow":["GET"]}}],"collection":[{"href":"https:\/\/packstera.lt\/lv\/wp-json\/wp\/v2\/product"}],"about":[{"href":"https:\/\/packstera.lt\/lv\/wp-json\/wp\/v2\/types\/product"}],"version-history":[{"count":0,"href":"https:\/\/packstera.lt\/lv\/wp-json\/wp\/v2\/product\/13175\/revisions"}],"wp:featuredmedia":[{"embeddable":true,"href":"https:\/\/packstera.lt\/lv\/wp-json\/wp\/v2\/media\/10959"}],"wp:attachment":[{"href":"https:\/\/packstera.lt\/lv\/wp-json\/wp\/v2\/media?parent=13175"}],"wp:term":[{"taxonomy":"product_cat","embeddable":true,"href":"https:\/\/packstera.lt\/lv\/wp-json\/wp\/v2\/product_cat?post=13175"},{"taxonomy":"product_tag","embeddable":true,"href":"https:\/\/packstera.lt\/lv\/wp-json\/wp\/v2\/product_tag?post=13175"}],"curies":[{"name":"wp","href":"https:\/\/api.w.org\/{rel}","templated":true}]}}