{"id":13291,"date":"2020-08-10T16:34:09","date_gmt":"2020-08-10T13:34:09","guid":{"rendered":"http:\/\/packstera.lt\/?post_type=product&#038;p=13291"},"modified":"2021-08-12T17:15:01","modified_gmt":"2021-08-12T14:15:01","slug":"piektdiena","status":"publish","type":"product","link":"https:\/\/packstera.lt\/lv\/p\/pet\/","title":{"rendered":"PET"},"content":{"rendered":"<p>\u0160\u012bs siksnas ir pieejamas 9,5\u201315,5 mm platum\u0101 augstas un vid\u0113jas stipr\u012bbas pak\u0101p\u0113s.<\/p>\n<p>PET siksna ir izgatavota no 100% p\u0101rstr\u0101d\u0101ta materi\u0101la. Nelielas kr\u0101su vari\u0101cijas ir neizb\u0113gamas, un t\u0101p\u0113c t\u0101s nav kvalit\u0101tes krit\u0113rijs. Siksnas ir temperat\u016bras stabilas un garant\u0113 augstu iztur\u012bbu un elast\u012bbu, lai optim\u0101li nostiprin\u0101tu kravas.<\/p>\n<p>Visas siksnas ir piem\u0113rotas lieto\u0161anai ar ma\u0161\u012bn\u0101m un manu\u0101l\u0101m siksnu iek\u0101rt\u0101m.<\/p>\n<p>PET siksnas tiek izmantotas \u013coti da\u017e\u0101d\u0101s nozar\u0113s. Tos izmanto pap\u012bra un gofr\u0113t\u0101 kartona kaud\u017eu savilk\u0161anai, k\u0101 ar\u012b vesel\u0101m palet\u0113m ar liel\u0101ku slodzi, ieskaitot \u0137ie\u0123e\u013cus, koku vai k\u0101rbas. Nav noz\u012bmes tam, vai siksna ir nosl\u0113gta, izmantojot ultraska\u0146as karstuma metin\u0101\u0161anu. PET siksna ir piem\u0113rota abiem procesiem.<\/p>\n<p>&nbsp;<\/p>\n<table style=\"height: 451px\" width=\"765\">\n<tbody>\n<tr>\n<td style=\"text-align: center\" width=\"130\"><strong>Raksta Nr.<\/strong><\/td>\n<td style=\"text-align: center\" width=\"110\"><strong>Izm\u0113ri (mm)<\/strong><\/td>\n<td style=\"text-align: center\" width=\"79\"><strong>Spoles garums<\/strong><\/td>\n<td style=\"text-align: center\" width=\"126\"><strong>Stiepes iztur\u012bba<\/strong><\/td>\n<\/tr>\n<tr>\n<td style=\"text-align: center\">PET09512054<\/td>\n<td style=\"text-align: center\">9,5\u00a0x\u00a00,54<\/td>\n<td style=\"text-align: center\">3500 gadi<\/td>\n<td style=\"text-align: center\">170 kg<\/td>\n<\/tr>\n<tr>\n<td style=\"text-align: center\">PET09510064<\/td>\n<td style=\"text-align: center\">9,5\u00a0x\u00a00,64<\/td>\n<td style=\"text-align: center\">3200 gadi<\/td>\n<td style=\"text-align: center\">200 kg<\/td>\n<\/tr>\n<tr>\n<td style=\"text-align: center\">PET12010054<\/td>\n<td style=\"text-align: center\">12,0\u00a0x\u00a00,54<\/td>\n<td style=\"text-align: center\">2500 gadi<\/td>\n<td style=\"text-align: center\">200 kg<\/td>\n<\/tr>\n<tr>\n<td style=\"text-align: center\">PET12010058<\/td>\n<td style=\"text-align: center\">12,0\u00a0x\u00a00,58<\/td>\n<td style=\"text-align: center\">2500 gadi<\/td>\n<td style=\"text-align: center\">230 kg<\/td>\n<\/tr>\n<tr>\n<td style=\"text-align: center\">PET12010062<\/td>\n<td style=\"text-align: center\">12,0\u00a0x\u00a00,62<\/td>\n<td style=\"text-align: center\">2500 gadi<\/td>\n<td style=\"text-align: center\">240 kg<\/td>\n<\/tr>\n<tr>\n<td style=\"text-align: center\">PET12010070<\/td>\n<td style=\"text-align: center\">12,0\u00a0x\u00a00,70<\/td>\n<td style=\"text-align: center\">2000 gadi<\/td>\n<td style=\"text-align: center\">340 kg<\/td>\n<\/tr>\n<tr>\n<td style=\"text-align: center\">PET12510054<\/td>\n<td style=\"text-align: center\">12,3\u00a0x\u00a00,54<\/td>\n<td style=\"text-align: center\">2500 gadi<\/td>\n<td style=\"text-align: center\">240 kg<\/td>\n<\/tr>\n<tr>\n<td style=\"text-align: center\">PET12510058<\/td>\n<td style=\"text-align: center\">12,3\u00a0x\u00a00,58<\/td>\n<td style=\"text-align: center\">2500 gadi<\/td>\n<td style=\"text-align: center\">300 kg<\/td>\n<\/tr>\n<tr>\n<td style=\"text-align: center\">PET12510066<\/td>\n<td style=\"text-align: center\">12,5\u00a0x\u00a00,66<\/td>\n<td style=\"text-align: center\">2000 gadi<\/td>\n<td style=\"text-align: center\">350 kg<\/td>\n<\/tr>\n<tr>\n<td style=\"text-align: center\">PET15010055<\/td>\n<td style=\"text-align: center\">15,0\u00a0x\u00a00,55<\/td>\n<td style=\"text-align: center\">2000 gadi<\/td>\n<td style=\"text-align: center\">360 kg<\/td>\n<\/tr>\n<tr>\n<td style=\"text-align: center\">PET15010066<\/td>\n<td style=\"text-align: center\">15,0\u00a0x\u00a00,66<\/td>\n<td style=\"text-align: center\">1.750<\/td>\n<td style=\"text-align: center\">470 kg<\/td>\n<\/tr>\n<tr>\n<td style=\"text-align: center\">PET15010080<\/td>\n<td style=\"text-align: center\">15,0\u00a0x\u00a00,80<\/td>\n<td style=\"text-align: center\">1400 gadi<\/td>\n<td style=\"text-align: center\">500 kg<\/td>\n<\/tr>\n<tr>\n<td style=\"text-align: center\">PET15510089<\/td>\n<td style=\"text-align: center\">15,5\u00a0x\u00a00,89<\/td>\n<td style=\"text-align: center\">1300 gadi<\/td>\n<td style=\"text-align: center\">580 kg<\/td>\n<\/tr>\n<\/tbody>\n<\/table>\n<p>&nbsp;<\/p>\n<p style=\"text-align: center\"><strong>Vair\u0101k\u00a0<a href=\"https:\/\/www.mosca.com\/en-en\/consumables\/?tx_moscaproducts_pi2%5Bfilter%5D%5Bmaterial%5D%5B0%5D=2&amp;cHash=e6b51aa660128358a0c94fd9fce9842a\" target=\"_blank\" rel=\"noopener\"> inform\u0101ciju.<\/a><\/strong><\/p>","protected":false},"excerpt":{"rendered":"<p>These straps are available in 9.5 \u2013 15.5 mm widths in high and medium -strength grades. PET strap is made from 100 percent recycled material. Slight color variations are inevitable and do therefore not pose a quality criterion. The straps are temperature-stable and guarantee high strength and elasticity for optimally securing loads. All straps are [&hellip;]<\/p>\n","protected":false},"featured_media":12912,"template":"","meta":[],"product_cat":[584],"product_tag":[],"class_list":{"0":"post-13291","1":"product","2":"type-product","3":"status-publish","4":"has-post-thumbnail","6":"product_cat-juostos","8":"first","9":"instock","10":"shipping-taxable","11":"product-type-simple"},"_links":{"self":[{"href":"https:\/\/packstera.lt\/lv\/wp-json\/wp\/v2\/product\/13291","targetHints":{"allow":["GET"]}}],"collection":[{"href":"https:\/\/packstera.lt\/lv\/wp-json\/wp\/v2\/product"}],"about":[{"href":"https:\/\/packstera.lt\/lv\/wp-json\/wp\/v2\/types\/product"}],"version-history":[{"count":1,"href":"https:\/\/packstera.lt\/lv\/wp-json\/wp\/v2\/product\/13291\/revisions"}],"predecessor-version":[{"id":13310,"href":"https:\/\/packstera.lt\/lv\/wp-json\/wp\/v2\/product\/13291\/revisions\/13310"}],"wp:featuredmedia":[{"embeddable":true,"href":"https:\/\/packstera.lt\/lv\/wp-json\/wp\/v2\/media\/12912"}],"wp:attachment":[{"href":"https:\/\/packstera.lt\/lv\/wp-json\/wp\/v2\/media?parent=13291"}],"wp:term":[{"taxonomy":"product_cat","embeddable":true,"href":"https:\/\/packstera.lt\/lv\/wp-json\/wp\/v2\/product_cat?post=13291"},{"taxonomy":"product_tag","embeddable":true,"href":"https:\/\/packstera.lt\/lv\/wp-json\/wp\/v2\/product_tag?post=13291"}],"curies":[{"name":"wp","href":"https:\/\/api.w.org\/{rel}","templated":true}]}}