{"id":13293,"date":"2020-08-10T16:41:25","date_gmt":"2020-08-10T13:41:25","guid":{"rendered":"http:\/\/packstera.lt\/?post_type=product&#038;p=13293"},"modified":"2021-08-12T17:16:40","modified_gmt":"2021-08-12T14:16:40","slug":"lpp","status":"publish","type":"product","link":"https:\/\/packstera.lt\/lv\/p\/pp\/","title":{"rendered":"PP"},"content":{"rendered":"<p>\u0160\u012bs siksnas ir pieejamas 5-15 mm platum\u0101. Tie ir videi draudz\u012bgi, dro\u0161i lieto\u0161anai kop\u0101 ar p\u0101rtiku un nesatur pies\u0101r\u0146ot\u0101jus. Standarta kr\u0101sa ir melna, bet p\u0113c piepras\u012bjuma taj\u0101 pa\u0161\u0101 kategorij\u0101 var izgatavot ar\u012b citas kr\u0101sas smil\u0161u izm\u0113rus. Efekt\u012bva iepakojuma koncepcija!<\/p>\n<ul>\n<li>\u0100tra siksnu spoles mai\u0146a<\/li>\n<li>Optim\u0101la aizsardz\u012bba<\/li>\n<\/ul>\n<p>&nbsp;<\/p>\n<table style=\"height: 791px\" width=\"1420\">\n<tbody>\n<tr>\n<td style=\"text-align: center\" width=\"138\"><strong>Raksta Nr.<\/strong><\/td>\n<td style=\"text-align: center\" width=\"110\"><strong>Izm\u0113ri (mm)<\/strong><\/td>\n<td style=\"text-align: center\" width=\"91\"><strong>Uzmava (mm)<\/strong><\/td>\n<td style=\"text-align: center\" width=\"76\"><strong>Spoles garums<\/strong><\/td>\n<td style=\"text-align: center\" width=\"100\"><strong>Stiepes iztur\u012bba<\/strong><\/td>\n<\/tr>\n<tr>\n<td style=\"text-align: center\">PP 0 5 1 5 5 0 3 5<\/td>\n<td style=\"text-align: center\">5\u00a0x\u00a00,35<\/td>\n<td style=\"text-align: center\">200\u00a0x\u00a0190<\/td>\n<td style=\"text-align: center\">8000 gadu<\/td>\n<td style=\"text-align: center\">45 kg<\/td>\n<\/tr>\n<tr>\n<td style=\"text-align: center\">PP 0 5 1 5 5 0 4 0<\/td>\n<td style=\"text-align: center\">5\u00a0x\u00a00,40<\/td>\n<td style=\"text-align: center\">200\u00a0x\u00a0190<\/td>\n<td style=\"text-align: center\">7000 gadu<\/td>\n<td style=\"text-align: center\">53 kg<\/td>\n<\/tr>\n<tr>\n<td style=\"text-align: center\">PP 0 5 1 0 0 0 4 7<\/td>\n<td style=\"text-align: center\">5\u00a0x\u00a00,47<\/td>\n<td style=\"text-align: center\">150\u00a0x\u00a0160<\/td>\n<td style=\"text-align: center\">6100 gadi<\/td>\n<td style=\"text-align: center\">55 kg<\/td>\n<\/tr>\n<tr>\n<td style=\"text-align: center\">PP 0 5 1 5 5 0 4 7<\/td>\n<td style=\"text-align: center\">5\u00a0x\u00a00,47<\/td>\n<td style=\"text-align: center\">200\u00a0x\u00a0190<\/td>\n<td style=\"text-align: center\">7000 gadu<\/td>\n<td style=\"text-align: center\">55 kg<\/td>\n<\/tr>\n<tr>\n<td style=\"text-align: center\">PP 0 6 9 0 2 0 5 5<\/td>\n<td style=\"text-align: center\">6 x 0,55<\/td>\n<td style=\"text-align: center\">200\u00a0x\u00a0190<\/td>\n<td style=\"text-align: center\">4700 gadi<\/td>\n<td style=\"text-align: center\">60 kg<\/td>\n<\/tr>\n<tr>\n<td style=\"text-align: center\">PP 0 8 1 5 5 0 4 5<\/td>\n<td style=\"text-align: center\">8 x 0,45<\/td>\n<td style=\"text-align: center\">200\u00a0x\u00a0190<\/td>\n<td style=\"text-align: center\">4500 gadi<\/td>\n<td style=\"text-align: center\">85 kg<\/td>\n<\/tr>\n<tr>\n<td style=\"text-align: center\">PP 0 9 1 5 5 0 5 5<\/td>\n<td style=\"text-align: center\">9\u00a0x\u00a00,55<\/td>\n<td style=\"text-align: center\">200\u00a0x\u00a0190<\/td>\n<td style=\"text-align: center\">3500 gadi<\/td>\n<td style=\"text-align: center\">90 kg<\/td>\n<\/tr>\n<tr>\n<td style=\"text-align: center\">PP 1 0 9 0 0 0 5 5<\/td>\n<td style=\"text-align: center\">1\u00a00\u00a0x\u00a00,55<\/td>\n<td style=\"text-align: center\">200\u00a0x\u00a0190<\/td>\n<td style=\"text-align: center\">3000 gadi<\/td>\n<td style=\"text-align: center\">100 kg<\/td>\n<\/tr>\n<tr>\n<td style=\"text-align: center\">PP 1 2 1 5 5 0 5 5<\/td>\n<td style=\"text-align: center\">1 2 x 0,55<\/td>\n<td style=\"text-align: center\">200\u00a0x\u00a0190<\/td>\n<td style=\"text-align: center\">2500 gadi<\/td>\n<td style=\"text-align: center\">110 kg<\/td>\n<\/tr>\n<tr>\n<td style=\"text-align: center\">PP 1 2 2 5 0 0 5 5<\/td>\n<td style=\"text-align: center\">1 2 x 0,55<\/td>\n<td style=\"text-align: center\">406\u00a0x\u00a0150<\/td>\n<td style=\"text-align: center\">3000 gadi<\/td>\n<td style=\"text-align: center\">110 kg<\/td>\n<\/tr>\n<tr>\n<td style=\"text-align: center\">PP 1 2 1 5 5 0 6 3<\/td>\n<td style=\"text-align: center\">1 2 x 0,63<\/td>\n<td style=\"text-align: center\">200\u00a0x\u00a0190<\/td>\n<td style=\"text-align: center\">2000 gadi<\/td>\n<td style=\"text-align: center\">150 kg<\/td>\n<\/tr>\n<tr>\n<td style=\"text-align: center\">PP 1 2 2 0 0 0 6 3<\/td>\n<td style=\"text-align: center\">1 2 x 0,63<\/td>\n<td style=\"text-align: center\">280\u00a0x\u00a0185<\/td>\n<td style=\"text-align: center\">2000 gadi<\/td>\n<td style=\"text-align: center\">150 kg<\/td>\n<\/tr>\n<tr>\n<td style=\"text-align: center\">PP 1 2 1 5 5 0 8 0<\/td>\n<td style=\"text-align: center\">1\u00a02\u00a0x\u00a00,80<\/td>\n<td style=\"text-align: center\">200\u00a0x\u00a0190<\/td>\n<td style=\"text-align: center\">1700 gadi<\/td>\n<td style=\"text-align: center\">220 kg<\/td>\n<\/tr>\n<tr>\n<td style=\"text-align: center\">PP 1 2 2 0 0 0 8 0<\/td>\n<td style=\"text-align: center\">1\u00a02\u00a0x\u00a00,80<\/td>\n<td style=\"text-align: center\">280\u00a0x\u00a0185<\/td>\n<td style=\"text-align: center\">1700 gadi<\/td>\n<td style=\"text-align: center\">220 kg<\/td>\n<\/tr>\n<tr>\n<td style=\"text-align: center\">PP 1 2 2 5 0 0 8 0<\/td>\n<td style=\"text-align: center\">1\u00a02\u00a0x\u00a00,80<\/td>\n<td style=\"text-align: center\">406\u00a0x\u00a0150<\/td>\n<td style=\"text-align: center\">2000 gadi<\/td>\n<td style=\"text-align: center\">220 kg<\/td>\n<\/tr>\n<tr>\n<td style=\"text-align: center\">PP 1 5 9 0 0 0 9 0<\/td>\n<td style=\"text-align: center\">1\u00a05\u00a0x\u00a00,90<\/td>\n<td style=\"text-align: center\">406\u00a0x\u00a0150<\/td>\n<td style=\"text-align: center\">1500 gadi<\/td>\n<td style=\"text-align: center\">410 kg<\/td>\n<\/tr>\n<\/tbody>\n<\/table>\n<p>&nbsp;<\/p>\n<p>&nbsp;<\/p>\n<p style=\"text-align: center\"><strong>Vair\u0101k <a href=\"https:\/\/www.mosca.com\/en-en\/consumables\/?tx_moscaproducts_pi2%5Bfilter%5D%5Bmaterial%5D%5B0%5D=1&amp;cHash=b408f34829b6152ec595643a1cac417d\" target=\"_blank\" rel=\"noopener\">Inform\u0101cija<\/a><\/strong><\/p>","protected":false},"excerpt":{"rendered":"<p>These straps are available in 5 \u2013 1 5 mm widths . They are eco &#8211; friendly, safe for use with food and pollutant &#8211; free . The standard color is black , but other color sand sizes can be produced in the same grade on request . Efficient packaging concept ! Quick strap coil [&hellip;]<\/p>\n","protected":false},"featured_media":12914,"template":"","meta":[],"product_cat":[584],"product_tag":[],"class_list":{"0":"post-13293","1":"product","2":"type-product","3":"status-publish","4":"has-post-thumbnail","6":"product_cat-juostos","8":"first","9":"instock","10":"shipping-taxable","11":"product-type-simple"},"_links":{"self":[{"href":"https:\/\/packstera.lt\/lv\/wp-json\/wp\/v2\/product\/13293","targetHints":{"allow":["GET"]}}],"collection":[{"href":"https:\/\/packstera.lt\/lv\/wp-json\/wp\/v2\/product"}],"about":[{"href":"https:\/\/packstera.lt\/lv\/wp-json\/wp\/v2\/types\/product"}],"version-history":[{"count":1,"href":"https:\/\/packstera.lt\/lv\/wp-json\/wp\/v2\/product\/13293\/revisions"}],"predecessor-version":[{"id":13309,"href":"https:\/\/packstera.lt\/lv\/wp-json\/wp\/v2\/product\/13293\/revisions\/13309"}],"wp:featuredmedia":[{"embeddable":true,"href":"https:\/\/packstera.lt\/lv\/wp-json\/wp\/v2\/media\/12914"}],"wp:attachment":[{"href":"https:\/\/packstera.lt\/lv\/wp-json\/wp\/v2\/media?parent=13293"}],"wp:term":[{"taxonomy":"product_cat","embeddable":true,"href":"https:\/\/packstera.lt\/lv\/wp-json\/wp\/v2\/product_cat?post=13293"},{"taxonomy":"product_tag","embeddable":true,"href":"https:\/\/packstera.lt\/lv\/wp-json\/wp\/v2\/product_tag?post=13293"}],"curies":[{"name":"wp","href":"https:\/\/api.w.org\/{rel}","templated":true}]}}