{"id":13444,"date":"2020-08-19T11:01:49","date_gmt":"2020-08-19T08:01:49","guid":{"rendered":"http:\/\/packstera.lt\/p\/esb-6800p\/"},"modified":"2023-01-06T16:59:14","modified_gmt":"2023-01-06T14:59:14","slug":"nepartrauktas-drukas-iekarta-ar-pigmentetu-tinti-ebs-6800p","status":"publish","type":"product","link":"https:\/\/packstera.lt\/lv\/p\/nepertraukiamo-spausdinimo-irenginys-pigmentuotu-rasalu-ebs-6800p\/","title":{"rendered":"Nep\u0101rtrauktas drukas iek\u0101rta ar pigment\u0113tu tinti EBS-6800P"},"content":{"rendered":"<div data-elementor-type=\"wp-post\" data-elementor-id=\"13444\" class=\"elementor elementor-13444\">\n\t\t\t\t\t\t<section class=\"elementor-section elementor-top-section elementor-element elementor-element-455b34f7 elementor-section-boxed elementor-section-height-default elementor-section-height-default\" data-id=\"455b34f7\" data-element_type=\"section\" data-e-type=\"section\">\n\t\t\t\t\t\t<div class=\"elementor-container elementor-column-gap-default\">\n\t\t\t\t\t<div class=\"elementor-column elementor-col-100 elementor-top-column elementor-element elementor-element-3f5cf849\" data-id=\"3f5cf849\" data-element_type=\"column\" data-e-type=\"column\">\n\t\t\t<div class=\"elementor-widget-wrap elementor-element-populated\">\n\t\t\t\t\t\t<div class=\"elementor-element elementor-element-16a7f372 elementor-widget elementor-widget-text-editor\" data-id=\"16a7f372\" data-element_type=\"widget\" data-e-type=\"widget\" data-widget_type=\"text-editor.default\">\n\t\t\t\t<div class=\"elementor-widget-container\">\n\t\t\t\t\t\t\t\t\t<table>\r\n<tbody>\r\n<tr>\r\n<td width=\"290\">\u0136ermenis<\/td>\r\n<td width=\"290\">Ner\u016bs\u0113jo\u0161ais t\u0113rauds; Izm\u0113ri: 300x470x211mm (PxAxG)<\/td>\r\n<\/tr>\r\n<tr>\r\n<td width=\"290\">Drukas galvi\u0146as diametrs<\/td>\r\n<td width=\"290\">40 mm<\/td>\r\n<\/tr>\r\n<tr>\r\n<td width=\"290\">Drukas galvi\u0146as kabe\u013ca garums<\/td>\r\n<td width=\"290\">3 metri<\/td>\r\n<\/tr>\r\n<tr>\r\n<td width=\"290\">Sprauslu skaits<\/td>\r\n<td width=\"290\">16 (p\u0113c izv\u0113les: 25 vai 32)<\/td>\r\n<\/tr>\r\n<tr>\r\n<td width=\"290\">Drukas augstums<\/td>\r\n<td width=\"290\">No 1,2 l\u012bdz 14 mm<\/td>\r\n<\/tr>\r\n<tr>\r\n<td width=\"290\">Drukas \u0101trums<\/td>\r\n<td width=\"290\">500 metri\/min\u016bt\u0113, izmantojot 5x5 matricu (2083 rakstz\u012bmes sekund\u0113)<\/td>\r\n<\/tr>\r\n<tr>\r\n<td width=\"290\">Printera atmi\u0146a<\/td>\r\n<td width=\"290\">1000 projektu (2000 p\u0113c izv\u0113les)<\/td>\r\n<\/tr>\r\n<tr>\r\n<td width=\"290\">Att\u0101lums no drukas galvi\u0146as l\u012bdz izstr\u0101d\u0101jumam<\/td>\r\n<td width=\"290\">No 0 l\u012bdz 30 mm<\/td>\r\n<\/tr>\r\n<tr>\r\n<td width=\"290\">Savienot\u0101ji<\/td>\r\n<td width=\"290\">USB; ETHERNET; optisk\u0101 sensora ieeja; kod\u0113t\u0101ja ievade; RS-232;<\/td>\r\n<\/tr>\r\n<tr>\r\n<td width=\"290\">Printera p\u0101rvald\u012bba<\/td>\r\n<td width=\"290\">Sk\u0101rienekr\u0101ns<\/td>\r\n<\/tr>\r\n<tr>\r\n<td width=\"290\">Svars<\/td>\r\n<td width=\"290\">13,8 kg<\/td>\r\n<\/tr>\r\n<tr>\r\n<td width=\"290\">Darba vides temperat\u016bra<\/td>\r\n<td width=\"290\">No +5\u00b0C l\u012bdz +40\u00b0C<\/td>\r\n<\/tr>\r\n<tr>\r\n<td width=\"290\">bar\u012bba<\/td>\r\n<td width=\"290\">Spriegums: 100-240 VAC, 50\/60 Hz; maks str\u0101va: 0,65 - 0,3 A<\/td>\r\n<\/tr>\r\n<tr>\r\n<td width=\"290\">Tinte<\/td>\r\n<td width=\"290\">Pigment\u0113ta tinte: uz metiletilketona vai etanola b\u0101zes<\/td>\r\n<\/tr>\r\n<tr>\r\n<td width=\"290\">Tintes kr\u0101sa<\/td>\r\n<td width=\"290\">Da\u017e\u0101das kr\u0101sas, ta\u010du vien\u0101 ier\u012bc\u0113 j\u0101izmanto vienas un t\u0101s pa\u0161as b\u0101zes tintes<\/td>\r\n<\/tr>\r\n<tr>\r\n<td width=\"290\">Mitrums<\/td>\r\n<td width=\"290\">Maks. 90% bez kondens\u0101ta<\/td>\r\n<\/tr>\r\n<tr>\r\n<td width=\"290\">Aizsardz\u012bba<\/td>\r\n<td width=\"290\">IP44 (p\u0113c izv\u0113les IP54)<\/td>\r\n<\/tr>\r\n<\/tbody>\r\n<\/table>\t\t\t\t\t\t\t\t<\/div>\n\t\t\t\t<\/div>\n\t\t\t\t\t<\/div>\n\t\t<\/div>\n\t\t\t\t\t<\/div>\n\t\t<\/section>\n\t\t\t\t<section class=\"elementor-section elementor-top-section elementor-element elementor-element-e6b5fd5 elementor-section-boxed elementor-section-height-default elementor-section-height-default\" data-id=\"e6b5fd5\" data-element_type=\"section\" data-e-type=\"section\">\n\t\t\t\t\t\t<div class=\"elementor-container elementor-column-gap-default\">\n\t\t\t\t\t<div class=\"elementor-column elementor-col-33 elementor-top-column elementor-element elementor-element-c0c901c\" data-id=\"c0c901c\" data-element_type=\"column\" data-e-type=\"column\">\n\t\t\t<div class=\"elementor-widget-wrap elementor-element-populated\">\n\t\t\t\t\t\t<div class=\"elementor-element elementor-element-2a39dac btn-position-bottom elementor-widget elementor-widget-razzi-image-button\" data-id=\"2a39dac\" data-element_type=\"widget\" data-e-type=\"widget\" data-widget_type=\"razzi-image-button.default\">\n\t\t\t\t<div class=\"elementor-widget-container\">\n\t\t\t\t\t<div class=\"razzi-image-button\"><img fetchpriority=\"high\" decoding=\"async\" width=\"1200\" height=\"675\" src=\"https:\/\/packstera.lt\/wp-content\/uploads\/2020\/08\/CIJ_Med__4_-1.jpg\" class=\"attachment-full size-full wp-image-15091\" alt=\"\" \/><a href=\"http:\/\/packstera.lt\/wp-content\/uploads\/2023\/01\/Boltmark_Series_II-LT-1.pdf\" target=\"_blank\" rel=\"nofollow\" class=\"razzi-image-button__link\"><\/a><a href=\"http:\/\/packstera.lt\/wp-content\/uploads\/2023\/01\/Boltmark_Series_II-LT-1.pdf\" target=\"_blank\" rel=\"nofollow\" class=\"razzi-image-button__position razzi-image-button__button\">Ra\u017eot\u0101ja apraksts <span class=\"razzi-svg-icon\"><svg aria-hidden=\"true\" role=\"img\" focusable=\"false\" xmlns=\"http:\/\/www.w3.org\/2000\/svg\" width=\"24\" height=\"24\" viewbox=\"0 0 24 24\" fill=\"none\" stroke=\"currentColor\" stroke-width=\"2\" stroke-linecap=\"round\" stroke-linejoin=\"round\"><line x1=\"0\" y1=\"12\" x2=\"19\" y2=\"12\"><\/line><polyline points=\"12 5 19 12 12 19\"><\/polyline><\/svg><\/span><\/a><\/div>\t\t\t\t<\/div>\n\t\t\t\t<\/div>\n\t\t\t\t\t<\/div>\n\t\t<\/div>\n\t\t\t\t<div class=\"elementor-column elementor-col-66 elementor-top-column elementor-element elementor-element-6ad607b\" data-id=\"6ad607b\" data-element_type=\"column\" data-e-type=\"column\">\n\t\t\t<div class=\"elementor-widget-wrap\">\n\t\t\t\t\t\t\t<\/div>\n\t\t<\/div>\n\t\t\t\t\t<\/div>\n\t\t<\/section>\n\t\t\t\t<\/div>","protected":false},"excerpt":{"rendered":"<p style=\"text-align: justify;\">Mar\u0137\u0113\u0161anas sist\u0113mas nep\u0101rtraukt\u0101s tintes str\u016bklas (CIJ) kategorij\u0101 ir mazu rakstz\u012bmju printeri ar drukas augstumu no 0,8 mm l\u012bdz 14 mm. Pateicoties rakst\u012b\u0161anas \u0101trumam l\u012bdz 500 metriem min\u016bt\u0113 (@Matrix 5\u00d75), \u0161ie printeri ir piem\u0113roti ar\u012b mar\u0137\u0113\u0161anai uz \u013coti \u0101triem konveijeriem. L\u012bdz ar to ra\u017eo\u0161anas process neb\u016bs j\u0101p\u0101rtrauc vai j\u0101p\u0101rtrauc, lai pareizi mar\u0137\u0113tu preci ar tekstiem, sv\u012btrkodiem vai citiem simboliem.<\/p>\n<p>\u0160is EBS-6800P ir unik\u0101ls paral\u0113lo ier\u012b\u010du kl\u0101st\u0101 ar to, ka druk\u0101\u0161anai tiek izmantota pigment\u0113t\u0101 tinte, kuras \u012bpa\u0161\u012bbas nodro\u0161ina \u012bpa\u0161i labu kontrastu starp druk\u0101to tekstu un virsmu, uz kuras notiek mar\u0137\u0113jums.<\/p>\n<p>Druk\u0101\u0161anas process ir piln\u012bgi bezkontakta, un ar pareizo tinti var \u0101tri un vienk\u0101r\u0161i apdruk\u0101t un mar\u0137\u0113t gandr\u012bz jebkuru materi\u0101la virsmu. Rezult\u0101t\u0101 CIJ printerus var izmantot gandr\u012bz jebkur\u0101 nozar\u0113 bez jebk\u0101diem ierobe\u017eojumiem. Piem\u0113ram, p\u0101rtikas r\u016bpniec\u012bb\u0101, pateicoties bezkontakta druk\u0101\u0161anai, uz izliektiem priek\u0161metiem, piem\u0113ram, pude\u013cu kakli\u0146iem vai dz\u0113rienu sk\u0101rden\u0113m, var lieliski izdruk\u0101t partijas numurus, der\u012bguma termi\u0146us utt. Turkl\u0101t printeri, kas izmanto CIJ tehnolo\u0123iju, parasti nodro\u0161ina uzticam\u0101ku druk\u0101\u0161anas rezult\u0101tu, var att\u012bst\u012bt liel\u0101ku mar\u0137\u0113\u0161anas \u0101trumu nek\u0101 citas ier\u012bces, kas mar\u0137\u0113\u0161anas laik\u0101 izmanto kontaktu. V\u0113l viena bezkontakta mar\u0137\u0113\u0161anas priek\u0161roc\u012bba ir iesp\u0113ja apz\u012bm\u0113t pat trauslus priek\u0161metus, piem\u0113ram, olu \u010daumalas.<\/p>","protected":false},"featured_media":15086,"template":"","meta":[],"product_cat":[621],"product_tag":[],"class_list":{"0":"post-13444","1":"product","2":"type-product","3":"status-publish","4":"has-post-thumbnail","6":"product_cat-rasalinis-ciurkslinis","8":"first","9":"instock","10":"shipping-taxable","11":"product-type-simple"},"_links":{"self":[{"href":"https:\/\/packstera.lt\/lv\/wp-json\/wp\/v2\/product\/13444","targetHints":{"allow":["GET"]}}],"collection":[{"href":"https:\/\/packstera.lt\/lv\/wp-json\/wp\/v2\/product"}],"about":[{"href":"https:\/\/packstera.lt\/lv\/wp-json\/wp\/v2\/types\/product"}],"version-history":[{"count":5,"href":"https:\/\/packstera.lt\/lv\/wp-json\/wp\/v2\/product\/13444\/revisions"}],"predecessor-version":[{"id":15094,"href":"https:\/\/packstera.lt\/lv\/wp-json\/wp\/v2\/product\/13444\/revisions\/15094"}],"wp:featuredmedia":[{"embeddable":true,"href":"https:\/\/packstera.lt\/lv\/wp-json\/wp\/v2\/media\/15086"}],"wp:attachment":[{"href":"https:\/\/packstera.lt\/lv\/wp-json\/wp\/v2\/media?parent=13444"}],"wp:term":[{"taxonomy":"product_cat","embeddable":true,"href":"https:\/\/packstera.lt\/lv\/wp-json\/wp\/v2\/product_cat?post=13444"},{"taxonomy":"product_tag","embeddable":true,"href":"https:\/\/packstera.lt\/lv\/wp-json\/wp\/v2\/product_tag?post=13444"}],"curies":[{"name":"wp","href":"https:\/\/api.w.org\/{rel}","templated":true}]}}