{"id":13446,"date":"2020-08-19T11:49:42","date_gmt":"2020-08-19T08:49:42","guid":{"rendered":"http:\/\/packstera.lt\/p\/ebs-250\/"},"modified":"2023-01-10T10:28:51","modified_gmt":"2023-01-10T08:28:51","slug":"ebs-250-mobilais-printeris","status":"publish","type":"product","link":"https:\/\/packstera.lt\/lv\/p\/ebs-250-mobilus-spausdintuvas\/","title":{"rendered":"EBS-250 mobilais printeris"},"content":{"rendered":"<div data-elementor-type=\"wp-post\" data-elementor-id=\"13446\" class=\"elementor elementor-13446\">\n\t\t\t\t\t\t<section class=\"elementor-section elementor-top-section elementor-element elementor-element-e02c1b0 elementor-section-boxed elementor-section-height-default elementor-section-height-default\" data-id=\"e02c1b0\" data-element_type=\"section\" data-e-type=\"section\">\n\t\t\t\t\t\t<div class=\"elementor-container elementor-column-gap-default\">\n\t\t\t\t\t<div class=\"elementor-column elementor-col-100 elementor-top-column elementor-element elementor-element-383ae8e\" data-id=\"383ae8e\" data-element_type=\"column\" data-e-type=\"column\">\n\t\t\t<div class=\"elementor-widget-wrap elementor-element-populated\">\n\t\t\t\t\t\t<div class=\"elementor-element elementor-element-77be949 elementor-widget elementor-widget-text-editor\" data-id=\"77be949\" data-element_type=\"widget\" data-e-type=\"widget\" data-widget_type=\"text-editor.default\">\n\t\t\t\t<div class=\"elementor-widget-container\">\n\t\t\t\t\t\t\t\t\t<table>\n<tbody>\n<tr>\n<td width=\"198\">Sprauslu skaits<\/td>\n<td width=\"426\">16<\/td>\n<\/tr>\n<tr>\n<td width=\"198\">Sprauslas diametrs<\/td>\n<td width=\"426\">150 \u00b5m (p\u0113c izv\u0113les 120 \u00b5m, 170 \u00b5m, 200 \u00b5m)<\/td>\n<\/tr>\n<tr>\n<td width=\"198\">Drukas augstums<\/td>\n<td width=\"426\">7\u00a0mm (0,28\u00a0collas) - 27\u00a0mm (1,06\u00a0collas)<\/td>\n<\/tr>\n<tr>\n<td width=\"198\">Optim\u0101lais izstr\u0101d\u0101juma augstums<\/td>\n<td width=\"426\">&gt; 35\u00a0mm (1,38\u00a0collas)<\/td>\n<\/tr>\n<tr>\n<td width=\"198\">Atmi\u0146a druk\u0101jamiem ierakstiem<\/td>\n<td width=\"426\">10, p\u0113c izv\u0113les 30<\/td>\n<\/tr>\n<tr>\n<td width=\"198\">Savienot\u0101ji<\/td>\n<td width=\"426\">Bluetooth; USB<\/td>\n<\/tr>\n<tr>\n<td width=\"198\">bar\u012bba<\/td>\n<td width=\"426\">Augstas veiktsp\u0113jas 3 \u0161\u016bnu litija jonu akumulators<\/td>\n<\/tr>\n<tr>\n<td width=\"198\">Darb\u012bbas laiks ar pilnu akumulatoru<\/td>\n<td width=\"426\">L\u012bdz 50 stund\u0101m nep\u0101rtrauktas druk\u0101\u0161anas pie +20\u00b0C (68\u00b0F); autom\u0101tiska zema akumulatora l\u012bme\u0146a trauksme<\/td>\n<\/tr>\n<tr>\n<td width=\"198\">Uzl\u0101de<\/td>\n<td width=\"426\">L\u0101d\u0113t\u0101js DC 24V\/1A; uzl\u0101des laiks apm. 150 min\u016btes vai maz\u0101k<\/td>\n<\/tr>\n<tr>\n<td width=\"198\">Svars<\/td>\n<td width=\"426\">990 g<\/td>\n<\/tr>\n<tr>\n<td width=\"198\">K\u0101rtrid\u017eu tilpums<\/td>\n<td width=\"426\">110 ml, ietilp\u012bba &gt; 110 000 rakstz\u012bmju (matrica 7 \u00d7 5) vai 18 000 rakstz\u012bmes (matrica 16 \u00d7 10)<\/td>\n<\/tr>\n<tr>\n<td width=\"198\">Darba spiediens<\/td>\n<td width=\"426\">0,3 b\u0101ri l\u012bdz 0,4 b\u0101ri ar iek\u0161\u0113jo mini kompresoru<\/td>\n<\/tr>\n<tr>\n<td width=\"198\">Darba vides temperat\u016bra<\/td>\n<td width=\"426\">No +0,5\u00b0C (33\u00b0F) l\u012bdz +40\u00b0C (104\u00b0F)<\/td>\n<\/tr>\n<tr>\n<td width=\"198\">Apk\u0101rt\u0113j\u0101 uzglab\u0101\u0161anas temperat\u016bra<\/td>\n<td width=\"426\">+1\u00b0C (34\u00b0F) l\u012bdz +45\u00b0C (113\u00b0F) \u016bdens printerim; -10\u00b0C (14\u00b0F) l\u012bdz +45\u00b0C (113\u00b0F) printerim ar acetona vai etanola tinti.<\/td>\n<\/tr>\n<tr>\n<td width=\"198\">Mitrums<\/td>\n<td width=\"426\">Maks. 95% bez kondens\u0101ta<\/td>\n<\/tr>\n<\/tbody>\n<\/table>\n<table width=\"626\">\n<tbody>\n<tr>\n<td width=\"198\">Grafika (logotips, \u012bpa\u0161s vizu\u0101lais simbols)<\/td>\n<td width=\"428\">Standarta tekstus un grafisk\u0101s rakstz\u012bmes var arhiv\u0113t, izmantojot WindowsTM Fonts (True Type emul\u0101cija). Piel\u0101gotas ikonas un logotipus var izveidot ar grafisko redaktoru (16 \u00d7 80 pikse\u013ci) vai izmantojot .bmp failu (16 \u00d7 200 pikse\u013ci, melnbalts).\n<\/tr>\n<tr>\n<td width=\"198\">Speci\u0101las iesp\u0113jas<\/td>\n<td width=\"428\">Datums, laiks, der\u012bguma termi\u0146\u0161, pieauguma un samazin\u0101juma skait\u012bt\u0101js, univers\u0101lais skait\u012bt\u0101js<\/td>\n<\/tr>\n<tr>\n<td width=\"198\">Printera \u012bpa\u0161\u012bbas<\/td>\n<td width=\"428\">Bezvadu savienojums (att\u0101lums l\u012bdz 50 m); V\u0101rdu un parametru apstr\u0101des programmat\u016bra, kas ir sader\u012bga ar WindowsTM 7-10; Bezvadu t\u012bkls l\u012bdz 20 printeriem, kas tiek vad\u012bti no viena datora;<\/td>\n<\/tr>\n<tr>\n<td width=\"198\">Kod\u0113t\u0101js<\/td>\n<td width=\"428\">Drukas izvadi regul\u0113 kod\u0113t\u0101js uz apak\u0161\u0113j\u0101 virzo\u0161\u0101 rite\u0146a<\/td>\n<\/tr>\n<tr>\n<td width=\"198\">Tinte<\/td>\n<td width=\"428\">Pieejamas viegli nomain\u0101m\u0101s kasetn\u0113s, da\u017e\u0101du kr\u0101su tint\u0113s uz etanola, acetona, MEK vai \u016bdens b\u0101zes; Viena tinte katr\u0101 ier\u012bc\u0113; Tintes veida mai\u0146a nav ieteicama.<\/td>\n<\/tr>\n<\/tbody>\n<\/table>\n<div><\/div>\t\t\t\t\t\t\t\t<\/div>\n\t\t\t\t<\/div>\n\t\t\t\t\t<\/div>\n\t\t<\/div>\n\t\t\t\t\t<\/div>\n\t\t<\/section>\n\t\t\t\t<section class=\"elementor-section elementor-top-section elementor-element elementor-element-06a118e elementor-section-boxed elementor-section-height-default elementor-section-height-default\" data-id=\"06a118e\" data-element_type=\"section\" data-e-type=\"section\">\n\t\t\t\t\t\t<div class=\"elementor-container elementor-column-gap-default\">\n\t\t\t\t\t<div class=\"elementor-column elementor-col-66 elementor-top-column elementor-element elementor-element-94b1c01\" data-id=\"94b1c01\" data-element_type=\"column\" data-e-type=\"column\">\n\t\t\t<div class=\"elementor-widget-wrap elementor-element-populated\">\n\t\t\t\t\t\t<div class=\"elementor-element elementor-element-bd2ba8c elementor-widget elementor-widget-video\" data-id=\"bd2ba8c\" data-element_type=\"widget\" data-e-type=\"widget\" data-settings=\"{&quot;youtube_url&quot;:&quot;https:\\\/\\\/www.youtube.com\\\/watch?v=dzGDbBlT4J0&amp;ab_channel=EBSInk-JetSystems&quot;,&quot;video_type&quot;:&quot;youtube&quot;,&quot;controls&quot;:&quot;yes&quot;}\" data-widget_type=\"video.default\">\n\t\t\t\t<div class=\"elementor-widget-container\">\n\t\t\t\t\t\t\t<div class=\"elementor-wrapper elementor-open-inline\">\n\t\t\t<div class=\"elementor-video\"><\/div>\t\t<\/div>\n\t\t\t\t\t\t<\/div>\n\t\t\t\t<\/div>\n\t\t\t\t\t<\/div>\n\t\t<\/div>\n\t\t\t\t<div class=\"elementor-column elementor-col-33 elementor-top-column elementor-element elementor-element-a830799\" data-id=\"a830799\" data-element_type=\"column\" data-e-type=\"column\">\n\t\t\t<div class=\"elementor-widget-wrap elementor-element-populated\">\n\t\t\t\t\t\t<div class=\"elementor-element elementor-element-5b72819 btn-position-bottom elementor-widget elementor-widget-razzi-image-button\" data-id=\"5b72819\" data-element_type=\"widget\" data-e-type=\"widget\" data-widget_type=\"razzi-image-button.default\">\n\t\t\t\t<div class=\"elementor-widget-container\">\n\t\t\t\t\t<div class=\"razzi-image-button\"><img fetchpriority=\"high\" decoding=\"async\" width=\"956\" height=\"956\" src=\"https:\/\/packstera.lt\/wp-content\/uploads\/2020\/08\/Mobillity_250.png\" class=\"attachment-full size-full wp-image-15037\" alt=\"\" srcset=\"https:\/\/packstera.lt\/wp-content\/uploads\/2020\/08\/Mobillity_250-600x600.png 600w, https:\/\/packstera.lt\/wp-content\/uploads\/2020\/08\/Mobillity_250-150x150.png 150w, https:\/\/packstera.lt\/wp-content\/uploads\/2020\/08\/Mobillity_250-300x300.png 300w, https:\/\/packstera.lt\/wp-content\/uploads\/2020\/08\/Mobillity_250-768x768.png 768w, https:\/\/packstera.lt\/wp-content\/uploads\/2020\/08\/Mobillity_250-1024x1024.png 1024w\" sizes=\"(max-width: 956px) 100vw, 956px\" \/><a href=\"http:\/\/packstera.lt\/wp-content\/uploads\/2023\/01\/EBS-250_Edition.pdf.pdf\" target=\"_blank\" rel=\"nofollow\" class=\"razzi-image-button__link\"><\/a><a href=\"http:\/\/packstera.lt\/wp-content\/uploads\/2023\/01\/EBS-250_Edition.pdf.pdf\" target=\"_blank\" rel=\"nofollow\" class=\"razzi-image-button__position razzi-image-button__button\">Ra\u017eot\u0101ja apraksts <span class=\"razzi-svg-icon\"><svg aria-hidden=\"true\" role=\"img\" focusable=\"false\" xmlns=\"http:\/\/www.w3.org\/2000\/svg\" width=\"24\" height=\"24\" viewbox=\"0 0 24 24\" fill=\"none\" stroke=\"currentColor\" stroke-width=\"2\" stroke-linecap=\"round\" stroke-linejoin=\"round\"><line x1=\"0\" y1=\"12\" x2=\"19\" y2=\"12\"><\/line><polyline points=\"12 5 19 12 12 19\"><\/polyline><\/svg><\/span><\/a><\/div>\t\t\t\t<\/div>\n\t\t\t\t<\/div>\n\t\t\t\t\t<\/div>\n\t\t<\/div>\n\t\t\t\t\t<\/div>\n\t\t<\/section>\n\t\t\t\t<\/div>","protected":false},"excerpt":{"rendered":"<p style=\"text-align: justify;\">EBS-250 ir rokas ier\u012bce p\u0101rn\u0113s\u0101jamai mar\u0137\u0113\u0161anai un kod\u0113\u0161anai.<\/p>\n<p style=\"text-align: justify;\">Printeris ir viegli lietojams: zi\u0146ojumi tiek import\u0113ti bezvadu re\u017e\u012bm\u0101 un izdruk\u0101ti, nospie\u017eot pogu. Rite\u0146u vadotnes piel\u0101gojas operatora rokas \u0101trumam, t\u0101p\u0113c izdruk\u0101t\u0101 inform\u0101cija ir skaidra, kvalitat\u012bva un viegli las\u0101ma.<\/p>\n<p style=\"text-align: justify;\">Cements, met\u0101ls, stikls, tekstils, plastmasa, kartons, koks - visas virsmas ir dro\u0161as ier\u012bcei un nav nek\u0101du gr\u016bt\u012bbu uz t\u0101m mar\u0137\u0113t un kod\u0113t.<\/p>\n<p style=\"text-align: justify;\">Viegls k\u0101 spalva, printeris sver maz\u0101k par kilogramu, ieskaitot pilnu tintes kasetni un akumulatoru. EBS nep\u0101rtraukti integr\u0113 sare\u017e\u0123\u012btas progres\u012bvas tehnolo\u0123ijas, samazinot izm\u0113ru, bet palielinot iesp\u0113jas.<\/p>","protected":false},"featured_media":15026,"template":"","meta":[],"product_cat":[624],"product_tag":[],"class_list":{"0":"post-13446","1":"product","2":"type-product","3":"status-publish","4":"has-post-thumbnail","6":"product_cat-mobilus-rasaliniai-spausdintuvai","8":"first","9":"instock","10":"shipping-taxable","11":"product-type-simple"},"_links":{"self":[{"href":"https:\/\/packstera.lt\/lv\/wp-json\/wp\/v2\/product\/13446","targetHints":{"allow":["GET"]}}],"collection":[{"href":"https:\/\/packstera.lt\/lv\/wp-json\/wp\/v2\/product"}],"about":[{"href":"https:\/\/packstera.lt\/lv\/wp-json\/wp\/v2\/types\/product"}],"version-history":[{"count":28,"href":"https:\/\/packstera.lt\/lv\/wp-json\/wp\/v2\/product\/13446\/revisions"}],"predecessor-version":[{"id":15150,"href":"https:\/\/packstera.lt\/lv\/wp-json\/wp\/v2\/product\/13446\/revisions\/15150"}],"wp:featuredmedia":[{"embeddable":true,"href":"https:\/\/packstera.lt\/lv\/wp-json\/wp\/v2\/media\/15026"}],"wp:attachment":[{"href":"https:\/\/packstera.lt\/lv\/wp-json\/wp\/v2\/media?parent=13446"}],"wp:term":[{"taxonomy":"product_cat","embeddable":true,"href":"https:\/\/packstera.lt\/lv\/wp-json\/wp\/v2\/product_cat?post=13446"},{"taxonomy":"product_tag","embeddable":true,"href":"https:\/\/packstera.lt\/lv\/wp-json\/wp\/v2\/product_tag?post=13446"}],"curies":[{"name":"wp","href":"https:\/\/api.w.org\/{rel}","templated":true}]}}