{"id":13489,"date":"2020-08-20T13:41:22","date_gmt":"2020-08-20T10:41:22","guid":{"rendered":"http:\/\/packstera.lt\/?post_type=product&#038;p=13489"},"modified":"2023-01-03T15:24:38","modified_gmt":"2023-01-03T13:24:38","slug":"herma-211-pusautomatiskais-marketajs-cilindriskiem-izstradajumiem","status":"publish","type":"product","link":"https:\/\/packstera.lt\/lv\/p\/herma-211-pusiau-automatinis-cilindriniu-produktu-etiketatorius\/","title":{"rendered":"Herma 211 pusautom\u0101tiskais mar\u0137\u0113t\u0101js cilindriskiem izstr\u0101d\u0101jumiem"},"content":{"rendered":"<div data-elementor-type=\"wp-post\" data-elementor-id=\"13489\" class=\"elementor elementor-13489\">\n\t\t\t\t\t\t<section class=\"elementor-section elementor-top-section elementor-element elementor-element-fa25d67 elementor-section-boxed elementor-section-height-default elementor-section-height-default\" data-id=\"fa25d67\" data-element_type=\"section\" data-e-type=\"section\">\n\t\t\t\t\t\t<div class=\"elementor-container elementor-column-gap-default\">\n\t\t\t\t\t<div class=\"elementor-column elementor-col-100 elementor-top-column elementor-element elementor-element-5e0eb8e\" data-id=\"5e0eb8e\" data-element_type=\"column\" data-e-type=\"column\">\n\t\t\t<div class=\"elementor-widget-wrap elementor-element-populated\">\n\t\t\t\t\t\t<div class=\"elementor-element elementor-element-37bd74a elementor-widget elementor-widget-text-editor\" data-id=\"37bd74a\" data-element_type=\"widget\" data-e-type=\"widget\" data-widget_type=\"text-editor.default\">\n\t\t\t\t<div class=\"elementor-widget-container\">\n\t\t\t\t\t\t\t\t\t<table>\n<tbody>\n<tr>\n<td width=\"312\">Mar\u0137\u0113juma veids<\/td>\n<td width=\"312\">Aptiniet eti\u0137eti<\/td>\n<\/tr>\n<tr>\n<td width=\"312\">Mar\u0137\u0113jam\u0101 produkta specifik\u0101cijas<\/td>\n<td width=\"312\">Cilindra forma<\/td>\n<\/tr>\n<tr>\n<td width=\"312\">Mar\u0137\u0113jam\u0101s preces izm\u0113ri<\/td>\n<td width=\"312\">20\u2013120\u00a0mm x 30\u2013240\u00a0mm (G\u00a0x\u00a0A)<\/td>\n<\/tr>\n<tr>\n<td width=\"312\">Eti\u0137etes izm\u0113ri<\/td>\n<td width=\"312\">15-160 x 30-320\u00a0mm (W x A)<\/td>\n<\/tr>\n<tr>\n<td width=\"312\">Performance<\/td>\n<td width=\"312\">L\u012bdz 20 produktiem\/min<\/td>\n<\/tr>\n<tr>\n<td width=\"312\">bar\u012bba<\/td>\n<td width=\"312\">100 - 240 V, 50 - 60 Hz, 1 f\u0101ze<\/td>\n<\/tr>\n<tr>\n<td width=\"312\">Saspiesta gaisa padeve<\/td>\n<td width=\"312\">6 b\u0101ri<\/td>\n<\/tr>\n<tr>\n<td width=\"312\">Printeris<\/td>\n<td width=\"312\">Da\u017e\u0101di karst\u0101s folijas un termop\u0101rneses printeri (p\u0113c izv\u0113les)<\/td>\n<\/tr>\n<tr>\n<td width=\"312\">Sast\u0101vda\u013cas<\/td>\n<td width=\"312\">211 rot\u0101cijas bloks, produkta atbalsts, aplikators, k\u0101jas sl\u0113dzis, lai s\u0101ktu mar\u0137\u0113\u0161anas procesu<\/td>\n<\/tr>\n<tr>\n<td width=\"312\">Pieejami aksesu\u0101ri<\/td>\n<td width=\"312\">Izl\u012bdzin\u0101ta iesai\u0146ojuma mar\u0137\u0113\u0161ana, digit\u0101lie poz\u012bcijas indikatori, divu roku vad\u012bbas sist\u0113ma, lai s\u0101ktu mar\u0137\u0113\u0161anas procesu<\/td>\n<\/tr>\n<\/tbody>\n<\/table>\n<p>Piez\u012bme. Ja ir atlas\u012btas papildu funkcijas vai piederumi, iepriek\u0161 min\u0113tie dati var at\u0161\u0137irties<\/p>\t\t\t\t\t\t\t\t<\/div>\n\t\t\t\t<\/div>\n\t\t\t\t\t<\/div>\n\t\t<\/div>\n\t\t\t\t\t<\/div>\n\t\t<\/section>\n\t\t\t\t<section class=\"elementor-section elementor-top-section elementor-element elementor-element-13682df elementor-section-boxed elementor-section-height-default elementor-section-height-default\" data-id=\"13682df\" data-element_type=\"section\" data-e-type=\"section\">\n\t\t\t\t\t\t<div class=\"elementor-container elementor-column-gap-default\">\n\t\t\t\t\t<div class=\"elementor-column elementor-col-66 elementor-top-column elementor-element elementor-element-620c0c8\" data-id=\"620c0c8\" data-element_type=\"column\" data-e-type=\"column\">\n\t\t\t<div class=\"elementor-widget-wrap elementor-element-populated\">\n\t\t\t\t\t\t<div class=\"elementor-element elementor-element-2314b79 elementor-widget elementor-widget-video\" data-id=\"2314b79\" data-element_type=\"widget\" data-e-type=\"widget\" data-settings=\"{&quot;youtube_url&quot;:&quot;https:\\\/\\\/www.youtube.com\\\/watch?v=icREOh3Qelo&amp;ab_channel=HERMALabelingMachines&quot;,&quot;video_type&quot;:&quot;youtube&quot;,&quot;controls&quot;:&quot;yes&quot;}\" data-widget_type=\"video.default\">\n\t\t\t\t<div class=\"elementor-widget-container\">\n\t\t\t\t\t\t\t<div class=\"elementor-wrapper elementor-open-inline\">\n\t\t\t<div class=\"elementor-video\"><\/div>\t\t<\/div>\n\t\t\t\t\t\t<\/div>\n\t\t\t\t<\/div>\n\t\t\t\t\t<\/div>\n\t\t<\/div>\n\t\t\t\t<div class=\"elementor-column elementor-col-33 elementor-top-column elementor-element elementor-element-37a26ce\" data-id=\"37a26ce\" data-element_type=\"column\" data-e-type=\"column\">\n\t\t\t<div class=\"elementor-widget-wrap elementor-element-populated\">\n\t\t\t\t\t\t<div class=\"elementor-element elementor-element-acafda7 btn-position-bottom elementor-widget elementor-widget-razzi-image-button\" data-id=\"acafda7\" data-element_type=\"widget\" data-e-type=\"widget\" data-widget_type=\"razzi-image-button.default\">\n\t\t\t\t<div class=\"elementor-widget-container\">\n\t\t\t\t\t<div class=\"razzi-image-button\"><img fetchpriority=\"high\" decoding=\"async\" width=\"640\" height=\"549\" src=\"https:\/\/packstera.lt\/wp-content\/uploads\/2023\/01\/Capture.jpg\" class=\"attachment-large size-large wp-image-14948\" alt=\"\" srcset=\"https:\/\/packstera.lt\/wp-content\/uploads\/2023\/01\/Capture.jpg 980w, https:\/\/packstera.lt\/wp-content\/uploads\/2023\/01\/Capture-300x257.jpg 300w, https:\/\/packstera.lt\/wp-content\/uploads\/2023\/01\/Capture-768x658.jpg 768w, https:\/\/packstera.lt\/wp-content\/uploads\/2023\/01\/Capture-14x12.jpg 14w, https:\/\/packstera.lt\/wp-content\/uploads\/2023\/01\/Capture-570x489.jpg 570w, https:\/\/packstera.lt\/wp-content\/uploads\/2023\/01\/Capture-600x514.jpg 600w, https:\/\/packstera.lt\/wp-content\/uploads\/2023\/01\/Capture-130x111.jpg 130w\" sizes=\"(max-width: 640px) 100vw, 640px\" \/><a href=\"http:\/\/packstera.lt\/wp-content\/uploads\/2023\/01\/HERMA_wrap-around_labeler_211_leaflet.pdf\" target=\"_blank\" rel=\"nofollow\" class=\"razzi-image-button__link\"><\/a><a href=\"http:\/\/packstera.lt\/wp-content\/uploads\/2023\/01\/HERMA_wrap-around_labeler_211_leaflet.pdf\" target=\"_blank\" rel=\"nofollow\" class=\"razzi-image-button__position razzi-image-button__button\">Ra\u017eot\u0101ja apraksts <span class=\"razzi-svg-icon\"><svg aria-hidden=\"true\" role=\"img\" focusable=\"false\" xmlns=\"http:\/\/www.w3.org\/2000\/svg\" width=\"24\" height=\"24\" viewbox=\"0 0 24 24\" fill=\"none\" stroke=\"currentColor\" stroke-width=\"2\" stroke-linecap=\"round\" stroke-linejoin=\"round\"><line x1=\"0\" y1=\"12\" x2=\"19\" y2=\"12\"><\/line><polyline points=\"12 5 19 12 12 19\"><\/polyline><\/svg><\/span><\/a><\/div>\t\t\t\t<\/div>\n\t\t\t\t<\/div>\n\t\t\t\t\t<\/div>\n\t\t<\/div>\n\t\t\t\t\t<\/div>\n\t\t<\/section>\n\t\t\t\t<\/div>","protected":false},"excerpt":{"rendered":"<p style=\"text-align: justify;\">Ier\u012bce ir paredz\u0113ta cilindrisku izstr\u0101d\u0101jumu vai konteineru mar\u0137\u0113\u0161anai ra\u017eot\u0101jiem vai iepako\u0161anas pakalpojumu sniedz\u0113jiem. Pusautom\u0101tisk\u0101 mar\u0137\u0113\u0161anas sist\u0113ma HERMA 211 ir ide\u0101ls risin\u0101jums \u0161\u0101dam uzdevumam. Pateicoties t\u0101s izcilajai iztur\u012bbai un precizit\u0101tei, iek\u0101rta ir ide\u0101li piem\u0113rota nep\u0101rtrauktam darbam un atbilst visstingr\u0101kaj\u0101m mar\u0137\u0113\u0161anas pras\u012bb\u0101m.<\/p>\n<ul>\n<li style=\"text-align: justify;\">Pusautom\u0101tisk\u0101 apt\u012b\u0161anas eti\u0137ete ir paredz\u0113ta cilindrisku izstr\u0101d\u0101jumu mar\u0137\u0113\u0161anai<\/li>\n<li style=\"text-align: justify;\">Pieejamo izstr\u0101d\u0101jumu diametru diapazons ir no 20 l\u012bdz 120 mm<\/li>\n<li style=\"text-align: justify;\">\u0100tra mai\u0146a, \u0101tri piel\u0101gojas da\u017e\u0101diem izstr\u0101d\u0101jumu diametriem<\/li>\n<li>Uz izstr\u0101d\u0101juma var izdruk\u0101t der\u012bguma termi\u0146us vai partijas numurus, uzst\u0101dot da\u017e\u0101dus printerus<\/li>\n<li style=\"text-align: justify;\">Sist\u0113mas kodols ir augstas veiktsp\u0113jas aplikators HERMA 500<\/li>\n<li style=\"text-align: justify;\">Nav nepiecie\u0161ama vad\u012bbas k\u0101rba vai PLC<\/li>\n<li style=\"text-align: justify;\">Visus nepiecie\u0161amos parametrus var viegli iestat\u012bt, izmantojot integr\u0113to operatora displeju<\/li>\n<li style=\"text-align: justify;\">Ir iesp\u0113jama izl\u012bdzin\u0101ta apt\u012b\u0161anas eti\u0137ete.<\/li>\n<\/ul>","protected":false},"featured_media":14945,"template":"","meta":[],"product_cat":[557],"product_tag":[],"class_list":{"0":"post-13489","1":"product","2":"type-product","3":"status-publish","4":"has-post-thumbnail","6":"product_cat-etikeciu-klijavimo-irenginiai","8":"first","9":"instock","10":"shipping-taxable","11":"product-type-simple"},"_links":{"self":[{"href":"https:\/\/packstera.lt\/lv\/wp-json\/wp\/v2\/product\/13489","targetHints":{"allow":["GET"]}}],"collection":[{"href":"https:\/\/packstera.lt\/lv\/wp-json\/wp\/v2\/product"}],"about":[{"href":"https:\/\/packstera.lt\/lv\/wp-json\/wp\/v2\/types\/product"}],"version-history":[{"count":14,"href":"https:\/\/packstera.lt\/lv\/wp-json\/wp\/v2\/product\/13489\/revisions"}],"predecessor-version":[{"id":14967,"href":"https:\/\/packstera.lt\/lv\/wp-json\/wp\/v2\/product\/13489\/revisions\/14967"}],"wp:featuredmedia":[{"embeddable":true,"href":"https:\/\/packstera.lt\/lv\/wp-json\/wp\/v2\/media\/14945"}],"wp:attachment":[{"href":"https:\/\/packstera.lt\/lv\/wp-json\/wp\/v2\/media?parent=13489"}],"wp:term":[{"taxonomy":"product_cat","embeddable":true,"href":"https:\/\/packstera.lt\/lv\/wp-json\/wp\/v2\/product_cat?post=13489"},{"taxonomy":"product_tag","embeddable":true,"href":"https:\/\/packstera.lt\/lv\/wp-json\/wp\/v2\/product_tag?post=13489"}],"curies":[{"name":"wp","href":"https:\/\/api.w.org\/{rel}","templated":true}]}}