{"id":13551,"date":"2020-08-20T17:13:30","date_gmt":"2020-08-20T14:13:30","guid":{"rendered":"http:\/\/packstera.lt\/?post_type=product&#038;p=13551"},"modified":"2023-04-19T15:23:20","modified_gmt":"2023-04-19T12:23:20","slug":"herma-362c-abpusejas-markesanas-ierice","status":"publish","type":"product","link":"https:\/\/packstera.lt\/lv\/p\/herma-362c-dvipusis-etiketavimo-irenginys\/","title":{"rendered":"Herma-362C abpus\u0113j\u0101s mar\u0137\u0113\u0161anas ma\u0161\u012bna"},"content":{"rendered":"<div data-elementor-type=\"wp-post\" data-elementor-id=\"13551\" class=\"elementor elementor-13551\">\n\t\t\t\t\t\t<section class=\"elementor-section elementor-top-section elementor-element elementor-element-1ba63114 elementor-section-boxed elementor-section-height-default elementor-section-height-default\" data-id=\"1ba63114\" data-element_type=\"section\" data-e-type=\"section\">\n\t\t\t\t\t\t<div class=\"elementor-container elementor-column-gap-default\">\n\t\t\t\t\t<div class=\"elementor-column elementor-col-100 elementor-top-column elementor-element elementor-element-13302580\" data-id=\"13302580\" data-element_type=\"column\" data-e-type=\"column\">\n\t\t\t<div class=\"elementor-widget-wrap elementor-element-populated\">\n\t\t\t\t\t\t<div class=\"elementor-element elementor-element-866ae2f elementor-widget elementor-widget-text-editor\" data-id=\"866ae2f\" data-element_type=\"widget\" data-e-type=\"widget\" data-widget_type=\"text-editor.default\">\n\t\t\t\t<div class=\"elementor-widget-container\">\n\t\t\t\t\t\t\t\t\t<div>\n<div data-equalizer=\"two-cols\" data-resize=\"two-cols\" data-mutate=\"two-cols\" data-events=\"mutate\">\n<div>\n<div data-equalizer-watch=\"two-cols\">\n<div>\n<table>\n<tbody>\n<tr>\n<td width=\"100\">Mar\u0137\u0113juma veids<\/td>\n<td width=\"524\">Divpus\u0113ja vai aptino\u0161a eti\u0137ete (p\u0113c izv\u0113les)<\/td>\n<\/tr>\n<tr>\n<td width=\"312\">Mar\u0137\u0113jam\u0101 produkta specifik\u0101cijas<\/td>\n<td width=\"312\">Taisnst\u016bris; No plakanas - arkas l\u012bdz ov\u0101lai formai; Cilindra forma; Neregul\u0101ras formas<\/td>\n<\/tr>\n<tr>\n<td width=\"312\">Mar\u0137\u0113jam\u0101s preces izm\u0113ri<\/td>\n<td width=\"312\">Divpus\u0113js mar\u0137\u0113jums: 30 - 200 x 30 - 120 x 30 - 300 mm (G x P x A) \/ Apk\u0101rt\u0113jais mar\u0137\u0113jums: 20 - 100 x 30 - 250 mm (D x A)<\/td>\n<\/tr>\n<tr>\n<td width=\"312\">Eti\u0137etes izm\u0113ri<\/td>\n<td width=\"312\">Divpus\u0113js mar\u0137\u0113jums: 15 - 240 x 30 - 200 mm (P x A) \/ Apk\u0101rt\u0113jais mar\u0137\u0113jums: 15 - 150 x 30 - 315 mm (P x A)<\/td>\n<\/tr>\n<tr>\n<td width=\"312\">Performance<\/td>\n<td width=\"312\">L\u012bdz 200 produktiem min\u016bt\u0113<\/td>\n<\/tr>\n<tr>\n<td width=\"312\">bar\u012bba<\/td>\n<td width=\"312\">400 V, TN-CS, 50 Hz, 3 f\u0101zes, 208 V, Delta 4 vadu, 60 Hz, 3 f\u0101zes (p\u0113c izv\u0113les)<\/td>\n<\/tr>\n<tr>\n<td width=\"312\">Saspiesta gaisa padeve<\/td>\n<td width=\"312\">6 b\u0101ri<\/td>\n<\/tr>\n<tr>\n<td width=\"312\">Printeris<\/td>\n<td width=\"312\">Da\u017e\u0101di karst\u0101s folijas un termop\u0101rneses printeri (p\u0113c izv\u0113les)<\/td>\n<\/tr>\n<tr>\n<td width=\"312\">Sast\u0101vda\u013cas<\/td>\n<td width=\"312\">Konveijers, s\u0101nu izstr\u0101d\u0101jumu vadotnes, aug\u0161\u0113j\u0101 lente, aplikatori<\/td>\n<\/tr>\n<tr>\n<td width=\"312\">Pieejami aksesu\u0101ri<\/td>\n<td width=\"312\">Vado\u0161\u0101s pl\u0101ksnes padeves un iztuk\u0161o\u0161anas laik\u0101, lentes tipa separators, \u0137\u0113des izl\u012bdzin\u0101t\u0101js, apt\u012b\u0161anas mar\u0137\u0113jums ar apt\u012b\u0161anas jostu un pretpl\u0101ksni, mobil\u0101s ier\u012bces opcija, tre\u0161ais aplikators<\/td>\n<\/tr>\n<\/tbody>\n<\/table>\nPiez\u012bme. Ja ir atlas\u012btas papildu funkcijas vai piederumi, iepriek\u0161 min\u0113tie dati var at\u0161\u0137irties\n\n<\/div>\n<\/div>\n<\/div>\n<\/div>\n<\/div>\t\t\t\t\t\t\t\t<\/div>\n\t\t\t\t<\/div>\n\t\t\t\t\t<\/div>\n\t\t<\/div>\n\t\t\t\t\t<\/div>\n\t\t<\/section>\n\t\t\t\t<section class=\"elementor-section elementor-top-section elementor-element elementor-element-ca25029 elementor-section-boxed elementor-section-height-default elementor-section-height-default\" data-id=\"ca25029\" data-element_type=\"section\" data-e-type=\"section\">\n\t\t\t\t\t\t<div class=\"elementor-container elementor-column-gap-default\">\n\t\t\t\t\t<div class=\"elementor-column elementor-col-66 elementor-top-column elementor-element elementor-element-c6366b3\" data-id=\"c6366b3\" data-element_type=\"column\" data-e-type=\"column\">\n\t\t\t<div class=\"elementor-widget-wrap elementor-element-populated\">\n\t\t\t\t\t\t<div class=\"elementor-element elementor-element-6b1fa66 elementor-widget elementor-widget-video\" data-id=\"6b1fa66\" data-element_type=\"widget\" data-e-type=\"widget\" data-settings=\"{&quot;youtube_url&quot;:&quot;https:\\\/\\\/www.youtube.com\\\/watch?v=Fv5O0VMTEbE&amp;ab_channel=HERMALabelingMachines&quot;,&quot;video_type&quot;:&quot;youtube&quot;,&quot;controls&quot;:&quot;yes&quot;}\" data-widget_type=\"video.default\">\n\t\t\t\t<div class=\"elementor-widget-container\">\n\t\t\t\t\t\t\t<div class=\"elementor-wrapper elementor-open-inline\">\n\t\t\t<div class=\"elementor-video\"><\/div>\t\t<\/div>\n\t\t\t\t\t\t<\/div>\n\t\t\t\t<\/div>\n\t\t\t\t\t<\/div>\n\t\t<\/div>\n\t\t\t\t<div class=\"elementor-column elementor-col-33 elementor-top-column elementor-element elementor-element-fab730e\" data-id=\"fab730e\" data-element_type=\"column\" data-e-type=\"column\">\n\t\t\t<div class=\"elementor-widget-wrap elementor-element-populated\">\n\t\t\t\t\t\t<div class=\"elementor-element elementor-element-7b3f3f2 btn-position-bottom elementor-widget elementor-widget-razzi-image-button\" data-id=\"7b3f3f2\" data-element_type=\"widget\" data-e-type=\"widget\" data-widget_type=\"razzi-image-button.default\">\n\t\t\t\t<div class=\"elementor-widget-container\">\n\t\t\t\t\t<div class=\"razzi-image-button\"><img fetchpriority=\"high\" decoding=\"async\" width=\"1200\" height=\"701\" src=\"https:\/\/packstera.lt\/wp-content\/uploads\/2020\/08\/Capture.jpg\" class=\"attachment-full size-full wp-image-14975\" alt=\"\" \/><a href=\"http:\/\/packstera.lt\/wp-content\/uploads\/2020\/08\/Leaflet-HERMA-362C-EN.pdf\" target=\"_blank\" rel=\"nofollow\" class=\"razzi-image-button__link\"><\/a><a href=\"http:\/\/packstera.lt\/wp-content\/uploads\/2020\/08\/Leaflet-HERMA-362C-EN.pdf\" target=\"_blank\" rel=\"nofollow\" class=\"razzi-image-button__position razzi-image-button__button\">Ra\u017eot\u0101ja apraksts <span class=\"razzi-svg-icon\"><svg aria-hidden=\"true\" role=\"img\" focusable=\"false\" xmlns=\"http:\/\/www.w3.org\/2000\/svg\" width=\"24\" height=\"24\" viewbox=\"0 0 24 24\" fill=\"none\" stroke=\"currentColor\" stroke-width=\"2\" stroke-linecap=\"round\" stroke-linejoin=\"round\"><line x1=\"0\" y1=\"12\" x2=\"19\" y2=\"12\"><\/line><polyline points=\"12 5 19 12 12 19\"><\/polyline><\/svg><\/span><\/a><\/div>\t\t\t\t<\/div>\n\t\t\t\t<\/div>\n\t\t\t\t\t<\/div>\n\t\t<\/div>\n\t\t\t\t\t<\/div>\n\t\t<\/section>\n\t\t\t\t<\/div>","protected":false},"excerpt":{"rendered":"<p style=\"text-align: justify;\">HERMA 362C eti\u0137etes aplikators ir piem\u0113rs ier\u012bcei, kas atbilst veiktsp\u0113jas, kvalit\u0101tes un cenas attiec\u012bbai. Pateicoties t\u0101 \u013coti kompaktajam dizainam, tas ir lieliski piem\u0113rots klientiem, kuriem nav bezgal\u012bgu vietu apr\u012bkojumam un kuriem ir nepiecie\u0161ams past\u0101v\u012bgi ietaup\u012bt vietu apr\u012bkojumam.<\/p>\n<p style=\"text-align: justify;\">Ier\u012bces mar\u0137\u0113\u0161anas funkciju var main\u012bt uz telpisk\u0101s eti\u0137etes. Karst\u0101s folijas vai termop\u0101rneses printerus var viegli integr\u0113t, lai procesa laik\u0101 nodro\u0161in\u0101tu tie\u0161u uzl\u012bmju druk\u0101\u0161anu.<\/p>\n<ul>\n<li style=\"text-align: justify;\">Kompakts un stabils uzl\u012bm\u0113t\u0101js, kas aptver \u013coti pla\u0161u produktu form\u0101tu kl\u0101stu<\/li>\n<li style=\"text-align: justify;\">Elast\u012bgs mar\u0137\u0113\u0161anas proces\u0101, \u0101tri un viegli atk\u0101rtoti atlas\u0101ms da\u017e\u0101diem procesiem<\/li>\n<li style=\"text-align: justify;\">Augsta efektivit\u0101te tiek sasniegta ar neliel\u0101m invest\u012bcij\u0101m<\/li>\n<li style=\"text-align: justify;\">Divi aplikatori nodro\u0161ina augstu veiktsp\u0113ju pat nep\u0101rtrauktas darb\u012bbas laik\u0101<\/li>\n<li style=\"text-align: justify;\">S\u0101kuma l\u012bme\u0146a C (kompakt\u0101s) s\u0113rijas variants\u00a0\u2014 citas \u0161\u012bs ier\u012bces s\u0113rijas ir komplekt\u0101 ar cit\u0101m opcij\u0101m un piederumiem<\/li>\n<\/ul>","protected":false},"featured_media":14976,"template":"","meta":[],"product_cat":[557],"product_tag":[714,713],"class_list":{"0":"post-13551","1":"product","2":"type-product","3":"status-publish","4":"has-post-thumbnail","6":"product_cat-etikeciu-klijavimo-irenginiai","7":"product_tag-chemija-ir-plastikas","8":"product_tag-farmacija-ir-kosmetika","10":"first","11":"instock","12":"shipping-taxable","13":"product-type-simple"},"_links":{"self":[{"href":"https:\/\/packstera.lt\/lv\/wp-json\/wp\/v2\/product\/13551","targetHints":{"allow":["GET"]}}],"collection":[{"href":"https:\/\/packstera.lt\/lv\/wp-json\/wp\/v2\/product"}],"about":[{"href":"https:\/\/packstera.lt\/lv\/wp-json\/wp\/v2\/types\/product"}],"version-history":[{"count":13,"href":"https:\/\/packstera.lt\/lv\/wp-json\/wp\/v2\/product\/13551\/revisions"}],"predecessor-version":[{"id":14989,"href":"https:\/\/packstera.lt\/lv\/wp-json\/wp\/v2\/product\/13551\/revisions\/14989"}],"wp:featuredmedia":[{"embeddable":true,"href":"https:\/\/packstera.lt\/lv\/wp-json\/wp\/v2\/media\/14976"}],"wp:attachment":[{"href":"https:\/\/packstera.lt\/lv\/wp-json\/wp\/v2\/media?parent=13551"}],"wp:term":[{"taxonomy":"product_cat","embeddable":true,"href":"https:\/\/packstera.lt\/lv\/wp-json\/wp\/v2\/product_cat?post=13551"},{"taxonomy":"product_tag","embeddable":true,"href":"https:\/\/packstera.lt\/lv\/wp-json\/wp\/v2\/product_tag?post=13551"}],"curies":[{"name":"wp","href":"https:\/\/api.w.org\/{rel}","templated":true}]}}