{"id":13587,"date":"2020-08-24T09:35:37","date_gmt":"2020-08-24T06:35:37","guid":{"rendered":"http:\/\/packstera.lt\/?post_type=product&#038;p=13587"},"modified":"2023-01-03T12:17:41","modified_gmt":"2023-01-03T10:17:41","slug":"produkta-apakseja-etikete-herma-552c","status":"publish","type":"product","link":"https:\/\/packstera.lt\/lv\/p\/produkto-apacios-etiketatorius-herma-552c\/","title":{"rendered":"Produkta apak\u0161\u0113j\u0101 eti\u0137ete Herma 552C"},"content":{"rendered":"<div data-elementor-type=\"wp-post\" data-elementor-id=\"13587\" class=\"elementor elementor-13587\">\n\t\t\t\t\t\t<section class=\"elementor-section elementor-top-section elementor-element elementor-element-16755d84 elementor-section-boxed elementor-section-height-default elementor-section-height-default\" data-id=\"16755d84\" data-element_type=\"section\" data-e-type=\"section\">\n\t\t\t\t\t\t<div class=\"elementor-container elementor-column-gap-default\">\n\t\t\t\t\t<div class=\"elementor-column elementor-col-100 elementor-top-column elementor-element elementor-element-48431751\" data-id=\"48431751\" data-element_type=\"column\" data-e-type=\"column\">\n\t\t\t<div class=\"elementor-widget-wrap elementor-element-populated\">\n\t\t\t\t\t\t<div class=\"elementor-element elementor-element-36f6ea42 elementor-widget elementor-widget-text-editor\" data-id=\"36f6ea42\" data-element_type=\"widget\" data-e-type=\"widget\" data-widget_type=\"text-editor.default\">\n\t\t\t\t<div class=\"elementor-widget-container\">\n\t\t\t\t\t\t\t\t\t<table>\r\n<tbody>\r\n<tr>\r\n<td width=\"216\">Mar\u0137\u0113jam\u0101 produkta izm\u0113ri:<\/td>\r\n<td width=\"408\">140\u2013300\u00a0x\u00a050\u00a0\u2013250\u00a0x\u00a050\u2013200\u00a0mm (G.\u00a0x.\u00a0P.\u00a0x.\u00a0A.)<\/td>\r\n<\/tr>\r\n<tr>\r\n<td width=\"216\">Eti\u0137etes izm\u0113ri:<\/td>\r\n<td width=\"408\">15\u2013120\u00a0x\u00a030\u2013300\u00a0mm (P\u00a0x\u00a0A)<\/td>\r\n<\/tr>\r\n<tr>\r\n<td width=\"216\">Veiktsp\u0113ja:<\/td>\r\n<td width=\"408\">L\u012bdz 250 produktiem min\u016bt\u0113<\/td>\r\n<\/tr>\r\n<tr>\r\n<td width=\"216\">Pl\u016bsma:<\/td>\r\n<td width=\"408\">230 V, 50 Hz, 1 f\u0101ze<\/td>\r\n<\/tr>\r\n<tr>\r\n<td width=\"216\">Saspiesta gaisa padeve:<\/td>\r\n<td width=\"408\">6 b\u0101ri (p\u0113c izv\u0113les)<\/td>\r\n<\/tr>\r\n<tr>\r\n<td width=\"216\">Printeris:<\/td>\r\n<td width=\"408\">da\u017e\u0101di termop\u0101rneses printeri (p\u0113c izv\u0113les)<\/td>\r\n<\/tr>\r\n<tr>\r\n<td width=\"216\">Sast\u0101vda\u013cas:<\/td>\r\n<td width=\"408\">konveijera lente, s\u0101nu izstr\u0101d\u0101juma rokasgr\u0101mata, aplikators(-i), vad\u012bbas panelis<\/td>\r\n<\/tr>\r\n<tr>\r\n<td width=\"216\">Pieejamie aksesu\u0101ri:<\/td>\r\n<td width=\"408\">Vado\u0161\u0101s pl\u0101ksnes produkta pieg\u0101des un izlai\u0161anas laik\u0101, ier\u012bces mobil\u0101 versija, digit\u0101lie poz\u012bcijas indikatori<\/td>\r\n<\/tr>\r\n<\/tbody>\r\n<\/table>\r\nPiez\u012bme: ja ir nepiecie\u0161ami papildu piederumi vai funkcijas, iepriek\u0161 min\u0113tie dati var at\u0161\u0137irties. Ier\u012bci parasti var piel\u0101got individu\u0101lai situ\u0101cijai, kas neatbilst iepriek\u0161 min\u0113tajiem datiem.\t\t\t\t\t\t\t\t<\/div>\n\t\t\t\t<\/div>\n\t\t\t\t\t<\/div>\n\t\t<\/div>\n\t\t\t\t\t<\/div>\n\t\t<\/section>\n\t\t\t\t<section class=\"elementor-section elementor-top-section elementor-element elementor-element-c823b68 elementor-section-boxed elementor-section-height-default elementor-section-height-default\" data-id=\"c823b68\" data-element_type=\"section\" data-e-type=\"section\">\n\t\t\t\t\t\t<div class=\"elementor-container elementor-column-gap-default\">\n\t\t\t\t\t<div class=\"elementor-column elementor-col-33 elementor-top-column elementor-element elementor-element-b50b108\" data-id=\"b50b108\" data-element_type=\"column\" data-e-type=\"column\">\n\t\t\t<div class=\"elementor-widget-wrap elementor-element-populated\">\n\t\t\t\t\t\t<div class=\"elementor-element elementor-element-2cd86d8 btn-position-bottom elementor-widget elementor-widget-razzi-image-button\" data-id=\"2cd86d8\" data-element_type=\"widget\" data-e-type=\"widget\" data-widget_type=\"razzi-image-button.default\">\n\t\t\t\t<div class=\"elementor-widget-container\">\n\t\t\t\t\t<div class=\"razzi-image-button\"><img fetchpriority=\"high\" decoding=\"async\" width=\"1200\" height=\"1200\" src=\"https:\/\/packstera.lt\/wp-content\/uploads\/2023\/01\/HERMA-552C-Boden-Etikettierer.jpg\" class=\"attachment-full size-full wp-image-14834\" alt=\"\" srcset=\"https:\/\/packstera.lt\/wp-content\/uploads\/2023\/01\/HERMA-552C-Boden-Etikettierer-600x600.jpg 600w, https:\/\/packstera.lt\/wp-content\/uploads\/2023\/01\/HERMA-552C-Boden-Etikettierer-150x150.jpg 150w, https:\/\/packstera.lt\/wp-content\/uploads\/2023\/01\/HERMA-552C-Boden-Etikettierer-300x300.jpg 300w, https:\/\/packstera.lt\/wp-content\/uploads\/2023\/01\/HERMA-552C-Boden-Etikettierer-768x768.jpg 768w, https:\/\/packstera.lt\/wp-content\/uploads\/2023\/01\/HERMA-552C-Boden-Etikettierer-1024x1024.jpg 1024w\" sizes=\"(max-width: 1200px) 100vw, 1200px\" \/><a href=\"http:\/\/packstera.lt\/wp-content\/uploads\/2020\/08\/Leaflet-HERMA-652C-552C-452C-english.pdf\" target=\"_blank\" rel=\"nofollow\" class=\"razzi-image-button__link\"><\/a><a href=\"http:\/\/packstera.lt\/wp-content\/uploads\/2020\/08\/Leaflet-HERMA-652C-552C-452C-english.pdf\" target=\"_blank\" rel=\"nofollow\" class=\"razzi-image-button__position razzi-image-button__button\">Ra\u017eot\u0101ja apraksts <span class=\"razzi-svg-icon\"><svg aria-hidden=\"true\" role=\"img\" focusable=\"false\" xmlns=\"http:\/\/www.w3.org\/2000\/svg\" width=\"24\" height=\"24\" viewbox=\"0 0 24 24\" fill=\"none\" stroke=\"currentColor\" stroke-width=\"2\" stroke-linecap=\"round\" stroke-linejoin=\"round\"><line x1=\"0\" y1=\"12\" x2=\"19\" y2=\"12\"><\/line><polyline points=\"12 5 19 12 12 19\"><\/polyline><\/svg><\/span><\/a><\/div>\t\t\t\t<\/div>\n\t\t\t\t<\/div>\n\t\t\t\t\t<\/div>\n\t\t<\/div>\n\t\t\t\t<div class=\"elementor-column elementor-col-66 elementor-top-column elementor-element elementor-element-fb7f696\" data-id=\"fb7f696\" data-element_type=\"column\" data-e-type=\"column\">\n\t\t\t<div class=\"elementor-widget-wrap\">\n\t\t\t\t\t\t\t<\/div>\n\t\t<\/div>\n\t\t\t\t\t<\/div>\n\t\t<\/section>\n\t\t\t\t<\/div>","protected":false},"excerpt":{"rendered":"<ul>\n<li style=\"text-align: justify;\">Komplekt\u0101 ar HERMA 500<\/li>\n<li style=\"text-align: justify;\">Prec\u012bza izstr\u0101d\u0101jumu apak\u0161\u0113j\u0101 mar\u0137\u0113\u0161ana<\/li>\n<li style=\"text-align: justify;\">Viegli integr\u0113t jebkur\u0101 ra\u017eo\u0161anas l\u012bnij\u0101<\/li>\n<li style=\"text-align: justify;\">\u012apa\u0161i efekt\u012bva un \u013coti produkt\u012bva<\/li>\n<li style=\"text-align: justify;\">Vietu taupo\u0161s, kompakts un daudzpus\u012bgs<\/li>\n<li style=\"text-align: justify;\">Ir viegli integr\u0113t da\u017e\u0101dus printerus da\u017e\u0101d\u0101m drukas vajadz\u012bb\u0101m<\/li>\n<\/ul>\n<p style=\"text-align: justify;\">Visus mode\u013cus var pieg\u0101d\u0101t k\u0101 mobil\u0101s versijas, lai j\u016bs var\u0113tu novietot ier\u012bci jebkur\u0101 viet\u0101.<\/p>\n<p style=\"text-align: justify;\">Iek\u0101rtas var tikt pieg\u0101d\u0101tas ar da\u017e\u0101da izm\u0113ra konveijera lent\u0113m, kas atbilst vis\u0101m j\u016bsu vajadz\u012bb\u0101m.<\/p>","protected":false},"featured_media":14834,"template":"","meta":[],"product_cat":[557],"product_tag":[],"class_list":{"0":"post-13587","1":"product","2":"type-product","3":"status-publish","4":"has-post-thumbnail","6":"product_cat-etikeciu-klijavimo-irenginiai","8":"first","9":"instock","10":"shipping-taxable","11":"product-type-simple"},"_links":{"self":[{"href":"https:\/\/packstera.lt\/lv\/wp-json\/wp\/v2\/product\/13587","targetHints":{"allow":["GET"]}}],"collection":[{"href":"https:\/\/packstera.lt\/lv\/wp-json\/wp\/v2\/product"}],"about":[{"href":"https:\/\/packstera.lt\/lv\/wp-json\/wp\/v2\/types\/product"}],"version-history":[{"count":10,"href":"https:\/\/packstera.lt\/lv\/wp-json\/wp\/v2\/product\/13587\/revisions"}],"predecessor-version":[{"id":14963,"href":"https:\/\/packstera.lt\/lv\/wp-json\/wp\/v2\/product\/13587\/revisions\/14963"}],"wp:featuredmedia":[{"embeddable":true,"href":"https:\/\/packstera.lt\/lv\/wp-json\/wp\/v2\/media\/14834"}],"wp:attachment":[{"href":"https:\/\/packstera.lt\/lv\/wp-json\/wp\/v2\/media?parent=13587"}],"wp:term":[{"taxonomy":"product_cat","embeddable":true,"href":"https:\/\/packstera.lt\/lv\/wp-json\/wp\/v2\/product_cat?post=13587"},{"taxonomy":"product_tag","embeddable":true,"href":"https:\/\/packstera.lt\/lv\/wp-json\/wp\/v2\/product_tag?post=13587"}],"curies":[{"name":"wp","href":"https:\/\/api.w.org\/{rel}","templated":true}]}}