{"id":13630,"date":"2020-08-24T09:16:11","date_gmt":"2020-08-24T06:16:11","guid":{"rendered":"http:\/\/packstera.lt\/p\/top-labeler-452c\/"},"modified":"2025-05-06T16:57:10","modified_gmt":"2025-05-06T13:57:10","slug":"produkta-virsmas-marketajs-herma-452c","status":"publish","type":"product","link":"https:\/\/packstera.lt\/lv\/p\/produkto-virsaus-etiketatorius-herma-452c\/","title":{"rendered":"Produkta aug\u0161\u0113j\u0101 eti\u0137ete Herma 452C"},"content":{"rendered":"<div data-elementor-type=\"wp-post\" data-elementor-id=\"13630\" class=\"elementor elementor-13630\">\n\t\t\t\t\t\t<section class=\"elementor-section elementor-top-section elementor-element elementor-element-8660318 elementor-section-boxed elementor-section-height-default elementor-section-height-default\" data-id=\"8660318\" data-element_type=\"section\" data-e-type=\"section\">\n\t\t\t\t\t\t<div class=\"elementor-container elementor-column-gap-default\">\n\t\t\t\t\t<div class=\"elementor-column elementor-col-100 elementor-top-column elementor-element elementor-element-118493c\" data-id=\"118493c\" data-element_type=\"column\" data-e-type=\"column\">\n\t\t\t<div class=\"elementor-widget-wrap elementor-element-populated\">\n\t\t\t\t\t\t<div class=\"elementor-element elementor-element-612f18c9 elementor-widget elementor-widget-text-editor\" data-id=\"612f18c9\" data-element_type=\"widget\" data-e-type=\"widget\" data-widget_type=\"text-editor.default\">\n\t\t\t\t<div class=\"elementor-widget-container\">\n\t\t\t\t\t\t\t\t\t<table>\r\n<tbody>\r\n<tr>\r\n<td width=\"312\">Mar\u0137\u0113jam\u0101 produkta specifik\u0101cijas<\/td>\r\n<td width=\"312\">Taisnst\u016bra forma vai stabili izm\u0113ri<\/td>\r\n<\/tr>\r\n<tr>\r\n<td width=\"312\">Mar\u0137\u0113jam\u0101s preces izm\u0113ri<\/td>\r\n<td width=\"312\">30-300 x 50-250 x 50-150\u00a0mm (G. x P x A)<\/td>\r\n<\/tr>\r\n<tr>\r\n<td width=\"312\">Eti\u0137etes izm\u0113ri<\/td>\r\n<td width=\"312\">15\u2013160\u00a0x\u00a030\u2013300\u00a0mm (P\u00a0x\u00a0A)<\/td>\r\n<\/tr>\r\n<tr>\r\n<td width=\"312\">Performance<\/td>\r\n<td width=\"312\">L\u012bdz 250 produktiem min\u016bt\u0113<\/td>\r\n<\/tr>\r\n<tr>\r\n<td width=\"312\">bar\u012bba<\/td>\r\n<td width=\"312\">230 V, 50 Hz, 1 f\u0101ze<\/td>\r\n<\/tr>\r\n<tr>\r\n<td width=\"312\">Saspiesta gaisa padeve<\/td>\r\n<td width=\"312\">6 b\u0101ri (p\u0113c izv\u0113les)<\/td>\r\n<\/tr>\r\n<tr>\r\n<td width=\"312\">Printeris<\/td>\r\n<td width=\"312\">Da\u017e\u0101di karst\u0101s folijas printeri (p\u0113c izv\u0113les)<\/td>\r\n<\/tr>\r\n<tr>\r\n<td width=\"312\">Sast\u0101vda\u013cas<\/td>\r\n<td width=\"312\">Konveijers, s\u0101nu izstr\u0101d\u0101jumu vadotnes, aplikators(-i), vad\u012bbas panelis<\/td>\r\n<\/tr>\r\n<tr>\r\n<td width=\"312\">Pieejami aksesu\u0101ri<\/td>\r\n<td width=\"312\">Vado\u0161\u0101s pl\u0101ksnes baro\u0161anas un iztuk\u0161o\u0161anas laik\u0101, ier\u012bces mobil\u0101 versija, digit\u0101lie poz\u012bcijas indikatori<\/td>\r\n<\/tr>\r\n<\/tbody>\r\n<\/table>\r\nPiez\u012bme. Ja ir atlas\u012btas papildu funkcijas vai piederumi, iepriek\u0161 min\u0113tie dati var at\u0161\u0137irties\t\t\t\t\t\t\t\t<\/div>\n\t\t\t\t<\/div>\n\t\t\t\t\t<\/div>\n\t\t<\/div>\n\t\t\t\t\t<\/div>\n\t\t<\/section>\n\t\t\t\t<section class=\"elementor-section elementor-top-section elementor-element elementor-element-8e11aaf elementor-section-boxed elementor-section-height-default elementor-section-height-default\" data-id=\"8e11aaf\" data-element_type=\"section\" data-e-type=\"section\">\n\t\t\t\t\t\t<div class=\"elementor-container elementor-column-gap-default\">\n\t\t\t\t\t<div class=\"elementor-column elementor-col-66 elementor-top-column elementor-element elementor-element-a6563f3\" data-id=\"a6563f3\" data-element_type=\"column\" data-e-type=\"column\">\n\t\t\t<div class=\"elementor-widget-wrap elementor-element-populated\">\n\t\t\t\t\t\t<div class=\"elementor-element elementor-element-6b571ef elementor-widget elementor-widget-video\" data-id=\"6b571ef\" data-element_type=\"widget\" data-e-type=\"widget\" data-settings=\"{&quot;youtube_url&quot;:&quot;https:\\\/\\\/www.youtube.com\\\/watch?v=GGw8kqWtLr8&amp;ab_channel=HERMALabelingMachines&quot;,&quot;video_type&quot;:&quot;youtube&quot;,&quot;controls&quot;:&quot;yes&quot;}\" data-widget_type=\"video.default\">\n\t\t\t\t<div class=\"elementor-widget-container\">\n\t\t\t\t\t\t\t<div class=\"elementor-wrapper elementor-open-inline\">\n\t\t\t<div class=\"elementor-video\"><\/div>\t\t<\/div>\n\t\t\t\t\t\t<\/div>\n\t\t\t\t<\/div>\n\t\t\t\t\t<\/div>\n\t\t<\/div>\n\t\t\t\t<div class=\"elementor-column elementor-col-33 elementor-top-column elementor-element elementor-element-fc5f2e4\" data-id=\"fc5f2e4\" data-element_type=\"column\" data-e-type=\"column\">\n\t\t\t<div class=\"elementor-widget-wrap elementor-element-populated\">\n\t\t\t\t\t\t<div class=\"elementor-element elementor-element-6a2c538 btn-position-bottom elementor-widget elementor-widget-razzi-image-button\" data-id=\"6a2c538\" data-element_type=\"widget\" data-e-type=\"widget\" data-widget_type=\"razzi-image-button.default\">\n\t\t\t\t<div class=\"elementor-widget-container\">\n\t\t\t\t\t<div class=\"razzi-image-button\"><img fetchpriority=\"high\" decoding=\"async\" width=\"1200\" height=\"1200\" src=\"https:\/\/packstera.lt\/wp-content\/uploads\/2020\/08\/HERMA-452C-Obenauf-Etikettierer.jpg\" class=\"attachment-full size-full wp-image-14991\" alt=\"\" srcset=\"https:\/\/packstera.lt\/wp-content\/uploads\/2020\/08\/HERMA-452C-Obenauf-Etikettierer-600x600.jpg 600w, https:\/\/packstera.lt\/wp-content\/uploads\/2020\/08\/HERMA-452C-Obenauf-Etikettierer-150x150.jpg 150w, https:\/\/packstera.lt\/wp-content\/uploads\/2020\/08\/HERMA-452C-Obenauf-Etikettierer-300x300.jpg 300w, https:\/\/packstera.lt\/wp-content\/uploads\/2020\/08\/HERMA-452C-Obenauf-Etikettierer-768x768.jpg 768w, https:\/\/packstera.lt\/wp-content\/uploads\/2020\/08\/HERMA-452C-Obenauf-Etikettierer-1024x1024.jpg 1024w\" sizes=\"(max-width: 1200px) 100vw, 1200px\" \/><a href=\"http:\/\/packstera.lt\/wp-content\/uploads\/2023\/01\/Leaflet-HERMA-652C-552C-452C-english.pdf\" target=\"_blank\" rel=\"nofollow\" class=\"razzi-image-button__link\"><\/a><a href=\"http:\/\/packstera.lt\/wp-content\/uploads\/2023\/01\/Leaflet-HERMA-652C-552C-452C-english.pdf\" target=\"_blank\" rel=\"nofollow\" class=\"razzi-image-button__position razzi-image-button__button\">Ra\u017eot\u0101ja apraksts <span class=\"razzi-svg-icon\"><svg aria-hidden=\"true\" role=\"img\" focusable=\"false\" xmlns=\"http:\/\/www.w3.org\/2000\/svg\" width=\"24\" height=\"24\" viewbox=\"0 0 24 24\" fill=\"none\" stroke=\"currentColor\" stroke-width=\"2\" stroke-linecap=\"round\" stroke-linejoin=\"round\"><line x1=\"0\" y1=\"12\" x2=\"19\" y2=\"12\"><\/line><polyline points=\"12 5 19 12 12 19\"><\/polyline><\/svg><\/span><\/a><\/div>\t\t\t\t<\/div>\n\t\t\t\t<\/div>\n\t\t\t\t\t<\/div>\n\t\t<\/div>\n\t\t\t\t\t<\/div>\n\t\t<\/section>\n\t\t\t\t<\/div>","protected":false},"excerpt":{"rendered":"<p style=\"text-align: justify;\">Kompakts 452C produktu aug\u0161da\u013cas mar\u0137\u0113\u0161anai. Ier\u012bce ir elast\u012bga un uzticama. Izstr\u0101d\u0101ts, pamatojoties uz modul\u0101ro HERMA tehnolo\u0123iju.<\/p>\n<ul style=\"text-align: justify;\">\n<li>Komplekt\u0101 ar HERMA 500<\/li>\n<li>Prec\u012bza visu veidu virsmu mar\u0137\u0113\u0161ana aug\u0161pus\u0113<\/li>\n<li>Viegli integr\u0113t jebkur\u0101 ra\u017eo\u0161anas l\u012bnij\u0101<\/li>\n<li>\u012apa\u0161i efekt\u012bva un \u013coti produkt\u012bva<\/li>\n<li>Vietu taupo\u0161s, kompakts un \u013coti daudzpus\u012bgs<\/li>\n<li>Ir viegli integr\u0113t da\u017e\u0101dus printerus da\u017e\u0101d\u0101m drukas vajadz\u012bb\u0101m<\/li>\n<\/ul>\n<p style=\"text-align: justify;\">Visus mode\u013cus var pieg\u0101d\u0101t k\u0101 mobil\u0101s versijas, lai j\u016bs var\u0113tu novietot ier\u012bci jebkur\u0101 viet\u0101.<\/p>\n<p style=\"text-align: justify;\">Iek\u0101rtas var tikt pieg\u0101d\u0101tas ar da\u017e\u0101da izm\u0113ra konveijera lent\u0113m, kas atbilst vis\u0101m j\u016bsu vajadz\u012bb\u0101m.<\/p>\n<p style=\"text-align: justify;\">","protected":false},"featured_media":14991,"template":"","meta":[],"product_cat":[767,557],"product_tag":[717,716,715],"class_list":{"0":"post-13630","1":"product","2":"type-product","3":"status-publish","4":"has-post-thumbnail","6":"product_cat-pakavimo-irangos-nuoma","7":"product_cat-etikeciu-klijavimo-irenginiai","8":"product_tag-logistika","9":"product_tag-medienos","10":"product_tag-popieriaus","12":"first","13":"instock","14":"shipping-taxable","15":"product-type-simple"},"_links":{"self":[{"href":"https:\/\/packstera.lt\/lv\/wp-json\/wp\/v2\/product\/13630","targetHints":{"allow":["GET"]}}],"collection":[{"href":"https:\/\/packstera.lt\/lv\/wp-json\/wp\/v2\/product"}],"about":[{"href":"https:\/\/packstera.lt\/lv\/wp-json\/wp\/v2\/types\/product"}],"version-history":[{"count":11,"href":"https:\/\/packstera.lt\/lv\/wp-json\/wp\/v2\/product\/13630\/revisions"}],"predecessor-version":[{"id":17368,"href":"https:\/\/packstera.lt\/lv\/wp-json\/wp\/v2\/product\/13630\/revisions\/17368"}],"wp:featuredmedia":[{"embeddable":true,"href":"https:\/\/packstera.lt\/lv\/wp-json\/wp\/v2\/media\/14991"}],"wp:attachment":[{"href":"https:\/\/packstera.lt\/lv\/wp-json\/wp\/v2\/media?parent=13630"}],"wp:term":[{"taxonomy":"product_cat","embeddable":true,"href":"https:\/\/packstera.lt\/lv\/wp-json\/wp\/v2\/product_cat?post=13630"},{"taxonomy":"product_tag","embeddable":true,"href":"https:\/\/packstera.lt\/lv\/wp-json\/wp\/v2\/product_tag?post=13630"}],"curies":[{"name":"wp","href":"https:\/\/api.w.org\/{rel}","templated":true}]}}