{"id":13633,"date":"2020-08-24T09:40:25","date_gmt":"2020-08-24T06:40:25","guid":{"rendered":"http:\/\/packstera.lt\/p\/top-bottom-labeler-herma-652c\/"},"modified":"2025-05-06T16:57:15","modified_gmt":"2025-05-06T13:57:15","slug":"produkta-augsejais-un-apaksejais-marketajs-herma-652c","status":"publish","type":"product","link":"https:\/\/packstera.lt\/lv\/p\/produkto-virsaus-ir-apacios-etiketatorius-herma-652c\/","title":{"rendered":"Produkta aug\u0161\u0113jais un apak\u0161\u0113jais mar\u0137\u0113t\u0101js Herma 652C"},"content":{"rendered":"<div data-elementor-type=\"wp-post\" data-elementor-id=\"13633\" class=\"elementor elementor-13633\">\n\t\t\t\t\t\t<section class=\"elementor-section elementor-top-section elementor-element elementor-element-7dfa504a elementor-section-boxed elementor-section-height-default elementor-section-height-default\" data-id=\"7dfa504a\" data-element_type=\"section\" data-e-type=\"section\">\n\t\t\t\t\t\t<div class=\"elementor-container elementor-column-gap-default\">\n\t\t\t\t\t<div class=\"elementor-column elementor-col-100 elementor-top-column elementor-element elementor-element-17a699b8\" data-id=\"17a699b8\" data-element_type=\"column\" data-e-type=\"column\">\n\t\t\t<div class=\"elementor-widget-wrap elementor-element-populated\">\n\t\t\t\t\t\t<div class=\"elementor-element elementor-element-7da7fb elementor-widget elementor-widget-text-editor\" data-id=\"7da7fb\" data-element_type=\"widget\" data-e-type=\"widget\" data-widget_type=\"text-editor.default\">\n\t\t\t\t<div class=\"elementor-widget-container\">\n\t\t\t\t\t\t\t\t\t<table>\n<tbody>\n<tr>\n<td width=\"216\">Mar\u0137\u0113jam\u0101s preces izm\u0113ri<\/td>\n<td width=\"408\">\u2022 Aug\u0161\u0113jais mar\u0137\u0113jums: 30-300 x 50-250 x 50-150 mm (G x P x A) \u2022 Apak\u0161\u0113jais mar\u0137\u0113jums: 140-300 x 50-250 x 50-200 mm (G x P x A) \u2022 Aug\u0161pus\u0113 un apak\u0161\u0101 mar\u0137\u0113jums: 140-300 x 50-250 x 50-150 mm (G x P x A)<\/td>\n<\/tr>\n<tr>\n<td width=\"216\">Eti\u0137etes izm\u0113ri<\/td>\n<td width=\"408\">\u2022 Aug\u0161\u0113jais mar\u0137\u0113jums: 15-160 x 30-300 mm (P x A)\u2022 Apak\u0161\u0113jais mar\u0137\u0113jums: 15-120 x 30-300 mm (P x A)<\/td>\n<\/tr>\n<tr>\n<td width=\"216\">Performance<\/td>\n<td width=\"408\">L\u012bdz 250 produktiem min\u016bt\u0113<\/td>\n<\/tr>\n<tr>\n<td width=\"216\">bar\u012bba<\/td>\n<td width=\"408\">230 V, 50 Hz, 1 f\u0101ze<\/td>\n<\/tr>\n<tr>\n<td width=\"216\">Saspiesta gaisa padeve<\/td>\n<td width=\"408\">6 b\u0101ri (p\u0113c izv\u0113les)<\/td>\n<\/tr>\n<tr>\n<td width=\"216\">Printeris<\/td>\n<td width=\"408\">da\u017e\u0101di termop\u0101rneses printeri (p\u0113c izv\u0113les)<\/td>\n<\/tr>\n<tr>\n<td width=\"216\">Sast\u0101vda\u013cas<\/td>\n<td width=\"408\">konveijera lente, s\u0101nu izstr\u0101d\u0101juma rokasgr\u0101mata, aplikators(-i), vad\u012bbas panelis<\/td>\n<\/tr>\n<tr>\n<td width=\"216\">Pieejami aksesu\u0101ri<\/td>\n<td width=\"408\">Vado\u0161\u0101s pl\u0101ksnes produkta pieg\u0101des un izlai\u0161anas laik\u0101, ier\u012bces mobil\u0101 versija, digit\u0101lie poz\u012bcijas indikatori<\/td>\n<\/tr>\n<\/tbody>\n<\/table>\n<p>Piez\u012bme: ja ir nepiecie\u0161ami papildu piederumi vai funkcijas, iepriek\u0161 min\u0113tie dati var at\u0161\u0137irties. Ier\u012bci parasti var piel\u0101got individu\u0101lai situ\u0101cijai, kas neatbilst iepriek\u0161 min\u0113tajiem datiem.<\/p>\t\t\t\t\t\t\t\t<\/div>\n\t\t\t\t<\/div>\n\t\t\t\t\t<\/div>\n\t\t<\/div>\n\t\t\t\t\t<\/div>\n\t\t<\/section>\n\t\t\t\t<section class=\"elementor-section elementor-top-section elementor-element elementor-element-a30a9cf elementor-section-boxed elementor-section-height-default elementor-section-height-default\" data-id=\"a30a9cf\" data-element_type=\"section\" data-e-type=\"section\">\n\t\t\t\t\t\t<div class=\"elementor-container elementor-column-gap-default\">\n\t\t\t\t\t<div class=\"elementor-column elementor-col-66 elementor-top-column elementor-element elementor-element-0f042b4\" data-id=\"0f042b4\" data-element_type=\"column\" data-e-type=\"column\">\n\t\t\t<div class=\"elementor-widget-wrap elementor-element-populated\">\n\t\t\t\t\t\t<div class=\"elementor-element elementor-element-bc5a1df elementor-widget elementor-widget-video\" data-id=\"bc5a1df\" data-element_type=\"widget\" data-e-type=\"widget\" data-settings=\"{&quot;youtube_url&quot;:&quot;https:\\\/\\\/www.youtube.com\\\/watch?v=EI-p0iG2Jgw&quot;,&quot;video_type&quot;:&quot;youtube&quot;,&quot;controls&quot;:&quot;yes&quot;}\" data-widget_type=\"video.default\">\n\t\t\t\t<div class=\"elementor-widget-container\">\n\t\t\t\t\t\t\t<div class=\"elementor-wrapper elementor-open-inline\">\n\t\t\t<div class=\"elementor-video\"><\/div>\t\t<\/div>\n\t\t\t\t\t\t<\/div>\n\t\t\t\t<\/div>\n\t\t\t\t\t<\/div>\n\t\t<\/div>\n\t\t\t\t<div class=\"elementor-column elementor-col-33 elementor-top-column elementor-element elementor-element-042d612\" data-id=\"042d612\" data-element_type=\"column\" data-e-type=\"column\">\n\t\t\t<div class=\"elementor-widget-wrap elementor-element-populated\">\n\t\t\t\t\t\t<div class=\"elementor-element elementor-element-66fde13 btn-position-bottom elementor-widget elementor-widget-razzi-image-button\" data-id=\"66fde13\" data-element_type=\"widget\" data-e-type=\"widget\" data-widget_type=\"razzi-image-button.default\">\n\t\t\t\t<div class=\"elementor-widget-container\">\n\t\t\t\t\t<div class=\"razzi-image-button\"><img fetchpriority=\"high\" decoding=\"async\" width=\"800\" height=\"800\" src=\"https:\/\/packstera.lt\/wp-content\/uploads\/2023\/01\/652C-HERMA-Obenauf-und-Bodenetikettierer.jpg\" class=\"attachment-full size-full wp-image-14838\" alt=\"\" srcset=\"https:\/\/packstera.lt\/wp-content\/uploads\/2023\/01\/652C-HERMA-Obenauf-und-Bodenetikettierer-600x600.jpg 600w, https:\/\/packstera.lt\/wp-content\/uploads\/2023\/01\/652C-HERMA-Obenauf-und-Bodenetikettierer-150x150.jpg 150w, https:\/\/packstera.lt\/wp-content\/uploads\/2023\/01\/652C-HERMA-Obenauf-und-Bodenetikettierer-300x300.jpg 300w, https:\/\/packstera.lt\/wp-content\/uploads\/2023\/01\/652C-HERMA-Obenauf-und-Bodenetikettierer-768x768.jpg 768w, https:\/\/packstera.lt\/wp-content\/uploads\/2023\/01\/652C-HERMA-Obenauf-und-Bodenetikettierer-1024x1024.jpg 1024w\" sizes=\"(max-width: 800px) 100vw, 800px\" \/><a href=\"http:\/\/packstera.lt\/wp-content\/uploads\/2023\/01\/Leaflet-HERMA-652C-552C-452C-english.pdf\" target=\"_blank\" rel=\"nofollow\" class=\"razzi-image-button__link\"><\/a><a href=\"http:\/\/packstera.lt\/wp-content\/uploads\/2023\/01\/Leaflet-HERMA-652C-552C-452C-english.pdf\" target=\"_blank\" rel=\"nofollow\" class=\"razzi-image-button__position razzi-image-button__button\">Ra\u017eot\u0101ja apraksts <span class=\"razzi-svg-icon\"><svg aria-hidden=\"true\" role=\"img\" focusable=\"false\" xmlns=\"http:\/\/www.w3.org\/2000\/svg\" width=\"24\" height=\"24\" viewbox=\"0 0 24 24\" fill=\"none\" stroke=\"currentColor\" stroke-width=\"2\" stroke-linecap=\"round\" stroke-linejoin=\"round\"><line x1=\"0\" y1=\"12\" x2=\"19\" y2=\"12\"><\/line><polyline points=\"12 5 19 12 12 19\"><\/polyline><\/svg><\/span><\/a><\/div>\t\t\t\t<\/div>\n\t\t\t\t<\/div>\n\t\t\t\t\t<\/div>\n\t\t<\/div>\n\t\t\t\t\t<\/div>\n\t\t<\/section>\n\t\t\t\t<section class=\"elementor-section elementor-top-section elementor-element elementor-element-e1ba78b elementor-section-boxed elementor-section-height-default elementor-section-height-default\" data-id=\"e1ba78b\" data-element_type=\"section\" data-e-type=\"section\">\n\t\t\t\t\t\t<div class=\"elementor-container elementor-column-gap-default\">\n\t\t\t\t\t<div class=\"elementor-column elementor-col-25 elementor-top-column elementor-element elementor-element-a6d27b9\" data-id=\"a6d27b9\" data-element_type=\"column\" data-e-type=\"column\">\n\t\t\t<div class=\"elementor-widget-wrap\">\n\t\t\t\t\t\t\t<\/div>\n\t\t<\/div>\n\t\t\t\t<div class=\"elementor-column elementor-col-50 elementor-top-column elementor-element elementor-element-1126e30\" data-id=\"1126e30\" data-element_type=\"column\" data-e-type=\"column\">\n\t\t\t<div class=\"elementor-widget-wrap\">\n\t\t\t\t\t\t\t<\/div>\n\t\t<\/div>\n\t\t\t\t<div class=\"elementor-column elementor-col-25 elementor-top-column elementor-element elementor-element-a110524\" data-id=\"a110524\" data-element_type=\"column\" data-e-type=\"column\">\n\t\t\t<div class=\"elementor-widget-wrap\">\n\t\t\t\t\t\t\t<\/div>\n\t\t<\/div>\n\t\t\t\t\t<\/div>\n\t\t<\/section>\n\t\t\t\t<\/div>","protected":false},"excerpt":{"rendered":"<p style=\"text-align: justify;\">Aug\u0161\u0113j\u0101 un apak\u0161\u0113j\u0101 mar\u0137\u0113\u0161ana vien\u0101 cikl\u0101. \u0160\u012b mar\u0137\u0113\u0161anas sist\u0113ma ir \u0101rk\u0101rt\u012bgi elast\u012bga, kompakta un efekt\u012bva, t\u0101 ir ne tikai mobila, bet var veikt da\u017e\u0101dus mar\u0137\u0113\u0161anas uzdevumus, selekt\u012bvi mar\u0137\u0113jot vienu vai divas produkta virsmas, vienm\u0113r saglab\u0101jot \u0101rk\u0101rt\u012bgi augstu precizit\u0101ti un \u0101trumu. Ier\u012bce ir \u012bsts etalons vislab\u0101kajiem produktu mar\u0137\u0113\u0161anas rezult\u0101tiem, ja to apvieno ar HERMA 500.<\/p>\n<ul>\n<li style=\"text-align: justify;\">Komplekt\u0101 ar HERMA 500<\/li>\n<li style=\"text-align: justify;\">Prec\u012bza produktu apak\u0161\u0113j\u0101 un\/vai aug\u0161\u0113j\u0101 mar\u0137\u0113\u0161ana vien\u0101 cikl\u0101<\/li>\n<li style=\"text-align: justify;\">Viegli integr\u0113t jebkur\u0101 ra\u017eo\u0161anas l\u012bnij\u0101<\/li>\n<li style=\"text-align: justify;\">\u012apa\u0161i efekt\u012bva un \u013coti produkt\u012bva<\/li>\n<li style=\"text-align: justify;\">Vietu taupo\u0161s, kompakts un daudzpus\u012bgs<\/li>\n<\/ul>","protected":false},"featured_media":14838,"template":"","meta":[],"product_cat":[557],"product_tag":[712],"class_list":{"0":"post-13633","1":"product","2":"type-product","3":"status-publish","4":"has-post-thumbnail","6":"product_cat-etikeciu-klijavimo-irenginiai","7":"product_tag-maistas-ir-gerimai","9":"first","10":"instock","11":"shipping-taxable","12":"product-type-simple"},"_links":{"self":[{"href":"https:\/\/packstera.lt\/lv\/wp-json\/wp\/v2\/product\/13633","targetHints":{"allow":["GET"]}}],"collection":[{"href":"https:\/\/packstera.lt\/lv\/wp-json\/wp\/v2\/product"}],"about":[{"href":"https:\/\/packstera.lt\/lv\/wp-json\/wp\/v2\/types\/product"}],"version-history":[{"count":29,"href":"https:\/\/packstera.lt\/lv\/wp-json\/wp\/v2\/product\/13633\/revisions"}],"predecessor-version":[{"id":17349,"href":"https:\/\/packstera.lt\/lv\/wp-json\/wp\/v2\/product\/13633\/revisions\/17349"}],"wp:featuredmedia":[{"embeddable":true,"href":"https:\/\/packstera.lt\/lv\/wp-json\/wp\/v2\/media\/14838"}],"wp:attachment":[{"href":"https:\/\/packstera.lt\/lv\/wp-json\/wp\/v2\/media?parent=13633"}],"wp:term":[{"taxonomy":"product_cat","embeddable":true,"href":"https:\/\/packstera.lt\/lv\/wp-json\/wp\/v2\/product_cat?post=13633"},{"taxonomy":"product_tag","embeddable":true,"href":"https:\/\/packstera.lt\/lv\/wp-json\/wp\/v2\/product_tag?post=13633"}],"curies":[{"name":"wp","href":"https:\/\/api.w.org\/{rel}","templated":true}]}}