{"id":14028,"date":"2020-09-23T11:50:57","date_gmt":"2020-09-23T08:50:57","guid":{"rendered":"http:\/\/packstera.lt\/?post_type=product&#038;p=14028"},"modified":"2023-04-19T15:18:56","modified_gmt":"2023-04-19T12:18:56","slug":"liela-augstuma-tintes-printeris-ij4000","status":"publish","type":"product","link":"https:\/\/packstera.lt\/lv\/p\/didelio-aukscio-rasalinis-spausdintuvas-ij4000\/","title":{"rendered":"Liela augstuma tintes printeris IJ4000"},"content":{"rendered":"<div data-elementor-type=\"wp-post\" data-elementor-id=\"14028\" class=\"elementor elementor-14028\">\n\t\t\t\t\t\t<section class=\"elementor-section elementor-top-section elementor-element elementor-element-6b3e1527 elementor-section-boxed elementor-section-height-default elementor-section-height-default\" data-id=\"6b3e1527\" data-element_type=\"section\" data-e-type=\"section\">\n\t\t\t\t\t\t<div class=\"elementor-container elementor-column-gap-default\">\n\t\t\t\t\t<div class=\"elementor-column elementor-col-100 elementor-top-column elementor-element elementor-element-5618a95e\" data-id=\"5618a95e\" data-element_type=\"column\" data-e-type=\"column\">\n\t\t\t<div class=\"elementor-widget-wrap elementor-element-populated\">\n\t\t\t\t\t\t<div class=\"elementor-element elementor-element-30af916e elementor-widget elementor-widget-text-editor\" data-id=\"30af916e\" data-element_type=\"widget\" data-e-type=\"widget\" data-widget_type=\"text-editor.default\">\n\t\t\t\t<div class=\"elementor-widget-container\">\n\t\t\t\t\t\t\t\t\t<table>\r\n<tbody>\r\n<tr>\r\n<td width=\"342\"><\/td>\r\n<td style=\"text-align: center;\" width=\"144\">IJ\u00a0384<\/td>\r\n<td style=\"text-align: center;\" width=\"138\">IJ 768<\/td>\r\n<\/tr>\r\n<tr>\r\n<td width=\"342\">Drukas augstums<\/td>\r\n<td width=\"144\">L\u012bdz 51 mm<\/td>\r\n<td width=\"138\">L\u012bdz 102 mm<\/td>\r\n<\/tr>\r\n<tr>\r\n<td width=\"342\">Drukas \u0101trums<\/td>\r\n<td width=\"144\">L\u012bdz 90 m\/min<\/td>\r\n<td width=\"138\">L\u012bdz 90 m\/min<\/td>\r\n<\/tr>\r\n<tr>\r\n<td width=\"342\">Drukas iz\u0161\u0137irtsp\u0113ja (horizont\u0101li)<\/td>\r\n<td width=\"144\">L\u012bdz 300 dpi<\/td>\r\n<td width=\"138\">L\u012bdz 300 dpi<\/td>\r\n<\/tr>\r\n<tr>\r\n<td width=\"342\">Drukas iz\u0161\u0137irtsp\u0113ja (vertik\u0101li)<\/td>\r\n<td width=\"144\">196 dpi<\/td>\r\n<td width=\"138\">196 dpi<\/td>\r\n<\/tr>\r\n<tr>\r\n<td width=\"342\">Att\u0101lums no drukas galvi\u0146as l\u012bdz izstr\u0101d\u0101jumam<\/td>\r\n<td width=\"144\">Maksimums: 12 mm<\/td>\r\n<td width=\"138\">Maksimums: 12 mm<\/td>\r\n<\/tr>\r\n<tr>\r\n<td width=\"342\">Att\u0101lums no korpusa apak\u0161\u0113j\u0101s malas l\u012bdz sprausl\u0101m<\/td>\r\n<td width=\"144\">22 mm<\/td>\r\n<td width=\"138\">22 mm<\/td>\r\n<\/tr>\r\n<tr>\r\n<td width=\"342\">Izm\u0113ri (A x P x D)<\/td>\r\n<td width=\"144\">117 x 67 x 280 mm<\/td>\r\n<td width=\"138\">161 x 71 x 338 mm<\/td>\r\n<\/tr>\r\n<tr>\r\n<td width=\"342\">IP aizsardz\u012bbas klase<\/td>\r\n<td width=\"144\">IP65<\/td>\r\n<td width=\"138\">IP54<\/td>\r\n<\/tr>\r\n<tr>\r\n<td width=\"342\">Darba vides temperat\u016bra<\/td>\r\n<td width=\"144\">10 - 40 \u00b0C<\/td>\r\n<td width=\"138\">10 - 40 \u00b0C<\/td>\r\n<\/tr>\r\n<tr>\r\n<td width=\"342\">Darba vides mitrums<\/td>\r\n<td width=\"144\">10 \u2013 80% RH<\/td>\r\n<td width=\"138\">10 \u2013 80% RH<\/td>\r\n<\/tr>\r\n<tr>\r\n<td width=\"342\">Vad\u012bba<\/td>\r\n<td width=\"144\">Sk\u0101rienekr\u0101na kontrolleris; Ar datoru.<\/td>\r\n<td width=\"138\">Sk\u0101rienekr\u0101na kontrolleris; Ar datoru.<\/td>\r\n<\/tr>\r\n<\/tbody>\r\n<\/table>\t\t\t\t\t\t\t\t<\/div>\n\t\t\t\t<\/div>\n\t\t\t\t\t<\/div>\n\t\t<\/div>\n\t\t\t\t\t<\/div>\n\t\t<\/section>\n\t\t\t\t<section class=\"elementor-section elementor-top-section elementor-element elementor-element-22831da elementor-section-boxed elementor-section-height-default elementor-section-height-default\" data-id=\"22831da\" data-element_type=\"section\" data-e-type=\"section\">\n\t\t\t\t\t\t<div class=\"elementor-container elementor-column-gap-default\">\n\t\t\t\t\t<div class=\"elementor-column elementor-col-66 elementor-top-column elementor-element elementor-element-c43c213\" data-id=\"c43c213\" data-element_type=\"column\" data-e-type=\"column\">\n\t\t\t<div class=\"elementor-widget-wrap elementor-element-populated\">\n\t\t\t\t\t\t<div class=\"elementor-element elementor-element-a3fa79d elementor-widget elementor-widget-video\" data-id=\"a3fa79d\" data-element_type=\"widget\" data-e-type=\"widget\" data-settings=\"{&quot;youtube_url&quot;:&quot;https:\\\/\\\/www.youtube.com\\\/watch?v=GjviMW9O5WY&amp;ab_channel=ITWDiagraphGmbH&quot;,&quot;video_type&quot;:&quot;youtube&quot;,&quot;controls&quot;:&quot;yes&quot;}\" data-widget_type=\"video.default\">\n\t\t\t\t<div class=\"elementor-widget-container\">\n\t\t\t\t\t\t\t<div class=\"elementor-wrapper elementor-open-inline\">\n\t\t\t<div class=\"elementor-video\"><\/div>\t\t<\/div>\n\t\t\t\t\t\t<\/div>\n\t\t\t\t<\/div>\n\t\t\t\t\t<\/div>\n\t\t<\/div>\n\t\t\t\t<div class=\"elementor-column elementor-col-33 elementor-top-column elementor-element elementor-element-2d48999\" data-id=\"2d48999\" data-element_type=\"column\" data-e-type=\"column\">\n\t\t\t<div class=\"elementor-widget-wrap elementor-element-populated\">\n\t\t\t\t\t\t<div class=\"elementor-element elementor-element-4480b40 btn-position-bottom elementor-widget elementor-widget-razzi-image-button\" data-id=\"4480b40\" data-element_type=\"widget\" data-e-type=\"widget\" data-widget_type=\"razzi-image-button.default\">\n\t\t\t\t<div class=\"elementor-widget-container\">\n\t\t\t\t\t<div class=\"razzi-image-button\"><img fetchpriority=\"high\" decoding=\"async\" width=\"1024\" height=\"731\" src=\"https:\/\/packstera.lt\/wp-content\/uploads\/2023\/01\/IJ4000_display_1024px.jpg\" class=\"attachment-full size-full wp-image-15120\" alt=\"\" srcset=\"https:\/\/packstera.lt\/wp-content\/uploads\/2023\/01\/IJ4000_display_1024px.jpg 1024w, https:\/\/packstera.lt\/wp-content\/uploads\/2023\/01\/IJ4000_display_1024px-300x214.jpg 300w, https:\/\/packstera.lt\/wp-content\/uploads\/2023\/01\/IJ4000_display_1024px-768x548.jpg 768w, https:\/\/packstera.lt\/wp-content\/uploads\/2023\/01\/IJ4000_display_1024px-18x12.jpg 18w, https:\/\/packstera.lt\/wp-content\/uploads\/2023\/01\/IJ4000_display_1024px-570x407.jpg 570w, https:\/\/packstera.lt\/wp-content\/uploads\/2023\/01\/IJ4000_display_1024px-600x428.jpg 600w, https:\/\/packstera.lt\/wp-content\/uploads\/2023\/01\/IJ4000_display_1024px-130x93.jpg 130w\" sizes=\"(max-width: 1024px) 100vw, 1024px\" \/><a href=\"http:\/\/packstera.lt\/wp-content\/uploads\/2023\/01\/IJ-Series-trumpas-pristatymas.pdf\" target=\"_blank\" rel=\"nofollow\" class=\"razzi-image-button__link\"><\/a><a href=\"http:\/\/packstera.lt\/wp-content\/uploads\/2023\/01\/IJ-Series-trumpas-pristatymas.pdf\" target=\"_blank\" rel=\"nofollow\" class=\"razzi-image-button__position razzi-image-button__button\">Ra\u017eot\u0101ja apraksts <span class=\"razzi-svg-icon\"><svg aria-hidden=\"true\" role=\"img\" focusable=\"false\" xmlns=\"http:\/\/www.w3.org\/2000\/svg\" width=\"24\" height=\"24\" viewbox=\"0 0 24 24\" fill=\"none\" stroke=\"currentColor\" stroke-width=\"2\" stroke-linecap=\"round\" stroke-linejoin=\"round\"><line x1=\"0\" y1=\"12\" x2=\"19\" y2=\"12\"><\/line><polyline points=\"12 5 19 12 12 19\"><\/polyline><\/svg><\/span><\/a><\/div>\t\t\t\t<\/div>\n\t\t\t\t<\/div>\n\t\t\t\t\t<\/div>\n\t\t<\/div>\n\t\t\t\t\t<\/div>\n\t\t<\/section>\n\t\t\t\t<\/div>","protected":false},"excerpt":{"rendered":"<p style=\"text-align: justify;\">IJ4000 ir augsta augstuma rakstz\u012bmju tintes printeris r\u016bpniecisko izstr\u0101d\u0101jumu mar\u0137\u0113\u0161anai. Tas ir \u012bpa\u0161i izstr\u0101d\u0101ts porain\u0101m virsm\u0101m. Druk\u0101tos zi\u0146ojumus var p\u0101rvald\u012bt manu\u0101li, tie\u0161i ier\u012bces ekr\u0101n\u0101 vai izmantojot t\u012bklu, kuram ir pievienots printeris. Drukas sist\u0113ma sast\u0101v no trim galvenaj\u0101m sast\u0101vda\u013c\u0101m: printera, kontrollera un displeja. Printeris ir elast\u012bgs, vienlaikus var pievienot no 1 l\u012bdz 4 drukas galvi\u0146\u0101m, ar maksim\u0101lo drukas augstumu 200mm.<\/p>\n<p>Produkta priek\u0161roc\u012bbas:<br \/>\n\u2713 Druk\u0101\u0161anas att\u0101lums l\u012bdz 12 mm<br \/>\n\u2713 Liels druk\u0101\u0161anas \u0101trums l\u012bdz 90 m\/min<br \/>\n\u2713 Viena punkta tintes padeves sist\u0113ma (att\u0101l\u0101 uzpilde)<br \/>\n\u2713 Videi draudz\u012bgs, pateicoties tintei, kas nesatur miner\u0101le\u013c\u013cu, un iztur\u012bgiem komponentiem<br \/>\n\u2713 Tintes kasetnes l\u012bdz 1 litram<br \/>\n\u2713 Izmaksu priek\u0161roc\u012bbas sal\u012bdzin\u0101jum\u0101 ar mar\u0137\u0113\u0161anu<\/p>","protected":false},"featured_media":15113,"template":"","meta":[],"product_cat":[622],"product_tag":[717,716,715],"class_list":{"0":"post-14028","1":"product","2":"type-product","3":"status-publish","4":"has-post-thumbnail","6":"product_cat-stambaus-srifto","7":"product_tag-logistika","8":"product_tag-medienos","9":"product_tag-popieriaus","11":"first","12":"instock","13":"shipping-taxable","14":"product-type-simple"},"_links":{"self":[{"href":"https:\/\/packstera.lt\/lv\/wp-json\/wp\/v2\/product\/14028","targetHints":{"allow":["GET"]}}],"collection":[{"href":"https:\/\/packstera.lt\/lv\/wp-json\/wp\/v2\/product"}],"about":[{"href":"https:\/\/packstera.lt\/lv\/wp-json\/wp\/v2\/types\/product"}],"version-history":[{"count":9,"href":"https:\/\/packstera.lt\/lv\/wp-json\/wp\/v2\/product\/14028\/revisions"}],"predecessor-version":[{"id":15126,"href":"https:\/\/packstera.lt\/lv\/wp-json\/wp\/v2\/product\/14028\/revisions\/15126"}],"wp:featuredmedia":[{"embeddable":true,"href":"https:\/\/packstera.lt\/lv\/wp-json\/wp\/v2\/media\/15113"}],"wp:attachment":[{"href":"https:\/\/packstera.lt\/lv\/wp-json\/wp\/v2\/media?parent=14028"}],"wp:term":[{"taxonomy":"product_cat","embeddable":true,"href":"https:\/\/packstera.lt\/lv\/wp-json\/wp\/v2\/product_cat?post=14028"},{"taxonomy":"product_tag","embeddable":true,"href":"https:\/\/packstera.lt\/lv\/wp-json\/wp\/v2\/product_tag?post=14028"}],"curies":[{"name":"wp","href":"https:\/\/api.w.org\/{rel}","templated":true}]}}