{"id":14087,"date":"2020-06-21T17:05:57","date_gmt":"2020-06-21T14:05:57","guid":{"rendered":"http:\/\/packstera.lt\/p\/fully-automatic-free-arm-stretch-wrapper\/"},"modified":"2024-09-20T16:14:32","modified_gmt":"2024-09-20T13:14:32","slug":"prh-brivas-rokas-plaukstu-pagriesanas-ierice","status":"publish","type":"product","link":"https:\/\/packstera.lt\/lv\/p\/alkuninis-paleciu-apvyniojimo-tampria-plevele-irenginys\/","title":{"rendered":"Elko\u0146u pale\u0161u iet\u012b\u0161anas iek\u0101rta ar elast\u012bgu pl\u0113vi - PHD"},"content":{"rendered":"<h3>Tehniskie parametri<\/h3>\n<table>\n<thead>\n<tr>\n<th>Specifik\u0101cijas<\/th>\n<th>Noz\u012bmes<\/th>\n<\/tr>\n<\/thead>\n<tbody>\n<tr>\n<td>Iepakojuma programmas modelis REVOLUTION<\/td>\n<td>5,7 collu sk\u0101rienekr\u0101ns ar 7 programm\u0101m<\/td>\n<\/tr>\n<tr>\n<td>Standarta diagon\u0101l\u0101 palete<\/td>\n<td>1710\u00a0mm (paletes izm\u0113rs 1100\u00a0x\u00a01300\u00a0mm)<\/td>\n<\/tr>\n<tr>\n<td>Diagon\u0101l\u0101s paletes nav oblig\u0101tas<\/td>\n<td>2000 mm<\/td>\n<\/tr>\n<tr>\n<td>Regul\u0113jams elko\u0146a grie\u0161an\u0101s \u0101trums (ar frekvences p\u0101rveidot\u0101ju)<\/td>\n<td>Maks. 35 apgr.\/min*<\/td>\n<\/tr>\n<tr>\n<td>M\u012bksta iedarbin\u0101\u0161ana\/aptur\u0113\u0161ana (ar frekvences p\u0101rveidot\u0101ju)<\/td>\n<td>Standarta apr\u012bkojums<\/td>\n<\/tr>\n<tr>\n<td>Prec\u012bza elko\u0146a f\u0101zes aptur\u0113\u0161ana cikla beig\u0101s<\/td>\n<td>Standarta apr\u012bkojums<\/td>\n<\/tr>\n<tr>\n<td>Rati\u0146u pl\u0113ves stiep\u0161anas sist\u0113ma<\/td>\n<td>FE\u00a0\u2014 elektromagn\u0113tisk\u0101 bremze*<\/td>\n<\/tr>\n<tr>\n<td>Standarta iepakojuma augstums<\/td>\n<td>2000 mm<\/td>\n<\/tr>\n<tr>\n<td>Izv\u0113lams iepakojuma augstums<\/td>\n<td>2200 \/ 2700 \/ 3000 mm<\/td>\n<\/tr>\n<tr>\n<td>Produkta augstuma noteik\u0161ana ar fotosensoru<\/td>\n<td>Standarta apr\u012bkojums<\/td>\n<\/tr>\n<tr>\n<td>Regul\u0113jams rati\u0146u \u0101trums (ar frekvences p\u0101rveidot\u0101ju)<\/td>\n<td>No 1,3 l\u012bdz 5,4 m\/min<\/td>\n<\/tr>\n<tr>\n<td>Pa\u0101triniet grozu<\/td>\n<td>Iestatiet neatkar\u012bgi<\/td>\n<\/tr>\n<tr>\n<td>Ratu \u0101trums samazin\u0101ts<\/td>\n<td>Iestatiet neatkar\u012bgi<\/td>\n<\/tr>\n<tr>\n<td>Standarta transport\u0113\u0161anas augstums<\/td>\n<td>No 450 l\u012bdz 550 mm<\/td>\n<\/tr>\n<tr>\n<td>Kop\u0113j\u0101 jauda<\/td>\n<td>4,5 kW<\/td>\n<\/tr>\n<tr>\n<td>Standarta spriegums<\/td>\n<td>400 V - 50\/60 Hz - 3 f\u0101zes + N + T<\/td>\n<\/tr>\n<tr>\n<td>IP aizsardz\u012bbas klase<\/td>\n<td>IP\u00a054<\/td>\n<\/tr>\n<tr>\n<td>Pneimatiskais spiediens<\/td>\n<td>6 b\u0101ri<\/td>\n<\/tr>\n<tr>\n<td>Performance<\/td>\n<td>70 paletes stund\u0101**<\/td>\n<\/tr>\n<\/tbody>\n<\/table>\n<p>* Atkar\u012bgs no konfigur\u0101cijas<br \/>\n** Atkar\u012bgs no pl\u0113ves kvalit\u0101tes un darba apst\u0101k\u013ciem: iepako\u0161anas apst\u0101k\u013ci un paletes izm\u0113ri ietekm\u0113 maksim\u0101lo ietilp\u012bbu.<\/p>","protected":false},"excerpt":{"rendered":"<p>Elko\u0146a ier\u012bce pale\u0161u iet\u012b\u0161anai ar elast\u012bgo pl\u0113vi. Pateicoties in\u017eenieru noda\u013cai, PHD s\u0113rija atbilst vis\u0101m m\u016bsdienu tirgus pras\u012bb\u0101m.<\/p>\n<p>Katrs modelis ir izstr\u0101d\u0101ts, lai efekt\u012bvi iesai\u0146otu da\u017e\u0101dus izstr\u0101d\u0101jumus, tostarp nestabilus, \u013coti vieglus vai viegli saspie\u017eamus izstr\u0101d\u0101jumus. Ier\u012bce darbojas, izmantojot rot\u0113jo\u0161u elkoni, kas apvij produktu ar elast\u012bgu pl\u0113vi, t\u0101d\u0113j\u0101di nodro\u0161inot dro\u0161u un stabilu izveidot\u0101s paletes sagatavo\u0161anu t\u0101l\u0101kai transport\u0113\u0161anai.<\/p>\n<p>Iztur\u012bg\u0101 t\u0113rauda r\u0101mja konstrukcija garant\u0113 ilgu kalpo\u0161anas laiku, un iek\u0101rtas elektrisko kabe\u013cu izvilk\u0161ana caur r\u0101mi nodro\u0161ina dro\u0161u darb\u012bbu un samazina nejau\u0161u boj\u0101jumu risku. Tas veicina augstu uzticam\u012bbu, kas nodro\u0161ina minim\u0101lus p\u0101rtraukumus ra\u017eo\u0161anas proces\u0101.<\/p>\n<p>Iek\u0101rtai ir kompakts dizains, t\u0101p\u0113c r\u016bpn\u012bc\u0101 t\u0101 aiz\u0146em \u013coti maz vietas.<\/p>\n<p style=\"text-align: justify;\">Iek\u0101rtas ir izstr\u0101d\u0101tas \u012bpa\u0161i kompaktas, k\u0101 rezult\u0101t\u0101 r\u016bpn\u012bcas gr\u012bdas plat\u012bba ir \u013coti maza.<\/p>","protected":false},"featured_media":14082,"template":"","meta":[],"product_cat":[586],"product_tag":[],"class_list":{"0":"post-14087","1":"product","2":"type-product","3":"status-publish","4":"has-post-thumbnail","6":"product_cat-automatiniai-paleciu-apvyniojimo-irenginiai","8":"first","9":"instock","10":"shipping-taxable","11":"product-type-simple"},"_links":{"self":[{"href":"https:\/\/packstera.lt\/lv\/wp-json\/wp\/v2\/product\/14087","targetHints":{"allow":["GET"]}}],"collection":[{"href":"https:\/\/packstera.lt\/lv\/wp-json\/wp\/v2\/product"}],"about":[{"href":"https:\/\/packstera.lt\/lv\/wp-json\/wp\/v2\/types\/product"}],"version-history":[{"count":8,"href":"https:\/\/packstera.lt\/lv\/wp-json\/wp\/v2\/product\/14087\/revisions"}],"predecessor-version":[{"id":17049,"href":"https:\/\/packstera.lt\/lv\/wp-json\/wp\/v2\/product\/14087\/revisions\/17049"}],"wp:featuredmedia":[{"embeddable":true,"href":"https:\/\/packstera.lt\/lv\/wp-json\/wp\/v2\/media\/14082"}],"wp:attachment":[{"href":"https:\/\/packstera.lt\/lv\/wp-json\/wp\/v2\/media?parent=14087"}],"wp:term":[{"taxonomy":"product_cat","embeddable":true,"href":"https:\/\/packstera.lt\/lv\/wp-json\/wp\/v2\/product_cat?post=14087"},{"taxonomy":"product_tag","embeddable":true,"href":"https:\/\/packstera.lt\/lv\/wp-json\/wp\/v2\/product_tag?post=14087"}],"curies":[{"name":"wp","href":"https:\/\/api.w.org\/{rel}","templated":true}]}}