{"id":14095,"date":"2020-06-21T15:27:11","date_gmt":"2020-06-21T12:27:11","guid":{"rendered":"http:\/\/packstera.lt\/p\/manual-mobile-wrapping-machine\/"},"modified":"2024-09-20T16:23:37","modified_gmt":"2024-09-20T13:23:37","slug":"pmn-manualais-mobilais-iesainojums","status":"publish","type":"product","link":"https:\/\/packstera.lt\/lv\/p\/rankinis-mobilus-vyniotuvas\/","title":{"rendered":"Manu\u0101lais mobilais iesai\u0146ojums - PM"},"content":{"rendered":"<h4>Tehnisk\u0101s specifik\u0101cijas<\/h4>\n<table>\n<thead>\n<tr>\n<th>Specifik\u0101cijas<\/th>\n<th>Noz\u012bmes<\/th>\n<\/tr>\n<\/thead>\n<tbody>\n<tr>\n<td>Rati\u0146u elast\u012bg\u0101s pl\u0113ves brem\u017eu sist\u0113ma<\/td>\n<td>FM - meh\u0101nisk\u0101s bremzes<\/td>\n<\/tr>\n<tr>\n<td>Standarta iesai\u0146ojuma augstums<\/td>\n<td>2000 mm<\/td>\n<\/tr>\n<\/tbody>\n<\/table>","protected":false},"excerpt":{"rendered":"<p>Manu\u0101lais mobilais iesai\u0146ojums PM izce\u013cas ar vienk\u0101r\u0161\u0101m funkcij\u0101m un iesp\u0113ju izmantot iepriek\u0161 izstieptu pl\u0113vi.<br \/>\nT\u0101 ir iepako\u0161anas ier\u012bce, kas paredz\u0113ta produktu iesai\u0146o\u0161anai uz palet\u0113m un t\u0101l\u0101k ar elast\u012bgu iesai\u0146ojumu neatkar\u012bgi no to formas, svara vai izm\u0113ra.<br \/>\nPasaul\u0113 unik\u0101ls neelektrisks robots, kas var iet\u012bt paletes ar LLDPE iepriek\u0161 izstieptu pl\u0113vi.<br \/>\nPM aizst\u0101j manu\u0101lo tinumu par pie\u0146emamu cenu.<br \/>\nIer\u012bci var viegli un vienm\u0113r\u012bgi vad\u012bt manu\u0101li, neizmantojot elektromotoru.<br \/>\nIer\u012bces rati\u0146i tiek manu\u0101li pacelti un nolaisti atbilsto\u0161i vajadz\u012bgajam t\u012b\u0161anas augstumam.<\/p>","protected":false},"featured_media":17040,"template":"","meta":[],"product_cat":[587],"product_tag":[],"class_list":{"0":"post-14095","1":"product","2":"type-product","3":"status-publish","4":"has-post-thumbnail","6":"product_cat-mobilus-paleciu-apvyniojimo-irenginiai","8":"first","9":"instock","10":"shipping-taxable","11":"product-type-simple"},"_links":{"self":[{"href":"https:\/\/packstera.lt\/lv\/wp-json\/wp\/v2\/product\/14095","targetHints":{"allow":["GET"]}}],"collection":[{"href":"https:\/\/packstera.lt\/lv\/wp-json\/wp\/v2\/product"}],"about":[{"href":"https:\/\/packstera.lt\/lv\/wp-json\/wp\/v2\/types\/product"}],"version-history":[{"count":5,"href":"https:\/\/packstera.lt\/lv\/wp-json\/wp\/v2\/product\/14095\/revisions"}],"predecessor-version":[{"id":17061,"href":"https:\/\/packstera.lt\/lv\/wp-json\/wp\/v2\/product\/14095\/revisions\/17061"}],"wp:featuredmedia":[{"embeddable":true,"href":"https:\/\/packstera.lt\/lv\/wp-json\/wp\/v2\/media\/17040"}],"wp:attachment":[{"href":"https:\/\/packstera.lt\/lv\/wp-json\/wp\/v2\/media?parent=14095"}],"wp:term":[{"taxonomy":"product_cat","embeddable":true,"href":"https:\/\/packstera.lt\/lv\/wp-json\/wp\/v2\/product_cat?post=14095"},{"taxonomy":"product_tag","embeddable":true,"href":"https:\/\/packstera.lt\/lv\/wp-json\/wp\/v2\/product_tag?post=14095"}],"curies":[{"name":"wp","href":"https:\/\/api.w.org\/{rel}","templated":true}]}}