{"id":14101,"date":"2019-10-13T10:46:05","date_gmt":"2020-10-13T07:46:05","guid":{"rendered":"http:\/\/packstera.lt\/p\/pko\/"},"modified":"2024-09-20T16:24:47","modified_gmt":"2024-09-20T13:24:47","slug":"poa-ziedu-paletes-ietisanas-ierice","status":"publish","type":"product","link":"https:\/\/packstera.lt\/lv\/p\/ziedinis-paleciu-apvyniojimo-tampria-plevele-irenginys\/","title":{"rendered":"Gredzenveida pale\u0161u t\u012b\u0161anas iek\u0101rta - PO"},"content":{"rendered":"<div class=\"dati-tecnici\">\n<div class=\"header full-width-offset-right\">\n<div class=\"titolo-left\">\n<h3>Tehniskie parametri<\/h3>\n<table>\n<thead>\n<tr>\n<th>Specifik\u0101cijas<\/th>\n<th>Noz\u012bmes<\/th>\n<\/tr>\n<\/thead>\n<tbody>\n<tr>\n<td>PO modelis<\/td>\n<td>5,7\u00a0collu sk\u0101rienj\u016bt\u012bgs ekr\u0101ns ar 7 programm\u0101m<\/td>\n<\/tr>\n<tr>\n<td>Standarta paletes diagon\u0101le<\/td>\n<td>1700\u00a0mm (palikt\u0146i 1200\u00a0x\u00a01200\u00a0mm)<\/td>\n<\/tr>\n<tr>\n<td>Izv\u0113les paletes ir pa diagon\u0101li<\/td>\n<td>2050 \/ 2250 mm<\/td>\n<\/tr>\n<tr>\n<td>Regul\u0113jams gredzena grie\u0161an\u0101s \u0101trums<\/td>\n<td>L\u012bdz 65 apgr.\/min (ar frekvences p\u0101rveidot\u0101ju) *<\/td>\n<\/tr>\n<tr>\n<td>L\u0113ns starts\/stop<\/td>\n<td>STANDARTA IEPAKOJUMS<\/td>\n<\/tr>\n<tr>\n<td>Prec\u012bza gredzena pietura cikla beig\u0101s<\/td>\n<td>STANDARTA IEPAKOJUMS<\/td>\n<\/tr>\n<tr>\n<td>Rati\u0146u elast\u012bg\u0101s pl\u0113ves brem\u017eu sist\u0113ma<\/td>\n<td>PRS\u00a0\u2014 priek\u0161spriegojums 150, 200, 250% un elektromagn\u0113tisk\u0101 bremz\u0113\u0161ana<\/td>\n<\/tr>\n<tr>\n<td>Standarta iepakojuma augstums<\/td>\n<td>2000 mm<\/td>\n<\/tr>\n<tr>\n<td>Izv\u0113lams iepakojuma augstums<\/td>\n<td>2200 \/ 2700 \/ 3000 mm<\/td>\n<\/tr>\n<tr>\n<td>Kravas augstuma noteik\u0161ana ar fotosensoru<\/td>\n<td>STANDARTA IEPAKOJUMS<\/td>\n<\/tr>\n<tr>\n<td>Regul\u0113jams gredzena \u0101trums (ar invertoru)<\/td>\n<td>No 1,3 l\u012bdz 5,4 m\/min<\/td>\n<\/tr>\n<tr>\n<td>Palieliniet zvana \u0101trumu<\/td>\n<td>Iestatiet neatkar\u012bgi<\/td>\n<\/tr>\n<tr>\n<td>Samazin\u0101ts zvana \u0101trums<\/td>\n<td>Iestatiet neatkar\u012bgi<\/td>\n<\/tr>\n<tr>\n<td>Standarta transport\u0113\u0161anas augstums<\/td>\n<td>No 450 l\u012bdz 550 mm<\/td>\n<\/tr>\n<tr>\n<td>Kop\u0113j\u0101 jauda<\/td>\n<td>8 kW<\/td>\n<\/tr>\n<tr>\n<td>Standarta spriegums<\/td>\n<td>400 V - 50\/60 Hz - 3 f\u0101zes + N + T<\/td>\n<\/tr>\n<tr>\n<td>Dro\u0161\u012bbas klase<\/td>\n<td>IP\u00a054<\/td>\n<\/tr>\n<tr>\n<td>Pneimatiskais spiediens<\/td>\n<td>6 b\u0101ri<\/td>\n<\/tr>\n<tr>\n<td>Performance<\/td>\n<td>110 paletes stund\u0101**<\/td>\n<\/tr>\n<tr>\n<td>Piez\u012bme<\/td>\n<td>* Atkar\u012bb\u0101 no konfigur\u0101cijas<\/td>\n<\/tr>\n<tr>\n<td>Piez\u012bme<\/td>\n<td>** Atkar\u012bgs no pl\u0113ves kvalit\u0101tes, darba apst\u0101k\u013ciem un gredzena dizaina (viens vai divi rati\u0146i)<\/td>\n<\/tr>\n<\/tbody>\n<\/table>\n<p>T\u0101 ir iepako\u0161anas iek\u0101rta, kas var efekt\u012bvi iepakot l\u012bdz pat 110 palet\u0113m stund\u0101, izmantojot progres\u012bvu vad\u012bbas sist\u0113mu un augstas kvalit\u0101tes iepriek\u0161 izstieptu pl\u0113ves meh\u0101nismu.<\/p>\n<\/div>\n<\/div>\n<\/div>","protected":false},"excerpt":{"rendered":"<p>Gredzenveida ier\u012bce pale\u0161u iet\u012b\u0161anai ar elast\u012bgo pl\u0113vi<\/p>\n<ul>\n<li>Augstas veiktsp\u0113jas gredzenu t\u012b\u0161anas ma\u0161\u012bna.<\/li>\n<li>Kompakti dizaini.<\/li>\n<\/ul>","protected":false},"featured_media":17044,"template":"","meta":[],"product_cat":[586],"product_tag":[],"class_list":{"0":"post-14101","1":"product","2":"type-product","3":"status-publish","4":"has-post-thumbnail","6":"product_cat-automatiniai-paleciu-apvyniojimo-irenginiai","8":"first","9":"instock","10":"shipping-taxable","11":"product-type-simple"},"_links":{"self":[{"href":"https:\/\/packstera.lt\/lv\/wp-json\/wp\/v2\/product\/14101","targetHints":{"allow":["GET"]}}],"collection":[{"href":"https:\/\/packstera.lt\/lv\/wp-json\/wp\/v2\/product"}],"about":[{"href":"https:\/\/packstera.lt\/lv\/wp-json\/wp\/v2\/types\/product"}],"version-history":[{"count":4,"href":"https:\/\/packstera.lt\/lv\/wp-json\/wp\/v2\/product\/14101\/revisions"}],"predecessor-version":[{"id":17062,"href":"https:\/\/packstera.lt\/lv\/wp-json\/wp\/v2\/product\/14101\/revisions\/17062"}],"wp:featuredmedia":[{"embeddable":true,"href":"https:\/\/packstera.lt\/lv\/wp-json\/wp\/v2\/media\/17044"}],"wp:attachment":[{"href":"https:\/\/packstera.lt\/lv\/wp-json\/wp\/v2\/media?parent=14101"}],"wp:term":[{"taxonomy":"product_cat","embeddable":true,"href":"https:\/\/packstera.lt\/lv\/wp-json\/wp\/v2\/product_cat?post=14101"},{"taxonomy":"product_tag","embeddable":true,"href":"https:\/\/packstera.lt\/lv\/wp-json\/wp\/v2\/product_tag?post=14101"}],"curies":[{"name":"wp","href":"https:\/\/api.w.org\/{rel}","templated":true}]}}