{"id":14106,"date":"2019-10-13T11:04:19","date_gmt":"2019-10-13T08:04:19","guid":{"rendered":"http:\/\/packstera.lt\/p\/pmm\/"},"modified":"2024-09-20T14:47:22","modified_gmt":"2024-09-20T11:47:22","slug":"pmm-pusautomatiskais-plaukstu-virpotajs","status":"publish","type":"product","link":"https:\/\/packstera.lt\/lv\/p\/paleciu-apvyniojimo-tampria-plevele-irenginys-mx15\/","title":{"rendered":"Ier\u012bce pale\u0161u iet\u012b\u0161anai ar elast\u012bgo pl\u0113vi - MX15"},"content":{"rendered":"<h3>Tehnisk\u0101s specifik\u0101cijas<\/h3>\n<table>\n<thead>\n<tr>\n<th>Specifik\u0101cijas<\/th>\n<th>Noz\u012bmes<\/th>\n<\/tr>\n<\/thead>\n<tbody>\n<tr>\n<td>Modelis MX15<\/td>\n<td>Ekr\u0101ns: 7 collu displejs ar 99 programm\u0101m<\/td>\n<\/tr>\n<tr>\n<td>Platformas diametrs<\/td>\n<td>1500 mm<\/td>\n<\/tr>\n<tr>\n<td>Papildu platformas diametri<\/td>\n<td>1650\/1800\/2200\/2400\/2600 mm<\/td>\n<\/tr>\n<tr>\n<td>Splatformas maksim\u0101lais kravas svars<\/td>\n<td>2000 kg<\/td>\n<\/tr>\n<tr>\n<td>Pakava platformas maksim\u0101lais kravas svars<\/td>\n<td>1200 kg<\/td>\n<\/tr>\n<tr>\n<td>Regul\u0113jams platformas \u0101trums (ar frekvences p\u0101rveidot\u0101ju)<\/td>\n<td>5 l\u012bdz 12 apgr.\/min*<\/td>\n<\/tr>\n<tr>\n<td>L\u0113ns starts\/stop<\/td>\n<td>Standarta apr\u012bkojums<\/td>\n<\/tr>\n<tr>\n<td>Prec\u012bza platformas f\u0101zes aptur\u0113\u0161ana cikla beig\u0101s<\/td>\n<td>Standarta apr\u012bkojums<\/td>\n<\/tr>\n<tr>\n<td>Rati\u0146u elast\u012bg\u0101s pl\u0113ves brem\u017eu sist\u0113ma<\/td>\n<td>FE\u00a0\u2014 elektromagn\u0113tisk\u0101 bremze*<\/td>\n<\/tr>\n<tr>\n<td>Standarta iepakojuma augstums<\/td>\n<td>2450 mm<\/td>\n<\/tr>\n<tr>\n<td>Papildu iepako\u0161anas augstums<\/td>\n<td>2200\/2500\/2700\/3200\/3500 mm<\/td>\n<\/tr>\n<tr>\n<td>Kravas augstuma noteik\u0161ana ar fotosensoru<\/td>\n<td>Standarta apr\u012bkojums<\/td>\n<\/tr>\n<tr>\n<td>Regul\u0113jams rati\u0146u \u0101trums (ar frekvences p\u0101rveidot\u0101ju)<\/td>\n<td>No 1,3 l\u012bdz 5,4 m\/min<\/td>\n<\/tr>\n<tr>\n<td>Pa\u0101triniet grozu<\/td>\n<td>Iestatiet neatkar\u012bgi<\/td>\n<\/tr>\n<tr>\n<td>Ratu \u0101trums samazin\u0101ts<\/td>\n<td>Iestatiet neatkar\u012bgi<\/td>\n<\/tr>\n<tr>\n<td>Priek\u0161puse un aizmugure gatavi cel\u0161anai ar iekr\u0101v\u0113ju<\/td>\n<td>Standarta apr\u012bkojums<\/td>\n<\/tr>\n<tr>\n<td>Kop\u0113j\u0101 jauda<\/td>\n<td>1,00 kW<\/td>\n<\/tr>\n<tr>\n<td>Standarta spriegums<\/td>\n<td>230 V - 50\/60 Hz - 1 f\u0101ze<\/td>\n<\/tr>\n<tr>\n<td>Performance<\/td>\n<td>25 paletes stund\u0101**<\/td>\n<\/tr>\n<\/tbody>\n<\/table>\n<p>*Atkar\u012bgs no konfigur\u0101cijas<br \/>\n** Atkar\u012bgs no pl\u0113ves kvalit\u0101tes un darba apst\u0101k\u013ciem: iepako\u0161anas apst\u0101k\u013ci un paletes izm\u0113ri ietekm\u0113 maksim\u0101lo veiktsp\u0113ju.<\/p>","protected":false},"excerpt":{"rendered":"<p><strong>Pale\u0161u iesai\u0146ot\u0101js MX15: j\u016bsu operatori jums pateiks paldies!<\/strong><\/p>\n<p>MX15 tika izveidots, lai savam pusautom\u0101tiskajam modelim pievienotu augst\u0101k\u0101s klases modeli.<\/p>\n<p>Jaunais masts un dzin\u0113ja korpusi, kas padara \u0161o jauno modeli l\u012bdz\u012bgu dizaina iek\u0101rtai, paties\u012bb\u0101 sl\u0113pj mastu ar pastiprin\u0101t\u0101m vadotn\u0113m. Gaismas diodes par\u0101da iek\u0101rtas pa\u0161reiz\u0113jo statusu.<\/p>\n<p>MX15 galven\u0101 iez\u012bme ir t\u0101, ka t\u0101 ir vien\u012bg\u0101 platformas ier\u012bce, kuru var apr\u012bkot ar ARYA sist\u0113mu, jaunu patent\u0113tu tehnolo\u0123iju, kas \u013cauj iet\u012b\u0161anas procesam b\u016bt piln\u012bb\u0101 autom\u0101tiskam.<\/p>\n<p>MX15 iez\u012bm\u0113 izr\u0101vienu pusautom\u0101tisko elast\u012bgo iet\u012b\u0161anas iek\u0101rtu tirg\u016b, jo tam nav nepiecie\u0161ama operatora iejauk\u0161an\u0101s, lai piestiprin\u0101tu pl\u0113vi paletes, un tas veic piln\u012bb\u0101 autom\u0101tisku ciklu bez saspiesta gaisa un meh\u0101nisk\u0101m deta\u013c\u0101m, kas nodilst. Lai uzzin\u0101tu vair\u0101k par patent\u0113to ARYA sist\u0113mu, l\u016bdzu, sazinieties ar mums.<\/p>\n<p>Visas iesp\u0113jas ir pieejamas ar\u012b MX15: iesp\u0113ja izv\u0113l\u0113ties no FM, FE, PRS un PS rati\u0146iem un main\u012bt tos pat p\u0113c ieg\u0101des, ja, biznesam augot, main\u0101s klientu vajadz\u012bbas.<\/p>\n<p>Izmantojot PS karieti ar diviem motoriem, MX15 var garant\u0113t zem\u0101ko pl\u0113ves pat\u0113ri\u0146u un augst\u0101ko funkcion\u0101lo uzticam\u012bbu iepako\u0161anas iek\u0101rtu tirg\u016b.<\/p>\n<p>Apr\u012bkots ar PS rati\u0146iem un ARYA sist\u0113mu, MX15 ir vismodern\u0101k\u0101 pusautom\u0101tisk\u0101 iepako\u0161anas iek\u0101rta tirg\u016b.<\/p>","protected":false},"featured_media":16998,"template":"","meta":[],"product_cat":[588],"product_tag":[],"class_list":{"0":"post-14106","1":"product","2":"type-product","3":"status-publish","4":"has-post-thumbnail","6":"product_cat-pusiau-automatiniai-paleciu-apvyniojimo-irenginiai","8":"first","9":"instock","10":"shipping-taxable","11":"product-type-simple"},"_links":{"self":[{"href":"https:\/\/packstera.lt\/lv\/wp-json\/wp\/v2\/product\/14106","targetHints":{"allow":["GET"]}}],"collection":[{"href":"https:\/\/packstera.lt\/lv\/wp-json\/wp\/v2\/product"}],"about":[{"href":"https:\/\/packstera.lt\/lv\/wp-json\/wp\/v2\/types\/product"}],"version-history":[{"count":5,"href":"https:\/\/packstera.lt\/lv\/wp-json\/wp\/v2\/product\/14106\/revisions"}],"predecessor-version":[{"id":17021,"href":"https:\/\/packstera.lt\/lv\/wp-json\/wp\/v2\/product\/14106\/revisions\/17021"}],"wp:featuredmedia":[{"embeddable":true,"href":"https:\/\/packstera.lt\/lv\/wp-json\/wp\/v2\/media\/16998"}],"wp:attachment":[{"href":"https:\/\/packstera.lt\/lv\/wp-json\/wp\/v2\/media?parent=14106"}],"wp:term":[{"taxonomy":"product_cat","embeddable":true,"href":"https:\/\/packstera.lt\/lv\/wp-json\/wp\/v2\/product_cat?post=14106"},{"taxonomy":"product_tag","embeddable":true,"href":"https:\/\/packstera.lt\/lv\/wp-json\/wp\/v2\/product_tag?post=14106"}],"curies":[{"name":"wp","href":"https:\/\/api.w.org\/{rel}","templated":true}]}}