{"id":14132,"date":"2020-10-26T13:49:01","date_gmt":"2020-10-26T11:49:01","guid":{"rendered":"http:\/\/packstera.lt\/?post_type=product&#038;p=14132"},"modified":"2024-09-20T16:11:00","modified_gmt":"2024-09-20T13:11:00","slug":"pam-automats","status":"publish","type":"product","link":"https:\/\/packstera.lt\/lv\/p\/paleciu-apvyniojimo-tampria-plevele-irenginys\/","title":{"rendered":"Apr\u012bkojums pale\u0161u iet\u012b\u0161anai ar elast\u012bgo pl\u0113vi - MX35"},"content":{"rendered":"<h3>Tehniskie parametri<\/h3>\n<table>\n<thead>\n<tr>\n<th>Specifik\u0101cijas<\/th>\n<th>Noz\u012bmes<\/th>\n<\/tr>\n<\/thead>\n<tbody>\n<tr>\n<td>Iepakojuma aplik\u0101ciju modelis MX35<\/td>\n<td>11 collu sk\u0101rienekr\u0101ns ar 99 programm\u0101m<\/td>\n<\/tr>\n<tr>\n<td>Platformas diametrs<\/td>\n<td>1650\u00a0mm (paletes izm\u0113rs 800\u00a0x\u00a01200\u00a0mm)<\/td>\n<\/tr>\n<tr>\n<td>Izv\u0113lamie diametri<\/td>\n<td>1800 un 2200 mm<\/td>\n<\/tr>\n<tr>\n<td>Maksim\u0101l\u0101 platformas slodze<\/td>\n<td>2000 kg<\/td>\n<\/tr>\n<tr>\n<td>Maksim\u0101l\u0101 pakava platformas slodze<\/td>\n<td>1200 kg<\/td>\n<\/tr>\n<tr>\n<td>Regul\u0113jams platformas rot\u0101cijas \u0101trums (ar frekvences p\u0101rveidot\u0101ju)<\/td>\n<td>5 l\u012bdz 10 apgr.\/min*<\/td>\n<\/tr>\n<tr>\n<td>L\u0113na iedarbin\u0101\u0161ana\/aptur\u0113\u0161ana (ar frekvences p\u0101rveidot\u0101ju)<\/td>\n<td>Standarta apr\u012bkojums<\/td>\n<\/tr>\n<tr>\n<td>Prec\u012bza platformas f\u0101zes aptur\u0113\u0161ana cikla beig\u0101s<\/td>\n<td>Standarta apr\u012bkojums<\/td>\n<\/tr>\n<tr>\n<td>Rati\u0146u elast\u012bg\u0101s pl\u0113ves brem\u017eu sist\u0113ma<\/td>\n<td>FE\u00a0\u2014 elektromagn\u0113tisk\u0101 bremze*<\/td>\n<\/tr>\n<tr>\n<td>Standarta iepakojuma augstums<\/td>\n<td>2450 mm<\/td>\n<\/tr>\n<tr>\n<td>Izv\u0113lams iepakojuma augstums<\/td>\n<td>2200\/2700\/3000\/3200\/3500 mm<\/td>\n<\/tr>\n<tr>\n<td>Kravas augstuma noteik\u0161ana ar fotoelementu<\/td>\n<td>Standarta apr\u012bkojums<\/td>\n<\/tr>\n<tr>\n<td>Regul\u0113jams rati\u0146u \u0101trums (ar invertoru)<\/td>\n<td>No 1,3 l\u012bdz 5,4 m\/min<\/td>\n<\/tr>\n<tr>\n<td>Pa\u0101triniet grozu<\/td>\n<td>Iestatiet neatkar\u012bgi<\/td>\n<\/tr>\n<tr>\n<td>Ratu \u0101trums samazin\u0101ts<\/td>\n<td>Iestatiet neatkar\u012bgi<\/td>\n<\/tr>\n<tr>\n<td>Priek\u0161puse un aizmugure gatavi cel\u0161anai ar iekr\u0101v\u0113ju<\/td>\n<td>Standarta apr\u012bkojums<\/td>\n<\/tr>\n<tr>\n<td>Kop\u0113j\u0101 jauda<\/td>\n<td>1,00 kW<\/td>\n<\/tr>\n<tr>\n<td>Standarta spriegums<\/td>\n<td>230 V - 50\/60 Hz - 1 Ph<\/td>\n<\/tr>\n<tr>\n<td>Pneimatiskais spiediens<\/td>\n<td>6 b\u0101ri<\/td>\n<\/tr>\n<\/tbody>\n<\/table>\n<p>*Atkar\u012bgs no konfigur\u0101cijas<br \/>\n** Atkar\u012bgs no pl\u0113ves kvalit\u0101tes un darba apst\u0101k\u013ciem: iepako\u0161anas apst\u0101k\u013ci un paletes izm\u0113ri ietekm\u0113 maksim\u0101lo veiktsp\u0113ju.<\/p>","protected":false},"excerpt":{"rendered":"<p>MX35 Stretch Pallet Wrapper automatiz\u0113 pale\u0161u iet\u012b\u0161anas procesu, samazinot izmaksas, nezaud\u0113jot kvalit\u0101ti vai \u0101trumu. Operatoriem atliek tikai iekraut paletes uz platformas un iedarbin\u0101t ma\u0161\u012bnu \u2013 p\u0101r\u0113jais notiek autom\u0101tiski. Tas ietver pl\u0113ves sagrie\u0161anu un iesp\u0113ju to piemetin\u0101t pie paletes. P\u0113c tam operatori var vienk\u0101r\u0161i izkraut iesai\u0146oto paleti no platformas.<\/p>\n<p>\u0112rti lietojamais 11 collu sk\u0101rienekr\u0101ns \u013cauj iestat\u012bt da\u017e\u0101dus parametrus, kas nodro\u0161ina vislab\u0101ko iesai\u0146ojuma kvalit\u0101ti. Uzlabot\u0101 PLC versija nodro\u0161ina l\u012bdz 99 programm\u0101m, kas piem\u0113rotas da\u017e\u0101diem produktiem un iesai\u0146o\u0161anas metod\u0113m. \u0160\u012b iek\u0101rta ir gatava 21. gadsimta pale\u0161u iet\u012b\u0161anai.<\/p>\n<p style=\"text-align: justify;\">","protected":false},"featured_media":17045,"template":"","meta":[],"product_cat":[588],"product_tag":[],"class_list":{"0":"post-14132","1":"product","2":"type-product","3":"status-publish","4":"has-post-thumbnail","6":"product_cat-pusiau-automatiniai-paleciu-apvyniojimo-irenginiai","8":"first","9":"instock","10":"shipping-taxable","11":"product-type-simple"},"_links":{"self":[{"href":"https:\/\/packstera.lt\/lv\/wp-json\/wp\/v2\/product\/14132","targetHints":{"allow":["GET"]}}],"collection":[{"href":"https:\/\/packstera.lt\/lv\/wp-json\/wp\/v2\/product"}],"about":[{"href":"https:\/\/packstera.lt\/lv\/wp-json\/wp\/v2\/types\/product"}],"version-history":[{"count":9,"href":"https:\/\/packstera.lt\/lv\/wp-json\/wp\/v2\/product\/14132\/revisions"}],"predecessor-version":[{"id":17046,"href":"https:\/\/packstera.lt\/lv\/wp-json\/wp\/v2\/product\/14132\/revisions\/17046"}],"wp:featuredmedia":[{"embeddable":true,"href":"https:\/\/packstera.lt\/lv\/wp-json\/wp\/v2\/media\/17045"}],"wp:attachment":[{"href":"https:\/\/packstera.lt\/lv\/wp-json\/wp\/v2\/media?parent=14132"}],"wp:term":[{"taxonomy":"product_cat","embeddable":true,"href":"https:\/\/packstera.lt\/lv\/wp-json\/wp\/v2\/product_cat?post=14132"},{"taxonomy":"product_tag","embeddable":true,"href":"https:\/\/packstera.lt\/lv\/wp-json\/wp\/v2\/product_tag?post=14132"}],"curies":[{"name":"wp","href":"https:\/\/api.w.org\/{rel}","templated":true}]}}