{"id":14316,"date":"2022-09-09T16:30:11","date_gmt":"2022-09-09T13:30:11","guid":{"rendered":"http:\/\/packstera.lt\/?post_type=product&#038;p=14316"},"modified":"2023-01-27T14:08:24","modified_gmt":"2023-01-27T12:08:24","slug":"metala-detektors-brivi-kritosiem-izstradajumiem","status":"publish","type":"product","link":"https:\/\/packstera.lt\/lv\/p\/metalo-detektorius-laisvai-krintantiems-produktams\/","title":{"rendered":"Met\u0101la detektors br\u012bvi kr\u012bto\u0161iem izstr\u0101d\u0101jumiem"},"content":{"rendered":"<div data-elementor-type=\"wp-post\" data-elementor-id=\"14316\" class=\"elementor elementor-14316\">\n\t\t\t\t\t\t<section class=\"elementor-section elementor-top-section elementor-element elementor-element-44af0151 elementor-section-boxed elementor-section-height-default elementor-section-height-default\" data-id=\"44af0151\" data-element_type=\"section\" data-e-type=\"section\">\n\t\t\t\t\t\t<div class=\"elementor-container elementor-column-gap-default\">\n\t\t\t\t\t<div class=\"elementor-column elementor-col-100 elementor-top-column elementor-element elementor-element-231f0c24\" data-id=\"231f0c24\" data-element_type=\"column\" data-e-type=\"column\">\n\t\t\t<div class=\"elementor-widget-wrap elementor-element-populated\">\n\t\t\t\t\t\t<div class=\"elementor-element elementor-element-52d152a4 elementor-widget elementor-widget-text-editor\" data-id=\"52d152a4\" data-element_type=\"widget\" data-e-type=\"widget\" data-widget_type=\"text-editor.default\">\n\t\t\t\t<div class=\"elementor-widget-container\">\n\t\t\t\t\t\t\t\t\t<table><tbody><tr><td width=\"214\">P\u0101rbaudes metode<\/td><td width=\"410\">Augstas frekvences magn\u0113tiskais lauks, daudzkan\u0101lu darb\u012bba, balans\u0113tas uztv\u0113r\u0113ja spoles<\/td><\/tr><tr><td width=\"214\">Met\u0101la noteik\u0161ana<\/td><td width=\"410\">Melni, kr\u0101sainie met\u0101li (piem., alum\u012bnijs, var\u0161 u.c.) un ner\u016bs\u0113jo\u0161ais t\u0113rauds<\/td><\/tr><tr><td width=\"214\">Atmi\u0146a<\/td><td width=\"410\">250 uzglab\u0101\u0161anas vietas, produkta efekta kompens\u0101cija tiek veikta autom\u0101tiski, izmantojot Teach-Assistant<\/td><\/tr><tr><td width=\"214\">Aizsardz\u012bbas l\u012bmenis<\/td><td width=\"410\">IP65 (p\u0113c izv\u0113les IP66)<\/td><\/tr><tr><td width=\"214\">Vides apst\u0101k\u013ci<\/td><td width=\"410\">Kontrolieris: No -30\u00b0C l\u012bdz +40\u00b0C; UL versija no -20\u00b0C l\u012bdz +40\u00b0C, San. mitrums no 20% l\u012bdz 90% (nekondens\u0113jo\u0161s); P\u0113c izv\u0113les: no -40\u00b0C l\u012bdz +55\u00b0C<br \/>Sensors: No -30\u00b0C l\u012bdz +60\u00b0C; p\u0113c izv\u0113les: l\u012bdz +90\u00b0C;<\/td><\/tr><tr><td width=\"214\">Produkta temperat\u016bra<\/td><td width=\"410\">No -20\u00b0C l\u012bdz +55\u00b0C;<br \/>P\u0113c izv\u0113les: no -40\u00b0C l\u012bdz +180\u00b0C<\/td><\/tr><tr><td width=\"214\">bar\u012bba<\/td><td width=\"410\">Vienf\u0101zes 110-230V mai\u0146str\u0101va, tipiskais pat\u0113ri\u0146\u0161 20W (maks. 60W)<\/td><\/tr><tr><td width=\"214\">Saskarnes<\/td><td width=\"410\">RS232, LAN (p\u0113c izv\u0113les, SHARKNET HACCP un IFS dokument\u0101cijai), USB (p\u0113c izv\u0113les)<\/td><\/tr><tr><td width=\"214\">Uzraudz\u012bba<\/td><td width=\"410\">Pa\u0161kalibr\u0113jo\u0161i sensori, kuriem nav nepiecie\u0161ama apkope<\/td><\/tr><tr><td width=\"214\">Diagnostika<\/td><td width=\"410\">Ieb\u016bv\u0113ta diagnostikas programmat\u016bra, autom\u0101tiska pa\u0161p\u0101rbaude<\/td><\/tr><tr><td width=\"214\">Padeves un nome\u0161anas sist\u0113ma<\/td><td width=\"410\">Pieejamais caurules diametrs no 50 l\u012bdz 300mm;<br \/>Nolai\u017eam\u0101 sist\u0113ma ir pieejama caurul\u0113m no 50 l\u012bdz 250 mm;<br \/>Pilin\u0101m\u0101 sist\u0113ma EX-P compact paredz\u0113ta produktiem miltu veid\u0101, EX-S compact paredz\u0113ta t\u0101diem produktiem k\u0101 rieksti, graudi;<br \/>EX-K abraz\u012bvie izstr\u0101d\u0101jumi, sp\u0113c\u012bgi;<br \/>EX-CB (graudaugi, rieksti, neboj\u0101 izstr\u0101d\u0101jumu).<\/td><\/tr><tr><td width=\"214\">St\u0101v\u0113t<\/td><td width=\"410\">P\u0113c izv\u0113les: ner\u016bs\u0113jo\u0161\u0101 t\u0113rauda stat\u012bvs.<\/td><\/tr><tr><td width=\"214\">Pl\u016bsmas \u0101trums<\/td><td width=\"410\">Caurule ar diametru 100 mm iet cauri 20 000 l\/h, caurule ar diametru 300 mm \u2013 165 000 l\/h, m\u0113r\u012bjumi veikti, izmantojot sauso cukuru;<\/td><\/tr><tr><td width=\"214\">Vislab\u0101k\u0101 met\u0101la jut\u012bba<\/td><td width=\"410\">100 mm caurule Fe 0,5\/Nfe 0,7\/SS 0,8 mm;<br \/>300 mm caurule Fe 1.9\/Nfe 2.4\/SS 3.0 mm;<br \/>T\u0101s ir tikai aptuvenas v\u0113rt\u012bbas, parametri var main\u012bties atkar\u012bb\u0101 no detektora modifik\u0101cij\u0101m.<\/td><\/tr><tr><td width=\"214\">Produktu p\u0101rvald\u012bbas un noraid\u012b\u0161anas sist\u0113ma<\/td><td width=\"410\">FDA sader\u012bga konstrukcija, kur\u0101 visas deta\u013cas, kas saskaras ar izstr\u0101d\u0101jumu, ir izgatavotas no ner\u016bs\u0113jo\u0161\u0101 t\u0113rauda un PVDF. 300 mm diametra caurulei nav FDA apstiprin\u0101juma.<\/td><\/tr><\/tbody><\/table>\t\t\t\t\t\t\t\t<\/div>\n\t\t\t\t<\/div>\n\t\t\t\t\t<\/div>\n\t\t<\/div>\n\t\t\t\t\t<\/div>\n\t\t<\/section>\n\t\t\t\t<section class=\"elementor-section elementor-top-section elementor-element elementor-element-b922207 elementor-section-boxed elementor-section-height-default elementor-section-height-default\" data-id=\"b922207\" data-element_type=\"section\" data-e-type=\"section\">\n\t\t\t\t\t\t<div class=\"elementor-container elementor-column-gap-default\">\n\t\t\t\t\t<div class=\"elementor-column elementor-col-66 elementor-top-column elementor-element elementor-element-e390f0b\" data-id=\"e390f0b\" data-element_type=\"column\" data-e-type=\"column\">\n\t\t\t<div class=\"elementor-widget-wrap elementor-element-populated\">\n\t\t\t\t\t\t<div class=\"elementor-element elementor-element-9aeb78b elementor-widget elementor-widget-video\" data-id=\"9aeb78b\" data-element_type=\"widget\" data-e-type=\"widget\" data-settings=\"{&quot;youtube_url&quot;:&quot;https:\\\/\\\/www.youtube.com\\\/watch?v=-BajnMa1A7I&amp;ab_channel=Ibercassel&quot;,&quot;video_type&quot;:&quot;youtube&quot;,&quot;controls&quot;:&quot;yes&quot;}\" data-widget_type=\"video.default\">\n\t\t\t\t<div class=\"elementor-widget-container\">\n\t\t\t\t\t\t\t<div class=\"elementor-wrapper elementor-open-inline\">\n\t\t\t<div class=\"elementor-video\"><\/div>\t\t<\/div>\n\t\t\t\t\t\t<\/div>\n\t\t\t\t<\/div>\n\t\t\t\t\t<\/div>\n\t\t<\/div>\n\t\t\t\t<div class=\"elementor-column elementor-col-33 elementor-top-column elementor-element elementor-element-b167a8c\" data-id=\"b167a8c\" data-element_type=\"column\" data-e-type=\"column\">\n\t\t\t<div class=\"elementor-widget-wrap elementor-element-populated\">\n\t\t\t\t\t\t<div class=\"elementor-element elementor-element-b8b9305 btn-position-bottom elementor-widget elementor-widget-razzi-image-button\" data-id=\"b8b9305\" data-element_type=\"widget\" data-e-type=\"widget\" data-widget_type=\"razzi-image-button.default\">\n\t\t\t\t<div class=\"elementor-widget-container\">\n\t\t\t\t\t<div class=\"razzi-image-button\"><img fetchpriority=\"high\" decoding=\"async\" width=\"611\" height=\"851\" src=\"https:\/\/packstera.lt\/wp-content\/uploads\/2023\/01\/tempsnip.png\" class=\"attachment-full size-full wp-image-15480\" alt=\"\" srcset=\"https:\/\/packstera.lt\/wp-content\/uploads\/2023\/01\/tempsnip.png 611w, https:\/\/packstera.lt\/wp-content\/uploads\/2023\/01\/tempsnip-215x300.png 215w, https:\/\/packstera.lt\/wp-content\/uploads\/2023\/01\/tempsnip-9x12.png 9w, https:\/\/packstera.lt\/wp-content\/uploads\/2023\/01\/tempsnip-367x511.png 367w, https:\/\/packstera.lt\/wp-content\/uploads\/2023\/01\/tempsnip-431x600.png 431w, https:\/\/packstera.lt\/wp-content\/uploads\/2023\/01\/tempsnip-84x117.png 84w\" sizes=\"(max-width: 611px) 100vw, 611px\" \/><a href=\"http:\/\/packstera.lt\/wp-content\/uploads\/2023\/01\/CASSEL-metal-shark-gf-A4-EN.pdf\" target=\"_blank\" rel=\"nofollow\" class=\"razzi-image-button__link\"><\/a><a href=\"http:\/\/packstera.lt\/wp-content\/uploads\/2023\/01\/CASSEL-metal-shark-gf-A4-EN.pdf\" target=\"_blank\" rel=\"nofollow\" class=\"razzi-image-button__position razzi-image-button__button\">Ra\u017eot\u0101ja apraksts <span class=\"razzi-svg-icon\"><svg aria-hidden=\"true\" role=\"img\" focusable=\"false\" xmlns=\"http:\/\/www.w3.org\/2000\/svg\" width=\"24\" height=\"24\" viewbox=\"0 0 24 24\" fill=\"none\" stroke=\"currentColor\" stroke-width=\"2\" stroke-linecap=\"round\" stroke-linejoin=\"round\"><line x1=\"0\" y1=\"12\" x2=\"19\" y2=\"12\"><\/line><polyline points=\"12 5 19 12 12 19\"><\/polyline><\/svg><\/span><\/a><\/div>\t\t\t\t<\/div>\n\t\t\t\t<\/div>\n\t\t\t\t\t<\/div>\n\t\t<\/div>\n\t\t\t\t\t<\/div>\n\t\t<\/section>\n\t\t\t\t<\/div>","protected":false},"excerpt":{"rendered":"<p style=\"text-align: justify;\">METAL SHARK\u00ae GF (gravit\u0101cijas padeve) tiek izmantota caurul\u0113s ar br\u012bvi kr\u012bto\u0161iem materi\u0101liem, lai noteiktu met\u0101lu pies\u0101r\u0146ojumu nep\u0101rtraukti kr\u012bto\u0161\u0101s granul\u0101s vai pulveros, piem\u0113ram, cukur\u0101, miltos, graudos vai gar\u0161viel\u0101s.<\/p>\n<p style=\"text-align: justify;\">Sensori nosaka pat vismaz\u0101kos met\u0101la pies\u0101r\u0146ojumus, un \u0101tri rea\u0123\u0113jo\u0161i nolai\u017eamie v\u0101rsti tos izgr\u016b\u017e tie\u0161i no produkta pl\u016bsmas ra\u017eo\u0161anas laik\u0101.<\/p>\n<ul>\n<li>Uzticami met\u0101la detektori br\u012bvi kr\u012bto\u0161\u0101m prec\u0113m<\/li>\n<li>Viegla mont\u0101\u017ea, pateicoties mont\u0101\u017eas r\u0101mim un \u0101tr\u0101s atbr\u012bvo\u0161anas gredzeniem<\/li>\n<li>Bez apkopes, pateicoties autom\u0101tiskajai balans\u0113\u0161anas un kalibr\u0113\u0161anas kontrolei<\/li>\n<li>ATEX versija izmanto\u0161anai potenci\u0101li spr\u0101dzienb\u012bstam\u0101 vid\u0113<\/li>\n<li>BRC komplekta opcija: atbilst\u012bba British Retail Consortium (BRC) glob\u0101lajam p\u0101rtikas dro\u0161\u012bbas standartam<\/li>\n<\/ul>","protected":false},"featured_media":15490,"template":"","meta":[],"product_cat":[594],"product_tag":[],"class_list":{"0":"post-14316","1":"product","2":"type-product","3":"status-publish","4":"has-post-thumbnail","6":"product_cat-metalo-detektoriai-biriems-produktams","8":"first","9":"instock","10":"shipping-taxable","11":"product-type-simple"},"_links":{"self":[{"href":"https:\/\/packstera.lt\/lv\/wp-json\/wp\/v2\/product\/14316","targetHints":{"allow":["GET"]}}],"collection":[{"href":"https:\/\/packstera.lt\/lv\/wp-json\/wp\/v2\/product"}],"about":[{"href":"https:\/\/packstera.lt\/lv\/wp-json\/wp\/v2\/types\/product"}],"version-history":[{"count":30,"href":"https:\/\/packstera.lt\/lv\/wp-json\/wp\/v2\/product\/14316\/revisions"}],"predecessor-version":[{"id":15541,"href":"https:\/\/packstera.lt\/lv\/wp-json\/wp\/v2\/product\/14316\/revisions\/15541"}],"wp:featuredmedia":[{"embeddable":true,"href":"https:\/\/packstera.lt\/lv\/wp-json\/wp\/v2\/media\/15490"}],"wp:attachment":[{"href":"https:\/\/packstera.lt\/lv\/wp-json\/wp\/v2\/media?parent=14316"}],"wp:term":[{"taxonomy":"product_cat","embeddable":true,"href":"https:\/\/packstera.lt\/lv\/wp-json\/wp\/v2\/product_cat?post=14316"},{"taxonomy":"product_tag","embeddable":true,"href":"https:\/\/packstera.lt\/lv\/wp-json\/wp\/v2\/product_tag?post=14316"}],"curies":[{"name":"wp","href":"https:\/\/api.w.org\/{rel}","templated":true}]}}