{"id":14338,"date":"2022-09-09T17:08:57","date_gmt":"2022-09-09T14:08:57","guid":{"rendered":"http:\/\/packstera.lt\/?post_type=product&#038;p=14338"},"modified":"2023-04-19T15:10:25","modified_gmt":"2023-04-19T12:10:25","slug":"metala-detektors-farmacijas-rupniecibai","status":"publish","type":"product","link":"https:\/\/packstera.lt\/lv\/p\/metalo-detektorius-farmacijos-pramonei\/","title":{"rendered":"Met\u0101la detektors farm\u0101cijas r\u016bpniec\u012bbai"},"content":{"rendered":"<div data-elementor-type=\"wp-post\" data-elementor-id=\"14338\" class=\"elementor elementor-14338\">\n\t\t\t\t\t\t<section class=\"elementor-section elementor-top-section elementor-element elementor-element-49cb1dba elementor-section-boxed elementor-section-height-default elementor-section-height-default\" data-id=\"49cb1dba\" data-element_type=\"section\" data-e-type=\"section\">\n\t\t\t\t\t\t<div class=\"elementor-container elementor-column-gap-default\">\n\t\t\t\t\t<div class=\"elementor-column elementor-col-100 elementor-top-column elementor-element elementor-element-29f64e32\" data-id=\"29f64e32\" data-element_type=\"column\" data-e-type=\"column\">\n\t\t\t<div class=\"elementor-widget-wrap elementor-element-populated\">\n\t\t\t\t\t\t<div class=\"elementor-element elementor-element-27672024 elementor-widget elementor-widget-text-editor\" data-id=\"27672024\" data-element_type=\"widget\" data-e-type=\"widget\" data-widget_type=\"text-editor.default\">\n\t\t\t\t<div class=\"elementor-widget-container\">\n\t\t\t\t\t\t\t\t\t<table>\n<tbody>\n<tr>\n<td width=\"214\">P\u0101rbaudes metode<\/td>\n<td colspan=\"2\" width=\"410\">Augstas frekvences magn\u0113tiskais lauks, daudzkan\u0101lu darb\u012bba, balans\u0113tas uztv\u0113r\u0113ja spoles.<\/td>\n<\/tr>\n<tr>\n<td width=\"214\">Met\u0101la noteik\u0161ana<\/td>\n<td colspan=\"2\" width=\"410\">Melni, kr\u0101sainie met\u0101li (piem., alum\u012bnijs, var\u0161 u.c.) un ner\u016bs\u0113jo\u0161ais t\u0113rauds.<\/td>\n<\/tr>\n<tr>\n<td width=\"214\">Atmi\u0146a<\/td>\n<td colspan=\"2\" width=\"410\">250 uzglab\u0101\u0161anas vietas, produkta efekta kompens\u0101cija tiek veikta autom\u0101tiski, izmantojot Teach-Assistant.<\/td>\n<\/tr>\n<tr>\n<td width=\"214\">Aizsardz\u012bbas l\u012bmenis<\/td>\n<td colspan=\"2\" width=\"410\">Kontrolieris IP 40;<br>\nSensors IP 65.<\/td>\n<\/tr>\n<tr>\n<td width=\"214\">Vides apst\u0101k\u013ci<\/td>\n<td colspan=\"2\" width=\"410\">Kontrolieris: No +5\u00b0C l\u012bdz +50\u00b0C; Sv. mitrums no 30% l\u012bdz 85%, nekondens\u0113jo\u0161s;<br>\nSensors: No +5\u00b0C l\u012bdz +50\u00b0C.<\/td>\n<\/tr>\n<tr>\n<td width=\"214\">Produkta temperat\u016bra<\/td>\n<td colspan=\"2\" width=\"410\">L\u012bdz 70\u00b0C.<\/td>\n<\/tr>\n<tr>\n<td width=\"214\">bar\u012bba<\/td>\n<td colspan=\"2\" width=\"410\">Vienf\u0101zes 110-230V AC, +\/- 5%, tipiskais pat\u0113ri\u0146\u0161 20W (60W max).<\/td>\n<\/tr>\n<tr>\n<td width=\"214\">Saskarnes<\/td>\n<td colspan=\"2\" width=\"410\">RS232, LAN (p\u0113c izv\u0113les, SHARKNET HACCP un IFS dokument\u0101cijai), USB (p\u0113c izv\u0113les).<\/td>\n<\/tr>\n<tr>\n<td width=\"214\">Uzraudz\u012bba<\/td>\n<td colspan=\"2\" width=\"410\">Pa\u0161kalibr\u0113jo\u0161i sensori, kuriem nav nepiecie\u0161ama apkope.<\/td>\n<\/tr>\n<tr>\n<td width=\"214\">Diagnostika<\/td>\n<td colspan=\"2\" width=\"410\">Ieb\u016bv\u0113ta diagnostikas programmat\u016bra, autom\u0101tiska pa\u0161p\u0101rbaude.<\/td>\n<\/tr>\n<tr>\n<td width=\"214\">St\u0101v\u0113t<\/td>\n<td colspan=\"2\" width=\"410\">Ner\u016bs\u0113jo\u0161ais t\u0113rauds, mobils, regul\u0113jams augstums.<\/td>\n<\/tr>\n<tr>\n<td width=\"214\">Padeves un nome\u0161anas sist\u0113ma<\/td>\n<td colspan=\"2\" width=\"410\">PVDF caurule, iek\u0161\u0113jais diametrs 44mm, soleno\u012bda nolai\u0161anas meh\u0101nisms, main\u0101ms padeves\/izl\u0101des augstums, \u0101tri no\u0146emams dizains vieglai t\u012br\u012b\u0161anai.<\/td>\n<\/tr>\n<tr>\n<td width=\"214\">Pl\u016bsmas \u0101trums<\/td>\n<td width=\"248\">Tabletes<br>\n\u00d8 5 x A 3,5 mm<br>\u00d8 7 x A 4,5 mm<br>\u00d8 12 x A 4,5 mm<br>Ov\u0101ls (LxWxH) 9mm x16,5mm x 6,5mm<\/td>\n<td width=\"162\">Performance<br>\n31 200 gab\/min<br>\n26 400 gab\/min<br>\n12 200 gab\/min<br>\n10 500 gab\/min<\/td>\n<\/tr>\n<tr>\n<td width=\"214\">Lab\u0101k\u0101 jut\u012bba<\/td>\n<td colspan=\"2\" width=\"410\">Dzelzs \u00d8 0,3 mm<br>\nKr\u0101sainie met\u0101li \u00d8 0,4 mm<br>\nNer\u016bs\u0113jo\u0161ais t\u0113rauds \u00d8 0,5 mm<\/td>\n<\/tr>\n<tr>\n<td width=\"214\">Produktu p\u0101rvald\u012bbas un noraid\u012b\u0161anas sist\u0113ma<\/td>\n<td colspan=\"2\" width=\"410\">FDA pras\u012bb\u0101m atbilsto\u0161a ner\u016bs\u0113jo\u0161\u0101 t\u0113rauda un PVDF konstrukcija vis\u0101m deta\u013c\u0101m, kas saskaras ar izstr\u0101d\u0101jumu.<\/td>\n<\/tr>\n<\/tbody>\n<\/table>\n<p style=\"text-align: center;\">\n<\/p>\t\t\t\t\t\t\t\t<\/div>\n\t\t\t\t<\/div>\n\t\t\t\t\t<\/div>\n\t\t<\/div>\n\t\t\t\t\t<\/div>\n\t\t<\/section>\n\t\t\t\t<section class=\"elementor-section elementor-top-section elementor-element elementor-element-ae9b747 elementor-section-boxed elementor-section-height-default elementor-section-height-default\" data-id=\"ae9b747\" data-element_type=\"section\" data-e-type=\"section\">\n\t\t\t\t\t\t<div class=\"elementor-container elementor-column-gap-default\">\n\t\t\t\t\t<div class=\"elementor-column elementor-col-66 elementor-top-column elementor-element elementor-element-5bc8202\" data-id=\"5bc8202\" data-element_type=\"column\" data-e-type=\"column\">\n\t\t\t<div class=\"elementor-widget-wrap elementor-element-populated\">\n\t\t\t\t\t\t<div class=\"elementor-element elementor-element-4b20514 elementor-widget elementor-widget-video\" data-id=\"4b20514\" data-element_type=\"widget\" data-e-type=\"widget\" data-settings=\"{&quot;youtube_url&quot;:&quot;https:\\\/\\\/www.youtube.com\\\/watch?v=cxSsbhzOeNQ&amp;ab_channel=Ibercassel&quot;,&quot;video_type&quot;:&quot;youtube&quot;,&quot;controls&quot;:&quot;yes&quot;}\" data-widget_type=\"video.default\">\n\t\t\t\t<div class=\"elementor-widget-container\">\n\t\t\t\t\t\t\t<div class=\"elementor-wrapper elementor-open-inline\">\n\t\t\t<div class=\"elementor-video\"><\/div>\t\t<\/div>\n\t\t\t\t\t\t<\/div>\n\t\t\t\t<\/div>\n\t\t\t\t\t<\/div>\n\t\t<\/div>\n\t\t\t\t<div class=\"elementor-column elementor-col-33 elementor-top-column elementor-element elementor-element-924f990\" data-id=\"924f990\" data-element_type=\"column\" data-e-type=\"column\">\n\t\t\t<div class=\"elementor-widget-wrap elementor-element-populated\">\n\t\t\t\t\t\t<div class=\"elementor-element elementor-element-80ed4dd btn-position-bottom elementor-widget elementor-widget-razzi-image-button\" data-id=\"80ed4dd\" data-element_type=\"widget\" data-e-type=\"widget\" data-widget_type=\"razzi-image-button.default\">\n\t\t\t\t<div class=\"elementor-widget-container\">\n\t\t\t\t\t<div class=\"razzi-image-button\"><img fetchpriority=\"high\" decoding=\"async\" width=\"576\" height=\"798\" src=\"https:\/\/packstera.lt\/wp-content\/uploads\/2022\/09\/metalotableciu-pdf.jpg\" class=\"attachment-full size-full wp-image-15497\" alt=\"\" \/><a href=\"http:\/\/packstera.lt\/wp-content\/uploads\/2022\/09\/CASSEL-metal-shark-ph-US-EN.pdf\" target=\"_blank\" rel=\"nofollow\" class=\"razzi-image-button__link\"><\/a><a href=\"http:\/\/packstera.lt\/wp-content\/uploads\/2022\/09\/CASSEL-metal-shark-ph-US-EN.pdf\" target=\"_blank\" rel=\"nofollow\" class=\"razzi-image-button__position razzi-image-button__button\">Ra\u017eot\u0101ja apraksts <span class=\"razzi-svg-icon\"><svg aria-hidden=\"true\" role=\"img\" focusable=\"false\" xmlns=\"http:\/\/www.w3.org\/2000\/svg\" width=\"24\" height=\"24\" viewbox=\"0 0 24 24\" fill=\"none\" stroke=\"currentColor\" stroke-width=\"2\" stroke-linecap=\"round\" stroke-linejoin=\"round\"><line x1=\"0\" y1=\"12\" x2=\"19\" y2=\"12\"><\/line><polyline points=\"12 5 19 12 12 19\"><\/polyline><\/svg><\/span><\/a><\/div>\t\t\t\t<\/div>\n\t\t\t\t<\/div>\n\t\t\t\t\t<\/div>\n\t\t<\/div>\n\t\t\t\t\t<\/div>\n\t\t<\/section>\n\t\t\t\t<\/div>","protected":false},"excerpt":{"rendered":"<p style=\"text-align: justify;\">METAL SHARK\u00ae PH parasti izmanto table\u0161u preses izej\u0101. Tam ir visaugst\u0101k\u0101 met\u0101la jut\u012bba magn\u0113tisko un nemagn\u0113tisko met\u0101lu noteik\u0161anai.<\/p>\n<p style=\"text-align: justify;\">Tabletes izkr\u012bt caur met\u0101la detektoru. Pak\u0101rtotais izpl\u016bdes v\u0101rsts no\u0146em tabletes, kas ir pies\u0101r\u0146otas pat ar vismaz\u0101kaj\u0101m met\u0101la da\u013ci\u0146\u0101m.<\/p>\n<p style=\"text-align: justify;\">Augstas kvalit\u0101tes konstrukcijai nav nepiecie\u0161ama apkope. T\u012br\u012b\u0161anai visas deta\u013cas, kas saskaras ar izstr\u0101d\u0101jumu, var izjaukt bez instrumentiem.<\/p>\n<ul>\n<li>Uzticama met\u0101la pies\u0101r\u0146ot\u0101ju noteik\u0161ana tablet\u0113s un kapsul\u0101s<\/li>\n<li>IQ, OQ, PQ kvalifik\u0101cijas sertifik\u0101ti tiek pieg\u0101d\u0101ti tie\u0161i, SQ ir pieejams ar\u012b p\u0113c piepras\u012bjuma<\/li>\n<li>Noraid\u012b\u0161anas sist\u0113ma nodro\u0161ina katra gala produkta kvalit\u0101ti<\/li>\n<li>Mobils un regul\u0113jams augstums, no\u0146emams bez t\u012br\u012b\u0161anas instrumentiem<\/li>\n<\/ul>","protected":false},"featured_media":15498,"template":"","meta":[],"product_cat":[594],"product_tag":[713],"class_list":{"0":"post-14338","1":"product","2":"type-product","3":"status-publish","4":"has-post-thumbnail","6":"product_cat-metalo-detektoriai-biriems-produktams","7":"product_tag-farmacija-ir-kosmetika","9":"first","10":"instock","11":"shipping-taxable","12":"product-type-simple"},"_links":{"self":[{"href":"https:\/\/packstera.lt\/lv\/wp-json\/wp\/v2\/product\/14338","targetHints":{"allow":["GET"]}}],"collection":[{"href":"https:\/\/packstera.lt\/lv\/wp-json\/wp\/v2\/product"}],"about":[{"href":"https:\/\/packstera.lt\/lv\/wp-json\/wp\/v2\/types\/product"}],"version-history":[{"count":13,"href":"https:\/\/packstera.lt\/lv\/wp-json\/wp\/v2\/product\/14338\/revisions"}],"predecessor-version":[{"id":15516,"href":"https:\/\/packstera.lt\/lv\/wp-json\/wp\/v2\/product\/14338\/revisions\/15516"}],"wp:featuredmedia":[{"embeddable":true,"href":"https:\/\/packstera.lt\/lv\/wp-json\/wp\/v2\/media\/15498"}],"wp:attachment":[{"href":"https:\/\/packstera.lt\/lv\/wp-json\/wp\/v2\/media?parent=14338"}],"wp:term":[{"taxonomy":"product_cat","embeddable":true,"href":"https:\/\/packstera.lt\/lv\/wp-json\/wp\/v2\/product_cat?post=14338"},{"taxonomy":"product_tag","embeddable":true,"href":"https:\/\/packstera.lt\/lv\/wp-json\/wp\/v2\/product_tag?post=14338"}],"curies":[{"name":"wp","href":"https:\/\/api.w.org\/{rel}","templated":true}]}}