{"id":14348,"date":"2022-09-09T17:13:08","date_gmt":"2022-09-09T14:13:08","guid":{"rendered":"http:\/\/packstera.lt\/?post_type=product&#038;p=14348"},"modified":"2023-01-24T13:23:51","modified_gmt":"2023-01-24T11:23:51","slug":"metala-detektori-higienas-nozarei","status":"publish","type":"product","link":"https:\/\/packstera.lt\/lv\/p\/metalo-detektoriai-higienos-pramonei\/","title":{"rendered":"Met\u0101la detektori higi\u0113nas nozarei"},"content":{"rendered":"<div data-elementor-type=\"wp-post\" data-elementor-id=\"14348\" class=\"elementor elementor-14348\">\n\t\t\t\t\t\t<section class=\"elementor-section elementor-top-section elementor-element elementor-element-e7aed73 elementor-section-boxed elementor-section-height-default elementor-section-height-default\" data-id=\"e7aed73\" data-element_type=\"section\" data-e-type=\"section\">\n\t\t\t\t\t\t<div class=\"elementor-container elementor-column-gap-default\">\n\t\t\t\t\t<div class=\"elementor-column elementor-col-100 elementor-top-column elementor-element elementor-element-651b0c24\" data-id=\"651b0c24\" data-element_type=\"column\" data-e-type=\"column\">\n\t\t\t<div class=\"elementor-widget-wrap elementor-element-populated\">\n\t\t\t\t\t\t<div class=\"elementor-element elementor-element-6b50ee6e elementor-widget elementor-widget-text-editor\" data-id=\"6b50ee6e\" data-element_type=\"widget\" data-e-type=\"widget\" data-widget_type=\"text-editor.default\">\n\t\t\t\t<div class=\"elementor-widget-container\">\n\t\t\t\t\t\t\t\t\t<table>\r\n<tbody>\r\n<tr>\r\n<td width=\"214\">P\u0101rbaudes metode<\/td>\r\n<td colspan=\"2\" width=\"410\">Augstas frekvences magn\u0113tiskais lauks, daudzkan\u0101lu darb\u012bba, balans\u0113tas uztv\u0113r\u0113ja spoles<\/td>\r\n<\/tr>\r\n<tr>\r\n<td width=\"214\">Met\u0101la noteik\u0161ana<\/td>\r\n<td colspan=\"2\" width=\"410\">Melni, kr\u0101sainie met\u0101li (piem., alum\u012bnijs, var\u0161 u.c.) un ner\u016bs\u0113jo\u0161ais t\u0113rauds<\/td>\r\n<\/tr>\r\n<tr>\r\n<td width=\"214\">Atmi\u0146a<\/td>\r\n<td colspan=\"2\" width=\"410\">250 uzglab\u0101\u0161anas vietas, produkta efekta kompens\u0101cija tiek veikta autom\u0101tiski, izmantojot Teach-Assistant<\/td>\r\n<\/tr>\r\n<tr>\r\n<td width=\"214\">Aizsardz\u012bbas l\u012bmenis<\/td>\r\n<td colspan=\"2\" width=\"410\">IP\u00a054<\/td>\r\n<\/tr>\r\n<tr>\r\n<td width=\"214\">Vides apst\u0101k\u013ci<\/td>\r\n<td colspan=\"2\" width=\"410\">Kontrolieris: No -10\u00b0C l\u012bdz +40\u00b0C; Sv. mitrums no 30% l\u012bdz 80%, nekondens\u0113jo\u0161s; Sensors: No -10\u00b0C l\u012bdz +40\u00b0C<\/td>\r\n<\/tr>\r\n<tr>\r\n<td width=\"214\">Produkta temperat\u016bra<\/td>\r\n<td colspan=\"2\" width=\"410\">No -20\u00b0C l\u012bdz +55\u00b0C<\/td>\r\n<\/tr>\r\n<tr>\r\n<td width=\"214\">bar\u012bba<\/td>\r\n<td colspan=\"2\" width=\"410\">Vienf\u0101zes 110\u2013240\u00a0V mai\u0146str\u0101va, 50\/60\u00a0Hz, tipiskais pat\u0113ri\u0146\u0161 20\u00a0W (maks. 60\u00a0W)<\/td>\r\n<\/tr>\r\n<tr>\r\n<td width=\"214\">Saskarnes<\/td>\r\n<td colspan=\"2\" width=\"410\">RS232, LAN (p\u0113c izv\u0113les, SHARKNET HACCP un IFS dokument\u0101cijai), USB (p\u0113c izv\u0113les)<\/td>\r\n<\/tr>\r\n<tr>\r\n<td width=\"214\">Uzraudz\u012bba<\/td>\r\n<td colspan=\"2\" width=\"410\">Pa\u0161kalibr\u0113jo\u0161i sensori, kuriem nav nepiecie\u0161ama apkope<\/td>\r\n<\/tr>\r\n<tr>\r\n<td width=\"214\">Diagnostika<\/td>\r\n<td colspan=\"2\" width=\"410\">Ieb\u016bv\u0113ta diagnostikas programmat\u016bra, autom\u0101tiska pa\u0161p\u0101rbaude<\/td>\r\n<\/tr>\r\n<tr>\r\n<td width=\"214\">Padeves un nome\u0161anas sist\u0113ma<\/td>\r\n<td colspan=\"2\" width=\"410\">Pieejamais caurules diametrs 25, 35, 50\u00a0mm (1\u2033, 1,32\u2033, 2\u2033), pieejams kritums<\/td>\r\n<\/tr>\r\n<tr>\r\n<td width=\"214\">Pl\u016bsmas \u0101trums<\/td>\r\n<td colspan=\"2\" width=\"410\">L\u012bdz 600 litriem stund\u0101 atkar\u012bb\u0101 no produkta bl\u012bvuma un atdal\u012b\u0161anas laika<\/td>\r\n<\/tr>\r\n<tr>\r\n<td rowspan=\"2\" width=\"214\">Vislab\u0101k\u0101 met\u0101la jut\u012bba<\/td>\r\n<td width=\"229\">Atvere 10 mm 25 mm 35 mm 50 mm<\/td>\r\n<td width=\"180\">Dzelzs \u00d8 0,05 mm \u00d8 0,15 mm \u00d8 0,25 mm \u00d8 0,40 mm<\/td>\r\n<\/tr>\r\n<tr>\r\n<td colspan=\"2\" width=\"410\">Kr\u0101sainie met\u0101li 1,5...2,0x Fe Alum\u012bnijs 1,5...10x Fe<\/td>\r\n<\/tr>\r\n<tr>\r\n<td width=\"214\">Produktu p\u0101rvald\u012bbas un noraid\u012b\u0161anas sist\u0113ma<\/td>\r\n<td colspan=\"2\" width=\"410\">FDA sader\u012bga konstrukcija, kur\u0101 visas deta\u013cas, kas saskaras ar izstr\u0101d\u0101jumu, ir izgatavotas no ner\u016bs\u0113jo\u0161\u0101 t\u0113rauda un PTFE. Atgr\u016b\u0161anas bloks ir piem\u0113rots caurul\u0113m ar diametru 10-50 mm.<\/td>\r\n<\/tr>\r\n<\/tbody>\r\n<\/table>\r\n<p style=\"text-align: center;\"><\/p>\t\t\t\t\t\t\t\t<\/div>\n\t\t\t\t<\/div>\n\t\t\t\t\t<\/div>\n\t\t<\/div>\n\t\t\t\t\t<\/div>\n\t\t<\/section>\n\t\t\t\t<section class=\"elementor-section elementor-top-section elementor-element elementor-element-5c55ad5 elementor-section-boxed elementor-section-height-default elementor-section-height-default\" data-id=\"5c55ad5\" data-element_type=\"section\" data-e-type=\"section\">\n\t\t\t\t\t\t<div class=\"elementor-container elementor-column-gap-default\">\n\t\t\t\t\t<div class=\"elementor-column elementor-col-50 elementor-top-column elementor-element elementor-element-41331ca\" data-id=\"41331ca\" data-element_type=\"column\" data-e-type=\"column\">\n\t\t\t<div class=\"elementor-widget-wrap elementor-element-populated\">\n\t\t\t\t\t\t<div class=\"elementor-element elementor-element-02ace8c btn-position-bottom elementor-widget elementor-widget-razzi-image-button\" data-id=\"02ace8c\" data-element_type=\"widget\" data-e-type=\"widget\" data-widget_type=\"razzi-image-button.default\">\n\t\t\t\t<div class=\"elementor-widget-container\">\n\t\t\t\t\t<div class=\"razzi-image-button\"><img fetchpriority=\"high\" decoding=\"async\" width=\"440\" height=\"735\" src=\"https:\/\/packstera.lt\/wp-content\/uploads\/2022\/09\/grav-virselis.jpg\" class=\"attachment-full size-full wp-image-15468\" alt=\"\" \/><a href=\"http:\/\/packstera.lt\/wp-content\/uploads\/2023\/01\/CASSEL-Metal-detector-R-DS-EN-200807.pdf\" target=\"_blank\" rel=\"nofollow\" class=\"razzi-image-button__link\"><\/a><a href=\"http:\/\/packstera.lt\/wp-content\/uploads\/2023\/01\/CASSEL-Metal-detector-R-DS-EN-200807.pdf\" target=\"_blank\" rel=\"nofollow\" class=\"razzi-image-button__position razzi-image-button__button\">Ra\u017eot\u0101ja apraksts <span class=\"razzi-svg-icon\"><svg aria-hidden=\"true\" role=\"img\" focusable=\"false\" xmlns=\"http:\/\/www.w3.org\/2000\/svg\" width=\"24\" height=\"24\" viewbox=\"0 0 24 24\" fill=\"none\" stroke=\"currentColor\" stroke-width=\"2\" stroke-linecap=\"round\" stroke-linejoin=\"round\"><line x1=\"0\" y1=\"12\" x2=\"19\" y2=\"12\"><\/line><polyline points=\"12 5 19 12 12 19\"><\/polyline><\/svg><\/span><\/a><\/div>\t\t\t\t<\/div>\n\t\t\t\t<\/div>\n\t\t\t\t\t<\/div>\n\t\t<\/div>\n\t\t\t\t<div class=\"elementor-column elementor-col-50 elementor-top-column elementor-element elementor-element-7df2dbd\" data-id=\"7df2dbd\" data-element_type=\"column\" data-e-type=\"column\">\n\t\t\t<div class=\"elementor-widget-wrap\">\n\t\t\t\t\t\t\t<\/div>\n\t\t<\/div>\n\t\t\t\t\t<\/div>\n\t\t<\/section>\n\t\t\t\t<\/div>","protected":false},"excerpt":{"rendered":"<p style=\"text-align: justify;\">METAL SHARK\u00ae R pied\u0101v\u0101 visaugst\u0101ko veiktsp\u0113ju magn\u0113tiskaj\u0101 un nemagn\u0113tiskaj\u0101 met\u0101lu noteik\u0161an\u0101. Tipisks pielietojums ir medic\u012bnas un farm\u0101cijas nozar\u0113, k\u0101 ar\u012b sanit\u0101raj\u0101 vai p\u0101rtikas r\u016bpniec\u012bb\u0101 un visu veidu \u0137\u012bmiskajiem pulveriem.<\/p>\n<p style=\"text-align: justify;\">Atgr\u016b\u0161anas meh\u0101nisms \u0101tri izstumj no izstr\u0101d\u0101juma pl\u016bsmas pat vismaz\u0101kos met\u0101la priek\u0161metus. Atgr\u016b\u0161anas bloks ir piem\u0113rots cauru\u013cu diametram no 10 l\u012bdz 50 mm, atgr\u016b\u0161anas laiku autom\u0101tiski nosaka met\u0101la detektora vad\u012bbas k\u0101rba.<\/p>\n<p style=\"text-align: justify;\">Higi\u0113nas korpuss ir viegli t\u012br\u0101ms, visi materi\u0101li, kas saskaras ar produktu, ir FDA apstiprin\u0101tas kvalit\u0101tes (PTFE un ner\u016bs\u0113jo\u0161ais t\u0113rauds).<\/p>\n<ul>\n<li>Atkl\u0101j met\u0101la pies\u0101r\u0146ot\u0101jus mazos, br\u012bvi kr\u012bto\u0161os izstr\u0101d\u0101jumos<\/li>\n<li>Maksim\u0101l\u0101 magn\u0113tisko un nemagn\u0113tisko met\u0101lisko pies\u0101r\u0146ot\u0101ju noteik\u0161anas precizit\u0101te<\/li>\n<li>FDA atbilst\u012bba vis\u0101m da\u013c\u0101m, kas non\u0101k saskar\u0113 ar produktu<\/li>\n<li>Higi\u0113nas dizains izmanto\u0161anai higi\u0113nas, farm\u0101cijas vai p\u0101rtikas r\u016bpniec\u012bb\u0101<\/li>\n<\/ul>","protected":false},"featured_media":15464,"template":"","meta":[],"product_cat":[594],"product_tag":[],"class_list":{"0":"post-14348","1":"product","2":"type-product","3":"status-publish","4":"has-post-thumbnail","6":"product_cat-metalo-detektoriai-biriems-produktams","8":"first","9":"instock","10":"shipping-taxable","11":"product-type-simple"},"_links":{"self":[{"href":"https:\/\/packstera.lt\/lv\/wp-json\/wp\/v2\/product\/14348","targetHints":{"allow":["GET"]}}],"collection":[{"href":"https:\/\/packstera.lt\/lv\/wp-json\/wp\/v2\/product"}],"about":[{"href":"https:\/\/packstera.lt\/lv\/wp-json\/wp\/v2\/types\/product"}],"version-history":[{"count":5,"href":"https:\/\/packstera.lt\/lv\/wp-json\/wp\/v2\/product\/14348\/revisions"}],"predecessor-version":[{"id":15472,"href":"https:\/\/packstera.lt\/lv\/wp-json\/wp\/v2\/product\/14348\/revisions\/15472"}],"wp:featuredmedia":[{"embeddable":true,"href":"https:\/\/packstera.lt\/lv\/wp-json\/wp\/v2\/media\/15464"}],"wp:attachment":[{"href":"https:\/\/packstera.lt\/lv\/wp-json\/wp\/v2\/media?parent=14348"}],"wp:term":[{"taxonomy":"product_cat","embeddable":true,"href":"https:\/\/packstera.lt\/lv\/wp-json\/wp\/v2\/product_cat?post=14348"},{"taxonomy":"product_tag","embeddable":true,"href":"https:\/\/packstera.lt\/lv\/wp-json\/wp\/v2\/product_tag?post=14348"}],"curies":[{"name":"wp","href":"https:\/\/api.w.org\/{rel}","templated":true}]}}