{"id":14358,"date":"2022-09-09T17:22:51","date_gmt":"2022-09-09T14:22:51","guid":{"rendered":"http:\/\/packstera.lt\/?post_type=product&#038;p=14358"},"modified":"2023-01-27T16:00:42","modified_gmt":"2023-01-27T14:00:42","slug":"metala-detektors-skidrumiem-un-tirumiem","status":"publish","type":"product","link":"https:\/\/packstera.lt\/lv\/p\/metalo-detektorius-skysciams-ir-tyrems\/","title":{"rendered":"Met\u0101la detektors \u0161\u0137idrumiem un bieze\u0146iem"},"content":{"rendered":"<div data-elementor-type=\"wp-post\" data-elementor-id=\"14358\" class=\"elementor elementor-14358\">\n\t\t\t\t\t\t<section class=\"elementor-section elementor-top-section elementor-element elementor-element-eb89853 elementor-section-boxed elementor-section-height-default elementor-section-height-default\" data-id=\"eb89853\" data-element_type=\"section\" data-e-type=\"section\">\n\t\t\t\t\t\t<div class=\"elementor-container elementor-column-gap-default\">\n\t\t\t\t\t<div class=\"elementor-column elementor-col-100 elementor-top-column elementor-element elementor-element-49a4b0e6\" data-id=\"49a4b0e6\" data-element_type=\"column\" data-e-type=\"column\">\n\t\t\t<div class=\"elementor-widget-wrap elementor-element-populated\">\n\t\t\t\t\t\t<div class=\"elementor-element elementor-element-5fa55932 elementor-widget elementor-widget-text-editor\" data-id=\"5fa55932\" data-element_type=\"widget\" data-e-type=\"widget\" data-widget_type=\"text-editor.default\">\n\t\t\t\t<div class=\"elementor-widget-container\">\n\t\t\t\t\t\t\t\t\t<table><tbody><tr><td width=\"312\">Modelis<\/td><td width=\"312\">Ar autom\u0101tisku nolai\u0161anu (p\u0113c izv\u0113les)<\/td><\/tr><tr><td width=\"312\">Kop\u0113jais garums<\/td><td width=\"312\">No 950 l\u012bdz 1630 mm<\/td><\/tr><tr><td width=\"312\">Nometuma laiks<\/td><td width=\"312\">(0,1\u20139,9\u00a0sekundes, regul\u0113jams)<\/td><\/tr><tr><td width=\"312\">Gaisa spiediens<\/td><td width=\"312\">(Min. 5\u00a0bar)<\/td><\/tr><tr><td width=\"312\">Pieg\u0101des spiediens<\/td><td width=\"312\">16\u00a0bar (p\u0113c izv\u0113les, maks. 40\u00a0bar)<\/td><\/tr><tr><td width=\"312\">R\u0101mis<\/td><td width=\"312\">Mont\u0101\u017eas platformas r\u0101mis (p\u0113c izv\u0113les: mobilais stat\u012bvs)<\/td><\/tr><tr><td width=\"312\">Met\u0101la noteik\u0161anas jut\u012bba<\/td><td width=\"312\">FE 0,4-0,7; Nfe 0,7-1,0; SS 0,8-1,5;<\/td><\/tr><tr><td width=\"312\">Met\u0101la noteik\u0161ana<\/td><td width=\"312\">Dzelzs, kr\u0101sainie met\u0101li (piem\u0113ram, alum\u012bnijs vai var\u0161) un ner\u016bs\u0113jo\u0161ais t\u0113rauds<\/td><\/tr><tr><td width=\"312\">Atmi\u0146a<\/td><td width=\"312\">Atmi\u0146\u0101 glab\u0101jas 250 produkti<\/td><\/tr><tr><td width=\"312\">Aizsardz\u012bbas veids<\/td><td width=\"312\">IP 66 (p\u0113c izv\u0113les IP67);<br \/>Kontroliera IP 66.<\/td><\/tr><tr><td width=\"312\">Vides apst\u0101k\u013ci<\/td><td width=\"312\">Kontrolieris: no +20\u00b0C l\u012bdz +40\u00b0C, p\u0113c izv\u0113les no -40\u00b0C l\u012bdz +55\u00b0C; relat\u012bvais mitrums no 20% l\u012bdz 90% (nekondens\u0113jo\u0161s), &gt;95% san. mitrums (kondens\u0101ts), kad kontrolieris ir uzst\u0101d\u012bts papildu kast\u0113;<br \/>Sensors: no -30\u00b0C l\u012bdz +60\u00b0C;<br \/>P\u0113c izv\u0113les: l\u012bdz +90\u00b0C.<\/td><\/tr><tr><td width=\"312\">Produkta temperat\u016bra<\/td><td width=\"312\">L\u012bdz +95\u00b0C (\u0161\u0137idrumiem) vai l\u012bdz +164\u00b0C (tvaikiem)<\/td><\/tr><tr><td width=\"312\">Ener\u0123ijas avots<\/td><td width=\"312\">Vienf\u0101zes 110-230 V mai\u0146str\u0101va +\/-5 %, tipiskais pat\u0113ri\u0146\u0161 20 W (maks. 60 W)<\/td><\/tr><tr><td width=\"312\">Interfeiss<\/td><td width=\"312\">RS232, nodro\u0161ina dokument\u0101ciju atbilsto\u0161i HACCP un IFS standartam, USB vai Ethernet opcij\u0101m<\/td><\/tr><tr><td width=\"312\">Uzraudz\u012bba<\/td><td width=\"312\">Pa\u0161kalibr\u0113jo\u0161i sensori, kuriem nav nepiecie\u0161ama apkope<\/td><\/tr><tr><td width=\"312\">Diagnostika<\/td><td width=\"312\">Ieb\u016bv\u0113ta diagnostikas programmat\u016bra, autom\u0101tiska pa\u0161p\u0101rbaude<\/td><\/tr><\/tbody><\/table>\t\t\t\t\t\t\t\t<\/div>\n\t\t\t\t<\/div>\n\t\t\t\t\t<\/div>\n\t\t<\/div>\n\t\t\t\t\t<\/div>\n\t\t<\/section>\n\t\t\t\t<section class=\"elementor-section elementor-top-section elementor-element elementor-element-6b5f599 elementor-section-boxed elementor-section-height-default elementor-section-height-default\" data-id=\"6b5f599\" data-element_type=\"section\" data-e-type=\"section\">\n\t\t\t\t\t\t<div class=\"elementor-container elementor-column-gap-default\">\n\t\t\t\t\t<div class=\"elementor-column elementor-col-66 elementor-top-column elementor-element elementor-element-8af2e4d\" data-id=\"8af2e4d\" data-element_type=\"column\" data-e-type=\"column\">\n\t\t\t<div class=\"elementor-widget-wrap elementor-element-populated\">\n\t\t\t\t\t\t<div class=\"elementor-element elementor-element-7a80622 elementor-widget elementor-widget-video\" data-id=\"7a80622\" data-element_type=\"widget\" data-e-type=\"widget\" data-settings=\"{&quot;youtube_url&quot;:&quot;https:\\\/\\\/www.youtube.com\\\/watch?v=xNL7xA-TsNo&amp;ab_channel=Ibercassel&quot;,&quot;video_type&quot;:&quot;youtube&quot;,&quot;controls&quot;:&quot;yes&quot;}\" data-widget_type=\"video.default\">\n\t\t\t\t<div class=\"elementor-widget-container\">\n\t\t\t\t\t\t\t<div class=\"elementor-wrapper elementor-open-inline\">\n\t\t\t<div class=\"elementor-video\"><\/div>\t\t<\/div>\n\t\t\t\t\t\t<\/div>\n\t\t\t\t<\/div>\n\t\t\t\t\t<\/div>\n\t\t<\/div>\n\t\t\t\t<div class=\"elementor-column elementor-col-33 elementor-top-column elementor-element elementor-element-a12ea8e\" data-id=\"a12ea8e\" data-element_type=\"column\" data-e-type=\"column\">\n\t\t\t<div class=\"elementor-widget-wrap elementor-element-populated\">\n\t\t\t\t\t\t<div class=\"elementor-element elementor-element-40cc781 btn-position-bottom elementor-widget elementor-widget-razzi-image-button\" data-id=\"40cc781\" data-element_type=\"widget\" data-e-type=\"widget\" data-widget_type=\"razzi-image-button.default\">\n\t\t\t\t<div class=\"elementor-widget-container\">\n\t\t\t\t\t<div class=\"razzi-image-button\"><img fetchpriority=\"high\" decoding=\"async\" width=\"640\" height=\"640\" src=\"https:\/\/packstera.lt\/wp-content\/uploads\/2022\/09\/detektorius-skysciams-1024x1024.jpg\" class=\"attachment-large size-large wp-image-15545\" alt=\"\" srcset=\"https:\/\/packstera.lt\/wp-content\/uploads\/2022\/09\/detektorius-skysciams-1024x1024.jpg 1024w, https:\/\/packstera.lt\/wp-content\/uploads\/2022\/09\/detektorius-skysciams-600x600.jpg 600w, https:\/\/packstera.lt\/wp-content\/uploads\/2022\/09\/detektorius-skysciams-150x150.jpg 150w, https:\/\/packstera.lt\/wp-content\/uploads\/2022\/09\/detektorius-skysciams-300x300.jpg 300w, https:\/\/packstera.lt\/wp-content\/uploads\/2022\/09\/detektorius-skysciams-768x768.jpg 768w\" sizes=\"(max-width: 640px) 100vw, 640px\" \/><a href=\"http:\/\/packstera.lt\/wp-content\/uploads\/2023\/01\/CASSEL-metal-shark-in-liquid-US-EN.pdf\" target=\"_blank\" rel=\"nofollow\" class=\"razzi-image-button__link\"><\/a><a href=\"http:\/\/packstera.lt\/wp-content\/uploads\/2023\/01\/CASSEL-metal-shark-in-liquid-US-EN.pdf\" target=\"_blank\" rel=\"nofollow\" class=\"razzi-image-button__position razzi-image-button__button\">Ra\u017eot\u0101ja apraksts <span class=\"razzi-svg-icon\"><svg aria-hidden=\"true\" role=\"img\" focusable=\"false\" xmlns=\"http:\/\/www.w3.org\/2000\/svg\" width=\"24\" height=\"24\" viewbox=\"0 0 24 24\" fill=\"none\" stroke=\"currentColor\" stroke-width=\"2\" stroke-linecap=\"round\" stroke-linejoin=\"round\"><line x1=\"0\" y1=\"12\" x2=\"19\" y2=\"12\"><\/line><polyline points=\"12 5 19 12 12 19\"><\/polyline><\/svg><\/span><\/a><\/div>\t\t\t\t<\/div>\n\t\t\t\t<\/div>\n\t\t\t\t\t<\/div>\n\t\t<\/div>\n\t\t\t\t\t<\/div>\n\t\t<\/section>\n\t\t\t\t<\/div>","protected":false},"excerpt":{"rendered":"<p style=\"text-align: justify;\">METAL SHARK\u00ae IN Liquid ir paredz\u0113ts \u0161\u0137idrumiem un bieze\u0146a\/pastas konsistences produktiem. Ar savu bezapkopes dizainu un augstas kvalit\u0101tes, higi\u0113nisku konstrukciju met\u0101la detektors ir ide\u0101li piem\u0113rots uzticamai lieto\u0161anai p\u0101rtikas r\u016bpniec\u012bb\u0101.<\/p>\n<p style=\"text-align: justify;\">METAL SHARK\u00ae IN Liquid var viegli integr\u0113t vis\u0101s izplat\u012bt\u0101kaj\u0101s s\u016bk\u0146u, vakuuma uzpildes sist\u0113mu vai pat desu ga\u013cas pild\u012b\u0161anas ra\u017eot\u0146u cauru\u013cvadu sist\u0113m\u0101s.<\/p>\n<p style=\"text-align: justify;\">Tr\u012bs da\u017e\u0101di v\u0101rstu mode\u013ci, kas optim\u0101li piel\u0101goti attiec\u012bgajam izstr\u0101d\u0101jumam, garant\u0113 dro\u0161u met\u0101lisko pies\u0101r\u0146ot\u0101ju no\u0146em\u0161anu.<\/p>\n<ul>\n<li>Uzticama met\u0101la pies\u0101r\u0146ot\u0101ju noteik\u0161ana \u0161\u0137idros un t\u012bros produktos<\/li>\n<li>Viegli integr\u0113jams parastaj\u0101s cauru\u013cu sist\u0113m\u0101s, diametrs no 25-150 mm<\/li>\n<li>Ner\u016bs\u0113jo\u0161\u0101 t\u0113rauda korpuss un r\u0101mis ir viegli t\u012br\u0101mi, produkta padeves caurule ir piem\u0113rota CIP t\u012br\u012b\u0161anas sist\u0113mas uzst\u0101d\u012b\u0161anai<\/li>\n<\/ul>","protected":false},"featured_media":15546,"template":"","meta":[],"product_cat":[595],"product_tag":[],"class_list":{"0":"post-14358","1":"product","2":"type-product","3":"status-publish","4":"has-post-thumbnail","6":"product_cat-metalo-detektoriai-skystiems-arba-tirstiems-produktams","8":"first","9":"instock","10":"shipping-taxable","11":"product-type-simple"},"_links":{"self":[{"href":"https:\/\/packstera.lt\/lv\/wp-json\/wp\/v2\/product\/14358","targetHints":{"allow":["GET"]}}],"collection":[{"href":"https:\/\/packstera.lt\/lv\/wp-json\/wp\/v2\/product"}],"about":[{"href":"https:\/\/packstera.lt\/lv\/wp-json\/wp\/v2\/types\/product"}],"version-history":[{"count":7,"href":"https:\/\/packstera.lt\/lv\/wp-json\/wp\/v2\/product\/14358\/revisions"}],"predecessor-version":[{"id":15554,"href":"https:\/\/packstera.lt\/lv\/wp-json\/wp\/v2\/product\/14358\/revisions\/15554"}],"wp:featuredmedia":[{"embeddable":true,"href":"https:\/\/packstera.lt\/lv\/wp-json\/wp\/v2\/media\/15546"}],"wp:attachment":[{"href":"https:\/\/packstera.lt\/lv\/wp-json\/wp\/v2\/media?parent=14358"}],"wp:term":[{"taxonomy":"product_cat","embeddable":true,"href":"https:\/\/packstera.lt\/lv\/wp-json\/wp\/v2\/product_cat?post=14358"},{"taxonomy":"product_tag","embeddable":true,"href":"https:\/\/packstera.lt\/lv\/wp-json\/wp\/v2\/product_tag?post=14358"}],"curies":[{"name":"wp","href":"https:\/\/api.w.org\/{rel}","templated":true}]}}