{"id":14373,"date":"2022-09-09T17:26:26","date_gmt":"2022-09-09T14:26:26","guid":{"rendered":"http:\/\/packstera.lt\/?post_type=product&#038;p=14373"},"modified":"2023-01-23T11:35:59","modified_gmt":"2023-01-23T09:35:59","slug":"metala-detektors-zemes-mesa-masai","status":"publish","type":"product","link":"https:\/\/packstera.lt\/lv\/p\/metalo-detektorius-maltos-mesos-masei\/","title":{"rendered":"Met\u0101la detektors malt\u0101s ga\u013cas masai"},"content":{"rendered":"<div data-elementor-type=\"wp-post\" data-elementor-id=\"14373\" class=\"elementor elementor-14373\">\n\t\t\t\t\t\t<section class=\"elementor-section elementor-top-section elementor-element elementor-element-5da4ad22 elementor-section-boxed elementor-section-height-default elementor-section-height-default\" data-id=\"5da4ad22\" data-element_type=\"section\" data-e-type=\"section\">\n\t\t\t\t\t\t<div class=\"elementor-container elementor-column-gap-default\">\n\t\t\t\t\t<div class=\"elementor-column elementor-col-100 elementor-top-column elementor-element elementor-element-3662c650\" data-id=\"3662c650\" data-element_type=\"column\" data-e-type=\"column\">\n\t\t\t<div class=\"elementor-widget-wrap elementor-element-populated\">\n\t\t\t\t\t\t<div class=\"elementor-element elementor-element-3b503665 elementor-widget elementor-widget-text-editor\" data-id=\"3b503665\" data-element_type=\"widget\" data-e-type=\"widget\" data-widget_type=\"text-editor.default\">\n\t\t\t\t<div class=\"elementor-widget-container\">\n\t\t\t\t\t\t\t\t\t<table>\r\n<tbody>\r\n<tr>\r\n<td width=\"312\">Modelis<\/td>\r\n<td width=\"312\">Bez kritiena \/ ar autom\u0101tisku nolai\u0161anu (p\u0113c izv\u0113les)<\/td>\r\n<\/tr>\r\n<tr>\r\n<td width=\"312\">Kop\u0113jais garums<\/td>\r\n<td width=\"312\">490\u00a0mm (690\u00a0mm ar nolai\u017eamo sist\u0113mu)<\/td>\r\n<\/tr>\r\n<tr>\r\n<td width=\"312\">Met\u0101la noteik\u0161anas sign\u0101ls<\/td>\r\n<td width=\"312\">Divu produktu garum\u0101 (ar pilienu sist\u0113mu, autom\u0101tiska slikta produkta no\u0146em\u0161ana)<\/td>\r\n<\/tr>\r\n<tr>\r\n<td width=\"312\">Nometuma laiks<\/td>\r\n<td width=\"312\">(0,1\u20139,9\u00a0sekundes, regul\u0113jams)<\/td>\r\n<\/tr>\r\n<tr>\r\n<td width=\"312\">Gaisa spiediens<\/td>\r\n<td width=\"312\">(Min. 5\u00a0bar)<\/td>\r\n<\/tr>\r\n<tr>\r\n<td width=\"312\">Pieg\u0101des spiediens<\/td>\r\n<td width=\"312\">Maks. 60\u00a0bar (maks. 40\u00a0bar)<\/td>\r\n<\/tr>\r\n<tr>\r\n<td width=\"312\">R\u0101mis<\/td>\r\n<td width=\"312\">Mobilais uz 4 rite\u0146iem, regul\u0113jams augstums no 80-120 cm, ner\u016bs\u0113jo\u0161ais t\u0113rauds<\/td>\r\n<\/tr>\r\n<tr>\r\n<td width=\"312\">Met\u0101la noteik\u0161anas jut\u012bba<\/td>\r\n<td width=\"312\">Laboratorija: FE 0,5 mm, VA 0,8 mm; Desu ga\u013cas tests: FE 1,0 - 1,5 mm, VA 2,0 - 2,5 mm<\/td>\r\n<\/tr>\r\n<tr>\r\n<td width=\"312\">Met\u0101la noteik\u0161ana<\/td>\r\n<td width=\"312\">Dzelzs, kr\u0101sainie met\u0101li (piem\u0113ram, alum\u012bnijs vai var\u0161) un ner\u016bs\u0113jo\u0161ais t\u0113rauds<\/td>\r\n<\/tr>\r\n<tr>\r\n<td width=\"312\">Atmi\u0146a<\/td>\r\n<td width=\"312\">Atmi\u0146\u0101 glab\u0101jas 250 produkti<\/td>\r\n<\/tr>\r\n<tr>\r\n<td width=\"312\">Aizsardz\u012bbas veids<\/td>\r\n<td width=\"312\">IP 68 \/ NEMA 6P (ikdienas mazg\u0101\u0161anai mitr\u0101 vid\u0113)<\/td>\r\n<\/tr>\r\n<tr>\r\n<td width=\"312\">Vide<\/td>\r\n<td width=\"312\">Standarts: -10\u00b0C l\u012bdz +40\u00b0C, relat\u012bvais mitrums 30% l\u012bdz 80% (nekondens\u0113jo\u0161s)<\/td>\r\n<\/tr>\r\n<tr>\r\n<td width=\"312\">Produkta temperat\u016bra<\/td>\r\n<td width=\"312\">Standarts: -30\u00b0C l\u012bdz +40\u00b0C; (Iesp\u0113jam\u0101 izv\u0113le: -40\u00b0C l\u012bdz +60\u00b0C)<\/td>\r\n<\/tr>\r\n<tr>\r\n<td width=\"312\">Ener\u0123ijas avots<\/td>\r\n<td width=\"312\">Vienf\u0101zes 85-264 VAC, 50\/60 Hz, 100 W<\/td>\r\n<\/tr>\r\n<tr>\r\n<td width=\"312\">Interfeiss<\/td>\r\n<td width=\"312\">RS232, nodro\u0161ina dokument\u0101ciju atbilsto\u0161i HACCP un IFS standartam, USB vai Ethernet opcij\u0101m<\/td>\r\n<\/tr>\r\n<tr>\r\n<td width=\"312\">Uzraudz\u012bba<\/td>\r\n<td width=\"312\">Pa\u0161kalibr\u0113jo\u0161i sensori, kuriem nav nepiecie\u0161ama apkope<\/td>\r\n<\/tr>\r\n<tr>\r\n<td width=\"312\">Diagnostika<\/td>\r\n<td width=\"312\">Ieb\u016bv\u0113ta diagnostikas programmat\u016bra, autom\u0101tiska pa\u0161p\u0101rbaude<\/td>\r\n<\/tr>\r\n<\/tbody>\r\n<\/table>\t\t\t\t\t\t\t\t<\/div>\n\t\t\t\t<\/div>\n\t\t\t\t\t<\/div>\n\t\t<\/div>\n\t\t\t\t\t<\/div>\n\t\t<\/section>\n\t\t\t\t<section class=\"elementor-section elementor-top-section elementor-element elementor-element-733bccf elementor-section-boxed elementor-section-height-default elementor-section-height-default\" data-id=\"733bccf\" data-element_type=\"section\" data-e-type=\"section\">\n\t\t\t\t\t\t<div class=\"elementor-container elementor-column-gap-default\">\n\t\t\t\t\t<div class=\"elementor-column elementor-col-66 elementor-top-column elementor-element elementor-element-141cc81\" data-id=\"141cc81\" data-element_type=\"column\" data-e-type=\"column\">\n\t\t\t<div class=\"elementor-widget-wrap elementor-element-populated\">\n\t\t\t\t\t\t<div class=\"elementor-element elementor-element-235c1d9 elementor-widget elementor-widget-video\" data-id=\"235c1d9\" data-element_type=\"widget\" data-e-type=\"widget\" data-settings=\"{&quot;youtube_url&quot;:&quot;https:\\\/\\\/www.youtube.com\\\/watch?v=ylPP7C0Yl5A&amp;ab_channel=Ibercassel&quot;,&quot;video_type&quot;:&quot;youtube&quot;,&quot;controls&quot;:&quot;yes&quot;}\" data-widget_type=\"video.default\">\n\t\t\t\t<div class=\"elementor-widget-container\">\n\t\t\t\t\t\t\t<div class=\"elementor-wrapper elementor-open-inline\">\n\t\t\t<div class=\"elementor-video\"><\/div>\t\t<\/div>\n\t\t\t\t\t\t<\/div>\n\t\t\t\t<\/div>\n\t\t\t\t\t<\/div>\n\t\t<\/div>\n\t\t\t\t<div class=\"elementor-column elementor-col-33 elementor-top-column elementor-element elementor-element-2b7726d\" data-id=\"2b7726d\" data-element_type=\"column\" data-e-type=\"column\">\n\t\t\t<div class=\"elementor-widget-wrap elementor-element-populated\">\n\t\t\t\t\t\t<div class=\"elementor-element elementor-element-279626b btn-position-bottom elementor-widget elementor-widget-razzi-image-button\" data-id=\"279626b\" data-element_type=\"widget\" data-e-type=\"widget\" data-widget_type=\"razzi-image-button.default\">\n\t\t\t\t<div class=\"elementor-widget-container\">\n\t\t\t\t\t<div class=\"razzi-image-button\"><img fetchpriority=\"high\" decoding=\"async\" width=\"725\" height=\"803\" src=\"https:\/\/packstera.lt\/wp-content\/uploads\/2022\/09\/virselis-pump-dec.jpg\" class=\"attachment-full size-full wp-image-15405\" alt=\"\" \/><a href=\"http:\/\/packstera.lt\/wp-content\/uploads\/2023\/01\/CASSEL-metal-shark-in-meat-A4-EN.pdf\" target=\"_blank\" rel=\"nofollow\" class=\"razzi-image-button__link\"><\/a><a href=\"http:\/\/packstera.lt\/wp-content\/uploads\/2023\/01\/CASSEL-metal-shark-in-meat-A4-EN.pdf\" target=\"_blank\" rel=\"nofollow\" class=\"razzi-image-button__position razzi-image-button__button\">Ra\u017eot\u0101ja apraksts <span class=\"razzi-svg-icon\"><svg aria-hidden=\"true\" role=\"img\" focusable=\"false\" xmlns=\"http:\/\/www.w3.org\/2000\/svg\" width=\"24\" height=\"24\" viewbox=\"0 0 24 24\" fill=\"none\" stroke=\"currentColor\" stroke-width=\"2\" stroke-linecap=\"round\" stroke-linejoin=\"round\"><line x1=\"0\" y1=\"12\" x2=\"19\" y2=\"12\"><\/line><polyline points=\"12 5 19 12 12 19\"><\/polyline><\/svg><\/span><\/a><\/div>\t\t\t\t<\/div>\n\t\t\t\t<\/div>\n\t\t\t\t\t<\/div>\n\t\t<\/div>\n\t\t\t\t\t<\/div>\n\t\t<\/section>\n\t\t\t\t<\/div>","protected":false},"excerpt":{"rendered":"<p style=\"text-align: justify;\">Kompakts met\u0101la detektors ga\u013cas pild\u012b\u0161anas iek\u0101rt\u0101m ar p\u0101rvietojamu b\u0101zes r\u0101mi uz rite\u0146iem. Stat\u012bvs ar integr\u0113tu g\u0101zes atsperi \u013cauj \u0113rti regul\u0113t augstumu no 85 l\u012bdz 115 cm augstumam.<\/p>\n<p style=\"text-align: justify;\">METAL SHARK\u00ae IN MEAT ir vienk\u0101r\u0161a iek\u0101rta ga\u013cas pild\u012bjuma t\u012br\u012bbas p\u0101rbaudei, un to var pieg\u0101d\u0101t ar vai bez atgr\u016b\u0161anas ier\u012bces.<\/p>\n<p style=\"text-align: justify;\">Ier\u012bce ir viegli t\u012br\u0101ma un atbilst FDA standartiem.<\/p>\n<ul style=\"text-align: justify;\">\n<li>Uzticama met\u0101la pies\u0101r\u0146ojuma noteik\u0161ana desu ga\u013c\u0101 un past\u0113t\u0113s<\/li>\n<li>Viegla integr\u0101cija vis\u0101s izplat\u012bt\u0101kaj\u0101s uzpildes cauru\u013cvadu sist\u0113m\u0101s<\/li>\n<li>Ner\u016bs\u0113jo\u0161\u0101 t\u0113rauda korpuss un r\u0101mis ir viegli t\u012br\u0101mi, izstr\u0101d\u0101juma caurule ir savietojama ar CIP t\u012br\u012b\u0161anas sist\u0113mu<\/li>\n<li>Atbilst FDA<\/li>\n<\/ul>\n<p style=\"text-align: justify;\">Ier\u012bce ir piln\u012bb\u0101 savietojama ar slaven\u0101ko iek\u0101rtu ra\u017eot\u0101ju: Handtmann, Vemag, Rex, Risco, Velati, K&amp;G, Frey un Karl Schnell pildviel\u0101m\/dispenseriem.<\/p>","protected":false},"featured_media":15131,"template":"","meta":[],"product_cat":[595],"product_tag":[712],"class_list":{"0":"post-14373","1":"product","2":"type-product","3":"status-publish","4":"has-post-thumbnail","6":"product_cat-metalo-detektoriai-skystiems-arba-tirstiems-produktams","7":"product_tag-maistas-ir-gerimai","9":"first","10":"instock","11":"shipping-taxable","12":"product-type-simple"},"_links":{"self":[{"href":"https:\/\/packstera.lt\/lv\/wp-json\/wp\/v2\/product\/14373","targetHints":{"allow":["GET"]}}],"collection":[{"href":"https:\/\/packstera.lt\/lv\/wp-json\/wp\/v2\/product"}],"about":[{"href":"https:\/\/packstera.lt\/lv\/wp-json\/wp\/v2\/types\/product"}],"version-history":[{"count":19,"href":"https:\/\/packstera.lt\/lv\/wp-json\/wp\/v2\/product\/14373\/revisions"}],"predecessor-version":[{"id":15408,"href":"https:\/\/packstera.lt\/lv\/wp-json\/wp\/v2\/product\/14373\/revisions\/15408"}],"wp:featuredmedia":[{"embeddable":true,"href":"https:\/\/packstera.lt\/lv\/wp-json\/wp\/v2\/media\/15131"}],"wp:attachment":[{"href":"https:\/\/packstera.lt\/lv\/wp-json\/wp\/v2\/media?parent=14373"}],"wp:term":[{"taxonomy":"product_cat","embeddable":true,"href":"https:\/\/packstera.lt\/lv\/wp-json\/wp\/v2\/product_cat?post=14373"},{"taxonomy":"product_tag","embeddable":true,"href":"https:\/\/packstera.lt\/lv\/wp-json\/wp\/v2\/product_tag?post=14373"}],"curies":[{"name":"wp","href":"https:\/\/api.w.org\/{rel}","templated":true}]}}