{"id":15615,"date":"2023-02-06T13:55:35","date_gmt":"2023-02-06T11:55:35","guid":{"rendered":"http:\/\/packstera.lt\/?post_type=product&#038;p=15615"},"modified":"2024-09-20T15:22:55","modified_gmt":"2024-09-20T12:22:55","slug":"pusautomatiska-presformas-pagriesanas-ierice","status":"publish","type":"product","link":"https:\/\/packstera.lt\/lv\/p\/pusiau-automatinis-deziu-apsukimo-irenginys\/","title":{"rendered":"Pusautom\u0101tiska ier\u012bce kast\u012b\u0161u iesai\u0146o\u0161anai ar elast\u012bgu pl\u0113vi"},"content":{"rendered":"<div data-elementor-type=\"wp-post\" data-elementor-id=\"15615\" class=\"elementor elementor-15615\">\n\t\t\t\t\t\t<section class=\"elementor-section elementor-top-section elementor-element elementor-element-71a578ce elementor-section-boxed elementor-section-height-default elementor-section-height-default\" data-id=\"71a578ce\" data-element_type=\"section\" data-e-type=\"section\">\n\t\t\t\t\t\t<div class=\"elementor-container elementor-column-gap-default\">\n\t\t\t\t\t<div class=\"elementor-column elementor-col-100 elementor-top-column elementor-element elementor-element-5834c328\" data-id=\"5834c328\" data-element_type=\"column\" data-e-type=\"column\">\n\t\t\t<div class=\"elementor-widget-wrap elementor-element-populated\">\n\t\t\t\t\t\t<div class=\"elementor-element elementor-element-7213c6e4 elementor-widget elementor-widget-text-editor\" data-id=\"7213c6e4\" data-element_type=\"widget\" data-e-type=\"widget\" data-widget_type=\"text-editor.default\">\n\t\t\t\t<div class=\"elementor-widget-container\">\n\t\t\t\t\t\t\t\t\t<table><tbody><tr><td style=\"text-align: center;\" colspan=\"2\" width=\"623\"><strong>Ier\u012bces dati<\/strong><\/td><\/tr><tr><td width=\"312\">Izm\u0113ri<\/td><td width=\"312\">(G x P x A mm) 1470 x 460 x 1860-2260 mm<\/td><\/tr><tr><td width=\"312\">Svars<\/td><td width=\"312\">110 kg<\/td><\/tr><tr><td width=\"312\">Saspiesta gaisa spiediens<\/td><td width=\"312\">0,4\u201306\u00a0Mpa<\/td><\/tr><tr><td width=\"312\">bar\u012bba<\/td><td width=\"312\">AC220V 1P 50\/60Hz 1.0KW<\/td><\/tr><tr><td style=\"text-align: center;\" colspan=\"2\" width=\"623\"><strong>S\u012bk\u0101ka inform\u0101cija par groz\u0101miem iepakojumiem<\/strong><\/td><\/tr><tr><td width=\"312\">Garums<\/td><td width=\"312\">320-600 mm<\/td><\/tr><tr><td width=\"312\">Platums<\/td><td width=\"312\">200-600 mm<\/td><\/tr><tr><td width=\"312\">Augstums<\/td><td width=\"312\">280-800 mm<\/td><\/tr><tr><td width=\"312\">Maksim\u0101lais pagriezt\u0101 izstr\u0101d\u0101juma svars<\/td><td width=\"312\">60 kg<\/td><\/tr><tr><td width=\"312\">Rot\u0101cijas galda diametrs<\/td><td width=\"312\">400 mm<\/td><\/tr><tr><td width=\"312\">Rot\u0101cijas \u0101trums ir regul\u0113jams<\/td><td width=\"312\">0-20 apgr.\/min<\/td><\/tr><tr><td width=\"312\">Nospie\u017eot pagriezto produktu<\/td><td width=\"312\">pneimatisks, regul\u0113jams<\/td><\/tr><\/tbody><\/table>\t\t\t\t\t\t\t\t<\/div>\n\t\t\t\t<\/div>\n\t\t\t\t\t<\/div>\n\t\t<\/div>\n\t\t\t\t\t<\/div>\n\t\t<\/section>\n\t\t\t\t<section class=\"elementor-section elementor-top-section elementor-element elementor-element-69e5c8f elementor-section-boxed elementor-section-height-default elementor-section-height-default\" data-id=\"69e5c8f\" data-element_type=\"section\" data-e-type=\"section\">\n\t\t\t\t\t\t<div class=\"elementor-container elementor-column-gap-default\">\n\t\t\t\t\t<div class=\"elementor-column elementor-col-66 elementor-top-column elementor-element elementor-element-24c11e1\" data-id=\"24c11e1\" data-element_type=\"column\" data-e-type=\"column\">\n\t\t\t<div class=\"elementor-widget-wrap elementor-element-populated\">\n\t\t\t\t\t\t<div class=\"elementor-element elementor-element-6ce258d elementor-widget__width-initial e-transform elementor-widget elementor-widget-video\" data-id=\"6ce258d\" data-element_type=\"widget\" data-e-type=\"widget\" data-settings=\"{&quot;video_type&quot;:&quot;hosted&quot;,&quot;controls&quot;:&quot;yes&quot;,&quot;_transform_scale_effect&quot;:{&quot;unit&quot;:&quot;px&quot;,&quot;size&quot;:&quot;&quot;,&quot;sizes&quot;:[]},&quot;_transform_scale_effect_tablet&quot;:{&quot;unit&quot;:&quot;px&quot;,&quot;size&quot;:&quot;&quot;,&quot;sizes&quot;:[]},&quot;_transform_scale_effect_mobile&quot;:{&quot;unit&quot;:&quot;px&quot;,&quot;size&quot;:&quot;&quot;,&quot;sizes&quot;:[]}}\" data-widget_type=\"video.default\">\n\t\t\t\t<div class=\"elementor-widget-container\">\n\t\t\t\t\t\t\t<div class=\"e-hosted-video elementor-wrapper elementor-open-inline\">\n\t\t\t\t\t<video class=\"elementor-video\" src=\"http:\/\/packstera.lt\/wp-content\/uploads\/2023\/02\/Deziu-apsukejas-video-2.mp4\" controls=\"\" preload=\"metadata\" controlslist=\"nodownload\"><\/video>\n\t\t\t\t<\/div>\n\t\t\t\t\t\t<\/div>\n\t\t\t\t<\/div>\n\t\t\t\t\t<\/div>\n\t\t<\/div>\n\t\t\t\t<div class=\"elementor-column elementor-col-33 elementor-top-column elementor-element elementor-element-dc832d7\" data-id=\"dc832d7\" data-element_type=\"column\" data-e-type=\"column\">\n\t\t\t<div class=\"elementor-widget-wrap\">\n\t\t\t\t\t\t\t<\/div>\n\t\t<\/div>\n\t\t\t\t\t<\/div>\n\t\t<\/section>\n\t\t\t\t<\/div>","protected":false},"excerpt":{"rendered":"<p>Pusautom\u0101tisk\u0101 kast\u012b\u0161u t\u012b\u0161anas iek\u0101rta ir paredz\u0113ta da\u017e\u0101du formu kastu vai citu iepakojumu \u0113rtai iet\u012b\u0161anai ar elast\u012bgo pl\u0113vi. Cikla s\u0101kum\u0101 atliek tikai nospiest pl\u0113vi, un tad iet\u012b\u0161anas process tiek veikts autom\u0101tiski. Vienk\u0101r\u0161a vad\u012bbas sist\u0113ma \u013cauj \u0113rti izv\u0113l\u0113ties vai main\u012bt iesai\u0146ojuma sl\u0101\u0146u skaitu, pl\u0113ves spriegojumu un citus parametrus.<\/p>\n<p>Kvalitat\u012bva kravas iet\u012b\u0161ana pasarg\u0101 no putek\u013ciem, mitruma un boj\u0101jumiem transport\u0113\u0161anas laik\u0101. Pl\u0113ves stiep\u0161anas funkcija samazina iesai\u0146ojuma materi\u0101la pat\u0113ri\u0146u.<\/p>","protected":false},"featured_media":15616,"template":"","meta":[],"product_cat":[724],"product_tag":[717],"class_list":{"0":"post-15615","1":"product","2":"type-product","3":"status-publish","4":"has-post-thumbnail","6":"product_cat-deziu-apvyniojimo-irenginiai","7":"product_tag-logistika","9":"first","10":"instock","11":"shipping-taxable","12":"product-type-simple"},"_links":{"self":[{"href":"https:\/\/packstera.lt\/lv\/wp-json\/wp\/v2\/product\/15615","targetHints":{"allow":["GET"]}}],"collection":[{"href":"https:\/\/packstera.lt\/lv\/wp-json\/wp\/v2\/product"}],"about":[{"href":"https:\/\/packstera.lt\/lv\/wp-json\/wp\/v2\/types\/product"}],"version-history":[{"count":14,"href":"https:\/\/packstera.lt\/lv\/wp-json\/wp\/v2\/product\/15615\/revisions"}],"predecessor-version":[{"id":17024,"href":"https:\/\/packstera.lt\/lv\/wp-json\/wp\/v2\/product\/15615\/revisions\/17024"}],"wp:featuredmedia":[{"embeddable":true,"href":"https:\/\/packstera.lt\/lv\/wp-json\/wp\/v2\/media\/15616"}],"wp:attachment":[{"href":"https:\/\/packstera.lt\/lv\/wp-json\/wp\/v2\/media?parent=15615"}],"wp:term":[{"taxonomy":"product_cat","embeddable":true,"href":"https:\/\/packstera.lt\/lv\/wp-json\/wp\/v2\/product_cat?post=15615"},{"taxonomy":"product_tag","embeddable":true,"href":"https:\/\/packstera.lt\/lv\/wp-json\/wp\/v2\/product_tag?post=15615"}],"curies":[{"name":"wp","href":"https:\/\/api.w.org\/{rel}","templated":true}]}}